{"id":15383,"date":"2025-01-19T14:27:45","date_gmt":"2025-01-19T14:27:45","guid":{"rendered":"https:\/\/www.hydraulic-cylinders.net\/product\/bucket-cylinder-for-volvo-small-excavator-bl-60b\/"},"modified":"2025-01-19T14:27:47","modified_gmt":"2025-01-19T14:27:47","slug":"bucket-cylinder-for-volvo-small-excavator-bl-60b","status":"publish","type":"product","link":"https:\/\/www.hydraulic-cylinders.net\/nb\/produkt\/bucket-cylinder-for-volvo-small-excavator-bl-60b\/","title":{"rendered":"Skuffesylinder for Volvo liten gravemaskin BL\/60B"},"content":{"rendered":"<p><!DOCTYPE html><br \/>\n<html><br \/>\n<head><br \/>\n<title>Skuffesylinder for Volvo liten gravemaskin BL\/60B<\/title><br \/>\n<\/head><br \/>\n<body><\/p>\n<h1>Skuffesylinder for Volvo liten gravemaskin BL\/60B<\/h1>\n<h2>Introduksjon<\/h2>\n<p>Skuffesylinderen til Volvos lille gravemaskin BL\/60B er en spesialdesignet hydraulisk sylinder som brukes til \u00e5 kontrollere bevegelsen til skuffen i tunge maskiner som gravemaskiner, traktorgravere og frontlastere. Hovedfunksjonen er \u00e5 muliggj\u00f8re l\u00f8fting, senking og tilting av skuffen, noe som gj\u00f8r det enklere for ulike materialh\u00e5ndteringsoppgaver. I det hydrauliske systemet oppn\u00e5r skuffesylinderen presis kontroll over skuffen ved \u00e5 utnytte trykkendringene i hydraulikkoljen, slik at operat\u00f8rer effektivt kan h\u00e5ndtere tunge laster og tilpasse seg komplekse arbeidsmilj\u00f8er og ulike jobbkrav.<\/p>\n<p><img decoding=\"async\" src=\"https:\/\/www.hydraulic-cylinders.net\/wp-content\/uploads\/2025\/01\/songte-company-2.webp\" alt=\"Bilde av b\u00f8ttesylinder\"><\/p>\n<h2>Funksjoner<\/h2>\n<ul>\n<li>H\u00f8y styrke og holdbarhet: B\u00f8ttesylinderen er vanligvis laget av h\u00f8yfast st\u00e5l eller aluminium, og t\u00e5ler h\u00f8yt trykk og tunge belastninger, og tilpasser seg t\u00f8ffe arbeidsmilj\u00f8er. Designet tar hensyn til slitestyrke og korrosjonsmotstand for \u00e5 forlenge levetiden.<\/li>\n<li>Effektiv hydraulisk drift: Ved \u00e5 utnytte trykket fra hydraulikkoljen, muliggj\u00f8r skuffesylinderen jevne ut- og inntrekksbevegelser, noe som gir kraftige skyve- og trekkekrefter. Den er egnet for h\u00e5ndtering av tunge belastninger og komplekse arbeidsoppgaver.<\/li>\n<li>Ulike typer: Skuffesylinderen kan velges som enkeltvirkende (hydraulisk brukes kun i \u00e9n retning) eller dobbeltvirkende (hydraulisk brukes i to retninger) sylindere for \u00e5 m\u00f8te ulike driftsbehov. Noen modeller er teleskopiske, noe som gir st\u00f8rre forlengelse uten \u00e5 \u00f8ke de ytre m\u00e5lene, noe som gj\u00f8r dem egnet for bruksomr\u00e5der med begrenset plass.<\/li>\n<li>Perfekt erstatning: Produktet v\u00e5rt kan erstatte eksisterende hydrauliske sylindre perfekt. <\/li>\n<\/ul>\n<p><img decoding=\"async\" src=\"https:\/\/www.hydraulic-cylinders.net\/wp-content\/uploads\/2025\/01\/songte-cylinder-head-with-all-kinds-excavator-models.webp\" alt=\"Bilde av erstatningssylinder\"><\/p>\n<h2>Bruksomr\u00e5der<\/h2>\n<ul>\n<li>Anleggsutstyr: De finnes i gravemaskiner og er avgj\u00f8rende for utgraving, lasting og flytting av jord eller rusk. I gravemaskiner hjelper skuffesylinderen til med b\u00e5de graving og l\u00f8fting.<\/li>\n<li>Landbruksmaskiner: Brukes i frontlastere til \u00e5 utarbeide, l\u00f8fte og transportere jord, h\u00f8y og andre materialer.<\/li>\n<li>Gravemaskiner: Skuffesylinderen muliggj\u00f8r graveaksjoner ved \u00e5 la skuffen trenge ned i jorden.<\/li>\n<li>Lastere: I frontlastere hjelper de med \u00e5 l\u00f8fte og dumpe varer effektivt.<\/li>\n<\/ul>\n<h2>Designhensyn og utvalgskriterier<\/h2>\n<ul>\n<li>B\u00e6reevne<\/li>\n<li>Tetningsevner<\/li>\n<li>Varighet<\/li>\n<li>Sikkerhet<\/li>\n<li>Vedlikeholdbarhet<\/li>\n<\/ul>\n<p><img decoding=\"async\" src=\"https:\/\/www.hydraulic-cylinders.net\/wp-content\/uploads\/2025\/01\/songte-oil-pipes-and-spare-parts.webp\" alt=\"Designhensyn Bilde\"><\/p>\n<h2>Tetting og sm\u00f8ring<\/h2>\n<p>Skuffesylinderen benytter forskjellige tetningselementer som stempeltetninger og stangtetninger laget av slitesterke materialer som polyuretan og nitrilgummi. Sylinderhuset og gjengede ender gjennomg\u00e5r presis behandling for \u00e5 forbedre slitestyrken. Regelmessig sm\u00f8ring med passende hydraulisk olje er n\u00f8dvendig for \u00e5 sikre problemfri drift.<\/p>\n<h2>Regelmessig inspeksjon og forebyggende vedlikehold<\/h2>\n<ul>\n<li>Inspeksjon for lekkasjer og skader<\/li>\n<li>Kontroll og vedlikehold av riktig sm\u00f8ring<\/li>\n<li>Bytte av slitte eller skadede pakninger<\/li>\n<li>Kalibreringskontroller<\/li>\n<\/ul>\n<p><img decoding=\"async\" src=\"https:\/\/www.hydraulic-cylinders.net\/wp-content\/uploads\/2025\/01\/songte-chushion-collar.webp\" alt=\"Vedlikeholdsbilde\"><\/p>\n<h2>Sikkerhetshensyn og milj\u00f8faktorer<\/h2>\n<p>N\u00e5r du bruker b\u00f8ttesylinderen, er det viktig \u00e5 f\u00f8lge sikkerhetstiltak for \u00e5 unng\u00e5 ulykker. Milj\u00f8faktorer b\u00f8r ogs\u00e5 vurderes for \u00e5 minimere potensielle risikoer.<\/p>\n<h2>Feils\u00f8king og vanlige problemer<\/h2>\n<p>Noen vanlige problemer som kan oppst\u00e5 med b\u00f8ttesylinderen inkluderer lekkasjer, uregelmessige bevegelser og utilstrekkelig kraft. For \u00e5 l\u00f8se disse problemene, f\u00f8lg feils\u00f8kingstipsene og l\u00f8sningene som er gitt for \u00e5 effektivt diagnostisere og l\u00f8se dem. I tillegg foresl\u00e5s forebyggende tiltak for \u00e5 minimere potensielle problemer.<\/p>\n<p><img decoding=\"async\" src=\"https:\/\/www.hydraulic-cylinders.net\/wp-content\/uploads\/2025\/01\/songte-bushings-with-all-kinds-of-excavator-models.webp\" alt=\"Feils\u00f8kingsbilde\"><\/p>\n<h2>Selskapsoversikt<\/h2>\n<p>Vi er en ledende produsent og grossistdistribut\u00f8r av hydrauliske sylindere, og spesialiserer oss p\u00e5 produksjon av erstatningssylindere. V\u00e5rt omfattende produktsortiment gj\u00f8r oss til en leder i det innenlandske og internasjonale markedet. Med fokus p\u00e5 utmerket kvalitet f\u00f8lger vi en industrialisert produksjonsstrategi, der vi bruker dyktige teknikere, avansert produksjonsutstyr og profesjonelle testsystemer. Vi forbedrer kontinuerlig produksjonsplattformen v\u00e5r og forbedrer kvaliteten p\u00e5 produktene v\u00e5re, noe som demonstrerer v\u00e5re sterke kreative evner. V\u00e5re prinsipper for h\u00f8y effektivitet, presisjon og kvalitet gj\u00f8r det mulig for oss \u00e5 m\u00f8te de ulike behovene til kundene v\u00e5re.<\/p>\n<p><img decoding=\"async\" src=\"https:\/\/hzpt.com\/wp-content\/uploads\/2024\/11\/songte-company-1.webp\" alt=\"Selskapets image\"><\/p>\n<h3>Profesjonalitet<\/h3>\n<p>Vi er forpliktet til \u00e5 opprettholde et h\u00f8yt niv\u00e5 av profesjonalitet i alle aspekter av v\u00e5r forretningsdrift.<\/p>\n<h3>Internasjonale sertifiseringer<\/h3>\n<p>Produktene v\u00e5re er st\u00f8ttet av internasjonale sertifiseringer, noe som sikrer deres kvalitet og p\u00e5litelighet.<\/p>\n<h3>Tilpasningstjenester<\/h3>\n<p>Vi tilbyr tilpasningstjenester for \u00e5 im\u00f8tekomme spesifikke behov og levere skreddersydde l\u00f8sninger.<\/p>\n<h3>Produksjonsutstyr<\/h3>\n<p>Utstyrt med avansert produksjonsutstyr sikrer vi effektiv og presis produksjon.<\/p>\n<h3>Ettersalgsservice<\/h3>\n<p>V\u00e5r ettersalgsservice sikrer kundetilfredshet og st\u00f8tte gjennom hele produktets livssyklus.<\/p>\n<p><img decoding=\"async\" src=\"https:\/\/www.hydraulic-cylinders.net\/wp-content\/uploads\/2025\/01\/songte-company-3.webp\" alt=\"Selskapets image\"><\/p>\n<p>Forfatter: lyl<\/p>\n<p><\/body><br \/>\n<\/html><\/p>","protected":false},"excerpt":{"rendered":"<p>Bucket Cylinder For Volvo Small Excavator BL\/60B Bucket Cylinder For Volvo Small Excavator BL\/60B Introduction The bucket cylinder for Volvo small excavator BL\/60B is a specially designed hydraulic cylinder used to control the movement of the bucket in heavy machinery such as excavators, backhoe loaders, and front-end loaders. Its main function is to enable the [&hellip;]<\/p>","protected":false},"featured_media":14769,"comment_status":"open","ping_status":"closed","template":"","meta":{"_et_pb_use_builder":"","_et_pb_old_content":"","_et_gb_content_width":""},"product_brand":[],"product_cat":[1494],"product_tag":[1495,1496],"class_list":{"0":"post-15383","1":"product","2":"type-product","3":"status-publish","4":"has-post-thumbnail","6":"product_cat-bucket-cylinders","7":"product_tag-bucket-cylinders","8":"product_tag-hydraulic-cylinders","10":"first","11":"instock","12":"shipping-taxable","13":"product-type-simple"},"amp_enabled":true,"_links":{"self":[{"href":"https:\/\/www.hydraulic-cylinders.net\/nb\/wp-json\/wp\/v2\/product\/15383","targetHints":{"allow":["GET"]}}],"collection":[{"href":"https:\/\/www.hydraulic-cylinders.net\/nb\/wp-json\/wp\/v2\/product"}],"about":[{"href":"https:\/\/www.hydraulic-cylinders.net\/nb\/wp-json\/wp\/v2\/types\/product"}],"replies":[{"embeddable":true,"href":"https:\/\/www.hydraulic-cylinders.net\/nb\/wp-json\/wp\/v2\/comments?post=15383"}],"wp:featuredmedia":[{"embeddable":true,"href":"https:\/\/www.hydraulic-cylinders.net\/nb\/wp-json\/wp\/v2\/media\/14769"}],"wp:attachment":[{"href":"https:\/\/www.hydraulic-cylinders.net\/nb\/wp-json\/wp\/v2\/media?parent=15383"}],"wp:term":[{"taxonomy":"product_brand","embeddable":true,"href":"https:\/\/www.hydraulic-cylinders.net\/nb\/wp-json\/wp\/v2\/product_brand?post=15383"},{"taxonomy":"product_cat","embeddable":true,"href":"https:\/\/www.hydraulic-cylinders.net\/nb\/wp-json\/wp\/v2\/product_cat?post=15383"},{"taxonomy":"product_tag","embeddable":true,"href":"https:\/\/www.hydraulic-cylinders.net\/nb\/wp-json\/wp\/v2\/product_tag?post=15383"}],"curies":[{"name":"wp","href":"https:\/\/api.w.org\/{rel}","templated":true}]}}