{"id":15385,"date":"2025-01-19T14:27:53","date_gmt":"2025-01-19T14:27:53","guid":{"rendered":"https:\/\/www.hydraulic-cylinders.net\/product\/bucket-cylinder-for-volvo-small-excavator-ec140blc\/"},"modified":"2025-01-19T14:27:55","modified_gmt":"2025-01-19T14:27:55","slug":"bucket-cylinder-for-volvo-small-excavator-ec140blc","status":"publish","type":"product","link":"https:\/\/www.hydraulic-cylinders.net\/nb\/produkt\/bucket-cylinder-for-volvo-small-excavator-ec140blc\/","title":{"rendered":"Skuffesylinder for Volvo liten gravemaskin EC140BLC"},"content":{"rendered":"<h1>Skuffesylinder for Volvo liten gravemaskin EC140BLC<\/h1>\n<h2>Introduksjon<\/h2>\n<p>En skuffesylinder for Volvo liten gravemaskin EC140BLC er en spesialisert hydraulisk sylinder som brukes til \u00e5 kontrollere bevegelsen til skuffen i tunge maskiner som gravemaskiner, traktorgravere og frontlastere. Hovedfunksjonen er \u00e5 gj\u00f8re det mulig for skuffen \u00e5 l\u00f8fte, senke og vippe, noe som gj\u00f8r det enklere \u00e5 transportere ulike typer materialer. I det hydrauliske systemet bruker skuffesylinderen trykkendringen i hydraulikkoljen til \u00e5 kontrollere skuffens presise bevegelse, slik at operat\u00f8rer effektivt kan h\u00e5ndtere tunge gjenstander og tilpasse seg komplekse arbeidsmilj\u00f8er og ulike driftskrav.<\/p>\n<p><img decoding=\"async\" src=\"https:\/\/www.hydraulic-cylinders.net\/wp-content\/uploads\/2025\/01\/songte-company-2.webp\" alt=\"Skuffesylinder for Volvo liten gravemaskin EC140BLC\" \/><\/p>\n<h2>Funksjoner<\/h2>\n<ul>\n<li>\n<h3>H\u00f8y styrke og holdbarhet<\/h3>\n<p>B\u00f8ttesylindere er vanligvis laget av h\u00f8yfast st\u00e5l eller aluminium, i stand til \u00e5 t\u00e5le h\u00f8yt trykk og tunge belastninger, og designet med slitestyrke og korrosjonsbestandighet i tankene for \u00e5 forlenge sylinderens levetid.<\/p>\n<\/li>\n<li>\n<h3>Effektiv hydraulisk drift<\/h3>\n<p>Skuffesylindere bruker trykket fra hydraulikkoljen for \u00e5 oppn\u00e5 jevn forlengelse og tilbaketrekking, og er i stand til \u00e5 reagere raskt p\u00e5 kontrollkommandoer, og gir sterk skyve- og trekkekraft, egnet for h\u00e5ndtering av tunge gjenstander og komplekse operasjoner.<\/p>\n<\/li>\n<li>\n<h3>Ulike typer<\/h3>\n<p>Skuffesylindere kan v\u00e6re enkeltvirkende (hydrauliske brukes kun i \u00e9n retning) eller dobbeltvirkende (hydrauliske brukes i to retninger) for \u00e5 m\u00f8te ulike driftskrav. Noen modeller er teleskopiske, noe som gir st\u00f8rre forlengelse uten \u00e5 \u00f8ke de ytre m\u00e5lene, egnet for applikasjoner med begrenset plass.<\/p>\n<\/li>\n<li>\n<h3>Kompatibel erstatning<\/h3>\n<p>Produktene v\u00e5re kan erstatte disse hydrauliske sylindrene perfekt.<\/p>\n<\/li>\n<\/ul>\n<p><img decoding=\"async\" src=\"https:\/\/www.hydraulic-cylinders.net\/wp-content\/uploads\/2025\/01\/songte-cylinder-head-with-all-kinds-excavator-models.webp\" alt=\"Skuffesylinder for Volvo liten gravemaskin EC140BLC\" \/><\/p>\n<h2>Bruksomr\u00e5der<\/h2>\n<p>B\u00f8ttesylindere er mye brukt i diverse tunge maskiner, inkludert, men ikke begrenset til:<\/p>\n<ul>\n<li>\n<h3>Anleggsutstyr<\/h3>\n<p>I gravemaskiner er de avgj\u00f8rende for graving, lasting og flytting av jord eller rusk. I gravemaskiner hjelper b\u00f8ttesylindre med b\u00e5de graving og l\u00f8fting. I frontlastere hjelper de med \u00e5 l\u00f8fte og tilte gods effektivt.<\/p>\n<\/li>\n<li>\n<h3>Landbruksmaskiner<\/h3>\n<p>Brukes til frontlastere, utgraving, l\u00f8fting og transport av jord, h\u00f8y og andre materialer.<\/p>\n<\/li>\n<li>\n<h3>Gravemaskiner<\/h3>\n<p>Skuffesylindere muliggj\u00f8r graveaksjoner ved \u00e5 la skuffen trenge ned i jorden.<\/p>\n<\/li>\n<\/ul>\n<h2>Designhensyn og utvalgskriterier<\/h2>\n<p>Skuffesylindere er designet med fokus p\u00e5 viktige faktorer som b\u00e6reevne, tetting, holdbarhet, sikkerhet og vedlikeholdbarhet.<\/p>\n<ul>\n<li>\n<h3>B\u00e6reevne<\/h3>\n<p>Skuffesylindere er konstruert for \u00e5 t\u00e5le h\u00f8yt trykk og tunge belastninger, slik at de kan h\u00e5ndtere store mengder vekt.<\/p>\n<\/li>\n<li>\n<h3>Tetting og holdbarhet<\/h3>\n<p>Ulike tetningskomponenter brukes til b\u00f8ttesylindere, som stempeltetninger, stangtetninger osv. Tetningene er laget av slitesterke materialer som polyuretan, nitrilgummi osv. Sylinderhuset og den gjengede endeflaten er fint bearbeidet for \u00e5 forbedre slitestyrken. Regelmessig tilsetning av passende hydraulisk olje er n\u00f8dvendig for \u00e5 sm\u00f8re sylinderkomponentene.<\/p>\n<\/li>\n<li>\n<h3>Sikkerhet<\/h3>\n<p>Skuffesylindere m\u00e5 utformes med sikkerhet i tankene for \u00e5 forhindre ulykker. Riktig installasjon, regelmessig vedlikehold og overholdelse av sikkerhetsretningslinjer er avgj\u00f8rende for \u00e5 sikre sikker og effektiv drift.<\/p>\n<\/li>\n<li>\n<h3>Vedlikeholdbarhet<\/h3>\n<p>Regelmessig inspeksjon og forebyggende vedlikehold er avgj\u00f8rende for \u00e5 sikre levetid og optimal ytelse for b\u00f8ttesylindere. Regelmessig vedlikehold inkluderer utskifting av slitte pakninger, kontroll av stempelstangen for b\u00f8ying eller slitasje, og regelmessig rengj\u00f8ring av sylinderhuset og stempelstangen.<\/p>\n<\/li>\n<\/ul>\n<p><img decoding=\"async\" src=\"https:\/\/www.hydraulic-cylinders.net\/wp-content\/uploads\/2025\/01\/songte-oil-pipes-and-spare-parts.webp\" alt=\"Skuffesylinder for Volvo liten gravemaskin EC140BLC\" \/><\/p>\n<h2>Vedlikehold og feils\u00f8king<\/h2>\n<p>Riktig vedlikehold og feils\u00f8king er viktig for at b\u00f8ttesylindrene skal fungere optimalt. Regelmessige vedlikeholdsoppgaver inkluderer:<\/p>\n<ul>\n<li>\n<h3>Regelmessig inspeksjon<\/h3>\n<p>Inspeksjon av b\u00f8ttesylinderens tetninger, stang og sylinderhus for defekter eller skader, og kontroll av lekkasjer og korrekt funksjon.<\/p>\n<\/li>\n<li>\n<h3>Sm\u00f8ring<\/h3>\n<p>\u00c5 sm\u00f8re sylinderkomponentene regelmessig med anbefalt hydraulikkolje.<\/p>\n<\/li>\n<li>\n<h3>Utskifting av tetning og kalibreringskontroll<\/h3>\n<p>Skifte ut slitte pakninger og kontrollere sylinderens kalibrering for \u00e5 sikre at den fungerer som den skal.<\/p>\n<\/li>\n<\/ul>\n<p>Det er viktig \u00e5 installere b\u00f8ttesylindere riktig, s\u00f8rge for justering, bruke passende monteringsbraketter og f\u00f8lge anbefalte inspeksjons-, reparasjons- og utskiftingsprosedyrer for \u00e5 forbedre levetid og effektivitet. Regelmessig vedlikehold og riktig feils\u00f8king er n\u00f8kkelen til \u00e5 forhindre problemer og sikre optimal ytelse. <\/p>\n<p><img decoding=\"async\" src=\"https:\/\/www.hydraulic-cylinders.net\/wp-content\/uploads\/2025\/01\/songte-chushion-collar.webp\" alt=\"Skuffesylinder for Volvo liten gravemaskin EC140BLC\" \/><\/p>\n<h2>Sikkerhets- og milj\u00f8hensyn<\/h2>\n<p>Ved bruk av b\u00f8ttesylindere er sikkerhetstiltak avgj\u00f8rende for \u00e5 forhindre ulykker. Riktig oppbevaring og h\u00e5ndtering av hydraulikkolje, riktig bruk av sikkerhetsutstyr og overholdelse av sikkerhetsretningslinjer er avgj\u00f8rende.<\/p>\n<h2>Introduksjon til selskapet<\/h2>\n<p>Vi er en produsent av hydrauliske sylindere for utskifting. V\u00e5rt firma tilbyr et komplett produktsortiment og har blitt en av de ledende produsentene og grossistene av hydrauliske sylindere i innenlandske og utenlandske markeder. Vi f\u00f8lger en strategi for utmerket kvalitet og er avhengige av industriell produksjonsstyring i fine produksjonsverksteder, kontinuerlig forbedrer v\u00e5r produksjonsplattform, perfeksjonerer produksjonskvaliteten og har sterke produksjonsevner. Ved \u00e5 bruke prinsippene om h\u00f8y effektivitet, h\u00f8y presisjon og h\u00f8y kvalitet, m\u00f8ter vi de ulike behovene til v\u00e5re kunder. <\/p>\n<p><img decoding=\"async\" src=\"https:\/\/hzpt.com\/wp-content\/uploads\/2024\/11\/songte-company-1.webp\" alt=\"Skuffesylinder for Volvo liten gravemaskin EC140BLC\" \/><\/p>\n<p>Vi tilbyr omfattende tjenester, inkludert faglig ekspertise, internasjonal sertifisering, tilpassede tjenester, produksjonsutstyr og ettersalgsservice.<\/p>\n<h2>Forfatter<\/h2>\n<p>Forfatter: lyl<\/p>","protected":false},"excerpt":{"rendered":"<p>Bucket Cylinder For Volvo Small Excavator EC140BLC Introduction A bucket cylinder for Volvo small excavator EC140BLC is a specialized hydraulic cylinder used to control the movement of the bucket in heavy machinery such as excavators, backhoe excavators, and front-end loaders. Its main function is to enable the bucket to lift, lower, and tilt, making it [&hellip;]<\/p>","protected":false},"featured_media":14762,"comment_status":"open","ping_status":"closed","template":"","meta":{"_et_pb_use_builder":"","_et_pb_old_content":"","_et_gb_content_width":""},"product_brand":[],"product_cat":[1494],"product_tag":[1495,1496],"class_list":{"0":"post-15385","1":"product","2":"type-product","3":"status-publish","4":"has-post-thumbnail","6":"product_cat-bucket-cylinders","7":"product_tag-bucket-cylinders","8":"product_tag-hydraulic-cylinders","10":"first","11":"instock","12":"shipping-taxable","13":"product-type-simple"},"amp_enabled":true,"_links":{"self":[{"href":"https:\/\/www.hydraulic-cylinders.net\/nb\/wp-json\/wp\/v2\/product\/15385","targetHints":{"allow":["GET"]}}],"collection":[{"href":"https:\/\/www.hydraulic-cylinders.net\/nb\/wp-json\/wp\/v2\/product"}],"about":[{"href":"https:\/\/www.hydraulic-cylinders.net\/nb\/wp-json\/wp\/v2\/types\/product"}],"replies":[{"embeddable":true,"href":"https:\/\/www.hydraulic-cylinders.net\/nb\/wp-json\/wp\/v2\/comments?post=15385"}],"wp:featuredmedia":[{"embeddable":true,"href":"https:\/\/www.hydraulic-cylinders.net\/nb\/wp-json\/wp\/v2\/media\/14762"}],"wp:attachment":[{"href":"https:\/\/www.hydraulic-cylinders.net\/nb\/wp-json\/wp\/v2\/media?parent=15385"}],"wp:term":[{"taxonomy":"product_brand","embeddable":true,"href":"https:\/\/www.hydraulic-cylinders.net\/nb\/wp-json\/wp\/v2\/product_brand?post=15385"},{"taxonomy":"product_cat","embeddable":true,"href":"https:\/\/www.hydraulic-cylinders.net\/nb\/wp-json\/wp\/v2\/product_cat?post=15385"},{"taxonomy":"product_tag","embeddable":true,"href":"https:\/\/www.hydraulic-cylinders.net\/nb\/wp-json\/wp\/v2\/product_tag?post=15385"}],"curies":[{"name":"wp","href":"https:\/\/api.w.org\/{rel}","templated":true}]}}