{"id":15404,"date":"2025-01-19T14:29:16","date_gmt":"2025-01-19T14:29:16","guid":{"rendered":"https:\/\/www.hydraulic-cylinders.net\/product\/bucket-cylinder-for-volvo-large-excavator-ec480d\/"},"modified":"2025-01-19T14:29:18","modified_gmt":"2025-01-19T14:29:18","slug":"bucket-cylinder-for-volvo-large-excavator-ec480d","status":"publish","type":"product","link":"https:\/\/www.hydraulic-cylinders.net\/nb\/produkt\/bucket-cylinder-for-volvo-large-excavator-ec480d\/","title":{"rendered":"Skuffesylinder for Volvo stor gravemaskin EC480D"},"content":{"rendered":"<p><!DOCTYPE html><br \/>\n<html><br \/>\n<head><br \/>\n    <title>Skuffesylinder for Volvo stor gravemaskin EC480D<\/title><br \/>\n<\/head><br \/>\n<body><\/p>\n<h2>Introduksjon<\/h2>\n<p>\n        <b>Skuffesylinder for Volvo stor gravemaskin EC480D<\/b> er en spesialdesignet hydraulisk sylinder som brukes til \u00e5 kontrollere bevegelsen til skuffen i tunge maskiner som gravemaskiner, traktorgravere og frontlastere. Hovedfunksjonen er \u00e5 gj\u00f8re det mulig for skuffen \u00e5 l\u00f8fte, senke og tilte, noe som forenkler ulike materialh\u00e5ndteringsoppgaver. I det hydrauliske systemet oppn\u00e5r skuffesylinderen presis kontroll over skuffen gjennom endringer i hydraulikkoljetrykket, slik at operat\u00f8rer effektivt kan h\u00e5ndtere tunge laster og tilpasse seg komplekse arbeidsmilj\u00f8er og ulike driftsbehov.\n    <\/p>\n<p>    <img decoding=\"async\" src=\"https:\/\/www.hydraulic-cylinders.net\/wp-content\/uploads\/2025\/01\/songte-company-2.webp\" alt=\"B\u00f8ttesylinder\" \/><\/p>\n<h2>Funksjoner<\/h2>\n<ul>\n<li>\n            <b>H\u00f8y styrke og holdbarhet:<\/b> B\u00f8ttesylinderen er vanligvis laget av h\u00f8yfast st\u00e5l eller aluminium, og t\u00e5ler h\u00f8yt trykk og tunge belastninger, og tilpasser seg t\u00f8ffe arbeidsforhold. Designet sikrer slitestyrke og korrosjonsbestandighet, noe som forlenger levetiden.\n        <\/li>\n<li>\n            <b>Effektiv hydraulisk drift:<\/b> Ved \u00e5 utnytte hydraulisk oljetrykk oppn\u00e5r skuffesylinderen jevne forlengelses- og inntrekksbevegelser, noe som gir rask respons p\u00e5 kontrollkommandoer og leverer kraftige skyve- og trekkkrefter, egnet for h\u00e5ndtering av tunge lass og komplekse driftsoppgaver.\n        <\/li>\n<li>\n            <b>Ulike typer:<\/b> Skuffesylinderen kan v\u00e6re enkeltvirkende (hydraulikk brukes kun i \u00e9n retning) eller dobbeltvirkende (hydraulikk brukes i begge retninger), avhengig av driftsbehovene. Noen modeller er teleskopiske, noe som gir st\u00f8rre uttrekk uten \u00e5 \u00f8ke de ytre m\u00e5lene, ideelt for bruksomr\u00e5der med begrenset plass.\n        <\/li>\n<li>\n            <b>Perfekt erstatning:<\/b> Produktene v\u00e5re kan erstatte disse hydrauliske sylindrene perfekt.\n        <\/li>\n<\/ul>\n<p>    <img decoding=\"async\" src=\"https:\/\/www.hydraulic-cylinders.net\/wp-content\/uploads\/2025\/01\/songte-cylinder-head-with-all-kinds-excavator-models.webp\" alt=\"Produktbilde\" \/><\/p>\n<h2>Bruksomr\u00e5der<\/h2>\n<ul>\n<li>\n<h3>Anleggsutstyr:<\/h3>\n<p>I gravemaskiner er de viktige for utgraving, lasting og flytting av jord eller rusk. I gravemaskinlastere hjelper skuffesylinderen b\u00e5de med graving og l\u00f8fting.<\/p>\n<\/li>\n<li>\n<h3>Landbruksmaskiner:<\/h3>\n<p>Brukes i frontlastere til \u00e5 utarbeide, l\u00f8fte og transportere jord, h\u00f8y og andre materialer.<\/p>\n<\/li>\n<li>\n<h3>Gravemaskiner:<\/h3>\n<p>Skuffesylinderen muliggj\u00f8r graveaksjoner ved \u00e5 la skuffen trenge ned i jorden.<\/p>\n<\/li>\n<li>\n<h3>Lastere:<\/h3>\n<p>I frontlastere hjelper de med \u00e5 l\u00f8fte og dumpe last effektivt.<\/p>\n<\/li>\n<\/ul>\n<h2>Designhensyn og utvalgskriterier<\/h2>\n<ul>\n<li>\n<h3>B\u00e6reevne:<\/h3>\n<p>Skuffesylindere er konstruert for \u00e5 t\u00e5le den tiltenkte belastningen og arbeidsforholdene, noe som sikrer sikker og p\u00e5litelig drift.<\/p>\n<\/li>\n<li>\n<h3>Tetting:<\/h3>\n<p>Ulike tetningskomponenter, som stempeltetninger og stangtetninger, brukes for \u00e5 opprettholde hydraulisk integritet og forhindre lekkasje.<\/p>\n<\/li>\n<li>\n<h3>Varighet:<\/h3>\n<p>Components are made of durable materials and undergo precise surface treatments to enhance wear resistance and extend the product&#8217;s lifespan.<\/p>\n<\/li>\n<li>\n<h3>Sikkerhet:<\/h3>\n<p>Det tas hensyn til \u00e5 sikre sikker drift, inkludert inkludering av sikkerhetsfunksjoner som trykkavlastningsventiler.<\/p>\n<\/li>\n<li>\n<h3>Vedlikehold:<\/h3>\n<p>Designfunksjoner er innlemmet for \u00e5 forenkle vedlikehold og reparasjon, noe som gir enkel tilgang til komponenter og gir tydelige instruksjoner for regelmessige inspeksjoner og service.<\/p>\n<\/li>\n<\/ul>\n<p>    <img decoding=\"async\" src=\"https:\/\/www.hydraulic-cylinders.net\/wp-content\/uploads\/2025\/01\/songte-oil-pipes-and-spare-parts.webp\" alt=\"Tetting og vedlikehold\" \/><\/p>\n<h2>Tetting og sm\u00f8ring<\/h2>\n<p>B\u00f8ttesylindere bruker forskjellige tetninger, som polyuretan og nitrilgummi, kjent for sin slitestyrke. Sylinderhuset og gjengede ender gjennomg\u00e5r fin bearbeiding for \u00e5 forbedre slitestyrken. Regelmessig sm\u00f8ring med hydraulikkolje er n\u00f8dvendig for \u00e5 sikre problemfri drift.<\/p>\n<h2>Inspeksjon og forebyggende vedlikehold<\/h2>\n<ul>\n<li>Inspiser b\u00f8ttesylinderen regelmessig for tegn p\u00e5 slitasje, lekkasjer eller skade.<\/li>\n<li>S\u00f8rg for riktig sm\u00f8ring av alle bevegelige deler.<\/li>\n<li>Skift ut pakningene med jevne mellomrom for \u00e5 opprettholde den hydrauliske integriteten.<\/li>\n<li>Utf\u00f8r kalibreringskontroller for \u00e5 sikre optimal ytelse.<\/li>\n<\/ul>\n<p>    <img decoding=\"async\" src=\"https:\/\/www.hydraulic-cylinders.net\/wp-content\/uploads\/2025\/01\/songte-chushion-collar.webp\" alt=\"Vedlikehold og inspeksjon\" \/><\/p>\n<h2>Sikkerhetshensyn og milj\u00f8faktorer<\/h2>\n<p>Ved bruk av b\u00f8ttesylindere er det viktig \u00e5 f\u00f8lge sikkerhetstiltak for \u00e5 forhindre ulykker og sikre operat\u00f8renes og omkringliggende personells velv\u00e6re. Milj\u00f8faktorer, som temperatur og eksponering for t\u00f8ffe forhold, b\u00f8r ogs\u00e5 tas i betraktning for \u00e5 sikre at produktet fungerer som det skal og har en lang levetid.<\/p>\n<h2>Feils\u00f8king og vanlige problemer<\/h2>\n<ul>\n<li>\n<h3>Problem: Lekkasje<\/h3>\n<p>Mulige \u00e5rsaker:<\/p>\n<ul>\n<li>Slitte tetninger<\/li>\n<li>Skadet sylinderhus<\/li>\n<li>Feil installasjon<\/li>\n<\/ul>\n<p>L\u00f8sning: Skift ut slitte pakninger, reparer eller skift ut sylinderhuset om n\u00f8dvendig, og s\u00f8rg for at korrekte installasjonsprosedyrer f\u00f8lges.<\/p>\n<\/li>\n<li>\n<h3>Problem: Langsom eller ufullstendig bevegelse<\/h3>\n<p>Mulige \u00e5rsaker:<\/p>\n<ul>\n<li>Mangel p\u00e5 sm\u00f8ring<\/li>\n<li>Intern skade eller blokkering<\/li>\n<li>Feilfungerende kontrollventiler<\/li>\n<\/ul>\n<p>L\u00f8sning: Sm\u00f8r alle bevegelige deler, inspiser for indre skader eller blokkeringer, og kontroller at kontrollventilene fungerer som de skal.<\/p>\n<\/li>\n<\/ul>\n<p>    <img decoding=\"async\" src=\"https:\/\/www.hydraulic-cylinders.net\/wp-content\/uploads\/2025\/01\/songte-bushings-with-all-kinds-of-excavator-models.webp\" alt=\"Feils\u00f8king og foringer\" \/><\/p>\n<h2>Vedlikeholdsoppgaver<\/h2>\n<ul>\n<li>Regelmessig inspeksjon<\/li>\n<li>Riktig sm\u00f8ring<\/li>\n<li>Utskifting av pakning<\/li>\n<li>Kalibreringskontroller<\/li>\n<\/ul>\n<p>Riktig installasjon, sm\u00f8ring og justering er avgj\u00f8rende for sikker og effektiv drift. Riktig justeringsveiledning b\u00f8r gis under installasjon, og bruk av passende monteringsbraketter for \u00e5 feste sylinderen anbefales. Anbefalte inspeksjons-, reparasjons- og utskiftingsprosedyrer er gitt for \u00e5 forlenge produktets levetid.<\/p>\n<h2>Produktbilde<\/h2>\n<p>    <img decoding=\"async\" src=\"https:\/\/hzpt.com\/wp-content\/uploads\/2024\/11\/songte-company-1.webp\" alt=\"Produktbilde\" \/><\/p>\n<h2>Selskapsoversikt<\/h2>\n<p>\n        Vi er en produsent av hydrauliske reservesylindere og tilbyr et bredt spekter av produkter. Som en av de ledende produsentene og grossistene av hydrauliske sylindere i<\/p>","protected":false},"excerpt":{"rendered":"<p>Bucket Cylinder For Volvo Large Excavator EC480D Introduction Bucket Cylinder For Volvo Large Excavator EC480D is a specially designed hydraulic cylinder used to control the movement of the bucket in heavy machinery such as excavators, backhoe loaders, and front-end loaders. Its main function is to enable the bucket to lift, lower, and tilt, facilitating various [&hellip;]<\/p>","protected":false},"featured_media":14787,"comment_status":"open","ping_status":"closed","template":"","meta":{"_et_pb_use_builder":"","_et_pb_old_content":"","_et_gb_content_width":""},"product_brand":[],"product_cat":[1494],"product_tag":[1495,1496],"class_list":{"0":"post-15404","1":"product","2":"type-product","3":"status-publish","4":"has-post-thumbnail","6":"product_cat-bucket-cylinders","7":"product_tag-bucket-cylinders","8":"product_tag-hydraulic-cylinders","10":"first","11":"instock","12":"shipping-taxable","13":"product-type-simple"},"amp_enabled":true,"_links":{"self":[{"href":"https:\/\/www.hydraulic-cylinders.net\/nb\/wp-json\/wp\/v2\/product\/15404","targetHints":{"allow":["GET"]}}],"collection":[{"href":"https:\/\/www.hydraulic-cylinders.net\/nb\/wp-json\/wp\/v2\/product"}],"about":[{"href":"https:\/\/www.hydraulic-cylinders.net\/nb\/wp-json\/wp\/v2\/types\/product"}],"replies":[{"embeddable":true,"href":"https:\/\/www.hydraulic-cylinders.net\/nb\/wp-json\/wp\/v2\/comments?post=15404"}],"wp:featuredmedia":[{"embeddable":true,"href":"https:\/\/www.hydraulic-cylinders.net\/nb\/wp-json\/wp\/v2\/media\/14787"}],"wp:attachment":[{"href":"https:\/\/www.hydraulic-cylinders.net\/nb\/wp-json\/wp\/v2\/media?parent=15404"}],"wp:term":[{"taxonomy":"product_brand","embeddable":true,"href":"https:\/\/www.hydraulic-cylinders.net\/nb\/wp-json\/wp\/v2\/product_brand?post=15404"},{"taxonomy":"product_cat","embeddable":true,"href":"https:\/\/www.hydraulic-cylinders.net\/nb\/wp-json\/wp\/v2\/product_cat?post=15404"},{"taxonomy":"product_tag","embeddable":true,"href":"https:\/\/www.hydraulic-cylinders.net\/nb\/wp-json\/wp\/v2\/product_tag?post=15404"}],"curies":[{"name":"wp","href":"https:\/\/api.w.org\/{rel}","templated":true}]}}