{"id":15405,"date":"2025-01-19T14:29:20","date_gmt":"2025-01-19T14:29:20","guid":{"rendered":"https:\/\/www.hydraulic-cylinders.net\/product\/bucket-cylinder-for-volvo-large-excavator-ec300d\/"},"modified":"2025-01-19T14:29:28","modified_gmt":"2025-01-19T14:29:28","slug":"bucket-cylinder-for-volvo-large-excavator-ec300d","status":"publish","type":"product","link":"https:\/\/www.hydraulic-cylinders.net\/nb\/produkt\/bucket-cylinder-for-volvo-large-excavator-ec300d\/","title":{"rendered":"Skuffesylinder for Volvo stor gravemaskin EC300D"},"content":{"rendered":"<h1>Skuffesylinder for Volvo stor gravemaskin EC300D<\/h1>\n<h2>Introduksjon<\/h2>\n<p>Skuffesylinderen til Volvos store gravemaskin EC300D er en spesialisert hydraulisk sylinder som brukes til \u00e5 kontrollere bevegelsen til skuffen i tunge maskiner som gravemaskiner, traktorgravere og frontlastere. Hovedfunksjonen er \u00e5 gj\u00f8re det mulig \u00e5 l\u00f8fte, senke og tilte skuffen, noe som gj\u00f8r det enkelt \u00e5 utf\u00f8re ulike materialh\u00e5ndteringsoppgaver. I det hydrauliske systemet kontrollerer skuffesylinderen presist skuffens bevegelse gjennom endringer i hydraulikkoljetrykket, slik at operat\u00f8rer effektivt kan h\u00e5ndtere tunge laster og tilpasse seg komplekse arbeidsmilj\u00f8er og ulike driftskrav.<\/p>\n<p><img decoding=\"async\" src=\"https:\/\/www.hydraulic-cylinders.net\/wp-content\/uploads\/2025\/01\/songte-company-2.webp\" alt=\"Skuffesylinder for Volvo stor gravemaskin EC300D\"><\/p>\n<h2>Funksjoner<\/h2>\n<ul>\n<li>H\u00f8y styrke og holdbarhet: vanligvis laget av h\u00f8yfast st\u00e5l eller aluminium, i stand til \u00e5 t\u00e5le h\u00f8yt trykk og tunge belastninger, tilpasningsdyktig til t\u00f8ffe arbeidsforhold, og designet med slitestyrke og korrosjonsbestandighet i tankene, noe som forlenger levetiden.<\/li>\n<li>Effektiv hydraulisk drift: jevn teleskopisk bevegelse oppn\u00e5dd ved hjelp av hydraulisk oljetrykk, noe som muliggj\u00f8r rask respons p\u00e5 kontrollkommandoer, gir kraftig skyve- og trekkekraft, egnet for h\u00e5ndtering av tunge belastninger og komplekse driftsoppgaver.<\/li>\n<li>Ulike typer: enkeltvirkende (hydraulisk brukt kun i \u00e9n retning) eller dobbeltvirkende (hydraulisk brukt i begge retninger) sylindere kan velges i henhold til driftskrav, noen modeller er teleskopiske, noe som gir st\u00f8rre forlengelse uten \u00e5 \u00f8ke de ytre dimensjonene, egnet for applikasjoner med begrenset plass.<\/li>\n<li>Enkel utskifting: Produktene v\u00e5re kan perfekt erstattes med disse hydrauliske sylindrene. <\/li>\n<\/ul>\n<p><img decoding=\"async\" src=\"https:\/\/www.hydraulic-cylinders.net\/wp-content\/uploads\/2025\/01\/songte-cylinder-head-with-all-kinds-excavator-models.webp\" alt=\"Skuffesylinder for Volvo stor gravemaskin EC300D\"><\/p>\n<h2>Bruksomr\u00e5der<\/h2>\n<p>Skuffesylinderen til Volvos store gravemaskin EC300D er mye brukt i ulike felt, inkludert, men ikke begrenset til:<\/p>\n<h3>Anleggsutstyr<\/h3>\n<p>I gravemaskiner er de viktige for graving, lasting og flytting av jord eller rusk. I gravemaskiner hjelper skuffesylindre med b\u00e5de graving og l\u00f8fting. <\/p>\n<h3>Landbruksmaskiner<\/h3>\n<p>Brukes i frontlastere for utgraving, l\u00f8fting og transport av jord, h\u00f8y og andre materialer. I gravemaskiner oppn\u00e5r skuffesylindere gravefunksjon ved \u00e5 la skuffen trenge ned i jorden. I frontlastere bidrar de til \u00e5 l\u00f8fte og dumpe last effektivt.<\/p>\n<p><img decoding=\"async\" src=\"https:\/\/www.hydraulic-cylinders.net\/wp-content\/uploads\/2025\/01\/songte-bushings-with-all-kinds-of-excavator-models.webp\" alt=\"Skuffesylinder for Volvo stor gravemaskin EC300D\"><\/p>\n<h2>Designhensyn og utvalgskriterier<\/h2>\n<p>N\u00e5r man designer skuffesylinderen for Volvos store gravemaskin EC300D, m\u00e5 man ta hensyn til flere viktige faktorer:<\/p>\n<ul>\n<li>B\u00e6reevne: Sylinderen m\u00e5 kunne t\u00e5le h\u00f8yt trykk og tunge belastninger.<\/li>\n<li>Tetningsytelse: Ulike tetningselementer som stempeltetninger og stangtetninger b\u00f8r v\u00e6re laget av slitesterke materialer som polyuretan og nitrilgummi for \u00e5 sikre langvarig ytelse. <\/li>\n<li>Holdbarhet: Sylinderens design b\u00f8r ta hensyn til slitestyrke og korrosjonsmotstand for \u00e5 forlenge levetiden.<\/li>\n<li>Sikkerhet: Sikkerhet b\u00f8r v\u00e6re topprioritet ved utforming av sylinderen for \u00e5 forhindre skader og ulykker p\u00e5 arbeidsplassen. <\/li>\n<li>Vedlikehold: Designet b\u00f8r v\u00e6re enkelt \u00e5 vedlikeholde og reparere for \u00e5 redusere nedetid og forbedre driftseffektiviteten.<\/li>\n<\/ul>\n<p><img decoding=\"async\" src=\"https:\/\/www.hydraulic-cylinders.net\/wp-content\/uploads\/2025\/01\/songte-oil-pipes-and-spare-parts.webp\" alt=\"Skuffesylinder for Volvo stor gravemaskin EC300D\"><\/p>\n<h2>Tetting og sm\u00f8ring av b\u00f8ttesylinderen<\/h2>\n<p>Skuffesylinderen til Volvos store gravemaskin EC300D krever regelmessig vedlikehold for \u00e5 sikre riktig tetningsevne og sm\u00f8ring:<\/p>\n<ul>\n<li>Ulike tetningselementer som stempeltetninger og stangtetninger b\u00f8r v\u00e6re laget av slitesterke materialer av h\u00f8y kvalitet som polyuretan og nitrilgummi. <\/li>\n<li>Sylinderhuset og gjengede endeflater b\u00f8r finbearbeides for \u00e5 forbedre slitestyrken.<\/li>\n<li>Tilsett regelmessig en passende mengde hydraulikkolje for \u00e5 sm\u00f8re og vedlikeholde sylinderen.<\/li>\n<\/ul>\n<h2>Vedlikehold og reparasjon<\/h2>\n<p>Regelmessig vedlikehold og riktig reparasjon er avgj\u00f8rende for \u00e5 sikre langsiktig ytelse til b\u00f8ttesylinderen for Volvos store gravemaskin EC300D. F\u00f8lgende vedlikeholdsoppgaver b\u00f8r utf\u00f8res:<\/p>\n<ul>\n<li>Regelmessig inspeksjon for \u00e5 oppdage og reparere eventuelle feil eller problemer.<\/li>\n<li>Riktig sm\u00f8ring og justering for \u00e5 sikre optimal ytelse.<\/li>\n<li>Skifte ut slitte eller skadede pakninger for \u00e5 forhindre oljelekkasjer. <\/li>\n<\/ul>\n<h2>Sikkerhetshensyn og milj\u00f8faktorer<\/h2>\n<p>N\u00e5r man bruker b\u00f8ttesylinderen til Volvos store gravemaskin EC300D, m\u00e5 man ta sikkerhetsforanstaltninger for \u00e5 forhindre skader og ulykker p\u00e5 arbeidsplassen. Arbeidstakere oppfordres til \u00e5 bruke verneutstyr som hjelmer, hansker og vernesko n\u00e5r de betjener maskiner. Milj\u00f8faktorer som temperatur og fuktighet b\u00f8r ogs\u00e5 tas i betraktning n\u00e5r man bruker hydrauliske sylindere i forskjellige arbeidsmilj\u00f8er for \u00e5 sikre optimal ytelse.<\/p>\n<h2>Vanlige problemer og feils\u00f8king<\/h2>\n<p>Vanlige problemer som kan oppst\u00e5 med skuffesylinderen til Volvos store gravemaskin EC300D er oljelekkasjer, sylindersvikt og feil bruk. For \u00e5 feils\u00f8ke disse problemene b\u00f8r operat\u00f8rer:<\/p>\n<ul>\n<li>Inspiser sylinderen regelmessig for \u00e5 oppdage tegn p\u00e5 slitasje, lekkasjer eller annen skade.<\/li>\n<li>Kontroller og skift ut slitte eller skadede tetninger grundig.<\/li>\n<li>F\u00f8lg riktige driftsprosedyrer for \u00e5 unng\u00e5 feil bruk eller ulykker.<\/li>\n<\/ul>\n<h2>Om selskapet v\u00e5rt<\/h2>\n<p>Vi er en ledende produsent og grossist av hydrauliske sylindere, og tilbyr et komplett utvalg av produkter til det innenlandske og internasjonale markedet. Vi f\u00f8lger prinsippet om kvalitetssikring, og bruker industrialiserte produksjonsstyringsstrategier i fint utformede produksjonsverksteder. Vi forbedrer kontinuerlig v\u00e5re produksjonsplattformer med teknologi, talenter, digitalt, avansert produksjonsutstyr og profesjonelle testsystemer. Vi har sterke forsknings- og utviklingskapasiteter, effektive, presise og h\u00f8ykvalitets produksjonsstandarder, og kan m\u00f8te kundenes ulike behov. <\/p>\n<p>V\u00e5rt firma tilbyr ogs\u00e5 tilpassede tjenester, internasjonal sertifisering, produksjonsutstyr av h\u00f8y kvalitet og ettersalgsservice.<\/p>\n<p><img decoding=\"async\" src=\"https:\/\/hzpt.com\/wp-content\/uploads\/2024\/11\/songte-company-1.webp\" alt=\"Skuffesylinder for Volvo stor gravemaskin EC300D\"><\/p>\n<h2>Forfatter<\/h2>\n<p>lyl<\/p>","protected":false},"excerpt":{"rendered":"<p>Bucket Cylinder For Volvo Large Excavator EC300D Introduction The bucket cylinder for Volvo large excavator EC300D is a specialized hydraulic cylinder used to control the movement of the bucket in heavy machinery such as excavators, backhoe loaders, and front loaders. Its main function is to enable the bucket to lift, lower, and tilt, making it [&hellip;]<\/p>","protected":false},"featured_media":14785,"comment_status":"open","ping_status":"closed","template":"","meta":{"_et_pb_use_builder":"","_et_pb_old_content":"","_et_gb_content_width":""},"product_brand":[],"product_cat":[1494],"product_tag":[1495,1496],"class_list":{"0":"post-15405","1":"product","2":"type-product","3":"status-publish","4":"has-post-thumbnail","6":"product_cat-bucket-cylinders","7":"product_tag-bucket-cylinders","8":"product_tag-hydraulic-cylinders","10":"first","11":"instock","12":"shipping-taxable","13":"product-type-simple"},"amp_enabled":true,"_links":{"self":[{"href":"https:\/\/www.hydraulic-cylinders.net\/nb\/wp-json\/wp\/v2\/product\/15405","targetHints":{"allow":["GET"]}}],"collection":[{"href":"https:\/\/www.hydraulic-cylinders.net\/nb\/wp-json\/wp\/v2\/product"}],"about":[{"href":"https:\/\/www.hydraulic-cylinders.net\/nb\/wp-json\/wp\/v2\/types\/product"}],"replies":[{"embeddable":true,"href":"https:\/\/www.hydraulic-cylinders.net\/nb\/wp-json\/wp\/v2\/comments?post=15405"}],"wp:featuredmedia":[{"embeddable":true,"href":"https:\/\/www.hydraulic-cylinders.net\/nb\/wp-json\/wp\/v2\/media\/14785"}],"wp:attachment":[{"href":"https:\/\/www.hydraulic-cylinders.net\/nb\/wp-json\/wp\/v2\/media?parent=15405"}],"wp:term":[{"taxonomy":"product_brand","embeddable":true,"href":"https:\/\/www.hydraulic-cylinders.net\/nb\/wp-json\/wp\/v2\/product_brand?post=15405"},{"taxonomy":"product_cat","embeddable":true,"href":"https:\/\/www.hydraulic-cylinders.net\/nb\/wp-json\/wp\/v2\/product_cat?post=15405"},{"taxonomy":"product_tag","embeddable":true,"href":"https:\/\/www.hydraulic-cylinders.net\/nb\/wp-json\/wp\/v2\/product_tag?post=15405"}],"curies":[{"name":"wp","href":"https:\/\/api.w.org\/{rel}","templated":true}]}}