{"id":15413,"date":"2025-01-19T14:29:59","date_gmt":"2025-01-19T14:29:59","guid":{"rendered":"https:\/\/www.hydraulic-cylinders.net\/product\/bucket-cylinder-for-volvo-wheel-excavator-ew60\/"},"modified":"2025-01-19T14:30:02","modified_gmt":"2025-01-19T14:30:02","slug":"bucket-cylinder-for-volvo-wheel-excavator-ew60","status":"publish","type":"product","link":"https:\/\/www.hydraulic-cylinders.net\/nb\/produkt\/bucket-cylinder-for-volvo-wheel-excavator-ew60\/","title":{"rendered":"Skuffesylinder for Volvo hjulgraver EW60"},"content":{"rendered":"<h1>Skuffesylinder for Volvo hjulgraver EW60<\/h1>\n<h2>Introduksjon<\/h2>\n<p>Skuffesylinderen til Volvo-hjulgraveren EW60 er en spesialdesignet hydraulisk sylinder som brukes til \u00e5 kontrollere bevegelsen til skuffen i tunge maskiner som gravemaskiner, traktorgravere og frontlastere. Hovedfunksjonen er \u00e5 gj\u00f8re det mulig \u00e5 l\u00f8fte, senke og tilte skuffen, noe som gj\u00f8r det enklere \u00e5 h\u00e5ndtere ulike materialer. I det hydrauliske systemet styrer skuffesylinderen skuffen presist gjennom endringer i hydraulikkoljetrykket, slik at f\u00f8rere kan h\u00e5ndtere tunge laster effektivt og tilpasse seg komplekse arbeidsmilj\u00f8er og ulike jobbkrav.<\/p>\n<p><img decoding=\"async\" src=\"https:\/\/www.hydraulic-cylinders.net\/wp-content\/uploads\/2025\/01\/songte-company-2.webp\"><\/p>\n<h2>Funksjoner<\/h2>\n<ul>\n<li>H\u00f8y styrke og holdbarhet: Vanligvis laget av h\u00f8yfast st\u00e5l eller aluminium, i stand til \u00e5 t\u00e5le h\u00f8yt trykk og tunge belastninger, og designet med slitestyrke og korrosjonsbestandighet i tankene for \u00e5 forlenge levetiden.<\/li>\n<li>Effektiv hydraulisk drift: Bruker hydraulisk oljetrykk for \u00e5 oppn\u00e5 jevn forlengelse og tilbaketrekking, i stand til \u00e5 reagere raskt p\u00e5 kontrollkommandoer og gi kraftig skyve- og trekkekraft, egnet for h\u00e5ndtering av tunge belastninger og komplekse oppgaver.<\/li>\n<li>Ulike typer: Enkeltvirkende (med hydraulikk kun i \u00e9n retning) eller dobbeltvirkende (med hydraulikk i begge retninger) sylindere kan velges i henhold til krav for \u00e5 m\u00f8te ulike driftsbehov. Noen modeller er teleskopiske, noe som gir st\u00f8rre forlengelse uten \u00e5 \u00f8ke de ytre m\u00e5lene, egnet for applikasjoner med begrenset plass.<\/li>\n<li>Utskiftbar: Produktet v\u00e5rt kan erstatte disse hydrauliske sylindrene perfekt.<\/li>\n<li>Tilpasningsbar: V\u00e5re hydrauliske sylindere kan tilpasses i henhold til spesifikke krav.<\/li>\n<\/ul>\n<p><img decoding=\"async\" src=\"https:\/\/www.hydraulic-cylinders.net\/wp-content\/uploads\/2025\/01\/songte-cylinder-head-with-all-kinds-excavator-models.webp\"><\/p>\n<h2>Bruksomr\u00e5der<\/h2>\n<h3>Anleggsutstyr<\/h3>\n<p>I gravemaskiner er de viktige for utgraving, lasting og flytting av jord eller rusk. I gravemaskiner hjelper skuffesylindere med graving og l\u00f8fting. I frontlastere hjelper de med \u00e5 l\u00f8fte og dumpe gods effektivt.<\/p>\n<h3>Landbruksmaskiner<\/h3>\n<p>Skuffesylindere brukes i frontlastere og hjelper med \u00e5 plukke opp, l\u00f8fte og transportere jord, h\u00f8y og andre materialer.<\/p>\n<h3>Gravemaskiner<\/h3>\n<p>Skuffesylinderen lar skuffen trenge ned i jorden for utgraving.<\/p>\n<h3>Laster<\/h3>\n<p>I frontlastere hjelper skuffesylindere med \u00e5 l\u00f8fte og tilte gods effektivt.<\/p>\n<h3>Materialh\u00e5ndteringsutstyr<\/h3>\n<p>Brukes i diverse materialh\u00e5ndteringsutstyr for \u00e5 l\u00f8fte, stable eller transportere materialer.<\/p>\n<p><img decoding=\"async\" src=\"https:\/\/www.hydraulic-cylinders.net\/wp-content\/uploads\/2025\/01\/songte-bushings-with-all-kinds-of-excavator-models.webp\"><\/p>\n<h2>Designhensyn og utvalgskriterier<\/h2>\n<h3>Lastekapasitet<\/h3>\n<p>Sylinderen m\u00e5 kunne t\u00e5le belastningene den vil bli utsatt for under drift.<\/p>\n<h3>Tetting<\/h3>\n<p>Tetningssystemet m\u00e5 kunne opprettholde trykk og forhindre lekkasjer.<\/p>\n<h3>Varighet<\/h3>\n<p>Sylinderen m\u00e5 v\u00e6re slitesterk nok til \u00e5 t\u00e5le t\u00f8ffe arbeidsmilj\u00f8er og vare lenge.<\/p>\n<h3>Sikkerhet<\/h3>\n<p>Sylinderen m\u00e5 fungere sikkert for \u00e5 forhindre ulykker.<\/p>\n<h3>Vedlikehold<\/h3>\n<p>Sylinderen m\u00e5 v\u00e6re enkel \u00e5 vedlikeholde og reparere, noe som reduserer nedetid og minimerer kostnader.<\/p>\n<p><img decoding=\"async\" src=\"https:\/\/www.hydraulic-cylinders.net\/wp-content\/uploads\/2025\/01\/songte-oil-pipes-and-spare-parts.webp\"><\/p>\n<h2>Tetting og sm\u00f8ring<\/h2>\n<p>Ulike tetninger, som stempeltetninger og stangtetninger, brukes for \u00e5 forhindre v\u00e6skelekkasje. Tetningene er laget av slitesterke materialer som polyuretan og nitrilgummi. Sylinderhuset og gjengeendene er fint bearbeidet for \u00e5 forbedre slitestyrken. Regelmessig sm\u00f8ring med passende hydraulikkolje er n\u00f8dvendig for \u00e5 opprettholde problemfri drift.<\/p>\n<h2>Inspeksjon og forebyggende vedlikeholdstiltak<\/h2>\n<p>Regelmessig inspeksjon og vedlikehold er viktig for \u00e5 sikre sylinderens levetid og effektiv drift. F\u00f8lgende er vanlige vedlikeholdsoppgaver:<\/p>\n<h3>Regelmessig inspeksjon<\/h3>\n<p>Inspiser sylinderen regelmessig for tegn p\u00e5 slitasje og skade.<\/p>\n<h3>Sm\u00f8ring<\/h3>\n<p>Riktig sm\u00f8ring er avgj\u00f8rende for effektiv drift av sylinderen.<\/p>\n<h3>Utskifting av tetning<\/h3>\n<p>Skift ut pakningene hvis de er slitte, skadede eller lekker.<\/p>\n<h2>Produktinstallasjonsveiledning<\/h2>\n<p>Riktig installasjon er avgj\u00f8rende for \u00e5 sikre at sylinderen fungerer trygt og effektivt. F\u00f8lg disse trinnene:<\/p>\n<h3>Justering<\/h3>\n<p>Juster sylinderen riktig for \u00e5 unng\u00e5 feiljustering, noe som kan for\u00e5rsake skade eller feil.<\/p>\n<h3>Braketter og montering<\/h3>\n<p>Bruk passende monteringsbraketter for \u00e5 feste sylinderen p\u00e5 plass.<\/p>\n<h3>Inspeksjons-, reparasjons- og utskiftingsprosedyrer<\/h3>\n<p>F\u00f8lg anbefalte inspeksjons-, reparasjons- og utskiftingsprosedyrer for \u00e5 vedlikeholde sylinderen.<\/p>\n<p><img decoding=\"async\" src=\"https:\/\/www.hydraulic-cylinders.net\/wp-content\/uploads\/2025\/01\/songte-chushion-collar.webp\"><\/p>\n<h2>Sikkerhetshensyn og milj\u00f8faktorer<\/h2>\n<p>Riktige sikkerhetstiltak er avgj\u00f8rende ved bruk av hydrauliske sylindere for \u00e5 forhindre ulykker. Milj\u00f8faktorer som temperatur og fuktighet b\u00f8r ogs\u00e5 tas i betraktning for \u00e5 sikre at sylinderen fungerer effektivt og trygt.<\/p>\n<h2>Feils\u00f8king og vanlige problemer<\/h2>\n<p>F\u00f8lgende er vanlige problemer og l\u00f8sninger:<\/p>\n<h3>Lekkasje<\/h3>\n<p>Sjekk pakningene og skift dem ut om n\u00f8dvendig.<\/p>\n<h3>Overoppheting<\/h3>\n<p>Kontroller hydraulikkoljeniv\u00e5et og s\u00f8rg for at det er tilstrekkelig. Kontroller ogs\u00e5 pumpe- og ventilinnstillingene og juster dem deretter.<\/p>\n<h3>Treg drift<\/h3>\n<p>Sjekk hydraulikkv\u00e6skeniv\u00e5et og filtrenes tilstand. Skift ut eventuelle skadede eller tette filtre.<\/p>\n<h2>Om selskapet v\u00e5rt<\/h2>\n<p>Vi er en produsent av hydrauliske sylindere og en ledende produsent og grossist i det innenlandske og internasjonale markedet. Vi f\u00f8lger prinsippet om utmerket kvalitet, er avhengige av industrialiserte produksjonsstyringsstrategier i fint organiserte produksjonsverksteder, og forbedrer kontinuerlig v\u00e5re produksjonsplattformer, forbedrer produktkvaliteten p\u00e5 produksjonslinjene og har sterk kreativ evne.<\/p>\n<h3>Profesjonalitet<\/h3>\n<p>Vi har et team av erfarne fagfolk som er eksperter p\u00e5 sine respektive felt.<\/p>\n<h3>Internasjonale sertifiseringer<\/h3>\n<p>Produktene v\u00e5re oppfyller internasjonale kvalitetsstandarder og er sertifisert av ulike organisasjoner.<\/p>\n<h3>Tilpasningstjenester<\/h3>\n<p>Vi tilbyr tilpassede hydrauliske sylindere basert p\u00e5 spesifikke krav.<\/p>\n<h3>Produksjonsutstyr<\/h3>\n<p>Vi har avansert produksjonsutstyr for \u00e5 sikre kvaliteten og effektiviteten til produktene v\u00e5re.<\/p>\n<h3>Ettersalgsservice<\/h3>\n<p>Vi tilbyr p\u00e5litelig ettersalgsservice, inkludert reservedeler og ombyggingstjenester, for \u00e5 sikre at produktene v\u00e5re varer lenge.<\/p>\n<p><img decoding=\"async\" src=\"https:\/\/hzpt.com\/wp-content\/uploads\/2024\/11\/songte-company-1.webp\"><\/p>\n<h4>Forfatter: lyl<\/h4>","protected":false},"excerpt":{"rendered":"<p>Bucket Cylinder For Volvo Wheel Excavator EW60 Introduction The bucket cylinder for Volvo wheel excavator EW60 is a specially-designed hydraulic cylinder used to control the movement of the bucket in heavy machinery such as excavators, backhoes, and front loaders. Its main function is to enable the bucket to lift, lower, and tilt, making it easier [&hellip;]<\/p>","protected":false},"featured_media":14769,"comment_status":"open","ping_status":"closed","template":"","meta":{"_et_pb_use_builder":"","_et_pb_old_content":"","_et_gb_content_width":""},"product_brand":[],"product_cat":[1494],"product_tag":[1495,1496],"class_list":{"0":"post-15413","1":"product","2":"type-product","3":"status-publish","4":"has-post-thumbnail","6":"product_cat-bucket-cylinders","7":"product_tag-bucket-cylinders","8":"product_tag-hydraulic-cylinders","10":"first","11":"instock","12":"shipping-taxable","13":"product-type-simple"},"amp_enabled":true,"_links":{"self":[{"href":"https:\/\/www.hydraulic-cylinders.net\/nb\/wp-json\/wp\/v2\/product\/15413","targetHints":{"allow":["GET"]}}],"collection":[{"href":"https:\/\/www.hydraulic-cylinders.net\/nb\/wp-json\/wp\/v2\/product"}],"about":[{"href":"https:\/\/www.hydraulic-cylinders.net\/nb\/wp-json\/wp\/v2\/types\/product"}],"replies":[{"embeddable":true,"href":"https:\/\/www.hydraulic-cylinders.net\/nb\/wp-json\/wp\/v2\/comments?post=15413"}],"wp:featuredmedia":[{"embeddable":true,"href":"https:\/\/www.hydraulic-cylinders.net\/nb\/wp-json\/wp\/v2\/media\/14769"}],"wp:attachment":[{"href":"https:\/\/www.hydraulic-cylinders.net\/nb\/wp-json\/wp\/v2\/media?parent=15413"}],"wp:term":[{"taxonomy":"product_brand","embeddable":true,"href":"https:\/\/www.hydraulic-cylinders.net\/nb\/wp-json\/wp\/v2\/product_brand?post=15413"},{"taxonomy":"product_cat","embeddable":true,"href":"https:\/\/www.hydraulic-cylinders.net\/nb\/wp-json\/wp\/v2\/product_cat?post=15413"},{"taxonomy":"product_tag","embeddable":true,"href":"https:\/\/www.hydraulic-cylinders.net\/nb\/wp-json\/wp\/v2\/product_tag?post=15413"}],"curies":[{"name":"wp","href":"https:\/\/api.w.org\/{rel}","templated":true}]}}