{"id":15422,"date":"2025-01-19T14:30:43","date_gmt":"2025-01-19T14:30:43","guid":{"rendered":"https:\/\/www.hydraulic-cylinders.net\/product\/bucket-cylinder-for-sany-small-excavator-sy135c-9\/"},"modified":"2025-01-19T14:30:45","modified_gmt":"2025-01-19T14:30:45","slug":"bucket-cylinder-for-sany-small-excavator-sy135c-9","status":"publish","type":"product","link":"https:\/\/www.hydraulic-cylinders.net\/nb\/produkt\/bucket-cylinder-for-sany-small-excavator-sy135c-9\/","title":{"rendered":"B\u00f8ttesylinder for Sany liten gravemaskin SY135C-9"},"content":{"rendered":"<h1>B\u00f8ttesylinder for Sany liten gravemaskin SY135C-9<\/h1>\n<h2>Introduksjon<\/h2>\n<p>Skuffesylinderen til Sany liten gravemaskin SY135C-9 er en spesialdesignet hydraulisk sylinder som brukes til \u00e5 kontrollere bevegelsen til skuffen i tunge maskiner som gravemaskiner, traktorgravere og frontlastere. Hovedfunksjonen er \u00e5 gj\u00f8re det mulig \u00e5 l\u00f8fte, senke og vippe skuffen, noe som gj\u00f8r det enklere for ulike materialh\u00e5ndteringsoppgaver. I det hydrauliske systemet oppn\u00e5r skuffesylinderen presis kontroll over skuffen ved \u00e5 variere trykket i den hydrauliske oljen, slik at operat\u00f8rene kan h\u00e5ndtere tunge laster effektivt og tilpasse seg komplekse arbeidsmilj\u00f8er og ulike driftsbehov.<\/p>\n<p><img decoding=\"async\" src=\"https:\/\/www.hydraulic-cylinders.net\/wp-content\/uploads\/2025\/01\/songte-company-2.webp\" alt=\"Produktbilde\"><\/p>\n<h2>Funksjoner<\/h2>\n<ul>\n<li>H\u00f8y styrke og holdbarhet: B\u00f8ttesylinderen er vanligvis laget av h\u00f8yfast st\u00e5l eller aluminium, og t\u00e5ler h\u00f8yt trykk og tunge belastninger, og tilpasser seg t\u00f8ffe arbeidsmilj\u00f8er. Designet tar hensyn til slitestyrke og korrosjonsmotstand, noe som forlenger levetiden.<\/li>\n<li>Effektiv hydraulisk drift: Ved \u00e5 utnytte trykket fra hydraulikkoljen oppn\u00e5r b\u00f8ttesylinderen jevn teleskopbevegelse, noe som gir rask respons p\u00e5 kontrollkommandoer og kraftig skyve- og trekkekrefter. Den er egnet for h\u00e5ndtering av tunge belastninger og komplekse driftsoppgaver.<\/li>\n<li>Ulike typer: Skuffesylinderen kan velges som enkeltvirkende (hydraulisk trykk brukes i kun \u00e9n retning) eller dobbeltvirkende (hydraulisk trykk brukes i begge retninger) basert p\u00e5 driftskravene. Noen modeller er teleskopiske, noe som gir st\u00f8rre forlengelse uten \u00e5 \u00f8ke de ytre m\u00e5lene, noe som gj\u00f8r dem egnet for applikasjoner med begrenset plass.<\/li>\n<li>Perfekt erstatning: Produktene v\u00e5re kan tjene som perfekte erstatninger for disse hydrauliske sylindrene.<\/li>\n<\/ul>\n<p><img decoding=\"async\" src=\"https:\/\/www.hydraulic-cylinders.net\/wp-content\/uploads\/2025\/01\/songte-cylinder-head-with-all-kinds-excavator-models.webp\" alt=\"Produktbilde\"><\/p>\n<h2>Bruksomr\u00e5der<\/h2>\n<ul>\n<li>Anleggsutstyr: De finnes i gravemaskiner og er avgj\u00f8rende for utgraving, lasting og flytting av jord eller rusk. I gravemaskiner hjelper skuffesylinderen b\u00e5de med utgraving og l\u00f8fting.<\/li>\n<li>Landbruksmaskiner: Brukes i frontlastere til \u00e5 utarbeide, l\u00f8fte og transportere jord, h\u00f8y og andre materialer.<\/li>\n<li>Gravemaskiner: Skuffesylinderen muliggj\u00f8r graveaksjoner ved \u00e5 la skuffen trenge ned i jorden.<\/li>\n<li>Lastere: Frontlastere hjelper til med \u00e5 l\u00f8fte og tilte varer effektivt.<\/li>\n<\/ul>\n<h2>Designhensyn og utvalgskriterier<\/h2>\n<p>Designhensynene for b\u00f8ttesylinderen inkluderer b\u00e6reevne, tetting, holdbarhet, sikkerhet og vedlikeholdsvennlighet. Hvert aspekt diskuteres nedenfor:<\/p>\n<p><img decoding=\"async\" src=\"https:\/\/www.hydraulic-cylinders.net\/wp-content\/uploads\/2025\/01\/songte-oil-pipes-and-spare-parts.webp\" alt=\"Produktbilde\"><\/p>\n<h3>B\u00e6reevne<\/h3>\n<p>Skuffesylinderen er konstruert for \u00e5 t\u00e5le h\u00f8yt trykk og tunge belastninger, noe som sikrer p\u00e5litelig ytelse i krevende applikasjoner.<\/p>\n<h3>Tetting<\/h3>\n<p>Ulike tetningskomponenter, som stempeltetninger og stangtetninger, brukes i b\u00f8ttesylinderen for \u00e5 sikre effektiv tetting. Disse tetningene er laget av slitesterke materialer som polyuretan og nitrilgummi. Sylinderhuset og gjengede ender er fint bearbeidet for \u00e5 forbedre slitestyrken. Regelmessig sm\u00f8ring med riktig mengde hydraulikkolje er n\u00f8dvendig for problemfri drift.<\/p>\n<h3>Varighet<\/h3>\n<p>Skuffesylinderen er konstruert av h\u00f8yfaste materialer og designet for \u00e5 t\u00e5le t\u00f8ffe arbeidsforhold, noe som sikrer langvarig ytelse og minimerer vedlikeholdskrav.<\/p>\n<h3>Sikkerhet<\/h3>\n<p>Sikkerhetstiltak b\u00f8r f\u00f8lges ved bruk av b\u00f8ttesylinderen, inkludert riktig installasjon, regelmessige inspeksjoner og overholdelse av sikkerhetsretningslinjer. Det anbefales \u00e5 justere sylinderen riktig under installasjon og bruke passende monteringsbraketter for \u00e5 feste sylinderen.<\/p>\n<h3>Vedlikeholdbarhet<\/h3>\n<p>Regelmessige inspeksjoner, passende sm\u00f8ring, utskifting av pakninger og kalibreringskontroller er vanlige vedlikeholdsoppgaver for b\u00f8ttesylinderen. Riktig installasjon, sm\u00f8ring og justering er avgj\u00f8rende for optimal ytelse og levetid. Reservedeler og ombyggingstjenester er tilgjengelige for \u00e5 forlenge levetiden til b\u00f8ttesylinderen.<\/p>\n<p><img decoding=\"async\" src=\"https:\/\/www.hydraulic-cylinders.net\/wp-content\/uploads\/2025\/01\/songte-chushion-collar.webp\" alt=\"Produktbilde\"><\/p>\n<h2>Sikkerhetshensyn og milj\u00f8faktorer<\/h2>\n<p>N\u00e5r du bruker b\u00f8ttesylinderen, er det viktig \u00e5 f\u00f8lge sikkerhetstiltak for \u00e5 forhindre ulykker og sikre operat\u00f8renes velv\u00e6re. Sikkerhetsforanstaltninger som \u00e5 bruke passende verneutstyr og bruke maskineriet innenfor anbefalte parametere b\u00f8r alltid overholdes. Milj\u00f8faktorer som temperatur og fuktighet kan ogs\u00e5 p\u00e5virke b\u00f8ttesylinderens ytelse, og det er viktig \u00e5 ta hensyn til disse faktorene under drift og vedlikehold.<\/p>\n<h2>Feils\u00f8king og vanlige problemer<\/h2>\n<p>N\u00e5r man st\u00f8ter p\u00e5 problemer med b\u00f8ttesylinderen, er det viktig \u00e5 diagnostisere problemet riktig og iverksette n\u00f8dvendige tiltak for \u00e5 l\u00f8se det. Vanlige feils\u00f8kingstips og l\u00f8sninger kan hjelpe leserne med \u00e5 diagnostisere og feils\u00f8ke problemer effektivt. I tillegg kan forebyggende tiltak iverksettes for \u00e5 minimere potensielle problemer.<\/p>\n<p><img decoding=\"async\" src=\"https:\/\/www.hydraulic-cylinders.net\/wp-content\/uploads\/2025\/01\/songte-bushings-with-all-kinds-of-excavator-models.webp\" alt=\"Produktbilde\"><\/p>\n<h2>Vedlikeholdsoppgaver<\/h2>\n<p>Regelmessige inspeksjoner, riktig sm\u00f8ring, utskifting av pakninger og kalibreringskontroller er vanlige vedlikeholdsoppgaver for b\u00f8ttesylinderen. Viktigheten av riktig installasjon, sm\u00f8ring og justering legges vekt p\u00e5, veiledning om justering av sylinderen under installasjon anbefales, passende vedlikeholdsprosedyrer anbefales og tips for \u00e5 forlenge levetiden til b\u00f8ttesylinderen tilbys.<\/p>\n<h2>Om selskapet v\u00e5rt<\/h2>\n<p>Vi er en ledende produsent og grossistdistribut\u00f8r av hydrauliske sylindere i det innenlandske og internasjonale markedet. V\u00e5rt selskap tilbyr et bredt spekter av produkter og er kjent for sin utmerkede kvalitet. Med fokus p\u00e5 overlegen kvalitet, bruker vi industrialiserte produksjonsstyringsstrategier i v\u00e5rt toppmoderne produksjonsverksted. Selskapet forbedrer kontinuerlig sin produksjonsplattform, forbedrer produktkvaliteten og produksjonsrutene og har sterke produksjonsmuligheter. V\u00e5re prinsipper for h\u00f8y effektivitet, presisjon og kvalitet gj\u00f8r det mulig for oss \u00e5 m\u00f8te de ulike behovene til v\u00e5re kunder.<\/p>\n<p><img decoding=\"async\" src=\"https:\/\/www.hydraulic-cylinders.net\/wp-content\/uploads\/2025\/01\/songte-company-3.webp\" alt=\"Selskapets image\"><\/p>\n<h3>Profesjonalitet<\/h3>\n<p>V\u00e5rt firma er stolt av den profesjonaliteten som vises i alle aspekter av driften v\u00e5r, fra produksjon til kundeservice.<\/p>\n<h3>Internasjonale sertifiseringer<\/h3>\n<p>Vi har oppn\u00e5dd en rekke internasjonale sertifiseringer, noe som sikrer at produktene v\u00e5re oppfyller de h\u00f8yeste kvalitetsstandardene og er i samsvar med bransjeforskrifter.<\/p>\n<h3>Tilpasningstjenester<\/h3>\n<p>Vi tilbyr tilpasningstjenester for \u00e5 m\u00f8te kundenes unike behov, og skreddersydde l\u00f8sninger for deres behov for hydrauliske sylindere.<\/p>\n<h3>Produksjonsutstyr<\/h3>\n<p>Vi bruker avansert produksjonsutstyr for \u00e5 sikre presisjon og effektivitet i produksjonsprosessen, noe som resulterer i hydrauliske sylindere av h\u00f8y kvalitet.<\/p>\n<h3>Ettersalgsservice<\/h3>\n<p>V\u00e5rt firma tilbyr omfattende ettersalgsservice, inkludert vedlikehold, reparasjon og utskiftingstjenester. Vi er forpliktet til \u00e5 sikre kundetilfredshet og langsiktige partnerskap.<\/p>\n<p><img decoding=\"async\" src=\"https:\/\/hzpt.com\/wp-content\/uploads\/2024\/11\/songte-company-1.webp\" alt=\"Selskapets image\"><\/p>\n<p>Forfatter: lyl<\/p>","protected":false},"excerpt":{"rendered":"<p>Bucket Cylinder For Sany Small Excavator SY135C-9 Introduction The bucket cylinder for Sany small excavator SY135C-9 is a specially designed hydraulic cylinder used to control the movement of the bucket in heavy machinery such as excavators, backhoe loaders, and front loaders. Its main function is to enable the bucket to lift, lower, and tilt, making [&hellip;]<\/p>","protected":false},"featured_media":14782,"comment_status":"open","ping_status":"closed","template":"","meta":{"_et_pb_use_builder":"","_et_pb_old_content":"","_et_gb_content_width":""},"product_brand":[],"product_cat":[1494],"product_tag":[1495,1496],"class_list":{"0":"post-15422","1":"product","2":"type-product","3":"status-publish","4":"has-post-thumbnail","6":"product_cat-bucket-cylinders","7":"product_tag-bucket-cylinders","8":"product_tag-hydraulic-cylinders","10":"first","11":"instock","12":"shipping-taxable","13":"product-type-simple"},"amp_enabled":true,"_links":{"self":[{"href":"https:\/\/www.hydraulic-cylinders.net\/nb\/wp-json\/wp\/v2\/product\/15422","targetHints":{"allow":["GET"]}}],"collection":[{"href":"https:\/\/www.hydraulic-cylinders.net\/nb\/wp-json\/wp\/v2\/product"}],"about":[{"href":"https:\/\/www.hydraulic-cylinders.net\/nb\/wp-json\/wp\/v2\/types\/product"}],"replies":[{"embeddable":true,"href":"https:\/\/www.hydraulic-cylinders.net\/nb\/wp-json\/wp\/v2\/comments?post=15422"}],"wp:featuredmedia":[{"embeddable":true,"href":"https:\/\/www.hydraulic-cylinders.net\/nb\/wp-json\/wp\/v2\/media\/14782"}],"wp:attachment":[{"href":"https:\/\/www.hydraulic-cylinders.net\/nb\/wp-json\/wp\/v2\/media?parent=15422"}],"wp:term":[{"taxonomy":"product_brand","embeddable":true,"href":"https:\/\/www.hydraulic-cylinders.net\/nb\/wp-json\/wp\/v2\/product_brand?post=15422"},{"taxonomy":"product_cat","embeddable":true,"href":"https:\/\/www.hydraulic-cylinders.net\/nb\/wp-json\/wp\/v2\/product_cat?post=15422"},{"taxonomy":"product_tag","embeddable":true,"href":"https:\/\/www.hydraulic-cylinders.net\/nb\/wp-json\/wp\/v2\/product_tag?post=15422"}],"curies":[{"name":"wp","href":"https:\/\/api.w.org\/{rel}","templated":true}]}}