{"id":15424,"date":"2025-01-19T14:30:51","date_gmt":"2025-01-19T14:30:51","guid":{"rendered":"https:\/\/www.hydraulic-cylinders.net\/product\/bucket-cylinder-for-sany-small-excavator-sy60c-9\/"},"modified":"2025-01-19T14:30:53","modified_gmt":"2025-01-19T14:30:53","slug":"bucket-cylinder-for-sany-small-excavator-sy60c-9","status":"publish","type":"product","link":"https:\/\/www.hydraulic-cylinders.net\/nb\/produkt\/bucket-cylinder-for-sany-small-excavator-sy60c-9\/","title":{"rendered":"B\u00f8ttesylinder for Sany liten gravemaskin SY60C-9"},"content":{"rendered":"<h1>B\u00f8ttesylinder for Sany liten gravemaskin SY60C-9<\/h1>\n<h2>Introduksjon<\/h2>\n<p>Skuffesylinderen til Sany liten gravemaskin SY60C-9 er en hydraulisk sylinder som er utviklet for \u00e5 kontrollere bevegelsen til skuffen i tunge maskiner som gravemaskiner, traktorgravere og lastere. Hovedfunksjonen er \u00e5 l\u00f8fte, senke og vippe skuffen for effektive materialh\u00e5ndteringsoppgaver. I det hydrauliske systemet kontrollerer skuffesylinderen skuffens bevegelse presist ved hjelp av trykket fra hydraulikkoljen, slik at operat\u00f8rer kan h\u00e5ndtere tunge laster effektivt og tilpasse seg komplekse arbeidsmilj\u00f8er og ulike jobbkrav.<\/p>\n<p><img decoding=\"async\" src=\"https:\/\/www.hydraulic-cylinders.net\/wp-content\/uploads\/2025\/01\/songte-company-2.webp\" alt=\"B\u00f8ttesylinder for Sany liten gravemaskin SY60C-9\"><\/p>\n<h2>Funksjoner<\/h2>\n<ul>\n<li>H\u00f8y styrke og holdbarhet: Vanligvis laget av h\u00f8yfast st\u00e5l eller aluminium, t\u00e5ler h\u00f8yt trykk og tunge belastninger, og er designet med slitestyrke og korrosjonsbestandighet i tankene, noe som forlenger levetiden.<\/li>\n<li>Effektiv hydraulisk drift: Bruker trykket fra hydraulikkoljen til \u00e5 oppn\u00e5 jevn forlengelse og tilbaketrekking, reagerer raskt p\u00e5 kontrollkommandoer og gir kraftig skyve- og trekkekraft som er egnet for h\u00e5ndtering av tunge belastninger og komplekse arbeidsoppgaver.<\/li>\n<li>Ulike typer: Tilgjengelig som enkeltvirkende (hydraulisk brukt kun i \u00e9n retning) eller dobbeltvirkende (hydraulisk brukt i begge retninger) sylindere for \u00e5 m\u00f8te ulike driftsbehov. Noen modeller er teleskopiske, noe som gir st\u00f8rre forlengelse uten \u00e5 \u00f8ke de ytre m\u00e5lene, egnet for applikasjoner med begrenset plass.<\/li>\n<li>Produktet v\u00e5rt kan erstatte disse hydrauliske sylindrene perfekt.<\/li>\n<\/ul>\n<p><img decoding=\"async\" src=\"https:\/\/www.hydraulic-cylinders.net\/wp-content\/uploads\/2025\/01\/songte-cylinder-head-with-all-kinds-excavator-models.webp\" alt=\"B\u00f8ttesylinder for Sany liten gravemaskin SY60C-9\"><\/p>\n<h2>Bruksomr\u00e5der<\/h2>\n<ul>\n<li>Anleggsutstyr: I gravemaskiner er de avgj\u00f8rende for graving, lasting og flytting av jord eller rusk. I gravemaskiner hjelper skuffesylindere med graving og l\u00f8fting. I lastere hjelper de med \u00e5 l\u00f8fte og dumpe last effektivt.<\/li>\n<li>Landbruksmaskiner: Brukes i frontlastere til \u00e5 grave, l\u00f8fte og transportere jord, h\u00f8y og andre materialer. I gravemaskiner muliggj\u00f8r skuffesylinderen graving ved \u00e5 la skuffen trenge ned i jorden. I lastere hjelper de med \u00e5 l\u00f8fte og vippe last effektivt.<\/li>\n<\/ul>\n<h2>Designhensyn og utvalgskriterier<\/h2>\n<ul>\n<li>B\u00e6reevne: Konstruert for \u00e5 t\u00e5le h\u00f8yt trykk og tunge belastninger.<\/li>\n<li>Tetting: Benytter ulike tetningskomponenter som stempeltetninger, stangtetninger osv., laget av slitesterke materialer som polyuretan og nitrilgummi, og sylinderhuset og gjengede ender er fint bearbeidet for \u00e5 forbedre slitestyrken.<\/li>\n<li>Holdbarhet: Laget av h\u00f8yfaste materialer og designet med tanke p\u00e5 slitestyrke og korrosjonsbestandighet, noe som forlenger levetiden.<\/li>\n<li>Sikkerhet: Utviklet med sikkerhet i tankene, for \u00e5 sikre sikker og p\u00e5litelig drift.<\/li>\n<li>Vedlikeholdsvennlighet: Enkel \u00e5 vedlikeholde og reparere for \u00e5 minimere nedetid.<\/li>\n<\/ul>\n<p><img decoding=\"async\" src=\"https:\/\/www.hydraulic-cylinders.net\/wp-content\/uploads\/2025\/01\/songte-oil-pipes-and-spare-parts.webp\" alt=\"B\u00f8ttesylinder for Sany liten gravemaskin SY60C-9\"><\/p>\n<h2>Tetting og sm\u00f8ring<\/h2>\n<p>B\u00f8ttesylinderen bruker forskjellige tetningskomponenter som stempeltetninger, stangtetninger osv., laget av slitesterke materialer som polyuretan og nitrilgummi. Sylinderhuset og gjengede ender er fint bearbeidet for \u00e5 forbedre slitestyrken. Den m\u00e5 sm\u00f8res regelmessig med passende hydraulisk olje for \u00e5 sikre problemfri drift.<\/p>\n<h2>Vedlikehold og reparasjon<\/h2>\n<ul>\n<li>Regelmessig inspeksjon: Inspiser sylinderen og dens komponenter regelmessig for tegn p\u00e5 slitasje eller skade.<\/li>\n<li>Sm\u00f8ring: Sm\u00f8r sylinderen regelmessig med passende hydraulikkolje.<\/li>\n<li>Utskifting av tetninger: Skift tetninger etter behov for \u00e5 sikre riktig tetning og forhindre lekkasjer.<\/li>\n<li>Kalibreringssjekk: Sjekk kalibreringen regelmessig for \u00e5 sikre at den fungerer som den skal.<\/li>\n<\/ul>\n<p><img decoding=\"async\" src=\"https:\/\/www.hydraulic-cylinders.net\/wp-content\/uploads\/2025\/01\/songte-chushion-collar.webp\" alt=\"B\u00f8ttesylinder for Sany liten gravemaskin SY60C-9\"><\/p>\n<h2>Sikkerhetshensyn og milj\u00f8faktorer<\/h2>\n<p>N\u00e5r du bruker b\u00f8ttesylinderen, er det viktig \u00e5 f\u00f8lge riktige sikkerhetstiltak for \u00e5 forhindre skade eller materielle skader. Det er ogs\u00e5 viktig \u00e5 vurdere milj\u00f8p\u00e5virkningen av hydrauliske systemer og avhende hydrauliske v\u00e6sker p\u00e5 riktig m\u00e5te.<\/p>\n<h2>Feils\u00f8king og vanlige problemer<\/h2>\n<p>Vanlige problemer med b\u00f8ttesylindere inkluderer lekkasjer, d\u00e5rlig ytelse og redusert funksjonalitet. Disse problemene kan vanligvis l\u00f8ses gjennom riktig vedlikehold og reparasjon, inkludert utskifting av pakninger, kalibreringskontroller og sm\u00f8ring.<\/p>\n<p><img decoding=\"async\" src=\"https:\/\/www.hydraulic-cylinders.net\/wp-content\/uploads\/2025\/01\/songte-bushings-with-all-kinds-of-excavator-models.webp\" alt=\"B\u00f8ttesylinder for Sany liten gravemaskin SY60C-9\"><\/p>\n<h2>Om selskapet v\u00e5rt<\/h2>\n<p>Vi er en produsent av hydrauliske sylindere, og tilbyr et komplett produktsortiment. Vi er en av de ledende produsentene og grossistdistribut\u00f8rene av hydrauliske sylindere i b\u00e5de innenlandske og internasjonale markeder. Vi f\u00f8lger prinsippet om utmerket kvalitet, bruker industrialiserte produksjonsstyringsstrategier i fint produserte verksteder, forbedrer kontinuerlig v\u00e5re produksjonsplattformer, forbedrer produktkvaliteten p\u00e5 produksjonslinjene og har sterke innovasjonsevner for \u00e5 m\u00f8te kundenes ulike behov med h\u00f8y effektivitet, h\u00f8y presisjon og h\u00f8y kvalitet.<\/p>\n<p><img decoding=\"async\" src=\"https:\/\/hzpt.com\/wp-content\/uploads\/2024\/11\/songte-company-1.webp\" alt=\"B\u00f8ttesylinder for Sany liten gravemaskin SY60C-9\"><\/p>\n<h3>V\u00e5re spesialiteter<\/h3>\n<ul>\n<li>Profesjonalitet: Vi har et team av profesjonelle ingeni\u00f8rer og teknikere som er forpliktet til \u00e5 levere hydrauliske sylindere av h\u00f8y kvalitet.<\/li>\n<li>Internasjonal sertifisering: Produktene v\u00e5re har best\u00e5tt en rekke internasjonale sertifiseringer, noe som sikrer deres p\u00e5litelighet og sikkerhet.<\/li>\n<li>Tilpasning: Vi tilbyr tilpassede tjenester for \u00e5 m\u00f8te kundenes spesifikke behov.<\/li>\n<li>Produksjonsutstyr: Vi bruker avansert produksjonsutstyr, inkludert CNC-maskiner og testsystemer, for \u00e5 sikre produktkvalitet og konsistens.<\/li>\n<li>Ettersalgsservice: Vi tilbyr omfattende ettersalgsservice, inkludert vedlikehold, reparasjon og utskiftingstjenester.<\/li>\n<\/ul>\n<p>Forfatter: lyl<\/p>","protected":false},"excerpt":{"rendered":"<p>Bucket Cylinder For Sany Small Excavator SY60C-9 Introduction The bucket cylinder for Sany small excavator SY60C-9 is a hydraulic cylinder designed to control the movement of the bucket in heavy machinery such as excavators, backhoes, and loaders. Its main function is to lift, lower, and tilt the bucket for efficient material handling tasks. In the [&hellip;]<\/p>","protected":false},"featured_media":14778,"comment_status":"open","ping_status":"closed","template":"","meta":{"_et_pb_use_builder":"","_et_pb_old_content":"","_et_gb_content_width":""},"product_brand":[],"product_cat":[1494],"product_tag":[1495,1496],"class_list":{"0":"post-15424","1":"product","2":"type-product","3":"status-publish","4":"has-post-thumbnail","6":"product_cat-bucket-cylinders","7":"product_tag-bucket-cylinders","8":"product_tag-hydraulic-cylinders","10":"first","11":"instock","12":"shipping-taxable","13":"product-type-simple"},"amp_enabled":true,"_links":{"self":[{"href":"https:\/\/www.hydraulic-cylinders.net\/nb\/wp-json\/wp\/v2\/product\/15424","targetHints":{"allow":["GET"]}}],"collection":[{"href":"https:\/\/www.hydraulic-cylinders.net\/nb\/wp-json\/wp\/v2\/product"}],"about":[{"href":"https:\/\/www.hydraulic-cylinders.net\/nb\/wp-json\/wp\/v2\/types\/product"}],"replies":[{"embeddable":true,"href":"https:\/\/www.hydraulic-cylinders.net\/nb\/wp-json\/wp\/v2\/comments?post=15424"}],"wp:featuredmedia":[{"embeddable":true,"href":"https:\/\/www.hydraulic-cylinders.net\/nb\/wp-json\/wp\/v2\/media\/14778"}],"wp:attachment":[{"href":"https:\/\/www.hydraulic-cylinders.net\/nb\/wp-json\/wp\/v2\/media?parent=15424"}],"wp:term":[{"taxonomy":"product_brand","embeddable":true,"href":"https:\/\/www.hydraulic-cylinders.net\/nb\/wp-json\/wp\/v2\/product_brand?post=15424"},{"taxonomy":"product_cat","embeddable":true,"href":"https:\/\/www.hydraulic-cylinders.net\/nb\/wp-json\/wp\/v2\/product_cat?post=15424"},{"taxonomy":"product_tag","embeddable":true,"href":"https:\/\/www.hydraulic-cylinders.net\/nb\/wp-json\/wp\/v2\/product_tag?post=15424"}],"curies":[{"name":"wp","href":"https:\/\/api.w.org\/{rel}","templated":true}]}}