{"id":15437,"date":"2025-01-19T14:31:48","date_gmt":"2025-01-19T14:31:48","guid":{"rendered":"https:\/\/www.hydraulic-cylinders.net\/product\/bucket-cylinder-for-sany-middle-excavator-sy225c-9\/"},"modified":"2025-01-19T14:31:50","modified_gmt":"2025-01-19T14:31:50","slug":"bucket-cylinder-for-sany-middle-excavator-sy225c-9","status":"publish","type":"product","link":"https:\/\/www.hydraulic-cylinders.net\/nb\/produkt\/bucket-cylinder-for-sany-middle-excavator-sy225c-9\/","title":{"rendered":"B\u00f8ttesylinder for Sany mellomgraver SY225C-9"},"content":{"rendered":"<h1>B\u00f8ttesylinder for Sany mellomgraver SY225C-9<\/h1>\n<h2>Introduksjon til b\u00f8ttesylinder<\/h2>\n<h3>Definisjon<\/h3>\n<p>En skuffesylinder er en spesialisert hydraulisk sylinder som er designet for \u00e5 kontrollere bevegelsen til skuffer i tunge maskiner som gravemaskiner, traktorgravere og frontlastere. Hovedfunksjonen er \u00e5 gj\u00f8re det mulig for skuffen \u00e5 l\u00f8fte, senke og vippe, noe som gj\u00f8r det enklere \u00e5 h\u00e5ndtere forskjellige materialer. I det hydrauliske systemet gir skuffesylinderen presis kontroll over skuffen ved \u00e5 endre trykket i hydraulikkoljen, slik at operat\u00f8rer effektivt kan h\u00e5ndtere tunge laster og tilpasse seg komplekse arbeidsmilj\u00f8er og ulike jobbkrav.<\/p>\n<p><img decoding=\"async\" src=\"https:\/\/www.hydraulic-cylinders.net\/wp-content\/uploads\/2025\/01\/songte-company-2.webp\" alt=\"Bilde av b\u00f8ttesylinder\"><\/p>\n<h2>Funksjoner av b\u00f8ttesylinder<\/h2>\n<ul>\n<li>H\u00f8y styrke og holdbarhet: Vanligvis laget av h\u00f8yfast st\u00e5l eller aluminium, t\u00e5ler h\u00f8yt trykk og tunge belastninger, kan tilpasses t\u00f8ffe arbeidsmilj\u00f8er, er designet for slitestyrke og korrosjonsbestandighet, noe som forlenger levetiden.<\/li>\n<li>Effektiv hydraulisk drift: Jevn forlengelse og tilbaketrekking oppn\u00e5s ved hjelp av hydraulikkoljetrykk, som reagerer raskt p\u00e5 kontrollkommandoer og gir kraftige skyve-trekk-krefter, egnet for h\u00e5ndtering av tunge belastninger og komplekse arbeidsoppgaver.<\/li>\n<li>Ulike typer: Enkeltvirkende (hydraulisk brukt kun i \u00e9n retning) eller dobbeltvirkende (hydraulisk brukt i to retninger) sylinder kan velges i henhold til spesifikke driftsbehov. Noen modeller er teleskopiske, noe som gir st\u00f8rre forlengelse uten \u00e5 \u00f8ke de ytre m\u00e5lene, egnet for applikasjoner med begrenset plass.<\/li>\n<\/ul>\n<p>Vi kan produsere dette produktet, og produktet v\u00e5rt kan erstatte disse hydrauliske sylindrene perfekt.<\/p>\n<p><img decoding=\"async\" src=\"https:\/\/www.hydraulic-cylinders.net\/wp-content\/uploads\/2025\/01\/songte-cylinder-head-with-all-kinds-excavator-models.webp\" alt=\"Bilde av b\u00f8ttesylinder\"><\/p>\n<h2>Bruksomr\u00e5der for b\u00f8ttesylinder<\/h2>\n<p>Skuffesylindere er mye brukt i diverse tunge maskiner. Nedenfor er noen av de vanlige bruksomr\u00e5dene:<\/p>\n<h3>Anleggsutstyr<\/h3>\n<p>I gravemaskiner er de avgj\u00f8rende for graving, lasting og flytting av jord eller rusk. I gravemaskiner hjelper skuffesylinderen med b\u00e5de graving og l\u00f8fting. <\/p>\n<h3>Landbruksmaskiner<\/h3>\n<p>Brukes i frontlastere for utgraving, l\u00f8fting og transport av jord, h\u00f8y og andre materialer. <\/p>\n<h3>Gravemaskin<\/h3>\n<p>Skuffesylinderen oppn\u00e5r graveeffekt ved \u00e5 la skuffen trenge ned i jorden.<\/p>\n<h3>Laster<\/h3>\n<p>I frontlastere bidrar de til \u00e5 l\u00f8fte og tilte last effektivt.<\/p>\n<h2>Designhensyn og utvalgskriterier<\/h2>\n<p>Skuffesylindere er konstruert med ulike faktorer i tankene, som b\u00e6reevne, tetting, holdbarhet, sikkerhet og vedlikeholdbarhet. <\/p>\n<h3>B\u00e6reevne<\/h3>\n<p>Valget av sylinder b\u00f8r baseres p\u00e5 vekten av lasten som l\u00f8ftes og det hydrauliske trykket som kreves for \u00e5 l\u00f8fte den. <\/p>\n<h3>Tetting<\/h3>\n<p>Ulike tetningskomponenter som stempeltetninger og stangtetninger kan brukes for \u00e5 sikre lekkasjefri drift. Materialer som polyuretan og nitrilgummi brukes vanligvis til tetningskomponenter for \u00e5 sikre slitestyrke. Sylinderhuset og gjengeendene er finbearbeidet for \u00e5 forbedre slitestyrken. Regelmessig tilsetning av passende hydraulikkolje er n\u00f8dvendig for \u00e5 sm\u00f8re den. <\/p>\n<h3>Varighet<\/h3>\n<p>Sylinderen b\u00f8r v\u00e6re konstruert for \u00e5 t\u00e5le t\u00f8ffe milj\u00f8forhold og motst\u00e5 slitasje. <\/p>\n<h3>Sikkerhet og vedlikeholdbarhet<\/h3>\n<p>B\u00f8ttesylindere b\u00f8r utformes med sikkerhetsfunksjoner som trykkavlastningsventiler og bruddskiver for \u00e5 forhindre overbelastning. Vedlikehold og reparasjon b\u00f8r gj\u00f8res enkelt ved \u00e5 utforme sylindere med tilgjengelige komponenter, deler som er enkle \u00e5 fjerne og utskiftbare tetninger. <\/p>\n<p><img decoding=\"async\" src=\"https:\/\/www.hydraulic-cylinders.net\/wp-content\/uploads\/2025\/01\/songte-oil-pipes-and-spare-parts.webp\" alt=\"Bilde av b\u00f8ttesylinder\"><\/p>\n<h2>Vedlikehold og reparasjon<\/h2>\n<p>Regelmessig vedlikehold og reparasjon av b\u00f8ttesylindere er n\u00f8dvendig for \u00e5 sikre optimal ytelse og lang levetid. Nedenfor er noen vanlige vedlikeholdsoppgaver:<\/p>\n<h3>Regelmessig inspeksjon<\/h3>\n<p>Regelmessig inspeksjon av sylinderen b\u00f8r utf\u00f8res for \u00e5 oppdage eventuelle skader eller slitasje p\u00e5 pakninger og andre komponenter. <\/p>\n<h3>Sm\u00f8ring<\/h3>\n<p>Riktig sm\u00f8ring er n\u00f8dvendig for \u00e5 sikre problemfri drift av sylinderen. Manglende sm\u00f8ring kan for\u00e5rsake skade og redusere levetiden.<\/p>\n<h3>Utskifting av tetning og kalibreringskontroll<\/h3>\n<p>Tetninger b\u00f8r skiftes med jevne mellomrom for \u00e5 forhindre lekkasjer. Kalibreringskontroller b\u00f8r ogs\u00e5 utf\u00f8res for \u00e5 sikre riktig plassering av sylinderen. <\/p>\n<p><img decoding=\"async\" src=\"https:\/\/www.hydraulic-cylinders.net\/wp-content\/uploads\/2025\/01\/songte-chushion-collar.webp\" alt=\"Bilde av b\u00f8ttesylinder\"><\/p>\n<h2>Sikkerhetshensyn og milj\u00f8faktorer<\/h2>\n<p>Skuffesylindere b\u00f8r brukes med sikkerhet i tankene. Sikkerhetsforanstaltninger som trykkavlastningsventiler og bruddskiver b\u00f8r brukes for \u00e5 forhindre overbelastning og utilsiktet skade. <\/p>\n<h2>Feils\u00f8king og vanlige problemer<\/h2>\n<p>Noen vanlige problemer som kan oppst\u00e5 med b\u00f8ttesylindere inkluderer v\u00e6skelekkasjer, sylinderdrift og redusert effekt. For \u00e5 diagnostisere og l\u00f8se disse problemene er det viktig \u00e5 inspisere og vedlikeholde sylinderen ordentlig.<\/p>\n<h2>Om selskapet v\u00e5rt<\/h2>\n<p>Vi er en produsent av hydrauliske sylindere for utskifting. V\u00e5rt firma tilbyr et bredt spekter av produkter og har blitt en av de ledende produsentene og grossistene av hydrauliske sylindere i innenlandske og internasjonale markeder. Vi f\u00f8lger prinsippet om utmerket kvalitet og er avhengige av den industrialiserte produksjonsstrategien til et sofistikert produksjonsverksted. Vi forbedrer kontinuerlig v\u00e5r produksjonsplattform, forfiner v\u00e5re produksjonsruter for produktkvalitet og har sterke kreative evner. Vi m\u00f8ter de ulike behovene til v\u00e5re kunder med h\u00f8y effektivitet, h\u00f8y presisjon og h\u00f8y kvalitet. <\/p>\n<p><img decoding=\"async\" src=\"https:\/\/hzpt.com\/wp-content\/uploads\/2024\/11\/songte-company-1.webp\" alt=\"Bilde av b\u00f8ttesylinder\"><\/p>\n<h3>Profesjonalitet<\/h3>\n<p>V\u00e5rt team best\u00e5r av erfarne fagfolk som er opptatt av \u00e5 tilby produkter og tjenester av h\u00f8yeste kvalitet til v\u00e5re kunder. <\/p>\n<h3>Internasjonal sertifisering<\/h3>\n<p>Produktene v\u00e5re er sertifisert i henhold til internasjonale standarder som ISO, CE og RoHS, noe som sikrer at de oppfyller de h\u00f8yeste kvalitets- og sikkerhetsstandardene. <\/p>\n<h3>Tilpasningstjenester<\/h3>\n<p>Vi tilbyr tilpassede hydrauliske sylindere i henhold til v\u00e5re kunders spesifikke behov og krav.<\/p>\n<h3>Produksjonsutstyr<\/h3>\n<p>V\u00e5rt firma bruker digitalt, avansert produksjonsutstyr og profesjonelle testsystemer for \u00e5 sikre at produktene v\u00e5re oppfyller strenge kvalitetskontrollstandarder.<\/p>\n<h3>Ettersalgstjenester<\/h3>\n<p>Vi tilbyr kundene omfattende ettersalgsservice, inkludert reparasjons- og vedlikeholdstjenester, reservedeler og ombyggingstjenester, samt teknisk st\u00f8tte og feils\u00f8king. <\/p>\n<p>Forfatter: lyl<\/p>\n<p><img decoding=\"async\" src=\"https:\/\/www.hydraulic-cylinders.net\/wp-content\/uploads\/2025\/01\/songte-bushings-with-all-kinds-of-excavator-models.webp\" alt=\"Bilde av b\u00f8ttesylinder\"><\/p>","protected":false},"excerpt":{"rendered":"<p>Bucket Cylinder For Sany Middle Excavator SY225C-9 Introduction to Bucket Cylinder Definition A bucket cylinder is a specialized hydraulic cylinder designed to control the movement of buckets in heavy machinery such as excavators, backhoe loaders and front-end loaders. Its main function is to enable the bucket to lift, lower and tilt, making it easier to [&hellip;]<\/p>","protected":false},"featured_media":14782,"comment_status":"open","ping_status":"closed","template":"","meta":{"_et_pb_use_builder":"","_et_pb_old_content":"","_et_gb_content_width":""},"product_brand":[],"product_cat":[1494],"product_tag":[1495,1496],"class_list":{"0":"post-15437","1":"product","2":"type-product","3":"status-publish","4":"has-post-thumbnail","6":"product_cat-bucket-cylinders","7":"product_tag-bucket-cylinders","8":"product_tag-hydraulic-cylinders","10":"first","11":"instock","12":"shipping-taxable","13":"product-type-simple"},"amp_enabled":true,"_links":{"self":[{"href":"https:\/\/www.hydraulic-cylinders.net\/nb\/wp-json\/wp\/v2\/product\/15437","targetHints":{"allow":["GET"]}}],"collection":[{"href":"https:\/\/www.hydraulic-cylinders.net\/nb\/wp-json\/wp\/v2\/product"}],"about":[{"href":"https:\/\/www.hydraulic-cylinders.net\/nb\/wp-json\/wp\/v2\/types\/product"}],"replies":[{"embeddable":true,"href":"https:\/\/www.hydraulic-cylinders.net\/nb\/wp-json\/wp\/v2\/comments?post=15437"}],"wp:featuredmedia":[{"embeddable":true,"href":"https:\/\/www.hydraulic-cylinders.net\/nb\/wp-json\/wp\/v2\/media\/14782"}],"wp:attachment":[{"href":"https:\/\/www.hydraulic-cylinders.net\/nb\/wp-json\/wp\/v2\/media?parent=15437"}],"wp:term":[{"taxonomy":"product_brand","embeddable":true,"href":"https:\/\/www.hydraulic-cylinders.net\/nb\/wp-json\/wp\/v2\/product_brand?post=15437"},{"taxonomy":"product_cat","embeddable":true,"href":"https:\/\/www.hydraulic-cylinders.net\/nb\/wp-json\/wp\/v2\/product_cat?post=15437"},{"taxonomy":"product_tag","embeddable":true,"href":"https:\/\/www.hydraulic-cylinders.net\/nb\/wp-json\/wp\/v2\/product_tag?post=15437"}],"curies":[{"name":"wp","href":"https:\/\/api.w.org\/{rel}","templated":true}]}}