{"id":15468,"date":"2025-01-19T14:34:05","date_gmt":"2025-01-19T14:34:05","guid":{"rendered":"https:\/\/www.hydraulic-cylinders.net\/product\/bucket-cylinder-for-xcmg-middle-excavator-xe200c\/"},"modified":"2025-01-19T14:34:07","modified_gmt":"2025-01-19T14:34:07","slug":"bucket-cylinder-for-xcmg-middle-excavator-xe200c","status":"publish","type":"product","link":"https:\/\/www.hydraulic-cylinders.net\/nb\/produkt\/bucket-cylinder-for-xcmg-middle-excavator-xe200c\/","title":{"rendered":"B\u00f8ttesylinder for XCMG mellomgraver XE200C"},"content":{"rendered":"<h1>B\u00f8ttesylinder for XCMG mellomgraver XE200C<\/h1>\n<h2>Introduksjon<\/h2>\n<p>Skuffesylinderen til XCMG mellomgraver XE200C er en type spesialisert hydraulisk sylinder som hovedsakelig brukes til \u00e5 kontrollere bevegelsen til spader i tunge maskiner som gravemaskiner, traktorgravere og frontlastere. Hovedfunksjonen er \u00e5 gj\u00f8re det mulig for spaden \u00e5 l\u00f8fte, senke og vippe, noe som gj\u00f8r det enklere \u00e5 h\u00e5ndtere ulike materialh\u00e5ndteringsoppgaver. I det hydrauliske systemet oppn\u00e5r skuffesylinderen presis kontroll over spadens bevegelse gjennom endringer i hydraulikkoljetrykket, slik at operat\u00f8rer kan h\u00e5ndtere tunge laster effektivt og tilpasse seg komplekse arbeidsmilj\u00f8er og ulike driftskrav.<\/p>\n<p><img decoding=\"async\" src=\"https:\/\/www.hydraulic-cylinders.net\/wp-content\/uploads\/2025\/01\/songte-company-2.webp\" alt=\"Bilde av b\u00f8ttesylinder\"><\/p>\n<h2>Funksjoner<\/h2>\n<ul>\n<li>H\u00f8y styrke og holdbarhet \u2013 Vanligvis laget av h\u00f8yfast st\u00e5l eller aluminium, i stand til \u00e5 t\u00e5le h\u00f8yt trykk og tunge belastninger, og designet med tanke p\u00e5 slitestyrke og korrosjonsmotstand for \u00e5 forlenge levetiden.<\/li>\n<li>Effektiv hydraulisk drift \u2013 Bruker hydraulisk oljetrykk for \u00e5 oppn\u00e5 jevne forlengelses- og sammentrekningsbevegelser, er i stand til \u00e5 reagere raskt p\u00e5 kontrollkommandoer, gir kraftige skyve- og trekkekrefter, og er egnet for h\u00e5ndtering av tunge belastninger og komplekse driftsoppgaver.<\/li>\n<li>Ulike typer \u2013 Kan velge enkeltvirkende (hydraulisk brukt i kun \u00e9n retning) eller dobbeltvirkende (hydraulisk brukt i begge retninger) sylindere i henhold til krav for \u00e5 m\u00f8te ulike driftsbehov. Noen modeller er teleskopiske, noe som gir st\u00f8rre utvidelse uten \u00e5 \u00f8ke de ytre dimensjonene og er egnet for applikasjoner med begrenset plass.<\/li>\n<li>Perfekt erstatning \u2013 Produktet v\u00e5rt kan erstatte andre hydrauliske sylindere perfekt.<\/li>\n<\/ul>\n<p><img decoding=\"async\" src=\"https:\/\/www.hydraulic-cylinders.net\/wp-content\/uploads\/2025\/01\/songte-cylinder-head-with-all-kinds-excavator-models.webp\" alt=\"Bilde av utskifting av b\u00f8ttesylinder\"><\/p>\n<h2>Bruksomr\u00e5der<\/h2>\n<h3>Anleggsutstyr<\/h3>\n<p>I gravemaskiner er de viktige for graving, lasting og flytting av jord eller rusk. I gravemaskiner hjelper sylindere med b\u00e5de graving og l\u00f8fting. I frontlastere hjelper de med \u00e5 l\u00f8fte og tilte last effektivt.<\/p>\n<h3>Landbruksmaskiner<\/h3>\n<p>Brukes til frontlastere, m\u00e5king, l\u00f8fting og transport av jord, h\u00f8y og andre materialer. I gravemaskiner oppn\u00e5r skuffesylindere gravefunksjon ved \u00e5 la spaden trenge ned i jorden. I frontlastere hjelper de med \u00e5 l\u00f8fte og dumpe varer.<\/p>\n<p><img decoding=\"async\" src=\"https:\/\/www.hydraulic-cylinders.net\/wp-content\/uploads\/2025\/01\/songte-chushion-collar.webp\" alt=\"Bilde av b\u00f8ttesylinderapplikasjoner\"><\/p>\n<h2>Produktdesign og utvalgskriterier<\/h2>\n<ul>\n<li>B\u00e6reevne \u2013 H\u00f8y b\u00e6reevne for \u00e5 t\u00e5le tunge belastninger.<\/li>\n<li>Tetting \u2013 Passende tetting av sylinderen for \u00e5 forhindre lekkasje av hydraulikkolje.<\/li>\n<li>Holdbarhet \u2013 Lang levetid og motstand mot slitasje og korrosjon.<\/li>\n<li>Sikkerhet \u2013 Sikker drift og beskyttelse mot skader for\u00e5rsaket av eksterne faktorer.<\/li>\n<li>Vedlikeholdsvennlighet \u2013 Enkelt vedlikehold og reparasjon av sylinderen.<\/li>\n<\/ul>\n<p><img decoding=\"async\" src=\"https:\/\/www.hydraulic-cylinders.net\/wp-content\/uploads\/2025\/01\/songte-oil-pipes-and-spare-parts.webp\" alt=\"Bilde av design av b\u00f8ttesylinder\"><\/p>\n<h2>Tetting og sm\u00f8ring av produktet<\/h2>\n<p>B\u00f8ttesylinderen bruker forskjellige tetningskomponenter som stempeltetninger og stangtetninger laget av slitesterke materialer som polyuretan og nitrilgummi. Sylinderhuset og den gjengede endeflaten er fint bearbeidet for \u00e5 forbedre slitestyrken. Tilsett regelmessig en passende mengde hydraulisk olje for sm\u00f8ring.<\/p>\n<h2>Regelmessig inspeksjon og forebyggende vedlikeholdstiltak<\/h2>\n<ul>\n<li>Regelmessig inspeksjon \u2013 Inspiser og vedlikehold sylinderen regelmessig for \u00e5 sikre at den fungerer som den skal.<\/li>\n<li>Sm\u00f8ring \u2013 Passende sm\u00f8ring for \u00e5 unng\u00e5 skader p\u00e5 grunn av friksjon mellom bevegelige deler.<\/li>\n<li>Utskifting av tetninger \u2013 Regelmessig utskifting av tetninger for \u00e5 forhindre lekkasje av hydraulikkolje.<\/li>\n<li>Kalibreringssjekk \u2013 Regelmessig kalibreringssjekk for \u00e5 sikre n\u00f8yaktighet i sylinderdriften.<\/li>\n<\/ul>\n<p><img decoding=\"async\" src=\"https:\/\/www.hydraulic-cylinders.net\/wp-content\/uploads\/2025\/01\/songte-bushings-with-all-kinds-of-excavator-models.webp\" alt=\"Bilde av vedlikehold av b\u00f8ttesylinder\"><\/p>\n<h2>Sikkerhetshensyn og milj\u00f8faktorer<\/h2>\n<p>N\u00e5r du bruker b\u00f8ttesylinderen, er det viktig \u00e5 f\u00f8lge sikkerhetstiltakene. For eksempel, s\u00f8rg for at alle hydrauliske og elektriske tilkoblinger er sikre. Vurder ogs\u00e5 milj\u00f8faktorer som temperatur og fuktighet.<\/p>\n<h2>Feils\u00f8king og vanlige problemer<\/h2>\n<ul>\n<li>Treg drift \u2013 Sjekk for utilstrekkelig hydraulikkolje eller skitne filtre.<\/li>\n<li>Lekkasje \u2013 Unders\u00f8k pakningene og skift dem ut om n\u00f8dvendig.<\/li>\n<li>St\u00f8yende drift \u2013 Inspiser sylinderen for skadede eller slitte komponenter.<\/li>\n<\/ul>\n<h2>Introduksjon til selskapet<\/h2>\n<p>Vi er en produsent av hydrauliske sylindere og en av de ledende produksjons- og grossistdistribut\u00f8rene av hydrauliske sylindere i det innenlandske og internasjonale markedet. Vi f\u00f8lger h\u00f8y kvalitet og bruker industrialiserte produksjonsstyringsstrategier i v\u00e5re sofistikerte produksjonsverksteder. Vi forbedrer kontinuerlig v\u00e5r produksjonsplattform, perfeksjonerer v\u00e5r produksjonslinje med god produktkvalitet og har sterk produksjonsevne. Vi tar sikte p\u00e5 \u00e5 tilfredsstille kundenes ulike behov med prinsippene om h\u00f8y effektivitet, h\u00f8y presisjon og h\u00f8y kvalitet.<\/p>\n<p><img decoding=\"async\" src=\"https:\/\/hzpt.com\/wp-content\/uploads\/2024\/11\/songte-company-1.webp\" alt=\"Bilde av b\u00f8ttesylinderfirmaet\"><\/p>\n<h3>Profesjonalitet<\/h3>\n<p>Vi har et team av dyktige fagfolk med mange \u00e5rs praktisk erfaring i bransjen.<\/p>\n<h3>Internasjonal sertifisering<\/h3>\n<p>Produktene v\u00e5re har internasjonale sertifiseringer som blant annet CE, ISO9001 og SGS.<\/p>\n<h3>Tilpasset tjeneste<\/h3>\n<p>Vi tilbyr skreddersydde tjenester, inkludert design, produksjon, emballasje og frakt, for \u00e5 m\u00f8te kundens spesifikke behov.<\/p>\n<h3>Produksjonsutstyr<\/h3>\n<p>Vi bruker avansert produksjonsutstyr som blant annet CNC-maskineringssentre, automatiske sveisemaskiner og testbenker for hydrauliske sylindere.<\/p>\n<h3>Ettersalgsservice<\/h3>\n<p>Vi tilbyr ettersalgstjenester som vedlikehold, reparasjon og utskifting av deler samt ombygging av hydrauliske sylindere for \u00e5 forbedre levetiden.<\/p>\n<p>Forfatter: lyl<\/p>","protected":false},"excerpt":{"rendered":"<p>Bucket Cylinder For XCMG Middle Excavator XE200C Introduction The bucket cylinder for XCMG middle excavator XE200C is a type of specialized hydraulic cylinder mainly used for controlling the movement of shovels in heavy machinery such as excavators, backhoe excavators, and front-end loaders. Its primary function is to enable the shovel to lift, lower, and tilt, [&hellip;]<\/p>","protected":false},"featured_media":14780,"comment_status":"open","ping_status":"closed","template":"","meta":{"_et_pb_use_builder":"","_et_pb_old_content":"","_et_gb_content_width":""},"product_brand":[],"product_cat":[1494],"product_tag":[1495,1496],"class_list":{"0":"post-15468","1":"product","2":"type-product","3":"status-publish","4":"has-post-thumbnail","6":"product_cat-bucket-cylinders","7":"product_tag-bucket-cylinders","8":"product_tag-hydraulic-cylinders","10":"first","11":"instock","12":"shipping-taxable","13":"product-type-simple"},"amp_enabled":true,"_links":{"self":[{"href":"https:\/\/www.hydraulic-cylinders.net\/nb\/wp-json\/wp\/v2\/product\/15468","targetHints":{"allow":["GET"]}}],"collection":[{"href":"https:\/\/www.hydraulic-cylinders.net\/nb\/wp-json\/wp\/v2\/product"}],"about":[{"href":"https:\/\/www.hydraulic-cylinders.net\/nb\/wp-json\/wp\/v2\/types\/product"}],"replies":[{"embeddable":true,"href":"https:\/\/www.hydraulic-cylinders.net\/nb\/wp-json\/wp\/v2\/comments?post=15468"}],"wp:featuredmedia":[{"embeddable":true,"href":"https:\/\/www.hydraulic-cylinders.net\/nb\/wp-json\/wp\/v2\/media\/14780"}],"wp:attachment":[{"href":"https:\/\/www.hydraulic-cylinders.net\/nb\/wp-json\/wp\/v2\/media?parent=15468"}],"wp:term":[{"taxonomy":"product_brand","embeddable":true,"href":"https:\/\/www.hydraulic-cylinders.net\/nb\/wp-json\/wp\/v2\/product_brand?post=15468"},{"taxonomy":"product_cat","embeddable":true,"href":"https:\/\/www.hydraulic-cylinders.net\/nb\/wp-json\/wp\/v2\/product_cat?post=15468"},{"taxonomy":"product_tag","embeddable":true,"href":"https:\/\/www.hydraulic-cylinders.net\/nb\/wp-json\/wp\/v2\/product_tag?post=15468"}],"curies":[{"name":"wp","href":"https:\/\/api.w.org\/{rel}","templated":true}]}}