{"id":1547,"date":"2023-09-28T08:19:40","date_gmt":"2023-09-28T08:19:40","guid":{"rendered":"https:\/\/hydraulic-cylinders.net\/?post_type=product&#038;p=1547"},"modified":"2025-04-15T05:44:38","modified_gmt":"2025-04-15T05:44:38","slug":"mobile-crane-luffing-cylinder","status":"publish","type":"product","link":"https:\/\/www.hydraulic-cylinders.net\/nb\/produkt\/mobile-crane-luffing-cylinder\/","title":{"rendered":"Mobilkrans l\u00f8ftesylinder"},"content":{"rendered":"<h1 style=\"text-align: center;\"><strong>Mobilkrans l\u00f8ftesylinder<\/strong><\/h1>\n<p><img loading=\"lazy\" decoding=\"async\" class=\"aligncenter wp-image-1548\" src=\"https:\/\/hydraulic-cylinders.net\/wp-content\/uploads\/2023\/09\/luffing-cylinder-1-2-300x300.webp\" alt=\"\" width=\"400\" height=\"400\" \/><\/p>\n<p>Mobilkranens l\u00f8ftesylinder er viktig i mobile kransystemer og er utviklet for \u00e5 forbedre disse kraftige maskinenes vertikale rekkevidde og l\u00f8fteeffektivitet. Denne hydrauliske sylinderen spiller en avgj\u00f8rende rolle i \u00e5 justere vinkelen p\u00e5 kranens bom, slik at operat\u00f8rer kan forlenge eller trekke inn bommen jevnt og presist.<\/p>\n<p>Mobilkranens l\u00f8ftesylinder er viktig for \u00e5 forbedre den vertikale rekkevidden, l\u00f8fteeffektiviteten og den generelle ytelsen til mobilkraner. Med sin robuste konstruksjon, presise vinkeljustering, utvidede vertikale plass og forbedrede l\u00f8ftekapasitet, gir denne hydrauliske sylinderen operat\u00f8rer muligheten til \u00e5 navigere p\u00e5 utfordrende byggeplasser og i industrimilj\u00f8er med letthet og sikkerhet. Ved \u00e5 f\u00f8lge de anbefalte bruksmetodene og vedlikeholdspraksisene kan operat\u00f8rer maksimere levetiden og ytelsen til mobilkranens l\u00f8ftesylinder, noe som bidrar til \u00f8kt produktivitet, effektivitet og operat\u00f8rens trygghet ved utf\u00f8relse av ulike l\u00f8fteoppgaver. Invester i denne viktige hydrauliske komponenten for \u00e5 \u00f8ke mobilkranens kapasitet og sikre vellykket og effektiv drift i ulike bygg- og industriapplikasjoner.<\/p>\n<p>Viktige egenskaper for l\u00f8ftesylinder for mobilkran:<\/p>\n<ol>\n<li>Robust konstruksjon:<\/li>\n<\/ol>\n<ul>\n<li>Mobilkranens l\u00f8ftesylinder er bygget med materialer av h\u00f8y kvalitet, noe som sikrer holdbarhet, styrke og motstand mot tunge belastninger og t\u00f8ffe milj\u00f8forhold.<\/li>\n<li>Den er konstruert for \u00e5 t\u00e5le p\u00e5kjenningene p\u00e5 krevende byggeplasser og opprettholde optimal ytelse over lengre perioder.<\/li>\n<\/ul>\n<ol start=\"2\">\n<li>Presis vinkeljustering:<\/li>\n<\/ol>\n<ul>\n<li>Denne hydrauliske sylinderen muliggj\u00f8r presis vinkeljustering av kranens bom, noe som gir operat\u00f8rene fin kontroll over vertikal rekkevidde og posisjonering.<\/li>\n<li>Den tilbyr jevn og responsiv bevegelse, noe som muliggj\u00f8r n\u00f8yaktig plassering av last og minimerer risikoen for kollisjoner eller ulykker.<\/li>\n<\/ul>\n<ol start=\"3\">\n<li>Utvidet vertikal rekkevidde:<\/li>\n<\/ol>\n<ul>\n<li>Mobilkranens l\u00f8ftesylinder forlenger kranens vertikale rekkevidde ved \u00e5 justere bommens vinkel.<\/li>\n<li>Det forbedrer kranens fleksibilitet ved tilgang til forh\u00f8yede arbeidsomr\u00e5der, som h\u00f8yhus eller industrianlegg.<\/li>\n<\/ul>\n<ol start=\"4\">\n<li>L\u00f8fteeffektivitet:<\/li>\n<\/ol>\n<ul>\n<li>Ved \u00e5 optimalisere bommens vinkel forbedrer luffesylinderen l\u00f8fteeffektiviteten til mobilkranen.<\/li>\n<li>Det gir bedre lastfordeling, reduserer belastningen p\u00e5 kranens komponenter og forbedrer den totale l\u00f8ftekapasiteten.<\/li>\n<\/ul>\n<h2><strong>Parameter for l\u00f8ftesylinder for mobilkran:<\/strong><\/h2>\n<table border=\"1\" cellspacing=\"0\" cellpadding=\"0\">\n<tbody>\n<tr>\n<td>Produktnavn<\/td>\n<td>Mobilkrans l\u00f8ftesylinder<\/td>\n<\/tr>\n<tr>\n<td>Funksjoner:<\/td>\n<td>\u00c5 innse at bommens opp-og-ned-rotasjon er den viktigste drivkraften for l\u00f8fting<\/td>\n<\/tr>\n<tr>\n<td>Borediameter:<\/td>\n<td>100 mm \uff5e560 mm<\/td>\n<\/tr>\n<tr>\n<td>Stangdiameter:<\/td>\n<td>50 mm \uff5e480 mm<br \/>\nSlaglengde \u22645000 mm<\/td>\n<\/tr>\n<tr>\n<td>Trykk:<\/td>\n<td>Maksimum 36 MPa<\/td>\n<\/tr>\n<tr>\n<td>Bruksomr\u00e5der for luffende sylindere:<\/td>\n<td>Mobilkran<\/td>\n<\/tr>\n<\/tbody>\n<\/table>\n<h2><strong>Identifikasjonsdiagram for mobilkran:<\/strong><\/h2>\n<p><img loading=\"lazy\" decoding=\"async\" class=\"alignnone wp-image-1551 size-full\" src=\"https:\/\/hydraulic-cylinders.net\/wp-content\/uploads\/2023\/09\/mobile-crane-cylinder-construction-1.webp\" alt=\"\" width=\"1418\" height=\"946\" srcset=\"https:\/\/hydraulic-cylinders.net\/wp-content\/uploads\/2023\/09\/mobile-crane-cylinder-construction-1.webp 1418w, https:\/\/hydraulic-cylinders.net\/wp-content\/uploads\/2023\/09\/mobile-crane-cylinder-construction-1-1280x854.webp 1280w, https:\/\/hydraulic-cylinders.net\/wp-content\/uploads\/2023\/09\/mobile-crane-cylinder-construction-1-980x654.webp 980w, https:\/\/hydraulic-cylinders.net\/wp-content\/uploads\/2023\/09\/mobile-crane-cylinder-construction-1-480x320.webp 480w\" sizes=\"(min-width: 0px) and (max-width: 480px) 480px, (min-width: 481px) and (max-width: 980px) 980px, (min-width: 981px) and (max-width: 1280px) 1280px, (min-width: 1281px) 1418px, 100vw\" \/><\/p>\n<h2><strong>Bruksmetode for mobilkranens luffesylinder<\/strong><strong>:<\/strong><\/h2>\n<ol>\n<li><strong>Sikkerhetsregler:<\/strong><\/li>\n<\/ol>\n<ul>\n<li>F\u00f8r du bruker mobilkranen, m\u00e5 du s\u00f8rge for at alle sikkerhetsretningslinjer og forskrifter f\u00f8lges.<\/li>\n<li>Utf\u00f8r en grundig inspeksjon av kranen og dens komponenter, inkludert luffesylinderen, for \u00e5 sikre at de er i riktig stand.<\/li>\n<\/ul>\n<ol start=\"2\">\n<li><strong>Bli kjent med kontrollene:<\/strong><\/li>\n<\/ol>\n<ul>\n<li>Forst\u00e5 kontrollmekanismene og driftsprosedyrene som er spesifikke for din mobilkranmodell.<\/li>\n<li>Identifiser kontrollen for justering av luffingsvinkelen og s\u00f8rg for at den fungerer som den skal.<\/li>\n<\/ul>\n<ol start=\"3\">\n<li><strong>Justering av lufningsvinkel:<\/strong><\/li>\n<\/ol>\n<ul>\n<li>Aktiver kontrollen for luffesylinderen, som vanligvis er plassert i f\u00f8rerhuset.<\/li>\n<li>Bruk kontrollen til \u00e5 forlenge eller trekke inn bommen, og juster l\u00f8ftevinkelen etter behov for l\u00f8fteoperasjonen.<\/li>\n<li>F\u00f8lg lasttabellene og produsentens retningslinjer for passende luffingvinkler basert p\u00e5 lastens vekt og radius.<\/li>\n<\/ul>\n<ol start=\"4\">\n<li><strong>Lastplassering og overv\u00e5king:<\/strong><\/li>\n<\/ol>\n<ul>\n<li>N\u00e5r \u00f8nsket luffingsvinkel er oppn\u00e5dd, plasser lasten forsiktig ved hjelp av kranens andre kontroller, som heise- og svingmekanismene.<\/li>\n<li>Overv\u00e5k lasten kontinuerlig og juster l\u00f8ftevinkelen for \u00e5 opprettholde stabilitet og sikkerhet under l\u00f8fteoperasjonen.<\/li>\n<\/ul>\n<h2><strong>Hvordan frigj\u00f8re trykket p\u00e5 det hydrauliske systemet?<\/strong><\/h2>\n<p>\u00c5 frigj\u00f8re trykk fra et hydraulisk system er en n\u00f8dvendig sikkerhetsprosedyre som b\u00f8r f\u00f8lges n\u00e5r vedlikeholds- eller reparasjonsarbeid utf\u00f8res. Her er de generelle trinnene for \u00e5 frigj\u00f8re trykk fra et hydraulisk system:<\/p>\n<ol>\n<li><strong>Identifiser str\u00f8mkilden:<\/strong>\n<ul>\n<li>Bestem str\u00f8mkilden som forsyner det hydrauliske systemet med trykk, for eksempel en elektrisk motor, en motordrevet pumpe eller en manuell pumpe.<\/li>\n<li>Finn str\u00f8mbryteren eller kontrollventilen som er knyttet til str\u00f8mkilden.<\/li>\n<\/ul>\n<\/li>\n<li><strong>Sl\u00e5 av str\u00f8mkilden:<\/strong>\n<ul>\n<li>Sl\u00e5 av str\u00f8mbryteren eller kontrollventilen for \u00e5 stoppe str\u00f8mkilden fra \u00e5 forsyne hydraulikksystemet med trykk.<\/li>\n<li>Hvis en motor driver det hydrauliske systemet, m\u00e5 du sl\u00e5 av motoren helt.<\/li>\n<\/ul>\n<\/li>\n<li><strong>Aktiver systemkontrollene:<\/strong>\n<ul>\n<li>Betjen kontrollventilene eller bryterne p\u00e5 det hydrauliske systemet for \u00e5 flytte aktuatorer eller komponenter til n\u00f8ytral- eller hvileposisjon.<\/li>\n<li>Dette trinnet bidrar til \u00e5 avlaste gjenv\u00e6rende trykk og lar hydraulikkv\u00e6sken str\u00f8mme tilbake til reservoaret.<\/li>\n<\/ul>\n<\/li>\n<li><strong>Slipp trykket ved pumpen:<\/strong>\n<ul>\n<li>Hvis det hydrauliske systemet har en pumpe med en trykkavlastningsventil, finn ventilen.<\/li>\n<li>Vri trykkavlastningsventilen mot klokken (eller som angitt av produsenten) for \u00e5 slippe ut trykket gradvis.<\/li>\n<li>Hvis tilgjengelig, sjekk systemets trykkm\u00e5ler for \u00e5 sikre at trykket er avlastet.<\/li>\n<\/ul>\n<\/li>\n<li><strong>Luft ut systemet:<\/strong>\n<ul>\n<li>Noen hydrauliske systemer kan ha luft fanget i systemet, noe som kan for\u00e5rsake trykkoppbygging.<\/li>\n<li>For \u00e5 slippe ut luft, \u00e5pne lufteventilene eller l\u00f8sne beslagene strategisk for \u00e5 la luften slippe ut.<\/li>\n<li>Start fra de laveste punktene i systemet og arbeid deg oppover til de h\u00f8yeste punktene.<\/li>\n<li>Fortsett \u00e5 lufte systemet til det observeres en jevn str\u00f8m av hydraulisk v\u00e6ske uten luftbobler.<\/li>\n<\/ul>\n<\/li>\n<li><strong>Bekreft trykkavlastning:<\/strong>\n<ul>\n<li>Sjekk trykkm\u00e5leren, hvis tilgjengelig, for \u00e5 sikre at trykket er helt utl\u00f8st.<\/li>\n<li>Dobbeltsjekk systemkontrollene for \u00e5 sikre at alle aktuatorer og komponenter er i n\u00f8ytral stilling eller i hvilestilling.<\/li>\n<\/ul>\n<\/li>\n<\/ol>\n<h2><strong>Fabrikkens kapasitet og kapasitet:<\/strong><\/h2>\n<h3>(1) Montering<\/h3>\n<p>Vi har en f\u00f8rsteklasses uavhengig forsknings- og utviklingsplattform for montering. Verkstedet for produksjon av hydrauliske sylindere har fire halvautomatiske monteringslinjer for l\u00f8ftesylindere og \u00e9n automatisk monteringslinje for vippesylindere, med en \u00e5rlig produksjonskapasitet p\u00e5 1 million enheter. Spesialsylinderverkstedet er utstyrt med ulike spesifikasjoner for et halvautomatisk rengj\u00f8ringsmonteringssystem med en \u00e5rlig produksjonskapasitet p\u00e5 200 000 enheter, og er utstyrt med kjent CNC-maskineringsutstyr, et maskineringssenter, spesialutstyr for h\u00f8ypresisjons sylinderbehandling, en robotsveisemaskin, en automatisk rengj\u00f8ringsmaskin, en automatisk sylindermonteringsmaskin og en automatisk produksjonslinje for lakkering. Vi har mer enn 300 sett (sett) av kritisk utstyr. Optimal allokering og effektiv bruk av utstyrsressurser sikrer n\u00f8yaktighetskravene til produktene og oppfyller produktenes h\u00f8ye kvalitetsbehov.<\/p>\n<p><img loading=\"lazy\" decoding=\"async\" class=\"alignnone wp-image-626\" src=\"https:\/\/hydraulic-cylinders.net\/wp-content\/uploads\/2023\/08\/hydraulic-cylinder-product-1-300x158.webp\" alt=\"\" width=\"495\" height=\"260\" srcset=\"https:\/\/hydraulic-cylinders.net\/wp-content\/uploads\/2023\/08\/hydraulic-cylinder-product-1-300x158.webp 495w, https:\/\/hydraulic-cylinders.net\/wp-content\/uploads\/2023\/08\/hydraulic-cylinder-product-1-480x252.webp 480w\" sizes=\"(min-width: 0px) and (max-width: 480px) 480px, (min-width: 481px) 495px, 100vw\" \/> <img loading=\"lazy\" decoding=\"async\" class=\"alignnone wp-image-627\" src=\"https:\/\/hydraulic-cylinders.net\/wp-content\/uploads\/2023\/08\/hydraulic-cylinder-product-2-300x189.webp\" alt=\"\" width=\"413\" height=\"260\" \/><\/p>\n<h3>(2) Maskinering<\/h3>\n<p>Maskineringsverkstedet er utstyrt med et spesialtilpasset dreiesenter for skr\u00e5 skinner, maskineringssenter, h\u00f8yhastighets honemaskin, sveiserobot og annet relatert utstyr, som kan h\u00e5ndtere bearbeiding av sylinderr\u00f8r med en maksimal indre diameter p\u00e5 400 mm og en maksimal lengde p\u00e5 6 meter.<\/p>\n<p><img loading=\"lazy\" decoding=\"async\" class=\"alignnone wp-image-628 size-large\" src=\"https:\/\/hydraulic-cylinders.net\/wp-content\/uploads\/2023\/08\/hydraulic-cylinder-product-3-1024x391.webp\" alt=\"\" width=\"1024\" height=\"391\" srcset=\"https:\/\/hydraulic-cylinders.net\/wp-content\/uploads\/2023\/08\/hydraulic-cylinder-product-3-980x374.webp 980w, https:\/\/hydraulic-cylinders.net\/wp-content\/uploads\/2023\/08\/hydraulic-cylinder-product-3-480x183.webp 480w\" sizes=\"(min-width: 0px) and (max-width: 480px) 480px, (min-width: 481px) and (max-width: 980px) 980px, (min-width: 981px) 1024px, 100vw\" \/><\/p>\n<h3>(3) Sveising<\/h3>\n<p><img loading=\"lazy\" decoding=\"async\" class=\"alignnone wp-image-629 size-large\" src=\"https:\/\/hydraulic-cylinders.net\/wp-content\/uploads\/2023\/08\/hydraulic-cylinder-product-4-1024x510.webp\" alt=\"\" width=\"1024\" height=\"510\" srcset=\"https:\/\/hydraulic-cylinders.net\/wp-content\/uploads\/2023\/08\/hydraulic-cylinder-product-4-980x488.webp 980w, https:\/\/hydraulic-cylinders.net\/wp-content\/uploads\/2023\/08\/hydraulic-cylinder-product-4-480x239.webp 480w\" sizes=\"(min-width: 0px) and (max-width: 480px) 480px, (min-width: 481px) and (max-width: 980px) 980px, (min-width: 981px) 1024px, 100vw\" \/><\/p>\n<h3>(4) Maling og belegg<\/h3>\n<p>Med sm\u00e5 og mellomstore sylinderautomatiske vannbaserte malingsbeleggslinjer, for \u00e5 oppn\u00e5 automatisk robotlasting og -lossing og automatisk spr\u00f8yting, er den designede kapasiteten 4000 stykker per skift;<br \/>\nVi har ogs\u00e5 en halvautomatisk produksjonslinje for maling for store sylindere drevet av en kabelkjede, med en designkapasitet p\u00e5 60 kasser per skift.<\/p>\n<p><img loading=\"lazy\" decoding=\"async\" class=\"alignnone wp-image-630\" src=\"https:\/\/hydraulic-cylinders.net\/wp-content\/uploads\/2023\/08\/hydraulic-cylinder-product-5-300x213.webp\" alt=\"\" width=\"366\" height=\"260\" \/> <img loading=\"lazy\" decoding=\"async\" class=\"alignnone wp-image-631\" src=\"https:\/\/hydraulic-cylinders.net\/wp-content\/uploads\/2023\/08\/hydraulic-cylinder-product-6-300x225.webp\" alt=\"\" width=\"347\" height=\"260\" \/><\/p>\n<h3>(5) Testing<\/h3>\n<p>Vi har f\u00f8rsteklasses inspeksjonsfasiliteter og testbenker for \u00e5 sikre at sylinderens ytelse oppfyller kravene.<\/p>\n<p><img loading=\"lazy\" decoding=\"async\" class=\"alignnone wp-image-632\" src=\"https:\/\/hydraulic-cylinders.net\/wp-content\/uploads\/2023\/08\/hydraulic-cylinder-product-8-300x200.webp\" alt=\"\" width=\"389\" height=\"260\" \/><\/p>\n<p>&nbsp;<\/p>\n<p>&nbsp;<\/p>\n<p>Vi er en av de beste produsentene av hydrauliske sylindere. Vi kan tilby et omfattende utvalg av hydrauliske sylindere. Vi tilbyr ogs\u00e5 tilsvarende <a href=\"https:\/\/hzpt.com\/agricultural-pto-gearbox\/\" target=\"_blank\" rel=\"noopener\">landbruksgirkasser<\/a>Vi har eksportert produktene v\u00e5re til kunder over hele verden og opparbeidet oss et godt rykte p\u00e5 grunn av v\u00e5r overlegne produktkvalitet og ettersalgsservice. Vi \u00f8nsker kunder i inn- og utland velkommen til \u00e5 kontakte oss for \u00e5 forhandle om forretninger, utveksle informasjon og <a href=\"https:\/\/www.hydraulic-cylinders.net\/nb\/contact-us\/\">samarbeide med oss<\/a>!<\/p>","protected":false},"excerpt":{"rendered":"<p>Mobile Crane Luffing Cylinder The mobile crane luffing cylinder is essential in mobile crane systems and is designed to enhance these powerful machines&#8217; vertical reach and lifting efficiency. This hydraulic cylinder plays a crucial role in adjusting the angle of the crane&#8217;s boom, allowing operators to extend or retract the boom smoothly and precisely. The [&hellip;]<\/p>","protected":false},"featured_media":1560,"comment_status":"open","ping_status":"closed","template":"","meta":{"_et_pb_use_builder":"","_et_pb_old_content":"","_et_gb_content_width":""},"product_brand":[],"product_cat":[1550,1514,1552],"product_tag":[1380],"class_list":{"0":"post-1547","1":"product","2":"type-product","3":"status-publish","4":"has-post-thumbnail","6":"product_cat-double-acting-hydraulic-cylinder","7":"product_cat-mobile-crane-hydraulic-cylinders","8":"product_cat-stainless-steel-hydraulic-cylinder","9":"product_tag-hydraulic-cylinder","11":"first","12":"instock","13":"shipping-taxable","14":"product-type-simple"},"amp_enabled":true,"_links":{"self":[{"href":"https:\/\/www.hydraulic-cylinders.net\/nb\/wp-json\/wp\/v2\/product\/1547","targetHints":{"allow":["GET"]}}],"collection":[{"href":"https:\/\/www.hydraulic-cylinders.net\/nb\/wp-json\/wp\/v2\/product"}],"about":[{"href":"https:\/\/www.hydraulic-cylinders.net\/nb\/wp-json\/wp\/v2\/types\/product"}],"replies":[{"embeddable":true,"href":"https:\/\/www.hydraulic-cylinders.net\/nb\/wp-json\/wp\/v2\/comments?post=1547"}],"wp:featuredmedia":[{"embeddable":true,"href":"https:\/\/www.hydraulic-cylinders.net\/nb\/wp-json\/wp\/v2\/media\/1560"}],"wp:attachment":[{"href":"https:\/\/www.hydraulic-cylinders.net\/nb\/wp-json\/wp\/v2\/media?parent=1547"}],"wp:term":[{"taxonomy":"product_brand","embeddable":true,"href":"https:\/\/www.hydraulic-cylinders.net\/nb\/wp-json\/wp\/v2\/product_brand?post=1547"},{"taxonomy":"product_cat","embeddable":true,"href":"https:\/\/www.hydraulic-cylinders.net\/nb\/wp-json\/wp\/v2\/product_cat?post=1547"},{"taxonomy":"product_tag","embeddable":true,"href":"https:\/\/www.hydraulic-cylinders.net\/nb\/wp-json\/wp\/v2\/product_tag?post=1547"}],"curies":[{"name":"wp","href":"https:\/\/api.w.org\/{rel}","templated":true}]}}