{"id":15470,"date":"2025-01-19T14:34:13","date_gmt":"2025-01-19T14:34:13","guid":{"rendered":"https:\/\/www.hydraulic-cylinders.net\/product\/bucket-cylinder-for-xcmg-middle-excavator-xe225ca\/"},"modified":"2025-01-19T14:34:15","modified_gmt":"2025-01-19T14:34:15","slug":"bucket-cylinder-for-xcmg-middle-excavator-xe225ca","status":"publish","type":"product","link":"https:\/\/www.hydraulic-cylinders.net\/nb\/produkt\/bucket-cylinder-for-xcmg-middle-excavator-xe225ca\/","title":{"rendered":"B\u00f8ttesylinder for XCMG mellomgraver XE225CA"},"content":{"rendered":"<h1>B\u00f8ttesylinder for XCMG mellomgraver XE225CA<\/h1>\n<h2>Introduksjon<\/h2>\n<p>En skuffesylinder er en spesialisert hydraulisk sylinder som er utformet for \u00e5 kontrollere bevegelsen til skuffer i tunge maskiner som gravemaskiner, traktorgravere og frontlastere. Hovedfunksjonen er \u00e5 gj\u00f8re det mulig for skuffen \u00e5 utf\u00f8re l\u00f8fte-, senke- og vippebevegelser, noe som gj\u00f8r det enklere \u00e5 h\u00e5ndtere forskjellige materialer. I det hydrauliske systemet oppn\u00e5r skuffesylinderen presis kontroll over skuffens bevegelse gjennom endringer i hydraulikkoljetrykket, slik at operat\u00f8rer kan h\u00e5ndtere tunge laster effektivt og tilpasse seg komplekse arbeidsmilj\u00f8er og ulike driftskrav.<\/p>\n<p><img decoding=\"async\" src=\"https:\/\/www.hydraulic-cylinders.net\/wp-content\/uploads\/2025\/01\/songte-company-2.webp\" \/><\/p>\n<h2>Funksjoner<\/h2>\n<ul>\n<li>H\u00f8y styrke og holdbarhet: Vanligvis laget av h\u00f8yfast st\u00e5l eller aluminium, t\u00e5ler h\u00f8yt trykk og tunge belastninger, er egnet for t\u00f8ffe arbeidsforhold og er designet med slitestyrke og korrosjonsbestandighet i tankene, noe som forlenger levetiden.<\/li>\n<li>Effektiv hydraulisk drift: Oppn\u00e5r jevn forlengelse av stempelstangen gjennom hydraulisk trykk, kan reagere raskt p\u00e5 kontrollkommandoer, gir kraftige skyve- og trekkekrefter, egnet for h\u00e5ndtering av tunge belastninger og komplekse driftsoppgaver.<\/li>\n<li>Ulike typer: Enkeltvirkende (ved bruk av hydraulisk trykk i kun \u00e9n retning) eller dobbeltvirkende (ved bruk av hydraulisk trykk i to retninger) sylindere kan velges i henhold til krav for \u00e5 m\u00f8te ulike driftsbehov. Noen modeller er teleskopiske, noe som gir st\u00f8rre forlengelse uten \u00e5 \u00f8ke de ytre m\u00e5lene, egnet for applikasjoner med begrenset plass.<\/li>\n<li>Enkel installasjon: Produktene v\u00e5re kan erstatte disse hydrauliske sylindrene perfekt.<\/li>\n<\/ul>\n<p><img decoding=\"async\" src=\"https:\/\/www.hydraulic-cylinders.net\/wp-content\/uploads\/2025\/01\/songte-cylinder-head-with-all-kinds-excavator-models.webp\" \/><\/p>\n<h2>Bruksomr\u00e5der<\/h2>\n<p>B\u00f8ttesylindere er mye brukt i forskjellige tunge maskiner, for eksempel:<\/p>\n<ul>\n<li>Anleggsutstyr: I gravemaskiner er de viktige for utgraving, lasting og flytting av jord eller rusk. I gravemaskiner hjelper skuffesylinderen med b\u00e5de utgraving og l\u00f8fting. <\/li>\n<li>Landbruksmaskiner: Brukes til frontlastere, for \u00e5 plukke opp, l\u00f8fte og transportere jord, h\u00f8y og andre materialer. <\/li>\n<li>Gravemaskiner: Skuffesylinderen muliggj\u00f8r gravefunksjon ved \u00e5 la skuffen trenge ned i bakken.<\/li>\n<li>Lastere: I frontlastere hjelper de med \u00e5 l\u00f8fte og tilte varer effektivt.<\/li>\n<\/ul>\n<h2>Designhensyn og utvalgskriterier<\/h2>\n<p>N\u00e5r det gjelder designhensyn og utvalgskriterier, m\u00e5 flere faktorer tas i betraktning:<\/p>\n<ul>\n<li>B\u00e6reevne: Sylinderen skal kunne t\u00e5le n\u00f8dvendig belastning og trykk.<\/li>\n<li>Tetting: Sylinderen m\u00e5 opprettholde en tett forsegling for \u00e5 forhindre lekkasje av hydraulisk v\u00e6ske.<\/li>\n<li>Holdbarhet: Sylinderen skal kunne t\u00e5le slitasje fra konstant bruk og eksponering for t\u00f8ffe milj\u00f8er.<\/li>\n<li>Sikkerhet: Sylinderen b\u00f8r v\u00e6re konstruert for \u00e5 forhindre ulykker og sikre operat\u00f8rens sikkerhet.<\/li>\n<li>Vedlikehold: Sylinderen skal v\u00e6re enkel \u00e5 vedlikeholde og reparere.<\/li>\n<\/ul>\n<p><img decoding=\"async\" src=\"https:\/\/www.hydraulic-cylinders.net\/wp-content\/uploads\/2025\/01\/songte-oil-pipes-and-spare-parts.webp\" \/><\/p>\n<h2>Tetting og sm\u00f8ring<\/h2>\n<p>Sylinderen bruker forskjellige tetningskomponenter, inkludert stempeltetninger, stangtetninger og viskertetninger, for \u00e5 opprettholde en tett forsegling. Disse tetningene er laget av slitesterke materialer som polyuretan og nitrilgummi og gjennomg\u00e5r presisjonsoverflatebehandling for \u00e5 forbedre slitestyrken. Sylinderen krever ogs\u00e5 regelmessig sm\u00f8ring med hydraulikkolje for \u00e5 sikre jevn drift og forhindre skader.<\/p>\n<h2>Vedlikehold og reparasjon<\/h2>\n<p>Regelmessig inspeksjon og forebyggende vedlikehold er avgj\u00f8rende for \u00e5 sikre sylinderens levetid og effektive ytelse. Typiske vedlikeholdsoppgaver inkluderer:<\/p>\n<ul>\n<li>Regelmessig inspeksjon av sylinderkomponenter for slitasje og skader, inkludert stempelpakninger, stangpakninger og vindusviskerpakninger. <\/li>\n<li>Regelmessig sm\u00f8ring av sylinderen med hydraulikkolje. <\/li>\n<li>Periodisk utskifting av tetningskomponenter og kalibreringskontroll. <\/li>\n<\/ul>\n<p>Riktig installasjon og justering av sylinderen, ved bruk av passende monteringsbraketter for \u00e5 feste sylinderen p\u00e5 plass, er avgj\u00f8rende for \u00e5 sikre optimal ytelse. Det anbefales \u00e5 f\u00f8lge de anbefalte inspeksjons-, reparasjons- og utskiftingsprosedyrene fra produsenten for \u00e5 forlenge sylinderens levetid.<\/p>\n<p><img decoding=\"async\" src=\"https:\/\/www.hydraulic-cylinders.net\/wp-content\/uploads\/2025\/01\/songte-chushion-collar.webp\" \/><\/p>\n<h2>Sikkerhets- og milj\u00f8hensyn<\/h2>\n<p>Riktig bruk av sikkerhetstiltak ved h\u00e5ndtering av tungt maskineri, som hydrauliske sylindere, er avgj\u00f8rende for \u00e5 forhindre ulykker og sikre f\u00f8rerens sikkerhet. Videre er riktig avhending av hydrauliske v\u00e6sker og andre materialer som brukes i sylinderen viktig for \u00e5 minimere milj\u00f8p\u00e5virkningen.<\/p>\n<h2>Diagnose og feils\u00f8king<\/h2>\n<p>Vanlige problemer med hydrauliske sylindere inkluderer lekkasjer, sylinderavdrift og uregelmessig drift. Riktig diagnose og feils\u00f8king kan bidra til \u00e5 identifisere og h\u00e5ndtere disse problemene effektivt. F\u00f8lgende trinn b\u00f8r iverksettes:<\/p>\n<ul>\n<li>Inspeksjon av sylinderkomponentene for slitasje og skader. <\/li>\n<li>Sjekker for lekkasjer og s\u00f8rger for at tetningene er p\u00e5 plass. <\/li>\n<li>S\u00f8rg for at sylinderen er ordentlig smurt. <\/li>\n<li>Kontrollerer eventuelle skader eller blokkeringer i hydrauliske ledninger og slanger. <\/li>\n<\/ul>\n<p>Forebyggende tiltak som riktig vedlikehold og regelmessig inspeksjon kan bidra til \u00e5 minimere forekomsten av disse problemene.<\/p>\n<p><img decoding=\"async\" src=\"https:\/\/www.hydraulic-cylinders.net\/wp-content\/uploads\/2025\/01\/songte-bushings-with-all-kinds-of-excavator-models.webp\" \/><\/p>\n<h2>Om oss<\/h2>\n<p>Vi er en ledende produsent og grossistdistribut\u00f8r av hydrauliske sylindere, og tilbyr et bredt spekter av produkter og tjenester for \u00e5 m\u00f8te kundenes behov. V\u00e5r forpliktelse til kvalitet og produksjonsstyring, st\u00f8ttet av teknisk ekspertise, toppmoderne digitalisert produksjonsutstyr og profesjonelle testsystemer, har hjulpet oss med \u00e5 bli en ledende produsent og grossist av hydrauliske sylindere for b\u00e5de innenlandske og internasjonale markeder. Vi tilbyr en rekke tilpassede tjenester til v\u00e5re kunder og har en robust ombyggingstjeneste for \u00e5 forlenge levetiden til produktene v\u00e5re.<\/p>\n<p>Produktene v\u00e5re er kjent for sin h\u00f8ye effektivitet, n\u00f8yaktighet og kvalitet, og vi er stolte av \u00e5 m\u00f8te kundenes ulike behov med toppmoderne produkter. Vi er forpliktet til \u00e5 m\u00f8te dine behov for hydrauliske sylindere med produkter og tjenester av h\u00f8yeste kvalitet.<\/p>\n<p><img decoding=\"async\" src=\"https:\/\/hzpt.com\/wp-content\/uploads\/2024\/11\/songte-company-1.webp\" \/><\/p>\n<p>Forfatter: lyl<\/p>","protected":false},"excerpt":{"rendered":"<p>Bucket Cylinder For XCMG Middle Excavator XE225CA Introduction A bucket cylinder is a specialized hydraulic cylinder designed to control the movement of buckets in heavy machinery such as excavators, backhoes, and front-end loaders. Its primary function is to enable the bucket to perform lifting, lowering, and tilting actions, making it easier to handle various materials. [&hellip;]<\/p>","protected":false},"featured_media":14776,"comment_status":"open","ping_status":"closed","template":"","meta":{"_et_pb_use_builder":"","_et_pb_old_content":"","_et_gb_content_width":""},"product_brand":[],"product_cat":[1494],"product_tag":[1495,1496],"class_list":{"0":"post-15470","1":"product","2":"type-product","3":"status-publish","4":"has-post-thumbnail","6":"product_cat-bucket-cylinders","7":"product_tag-bucket-cylinders","8":"product_tag-hydraulic-cylinders","10":"first","11":"instock","12":"shipping-taxable","13":"product-type-simple"},"amp_enabled":true,"_links":{"self":[{"href":"https:\/\/www.hydraulic-cylinders.net\/nb\/wp-json\/wp\/v2\/product\/15470","targetHints":{"allow":["GET"]}}],"collection":[{"href":"https:\/\/www.hydraulic-cylinders.net\/nb\/wp-json\/wp\/v2\/product"}],"about":[{"href":"https:\/\/www.hydraulic-cylinders.net\/nb\/wp-json\/wp\/v2\/types\/product"}],"replies":[{"embeddable":true,"href":"https:\/\/www.hydraulic-cylinders.net\/nb\/wp-json\/wp\/v2\/comments?post=15470"}],"wp:featuredmedia":[{"embeddable":true,"href":"https:\/\/www.hydraulic-cylinders.net\/nb\/wp-json\/wp\/v2\/media\/14776"}],"wp:attachment":[{"href":"https:\/\/www.hydraulic-cylinders.net\/nb\/wp-json\/wp\/v2\/media?parent=15470"}],"wp:term":[{"taxonomy":"product_brand","embeddable":true,"href":"https:\/\/www.hydraulic-cylinders.net\/nb\/wp-json\/wp\/v2\/product_brand?post=15470"},{"taxonomy":"product_cat","embeddable":true,"href":"https:\/\/www.hydraulic-cylinders.net\/nb\/wp-json\/wp\/v2\/product_cat?post=15470"},{"taxonomy":"product_tag","embeddable":true,"href":"https:\/\/www.hydraulic-cylinders.net\/nb\/wp-json\/wp\/v2\/product_tag?post=15470"}],"curies":[{"name":"wp","href":"https:\/\/api.w.org\/{rel}","templated":true}]}}