{"id":15471,"date":"2025-01-19T14:34:17","date_gmt":"2025-01-19T14:34:17","guid":{"rendered":"https:\/\/www.hydraulic-cylinders.net\/product\/bucket-cylinder-for-xcmg-middle-excavator-xe240\/"},"modified":"2025-01-19T14:34:19","modified_gmt":"2025-01-19T14:34:19","slug":"bucket-cylinder-for-xcmg-middle-excavator-xe240","status":"publish","type":"product","link":"https:\/\/www.hydraulic-cylinders.net\/nb\/produkt\/bucket-cylinder-for-xcmg-middle-excavator-xe240\/","title":{"rendered":"B\u00f8ttesylinder for XCMG mellomgraver XE240"},"content":{"rendered":"<h1> B\u00f8ttesylinder for XCMG mellomgraver XE240 <\/h1>\n<h2>Introduksjon<\/h2>\n<p>Skuffesylinderen til XCMG mellomgraver XE240 er en spesialdesignet hydraulisk sylinder som brukes til \u00e5 kontrollere bevegelsen til skuffen i tunge maskiner som gravemaskiner, traktorgravere og frontlastere. Hovedfunksjonen er \u00e5 gj\u00f8re det mulig for skuffen \u00e5 l\u00f8fte, senke og vippe, noe som gj\u00f8r den ideell for ulike materialh\u00e5ndteringsoppgaver. I det hydrauliske systemet oppn\u00e5r skuffesylinderen presis kontroll over skuffen gjennom endringer i trykket i hydraulikkoljen, slik at operat\u00f8rer effektivt kan h\u00e5ndtere tunge laster og tilpasse seg komplekse arbeidsmilj\u00f8er og ulike driftskrav.<\/p>\n<p><img decoding=\"async\" src=\"https:\/\/www.hydraulic-cylinders.net\/wp-content\/uploads\/2025\/01\/songte-company-2.webp\" alt=\"B\u00f8ttesylinder\" \/><\/p>\n<h2>Funksjoner<\/h2>\n<ul>\n<li>H\u00f8y styrke og holdbarhet: Vanligvis laget av h\u00f8yfast st\u00e5l eller aluminium, t\u00e5ler den h\u00f8yt trykk og tunge belastninger, tilpasser seg t\u00f8ffe arbeidsmilj\u00f8er og er designet med tanke p\u00e5 slitestyrke og korrosjonsbestandighet, noe som forlenger levetiden.<\/li>\n<li>Effektiv hydraulisk drift: Utnytter trykket fra hydraulikkoljen for \u00e5 oppn\u00e5 jevn forlengelse og sammentrekning, noe som gir kraftig skyve- og trekkekraft, egnet for h\u00e5ndtering av tunge belastninger og komplekse driftsoppgaver.<\/li>\n<li>Ulike typer: Den kan velges i henhold til behovene til enkeltvirkende (ved bruk av hydraulikk i kun \u00e9n retning) eller dobbeltvirkende (ved bruk av hydraulikk i begge retninger) sylindere for \u00e5 m\u00f8te ulike driftsbehov. Noen modeller er teleskopiske, noe som gir st\u00f8rre forlengelse uten \u00e5 \u00f8ke de ytre m\u00e5lene, egnet for plassbegrensede applikasjoner.<\/li>\n<li>Perfekt erstatning for hydrauliske sylindere: Produktene v\u00e5re kan erstatte disse hydrauliske sylinderene perfekt for \u00e5 spare kostnader og forbedre effektiviteten.<\/li>\n<li>Tilpasningsbar: Kan tilpasses i henhold til kundens krav for \u00e5 m\u00f8te spesifikke driftsbehov.<\/li>\n<\/ul>\n<p><img decoding=\"async\" src=\"https:\/\/www.hydraulic-cylinders.net\/wp-content\/uploads\/2025\/01\/songte-cylinder-head-with-all-kinds-excavator-models.webp\" alt=\"Modeller av b\u00f8ttesylindere\" \/><\/p>\n<h2>Bruksomr\u00e5der<\/h2>\n<p>B\u00f8ttesylindere brukes ofte i ulike felt og bruksomr\u00e5der, for eksempel:<\/p>\n<h3>Anleggsutstyr<\/h3>\n<p>I gravemaskiner er de viktige for graving, lasting og flytting av jord eller rusk. I gravemaskiner hjelper b\u00f8ttesylinderen med b\u00e5de graving og l\u00f8fting. I frontlastere hjelper de med \u00e5 l\u00f8fte og dumpe gods effektivt.<\/p>\n<h3>Landbruksmaskiner<\/h3>\n<p>Brukes i frontlastere for utgraving, l\u00f8fting og transport av jord, h\u00f8y og andre materialer. I gravemaskiner oppn\u00e5r skuffesylinderen gravefunksjonen ved \u00e5 la skuffen trenge ned i jorden. Sylinderen hjelper ogs\u00e5 med tilting og t\u00f8mming i frontlastere, noe som gj\u00f8r den mer effektiv.<\/p>\n<h2>Designhensyn og utvalgskriterier<\/h2>\n<p>Designhensyn for b\u00f8ttesylindere inkluderer b\u00e6reevne, tetting, holdbarhet, sikkerhet og vedlikeholdbarhet. Noen av de viktigste designhensynene og utvalgskriteriene er:<\/p>\n<ul>\n<li>\n<h3>B\u00e6reevne:<\/h3>\n<p> Sylinderen b\u00f8r v\u00e6re laget av h\u00f8yfaste materialer for \u00e5 t\u00e5le det h\u00f8ye trykket og de tunge belastningene som kreves for ulike bruksomr\u00e5der.<\/li>\n<li>\n<h3>Tetting:<\/h3>\n<p> En rekke tetninger, som stempeltetninger og stangtetninger, brukes for \u00e5 sikre at hydraulikkv\u00e6sken ikke lekker ut av sylinderen.<\/li>\n<li>\n<h3>Varighet:<\/h3>\n<p> Sylinderen b\u00f8r v\u00e6re konstruert for \u00e5 motst\u00e5 slitasje og korrosjon for \u00e5 forlenge levetiden.<\/li>\n<li>\n<h3>Sikkerhet:<\/h3>\n<p> Sylinderen b\u00f8r v\u00e6re utformet for \u00e5 sikre sikker drift, for eksempel bruk av st\u00f8tdempende innretninger for \u00e5 redusere st\u00f8t og inkludering av sikkerhetsventiler for \u00e5 forhindre overbelastning.<\/li>\n<li>\n<h3>Vedlikeholdbarhet:<\/h3>\n<p> Sylinderen b\u00f8r v\u00e6re utformet med tanke p\u00e5 enkelt vedlikehold, for eksempel enkel demontering og montering og bruk av deler som er lett utskiftbare.<\/li>\n<\/ul>\n<p><img decoding=\"async\" src=\"https:\/\/www.hydraulic-cylinders.net\/wp-content\/uploads\/2025\/01\/songte-oil-pipes-and-spare-parts.webp\" alt=\"Deler av b\u00f8ttesylinder\" \/><\/p>\n<h2>Tetting og sm\u00f8ring<\/h2>\n<p>B\u00f8ttesylinderen bruker forskjellige tetninger, som stempeltetninger og stangtetninger, for \u00e5 sikre at hydraulikkv\u00e6ske ikke lekker. Tetningene er vanligvis laget av slitesterke materialer som polyuretan og nitrilgummi. Sylinderhuset og gjengede endeflater er fint behandlet for \u00e5 forbedre slitestyrken. Sylinderen krever regelmessig sm\u00f8ring med hydraulikkolje for \u00e5 opprettholde jevn drift og forhindre slitasje.<\/p>\n<h2>Vedlikehold og reparasjon<\/h2>\n<p>B\u00f8ttesylinderen krever regelmessig vedlikehold for \u00e5 sikre optimal ytelse og lengre levetid. Noen vanlige vedlikeholdsoppgaver inkluderer:<\/p>\n<ul>\n<li>Regelmessig inspeksjon: Inspiser sylinderen for lekkasjer, slitasje og tegn p\u00e5 skade.<\/li>\n<li>Riktig sm\u00f8ring: Sm\u00f8r sylinderen med riktig mengde hydraulikkolje med jevne mellomrom.<\/li>\n<li>Utskifting av tetninger: Skift ut slitte eller skadede tetninger for \u00e5 forhindre lekkasjer og sikre problemfri drift.<\/li>\n<li>Kalibreringssjekk: Sjekk at sylinderen er riktig kalibrert for \u00e5 sikre n\u00f8yaktig drift.<\/li>\n<\/ul>\n<p><img decoding=\"async\" src=\"https:\/\/www.hydraulic-cylinders.net\/wp-content\/uploads\/2025\/01\/songte-chushion-collar.webp\" alt=\"Skuffesylinderkrage\" \/><\/p>\n<h2>Sikkerhetshensyn og milj\u00f8faktorer<\/h2>\n<p>N\u00e5r du bruker b\u00f8ttesylinderen, er det viktig \u00e5 f\u00f8lge sikkerhetsregler for \u00e5 forhindre ulykker og skader. Sikkerhetstiltakene inkluderer riktig installasjon, bruk av personlig verneutstyr og tilstrekkelig oppl\u00e6ring for operat\u00f8rer. Det er ogs\u00e5 viktig \u00e5 vurdere milj\u00f8faktorer, som riktig avhending av hydraulisk v\u00e6ske og minimering av milj\u00f8p\u00e5virkning.<\/p>\n<h2>Feils\u00f8king og vanlige problemer<\/h2>\n<p>Vanlige problemer med b\u00f8ttesylindere inkluderer lekkasjer, slitasje og skader. Hvis noen av disse problemene oppst\u00e5r, er det viktig \u00e5 diagnostisere og reparere dem raskt for \u00e5 forhindre ytterligere skade. Feils\u00f8kingstips og l\u00f8sninger inkluderer:<\/p>\n<ul>\n<li>Lekkasje i sylinderen: Kontroller pakningene og skift dem ut om n\u00f8dvendig.<\/li>\n<li>Sylinderen g\u00e5r ikke ut eller inn: Kontroller hydraulikkv\u00e6skeniv\u00e5et og trykket, og skift ut skadede deler om n\u00f8dvendig.<\/li>\n<li>For mye st\u00f8y eller vibrasjon: Sjekk for l\u00f8se eller skadede deler, og skift ut om n\u00f8dvendig.<\/li>\n<\/ul>\n<p><img decoding=\"async\" src=\"https:\/\/www.hydraulic-cylinders.net\/wp-content\/uploads\/2025\/01\/songte-bushings-with-all-kinds-of-excavator-models.webp\" alt=\"B\u00f8ttesylinderforinger\" \/><\/p>\n<h2>Om selskapet v\u00e5rt<\/h2>\n<p>Vi er en produsent av hydrauliske sylindere for erstatning med et bredt spekter av produkter, og er n\u00e5 en av de ledende produsentene og grossistdistribut\u00f8rene av hydrauliske sylindere p\u00e5 det innenlandske og internasjonale markedet. Vi f\u00f8lger prinsippene om kvalitet og bruker industrialiserte produksjonsstyringsstrategier i fine produksjonsverksteder. V\u00e5rt selskap forbedrer kontinuerlig produksjonsplattformen gjennom bruk av teknologisk talent, digitalt, avansert produksjonsutstyr og profesjonelle testsystemer. Vi har sterke produksjonsevner og tilbyr effektive, presise og h\u00f8ykvalitetsprodukter for \u00e5 m\u00f8te kundenes ulike behov.<\/p>\n<p>V\u00e5rt firma tilbyr profesjonell, internasjonal sertifisering, tilpassede tjenester, produksjonsutstyr og ettersalgsservice. Vi er forpliktet til \u00e5 tilby produkter og tjenester av h\u00f8y kvalitet til v\u00e5re kunder.<\/p>\n<p><img decoding=\"async\" src=\"https:\/\/www.hydraulic-cylinders.net\/wp-content\/uploads\/2025\/01\/songte-company-3.webp\" alt=\"Selskapets image\" \/><\/p>\n<p>Forfatter Lyl.<\/p>","protected":false},"excerpt":{"rendered":"<p>Bucket Cylinder For XCMG Middle Excavator XE240 Introduction The bucket cylinder for XCMG middle excavator XE240 is a specially designed hydraulic cylinder used to control the movement of the bucket in heavy machinery such as excavators, backhoe excavators, and front-end loaders. Its main function is to enable the bucket to lift, lower, and tilt, making [&hellip;]<\/p>","protected":false},"featured_media":14773,"comment_status":"open","ping_status":"closed","template":"","meta":{"_et_pb_use_builder":"","_et_pb_old_content":"","_et_gb_content_width":""},"product_brand":[],"product_cat":[1494],"product_tag":[1495,1496],"class_list":{"0":"post-15471","1":"product","2":"type-product","3":"status-publish","4":"has-post-thumbnail","6":"product_cat-bucket-cylinders","7":"product_tag-bucket-cylinders","8":"product_tag-hydraulic-cylinders","10":"first","11":"instock","12":"shipping-taxable","13":"product-type-simple"},"amp_enabled":true,"_links":{"self":[{"href":"https:\/\/www.hydraulic-cylinders.net\/nb\/wp-json\/wp\/v2\/product\/15471","targetHints":{"allow":["GET"]}}],"collection":[{"href":"https:\/\/www.hydraulic-cylinders.net\/nb\/wp-json\/wp\/v2\/product"}],"about":[{"href":"https:\/\/www.hydraulic-cylinders.net\/nb\/wp-json\/wp\/v2\/types\/product"}],"replies":[{"embeddable":true,"href":"https:\/\/www.hydraulic-cylinders.net\/nb\/wp-json\/wp\/v2\/comments?post=15471"}],"wp:featuredmedia":[{"embeddable":true,"href":"https:\/\/www.hydraulic-cylinders.net\/nb\/wp-json\/wp\/v2\/media\/14773"}],"wp:attachment":[{"href":"https:\/\/www.hydraulic-cylinders.net\/nb\/wp-json\/wp\/v2\/media?parent=15471"}],"wp:term":[{"taxonomy":"product_brand","embeddable":true,"href":"https:\/\/www.hydraulic-cylinders.net\/nb\/wp-json\/wp\/v2\/product_brand?post=15471"},{"taxonomy":"product_cat","embeddable":true,"href":"https:\/\/www.hydraulic-cylinders.net\/nb\/wp-json\/wp\/v2\/product_cat?post=15471"},{"taxonomy":"product_tag","embeddable":true,"href":"https:\/\/www.hydraulic-cylinders.net\/nb\/wp-json\/wp\/v2\/product_tag?post=15471"}],"curies":[{"name":"wp","href":"https:\/\/api.w.org\/{rel}","templated":true}]}}