{"id":15479,"date":"2025-01-19T14:34:55","date_gmt":"2025-01-19T14:34:55","guid":{"rendered":"https:\/\/www.hydraulic-cylinders.net\/product\/bucket-cylinder-for-xcmg-large-excavator-xe500ca\/"},"modified":"2025-01-19T14:34:57","modified_gmt":"2025-01-19T14:34:57","slug":"bucket-cylinder-for-xcmg-large-excavator-xe500ca","status":"publish","type":"product","link":"https:\/\/www.hydraulic-cylinders.net\/nb\/produkt\/bucket-cylinder-for-xcmg-large-excavator-xe500ca\/","title":{"rendered":"B\u00f8ttesylinder for XCMG stor gravemaskin XE500CA"},"content":{"rendered":"<h1>B\u00f8ttesylinder for XCMG stor gravemaskin XE500CA<\/h1>\n<h2>Introduksjon<\/h2>\n<p>Skuffesylinderen til XCMG storgravemaskin XE500CA er en spesialdesignet hydraulisk sylinder som prim\u00e6rt brukes til \u00e5 kontrollere bevegelsen til skuffen i tunge maskiner, som gravemaskiner, traktorgravere og frontlastere. Hovedfunksjonen er \u00e5 gj\u00f8re det mulig \u00e5 l\u00f8fte, senke og tilte skuffen, noe som gj\u00f8r det enkelt \u00e5 utf\u00f8re ulike materialh\u00e5ndteringsoppgaver. I det hydrauliske systemet oppn\u00e5r skuffesylinderen presis kontroll over skuffen ved \u00e5 endre trykket i hydraulikkoljen, slik at operat\u00f8rer effektivt kan h\u00e5ndtere tunge laster, tilpasse seg komplekse arbeidsmilj\u00f8er og ulike driftskrav.<\/p>\n<p><img decoding=\"async\" src=\"https:\/\/www.hydraulic-cylinders.net\/wp-content\/uploads\/2025\/01\/songte-company-2.webp\"><\/p>\n<h2>Funksjoner<\/h2>\n<ul>\n<li>\n<h3>H\u00f8y styrke og holdbarhet<\/h3>\n<p>Skuffesylinderen er vanligvis laget av h\u00f8yfast st\u00e5l eller aluminium, som t\u00e5ler h\u00f8yt trykk og tunge belastninger, tilpasser seg t\u00f8ffe arbeidsmilj\u00f8er, og er designet med tanke p\u00e5 slitestyrke og korrosjonsbestandighet, noe som forlenger levetiden.<\/p>\n<\/li>\n<li>\n<h3>Effektiv hydraulisk drift<\/h3>\n<p>Skuffesylinderen bruker trykket fra hydraulikkoljen for \u00e5 oppn\u00e5 jevn forlengelse og sammentrekning, slik at den kan reagere raskt p\u00e5 kontrollkommandoer, gi sterk skyve- og trekkekraft, og er egnet for h\u00e5ndtering av tunge belastninger og komplekse driftsoppgaver.<\/p>\n<\/li>\n<li>\n<h3>Ulike typer<\/h3>\n<p>Skuffesylinderen kan velges som enkeltvirkende sylinder (med hydraulikk i kun \u00e9n retning) eller dobbeltvirkende sylinder (med hydraulikk i begge retninger) i henhold til behovene for \u00e5 oppfylle ulike driftskrav. Noen modeller er teleskopiske, noe som gir st\u00f8rre forlengelse uten \u00e5 \u00f8ke de ytre m\u00e5lene, noe som gj\u00f8r dem egnet for plassbegrensede applikasjoner.<\/p>\n<\/li>\n<li>\n<h3>Lett \u00e5 bytte ut<\/h3>\n<p>V\u00e5re b\u00f8ttesylindere kan perfekt erstatte disse hydrauliske sylindrene.<\/p>\n<\/li>\n<li>\n<h3>Mye brukt i forskjellige applikasjoner<\/h3>\n<p>Skuffesylinderen er mye brukt i ulike bruksomr\u00e5der, inkludert:<\/p>\n<ul>\n<li>Anleggsutstyr: I gravemaskiner er de viktige for graving, lasting og flytting av jord eller rusk. I gravemaskiner hjelper b\u00f8ttesylindere med b\u00e5de graving og l\u00f8fting. I frontlastere hjelper de med \u00e5 l\u00f8fte og tilte varer effektivt.<\/li>\n<li>Landbruksmaskiner: Brukes i frontlastere til \u00e5 utarbeide, l\u00f8fte og transportere jord, h\u00f8y og andre materialer, og i gravemaskiner hjelper skuffesylinderen med \u00e5 trenge ned i jorden.<\/li>\n<\/ul>\n<\/li>\n<\/ul>\n<h2>Designhensyn og utvalgskriterier<\/h2>\n<ul>\n<li>\n<h3>B\u00e6reevne<\/h3>\n<p>B\u00f8ttesylinderens b\u00e6reevne er en viktig faktor i konstruksjonen. Den skal kunne t\u00e5le vekten og kraften som ut\u00f8ves p\u00e5 den uten \u00e5 bule eller brekke.<\/p>\n<\/li>\n<li>\n<h3>Tetting<\/h3>\n<p>Skuffesylinderen m\u00e5 v\u00e6re godt tett for \u00e5 forhindre oljelekkasjer og sikre effektiv drift.<\/p>\n<\/li>\n<li>\n<h3>Varighet<\/h3>\n<p>Skuffesylinderen m\u00e5 v\u00e6re slitesterk nok til \u00e5 t\u00e5le slitasje, korrosjon og t\u00f8ffe arbeidsforhold uten \u00e5 bryte sammen eller svikte.<\/p>\n<\/li>\n<li>\n<h3>Sikkerhet<\/h3>\n<p>Skuffesylinderens design skal sikre f\u00f8rerens sikkerhet ved \u00e5 forhindre ulykker og minimere risikoen for skader.<\/p>\n<\/li>\n<li>\n<h3>Vedlikehold<\/h3>\n<p>Skuffesylinderen skal v\u00e6re enkel \u00e5 vedlikeholde, og komponentene skal v\u00e6re enkle \u00e5 bytte ut.<\/p>\n<\/li>\n<\/ul>\n<p><img decoding=\"async\" src=\"https:\/\/www.hydraulic-cylinders.net\/wp-content\/uploads\/2025\/01\/songte-oil-pipes-and-spare-parts.webp\"><\/p>\n<h2>Tetting og sm\u00f8ring<\/h2>\n<p>Skovlsylinderen bruker forskjellige tetningskomponenter som stempeltetninger, stangtetninger osv. laget av slitesterke materialer som polyuretan og nitrilgummi for \u00e5 sikre effektiv tetting. Sylinderhuset og gjengeenden gjennomg\u00e5r finbearbeiding for \u00e5 forbedre slitestyrken. Regelmessig sm\u00f8ring med hydraulikkolje er n\u00f8dvendig for \u00e5 sikre jevn drift og forlenge sylinderens levetid.<\/p>\n<h2>Inspeksjon og forebyggende vedlikeholdstiltak<\/h2>\n<p>Regelmessig inspeksjon, passende sm\u00f8ring, utskifting av pakninger og kalibreringskontroller er vanlige vedlikeholdsoppgaver for b\u00f8ttesylindere. Korrekt installasjon, sm\u00f8ring og justering er avgj\u00f8rende, og riktig veiledning b\u00f8r gis under installasjonen. Det anbefales \u00e5 bruke passende installasjonsbraketter for \u00e5 feste sylinderen. Anbefalte inspeksjons-, reparasjons- og utskiftingsprosedyrer kan bidra til \u00e5 forlenge sylinderens levetid.<\/p>\n<p><img decoding=\"async\" src=\"https:\/\/www.hydraulic-cylinders.net\/wp-content\/uploads\/2025\/01\/songte-chushion-collar.webp\"><\/p>\n<h2>Sikkerhetshensyn og milj\u00f8faktorer<\/h2>\n<p>N\u00e5r man bruker b\u00f8ttesylindere, er det viktig \u00e5 f\u00f8lge sikkerhetstiltak for \u00e5 forhindre ulykker og skader. Riktige milj\u00f8faktorer b\u00f8r tas i betraktning for \u00e5 sikre at sylinderen fungerer effektivt uten \u00e5 for\u00e5rsake skade p\u00e5 milj\u00f8et.<\/p>\n<p><img decoding=\"async\" src=\"https:\/\/hzpt.com\/wp-content\/uploads\/2024\/11\/songte-company-1.webp\"><\/p>\n<h2>Vanlige problemer og feils\u00f8king<\/h2>\n<p>Vanlige problemer med b\u00f8ttesylindere inkluderer lekkasje, utilstrekkelig kraft og langsom drift. Feils\u00f8kingsmetoder inkluderer inspeksjon av lekkasjer, kontroll av hydraulisk trykk og sikring av riktig sm\u00f8ring. Forebyggende tiltak som regelmessig inspeksjon og vedlikehold kan bidra til \u00e5 unng\u00e5 slike problemer.<\/p>\n<p><img decoding=\"async\" src=\"https:\/\/www.hydraulic-cylinders.net\/wp-content\/uploads\/2025\/01\/songte-bushings-with-all-kinds-of-excavator-models.webp\"><\/p>\n<h2>Om selskapet v\u00e5rt<\/h2>\n<p>Vi er en produsent av hydrauliske sylindere som kan erstatte originale sylindere. Produktene v\u00e5re dekker et bredt spekter og har blitt en av de ledende produsentene og grossistdistribut\u00f8rene av hydrauliske sylindere i innenlandske og utenlandske markeder. Vi f\u00f8lger prinsippet om utmerket kvalitet og er avhengige av strategier for industriell produksjonsstyring basert p\u00e5 fine produksjonsverksteder, som inkluderer bruk av profesjonelle testsystemer, teknologisk talent og digitalt avansert produksjonsutstyr. Vi forbedrer kontinuerlig produksjonsplattformen v\u00e5r og perfeksjonerer produksjonslinjen v\u00e5r for produktkvalitet, og har sterke kreative evner. Vi tar sikte p\u00e5 \u00e5 tilfredsstille kundenes varierte behov med prinsipper for h\u00f8y effektivitet, h\u00f8y presisjon og h\u00f8y kvalitet.<\/p>\n<p>Vi tilbyr blant annet tilpassede tjenester, internasjonale sertifiseringer og ettersalgstjenester. V\u00e5rt produksjonsutstyr og profesjonelle team kan tilby den beste servicen for \u00e5 m\u00f8te kundenes krav. <\/p>\n<p><em>Forfatter: lyl<\/em><\/p>","protected":false},"excerpt":{"rendered":"<p>Bucket Cylinder For XCMG Large Excavator XE500CA Introduction The bucket cylinder for XCMG large excavator XE500CA is a specially designed hydraulic cylinder that is primarily used to control the movement of the bucket in heavy machinery, such as excavators, backhoe excavators, and front-end loaders. Its main function is to enable the bucket to lift, lower, [&hellip;]<\/p>","protected":false},"featured_media":14787,"comment_status":"open","ping_status":"closed","template":"","meta":{"_et_pb_use_builder":"","_et_pb_old_content":"","_et_gb_content_width":""},"product_brand":[],"product_cat":[1494],"product_tag":[1495,1496],"class_list":{"0":"post-15479","1":"product","2":"type-product","3":"status-publish","4":"has-post-thumbnail","6":"product_cat-bucket-cylinders","7":"product_tag-bucket-cylinders","8":"product_tag-hydraulic-cylinders","10":"first","11":"instock","12":"shipping-taxable","13":"product-type-simple"},"amp_enabled":true,"_links":{"self":[{"href":"https:\/\/www.hydraulic-cylinders.net\/nb\/wp-json\/wp\/v2\/product\/15479","targetHints":{"allow":["GET"]}}],"collection":[{"href":"https:\/\/www.hydraulic-cylinders.net\/nb\/wp-json\/wp\/v2\/product"}],"about":[{"href":"https:\/\/www.hydraulic-cylinders.net\/nb\/wp-json\/wp\/v2\/types\/product"}],"replies":[{"embeddable":true,"href":"https:\/\/www.hydraulic-cylinders.net\/nb\/wp-json\/wp\/v2\/comments?post=15479"}],"wp:featuredmedia":[{"embeddable":true,"href":"https:\/\/www.hydraulic-cylinders.net\/nb\/wp-json\/wp\/v2\/media\/14787"}],"wp:attachment":[{"href":"https:\/\/www.hydraulic-cylinders.net\/nb\/wp-json\/wp\/v2\/media?parent=15479"}],"wp:term":[{"taxonomy":"product_brand","embeddable":true,"href":"https:\/\/www.hydraulic-cylinders.net\/nb\/wp-json\/wp\/v2\/product_brand?post=15479"},{"taxonomy":"product_cat","embeddable":true,"href":"https:\/\/www.hydraulic-cylinders.net\/nb\/wp-json\/wp\/v2\/product_cat?post=15479"},{"taxonomy":"product_tag","embeddable":true,"href":"https:\/\/www.hydraulic-cylinders.net\/nb\/wp-json\/wp\/v2\/product_tag?post=15479"}],"curies":[{"name":"wp","href":"https:\/\/api.w.org\/{rel}","templated":true}]}}