{"id":15480,"date":"2025-01-19T14:34:59","date_gmt":"2025-01-19T14:34:59","guid":{"rendered":"https:\/\/www.hydraulic-cylinders.net\/product\/bucket-cylinder-for-xcmg-large-excavator-xe1300c\/"},"modified":"2025-01-19T14:35:01","modified_gmt":"2025-01-19T14:35:01","slug":"bucket-cylinder-for-xcmg-large-excavator-xe1300c","status":"publish","type":"product","link":"https:\/\/www.hydraulic-cylinders.net\/nb\/produkt\/bucket-cylinder-for-xcmg-large-excavator-xe1300c\/","title":{"rendered":"B\u00f8ttesylinder for XCMG stor gravemaskin XE1300C"},"content":{"rendered":"<h1>B\u00f8ttesylinder for XCMG stor gravemaskin XE1300C<\/h1>\n<h2>Introduksjon<\/h2>\n<p>En skuffesylinder er en spesialdesignet hydraulisk sylinder som hovedsakelig brukes til \u00e5 kontrollere bevegelsen til skuffen i tunge maskiner som gravemaskiner, traktorgravere og frontlastere. Hovedfunksjonen er \u00e5 gj\u00f8re det mulig \u00e5 l\u00f8fte, senke og vippe skuffen, noe som gj\u00f8r det enkelt \u00e5 utf\u00f8re ulike materialh\u00e5ndteringsoppgaver. I det hydrauliske systemet muliggj\u00f8r skuffesylinderen presis kontroll av skuffen ved \u00e5 endre trykket i hydraulikkoljen, slik at f\u00f8reren effektivt kan h\u00e5ndtere tunge laster, tilpasse seg komplekse arbeidsmilj\u00f8er og ulike jobbkrav.<\/p>\n<p><img decoding=\"async\" src=\"https:\/\/www.hydraulic-cylinders.net\/wp-content\/uploads\/2025\/01\/songte-company-2.webp\"\/><\/p>\n<h2>Funksjoner<\/h2>\n<ul>\n<li><strong>H\u00f8y styrke og holdbarhet:<\/strong> Den er vanligvis laget av h\u00f8yfast st\u00e5l eller aluminium, og t\u00e5ler h\u00f8yt trykk og tunge belastninger, og tilpasser seg t\u00f8ffe arbeidsmilj\u00f8er. Designet tar hensyn til slitestyrke og korrosjonsbestandighet, noe som forlenger levetiden.<\/li>\n<li><strong>Effektiv hydraulisk drift:<\/strong> Ved \u00e5 bruke trykket fra hydraulikkoljen til \u00e5 oppn\u00e5 jevn ekspansjon og sammentrekning, kan den raskt reagere p\u00e5 kontrollkommandoer og gi kraftige skyve- og trekkekrefter, egnet for h\u00e5ndtering av tunge belastninger og komplekse arbeidsoppgaver.<\/li>\n<li><strong>Ulike typer:<\/strong> Enkeltvirkende (hydraulisk kun brukt i \u00e9n retning) eller dobbeltvirkende (hydraulisk brukt i begge retninger) sylindere kan velges i henhold til krav for \u00e5 m\u00f8te ulike driftsbehov. Noen modeller er teleskopiske, noe som gir st\u00f8rre forlengelse uten \u00e5 \u00f8ke de ytre m\u00e5lene, egnet for plassbegrensede applikasjoner.<\/li>\n<li><strong>Erstatning:<\/strong> Produktene v\u00e5re kan erstatte disse hydrauliske sylindrene perfekt.<\/li>\n<\/ul>\n<p><img decoding=\"async\" src=\"https:\/\/www.hydraulic-cylinders.net\/wp-content\/uploads\/2025\/01\/songte-cylinder-head-with-all-kinds-excavator-models.webp\"\/><\/p>\n<h2>Bruksomr\u00e5der<\/h2>\n<p>Skuffesylinderen for XCMG stor gravemaskin XE1300C kan brukes i ulike bransjer og applikasjoner, for eksempel:<\/p>\n<ul>\n<li><strong>Anleggsutstyr:<\/strong> I gravemaskiner er de viktige for graving, lasting og flytting av jord eller rusk. I gravemaskiner hjelper skuffesylindere b\u00e5de med graving og l\u00f8fting. <\/li>\n<li><strong>Landbruksmaskiner:<\/strong> Brukes i frontlastere til \u00e5 utgrave, l\u00f8fte og transportere jord, h\u00f8y og andre materialer, og skuffesylinderen i gravemaskiner muliggj\u00f8r graving ved \u00e5 la skuffen trenge ned i jorden.<\/li>\n<li><strong>Laster:<\/strong> I frontlastere hjelper de effektivt med l\u00f8fting og tilting av varer.<\/li>\n<\/ul>\n<h2>Designhensyn og utvalgskriterier<\/h2>\n<p>Skuffesylinderen er underlagt ulike designhensyn, for eksempel:<\/p>\n<ul>\n<li><strong>B\u00e6reevne:<\/strong> Sylinderen m\u00e5 t\u00e5le lasten fra maskinen og dens innhold, og motst\u00e5 trykket som genereres av det hydrauliske systemet.<\/li>\n<li><strong>Tetting:<\/strong> Sylinderen m\u00e5 v\u00e6re forseglet for \u00e5 forhindre at hydraulisk v\u00e6ske lekker ut og at forurensning kommer inn i systemet.<\/li>\n<li><strong>Varighet:<\/strong> Sylinderen m\u00e5 v\u00e6re slitesterk nok til \u00e5 t\u00e5le det t\u00f8ffe arbeidsmilj\u00f8et og langvarig bruk.<\/li>\n<li><strong>Sikkerhet:<\/strong> Sylinderen m\u00e5 oppfylle sikkerhetsstandarder for \u00e5 unng\u00e5 ulykker under drift.<\/li>\n<li><strong>Vedlikeholdbarhet:<\/strong> Sylinderen m\u00e5 v\u00e6re enkel \u00e5 vedlikeholde og reparere, og dermed minimere nedetiden.<\/li>\n<\/ul>\n<p><img decoding=\"async\" src=\"https:\/\/www.hydraulic-cylinders.net\/wp-content\/uploads\/2025\/01\/songte-oil-pipes-and-spare-parts.webp\"\/><\/p>\n<h2>Tetting og sm\u00f8ring<\/h2>\n<p>Skovlsylinderen benytter forskjellige tetningskomponenter, som stempeltetninger og stangtetninger laget av slitesterke materialer som polyuretan og nitrilgummi. Sylinderhuset og den gjengede endeflaten gjennomg\u00e5r fin bearbeiding for \u00e5 forbedre slitestyrken. Regelmessige og passende mengder hydraulisk olje er n\u00f8dvendig for \u00e5 sm\u00f8re sylinderen.<\/p>\n<h2>Inspeksjon og forebyggende vedlikeholdstiltak<\/h2>\n<p>Regelmessig inspeksjon og forebyggende vedlikehold av b\u00f8ttesylinderen \u00f8ker levetiden. Noen vedlikeholdstiltak inkluderer:<\/p>\n<ul>\n<li>Kontrollere for lekkasjer i det hydrauliske systemet og reparere dem raskt.<\/li>\n<li>Sm\u00f8ring av sylinderen regelmessig.<\/li>\n<li>Bytte av pakninger ved behov.<\/li>\n<li>Kalibrering av sylinderen for \u00e5 sikre at den fungerer som den skal.<\/li>\n<\/ul>\n<h2>Installasjonsveiledning<\/h2>\n<p>Riktig montering av b\u00f8ttesylinderen er viktig. Bruk passende monteringsbraketter for \u00e5 feste sylinderen til maskinen. Kontroller at sylinderen er riktig justert og gi veiledning for justering. F\u00f8lg anbefalte inspeksjons-, reparasjons-, utskiftings- og ombyggingsprosedyrer for \u00e5 sikre sylinderens ytelse og levetid.<\/p>\n<p><img decoding=\"async\" src=\"https:\/\/www.hydraulic-cylinders.net\/wp-content\/uploads\/2025\/01\/songte-chushion-collar.webp\"\/><\/p>\n<h2>Sikkerhetshensyn og milj\u00f8faktorer<\/h2>\n<p>Ved bruk av b\u00f8ttesylinderen m\u00e5 sikkerhetstiltak tas for \u00e5 unng\u00e5 ulykker og skader. Milj\u00f8faktorer m\u00e5 ogs\u00e5 vurderes for \u00e5 minimere milj\u00f8p\u00e5virkningen.<\/p>\n<h2>Feils\u00f8king og vanlige problemer<\/h2>\n<p>Vanlige problemer med b\u00f8ttesylindere inkluderer lekkasjer, feil funksjon og skader. Feils\u00f8kingsmetoder inkluderer \u00e5 kontrollere det hydrauliske systemet, inspisere sylinderen for skader og s\u00f8rge for riktig installasjon og justering. Forebyggende tiltak som regelmessig vedlikehold, inspeksjon og rengj\u00f8ring kan minimere potensielle problemer.<\/p>\n<p><img decoding=\"async\" src=\"https:\/\/www.hydraulic-cylinders.net\/wp-content\/uploads\/2025\/01\/songte-bushings-with-all-kinds-of-excavator-models.webp\"\/><\/p>\n<h2>Om selskapet v\u00e5rt<\/h2>\n<p>Vi er en produsent av hydrauliske sylindere som kan erstatte originale sylindere fra utstyrsprodusenter. Vi tilbyr et komplett utvalg av produkter og har blitt en av de ledende produsentene og grossistdistribut\u00f8rene av hydrauliske sylindere i det innenlandske og internasjonale markedet. Vi f\u00f8lger prinsippene om fortreffelighet og er avhengige av strategier for industriell produksjonsstyring basert p\u00e5 fint utformede produksjonsverksteder, teknologiske talenter, digitalt, avansert produksjonsutstyr og profesjonelle testsystemer for kontinuerlig \u00e5 forbedre produksjonsplattformen v\u00e5r, forbedre produktkvaliteten p\u00e5 produksjonslinjene og ha en sterk evne til \u00e5 skape for \u00e5 m\u00f8te ulike kundebehov med h\u00f8y effektivitet, h\u00f8y presisjon og produkter av h\u00f8y kvalitet.<\/p>\n<p>Vi tilbyr profesjonelle, internasjonalt sertifiserte og tilpassede tjenester, bruker avansert produksjonsutstyr og tilbyr utmerket ettersalgsservice for \u00e5 m\u00f8te kundetilfredshet, noe som gj\u00f8r oss til den ideelle partneren for hydrauliske sylinderl\u00f8sninger.<\/p>\n<p><img decoding=\"async\" src=\"https:\/\/hzpt.com\/wp-content\/uploads\/2024\/11\/songte-company-1.webp\"\/><\/p>\n<p>Forfatter: lyl.<\/p>","protected":false},"excerpt":{"rendered":"<p>Bucket Cylinder For XCMG Large Excavator XE1300C Introduction A bucket cylinder is a specially designed hydraulic cylinder mainly used to control the movement of the bucket in heavy machinery such as excavators, backhoe loaders, and front loaders. Its main function is to enable the bucket to be lifted, lowered, and tilted, making it easy for [&hellip;]<\/p>","protected":false},"featured_media":14785,"comment_status":"open","ping_status":"closed","template":"","meta":{"_et_pb_use_builder":"","_et_pb_old_content":"","_et_gb_content_width":""},"product_brand":[],"product_cat":[1494],"product_tag":[1495,1496],"class_list":{"0":"post-15480","1":"product","2":"type-product","3":"status-publish","4":"has-post-thumbnail","6":"product_cat-bucket-cylinders","7":"product_tag-bucket-cylinders","8":"product_tag-hydraulic-cylinders","10":"first","11":"instock","12":"shipping-taxable","13":"product-type-simple"},"amp_enabled":true,"_links":{"self":[{"href":"https:\/\/www.hydraulic-cylinders.net\/nb\/wp-json\/wp\/v2\/product\/15480","targetHints":{"allow":["GET"]}}],"collection":[{"href":"https:\/\/www.hydraulic-cylinders.net\/nb\/wp-json\/wp\/v2\/product"}],"about":[{"href":"https:\/\/www.hydraulic-cylinders.net\/nb\/wp-json\/wp\/v2\/types\/product"}],"replies":[{"embeddable":true,"href":"https:\/\/www.hydraulic-cylinders.net\/nb\/wp-json\/wp\/v2\/comments?post=15480"}],"wp:featuredmedia":[{"embeddable":true,"href":"https:\/\/www.hydraulic-cylinders.net\/nb\/wp-json\/wp\/v2\/media\/14785"}],"wp:attachment":[{"href":"https:\/\/www.hydraulic-cylinders.net\/nb\/wp-json\/wp\/v2\/media?parent=15480"}],"wp:term":[{"taxonomy":"product_brand","embeddable":true,"href":"https:\/\/www.hydraulic-cylinders.net\/nb\/wp-json\/wp\/v2\/product_brand?post=15480"},{"taxonomy":"product_cat","embeddable":true,"href":"https:\/\/www.hydraulic-cylinders.net\/nb\/wp-json\/wp\/v2\/product_cat?post=15480"},{"taxonomy":"product_tag","embeddable":true,"href":"https:\/\/www.hydraulic-cylinders.net\/nb\/wp-json\/wp\/v2\/product_tag?post=15480"}],"curies":[{"name":"wp","href":"https:\/\/api.w.org\/{rel}","templated":true}]}}