{"id":15488,"date":"2025-01-19T14:35:32","date_gmt":"2025-01-19T14:35:32","guid":{"rendered":"https:\/\/www.hydraulic-cylinders.net\/product\/bucket-cylinder-for-xcmg-large-excavator-xe3000\/"},"modified":"2025-01-19T14:35:40","modified_gmt":"2025-01-19T14:35:40","slug":"bucket-cylinder-for-xcmg-large-excavator-xe3000","status":"publish","type":"product","link":"https:\/\/www.hydraulic-cylinders.net\/nb\/produkt\/bucket-cylinder-for-xcmg-large-excavator-xe3000\/","title":{"rendered":"B\u00f8ttesylinder for XCMG stor gravemaskin XE3000"},"content":{"rendered":"<h1>B\u00f8ttesylinder for XCMG stor gravemaskin XE3000<\/h1>\n<h2>Introduksjon<\/h2>\n<h3>Definisjon<\/h3>\n<p>En skuffesylinder er en spesialdesignet hydraulisk sylinder som brukes til \u00e5 kontrollere bevegelsen til skuffen i tunge maskiner som gravemaskiner, traktorgravere og frontlastere. Hovedfunksjonen er \u00e5 gj\u00f8re det mulig for skuffen \u00e5 l\u00f8fte, senke og vippe, noe som gj\u00f8r det enklere \u00e5 h\u00e5ndtere ulike materialh\u00e5ndteringsoppgaver. I det hydrauliske systemet kontrollerer skuffesylinderen skuffens presise bevegelse ved hjelp av trykkendringene i hydraulikkoljen, slik at f\u00f8reren kan h\u00e5ndtere tunge laster effektivt, tilpasse seg komplekse arbeidsmilj\u00f8er og ulike driftsbehov.<\/p>\n<p><img decoding=\"async\" src=\"https:\/\/www.hydraulic-cylinders.net\/wp-content\/uploads\/2025\/01\/songte-company-2.webp\" alt=\"B\u00f8ttesylinder for XCMG stor gravemaskin XE3000\" \/><\/p>\n<h2>Funksjoner<\/h2>\n<ul>\n<li><strong>H\u00f8y styrke og holdbarhet:<\/strong> Laget av h\u00f8yfast st\u00e5l eller aluminium, t\u00e5ler den h\u00f8yt trykk og tunge belastninger, tilpasser seg t\u00f8ffe arbeidsmilj\u00f8er og er designet med slitestyrke og korrosjonsbestandighet i tankene for \u00e5 forlenge levetiden.<\/li>\n<li><strong>Effektiv hydraulisk drift:<\/strong> Jevn forlengelse og inntrekking oppn\u00e5s ved \u00e5 utnytte trykket fra hydraulikkoljen. Den kan reagere raskt p\u00e5 kontrollkommandoer, gi kraftig skyve- og trekkekraft, og er egnet for h\u00e5ndtering av tunge belastninger og komplekse driftsoppgaver.<\/li>\n<li><strong>Ulike typer:<\/strong> Enkeltvirkende (hydraulisk brukt i \u00e9n retning) eller dobbeltvirkende (hydraulisk brukt i begge retninger) sylindere kan velges i henhold til behov for \u00e5 oppfylle ulike driftskrav. Noen modeller er teleskopiske, noe som gir st\u00f8rre forlengelse uten \u00e5 \u00f8ke de ytre m\u00e5lene, noe som gj\u00f8r dem egnet for bruksomr\u00e5der der plassen er begrenset.<\/li>\n<li><strong>Perfekt erstatning for hydrauliske sylindere:<\/strong> Produktene v\u00e5re kan erstatte disse hydrauliske sylindrene perfekt.<\/li>\n<\/ul>\n<p><img decoding=\"async\" src=\"https:\/\/www.hydraulic-cylinders.net\/wp-content\/uploads\/2025\/01\/songte-cylinder-head-with-all-kinds-excavator-models.webp\" alt=\"B\u00f8ttesylinder for XCMG stor gravemaskin XE3000\" \/><\/p>\n<h2>Bruksomr\u00e5der<\/h2>\n<p>Skuffesylinderen brukes i et bredt spekter av tunge maskiner, inkludert:<\/p>\n<ul>\n<li><strong>Anleggsutstyr:<\/strong> Det er avgj\u00f8rende for gravemaskiner \u00e5 grave, laste og flytte jord eller rusk. I gravemaskiner hjelper det med graving og l\u00f8fting. <\/li>\n<li><strong>Landbruksmaskiner:<\/strong> Brukes til frontlastere, for l\u00f8fting og transport av jord, h\u00f8y og andre materialer. <\/li>\n<li><strong>Gravemaskiner:<\/strong> Skuffesylinderen gj\u00f8r at skuffen kan trenge ned i jorden. <\/li>\n<li><strong>Frontlastere:<\/strong> De hjelper med \u00e5 l\u00f8fte og vippe varer effektivt. <\/li>\n<\/ul>\n<p>La oss utforske hver applikasjon i detalj:<\/p>\n<h3>Anleggsutstyr<\/h3>\n<p>Anleggsutstyr er viktig for ulike byggeoppgaver. Skuffesylinderen hjelper med \u00e5 grave hull, gr\u00f8fter og fundamenter. Den hjelper ogs\u00e5 med \u00e5 laste og flytte jord og rusk. I gravemaskinlastere hjelper den med graving og l\u00f8fting. Den brukes ogs\u00e5 i veibyggingsutstyr for \u00e5 rydde og jevne ut land.<\/p>\n<h3>Landbruksmaskiner<\/h3>\n<p>Skuffesylindere brukes i frontlastere, som brukes til \u00e5 plukke opp, l\u00f8fte og transportere jord, h\u00f8y og andre materialer. I tillegg brukes de i traktorer og andre landbruksmaskiner for \u00e5 h\u00e5ndtere tunge lass. <\/p>\n<h3>Gravemaskiner<\/h3>\n<p>Skuffesylinderen gj\u00f8r at skuffen kan trenge ned i jorden, noe som hjelper med bygging, graving og riving. Med hjelp av skuffesylinderen kan gravemaskinen arbeide p\u00e5 forskjellige jordtyper.<\/p>\n<h3>Frontlastere<\/h3>\n<p>Skuffesylinderen hjelper til med \u00e5 l\u00f8fte og vippe varer effektivt. Den brukes i frontlastere til forskjellige bruksomr\u00e5der som materialh\u00e5ndtering p\u00e5 lager, h\u00e5ndtering av materialer i havner og organisering av lagre.<\/p>\n<p><img decoding=\"async\" src=\"https:\/\/hzpt.com\/wp-content\/uploads\/2024\/11\/songte-company-1.webp\" alt=\"B\u00f8ttesylinder for XCMG stor gravemaskin XE3000\" \/><\/p>\n<h2>Designhensyn og utvalgskriterier<\/h2>\n<p>F\u00f8lgende er designhensyn og utvalgskriteriene for b\u00f8ttesylindere:<\/p>\n<ul>\n<li><strong>B\u00e6reevne:<\/strong> Skuffesylindere m\u00e5 ha h\u00f8y b\u00e6reevne for \u00e5 t\u00e5le tunge belastninger.<\/li>\n<li><strong>Tetting:<\/strong> Et h\u00f8ykvalitetstetningssystem sikrer at hydrauliske v\u00e6sker ikke lekker, noe som kan for\u00e5rsake skade p\u00e5 sylinderen. <\/li>\n<li><strong>Varighet:<\/strong> Materialene som brukes til b\u00f8ttesylindere b\u00f8r v\u00e6re slitesterke for \u00e5 t\u00e5le t\u00f8ffe milj\u00f8er og gjentatt bruk.<\/li>\n<li><strong>Sikkerhet:<\/strong> Skuffesylindere m\u00e5 utformes med sikkerhet i tankene for \u00e5 forhindre ulykker og skader.<\/li>\n<li><strong>Vedlikeholdbarhet:<\/strong> En b\u00f8ttesylinder b\u00f8r v\u00e6re enkel \u00e5 vedlikeholde og reparere, med lett tilgjengelige reservedeler og reparasjonstjenester.<\/li>\n<\/ul>\n<p><img decoding=\"async\" src=\"https:\/\/www.hydraulic-cylinders.net\/wp-content\/uploads\/2025\/01\/songte-oil-pipes-and-spare-parts.webp\" alt=\"B\u00f8ttesylinder for XCMG stor gravemaskin XE3000\" \/><\/p>\n<h2>Tetting og sm\u00f8ring<\/h2>\n<p>B\u00f8ttesylindere har forskjellige tetningskomponenter som stempeltetninger og stangtetninger som forhindrer lekkasje av hydraulisk v\u00e6ske. Sylinderens overflate er fint bearbeidet for \u00e5 forbedre slitestyrken, og den krever regelmessig sm\u00f8ring for \u00e5 opprettholde problemfri drift. <\/p>\n<h2>Vedlikehold og reparasjon<\/h2>\n<p>F\u00f8lgende er vedlikeholds- og reparasjonsoppgaver for b\u00f8ttesylindere:<\/p>\n<ul>\n<li>Regelmessig inspeksjon<\/li>\n<li>Riktig sm\u00f8ring<\/li>\n<li>Utskifting av pakning<\/li>\n<li>Kalibreringskontroll<\/li>\n<\/ul>\n<p>Riktig installasjon, sm\u00f8ring og justering er avgj\u00f8rende for \u00e5 sikre skuffesylinderens levetid. Under installasjon m\u00e5 sylinderen justeres riktig, og tilstrekkelig st\u00f8tte b\u00f8r gis for \u00e5 forhindre skade. Regelmessig inspeksjon, reparasjon og utskifting av komponenter er n\u00f8dvendig for \u00e5 sikre skuffesylinderens langvarige ytelse.<\/p>\n<p><img decoding=\"async\" src=\"https:\/\/www.hydraulic-cylinders.net\/wp-content\/uploads\/2025\/01\/songte-chushion-collar.webp\" alt=\"B\u00f8ttesylinder for XCMG stor gravemaskin XE3000\" \/><\/p>\n<h2>Sikkerhetshensyn og milj\u00f8faktorer<\/h2>\n<p>B\u00f8ttesylindere b\u00f8r brukes i henhold til sikkerhetsretningslinjene for \u00e5 forhindre ulykker og skader. Milj\u00f8faktorer som temperatur og fuktighet kan p\u00e5virke sylinderens ytelse og m\u00e5 tas i betraktning under bruk.<\/p>\n<h2>Vanlige problemer og feils\u00f8king<\/h2>\n<p>F\u00f8lgende er vanlige problemer og feils\u00f8king for b\u00f8ttesylindere:<\/p>\n<ul>\n<li>Lekkasje<\/li>\n<li>Utilstrekkelig kraft<\/li>\n<li>D\u00e5rlig ytelse<\/li>\n<\/ul>\n<p>Regelmessig inspeksjon og vedlikehold kan minimere forekomsten av disse problemene. Hvis det oppst\u00e5r et problem, b\u00f8r det tas tak i umiddelbart for \u00e5 forhindre skade p\u00e5 sylinderen.<\/p>\n<h2>Om oss<\/h2>\n<p>Vi er en produsent av hydrauliske sylindere som spesialiserer seg p\u00e5 \u00e5 erstatte hydrauliske sylindere. Vi tilbyr et komplett utvalg av produkter og har blitt en av de ledende produsentene og grossistene av hydrauliske sylindere i det innenlandske og internasjonale markedet. Vi f\u00f8lger utmerket kvalitet og stoler p\u00e5 den industrielle produksjonsstyringsstrategien til finproduksjonsverkstedet. V\u00e5rt selskap har kontinuerlig forbedret produksjonsplattformen til verkstedet ved \u00e5 bruke teknologiske talenter, digitalt high-end produksjonsutstyr og profesjonelle testsystemer for \u00e5 forbedre produksjonskvaliteten. Vi har sterke kreative evner og f\u00f8lger prinsippene om h\u00f8y effektivitet, h\u00f8y n\u00f8yaktighet og h\u00f8y kvalitet for \u00e5 m\u00f8te kundenes ulike krav.<\/p>\n<p>Vi tilbyr skreddersydde tjenester, og produktene v\u00e5re er internasjonalt sertifiserte. Selskapet v\u00e5rt bruker avansert utstyr til produksjon, og vi tilbyr utmerket ettersalgsservice.<\/p>\n<p><img decoding=\"async\" src=\"https:\/\/www.hydraulic-cylinders.net\/wp-content\/uploads\/2025\/01\/songte-company-3.webp\" alt=\"B\u00f8ttesylinder for XCMG stor gravemaskin XE3000\" \/><\/p>\n<p>Forfatter: lyl<\/p>","protected":false},"excerpt":{"rendered":"<p>Bucket Cylinder For XCMG Large Excavator XE3000 Introduction Definition A bucket cylinder is specially designed hydraulic cylinder used to control the movement of the bucket in heavy machinery such as excavators, backhoe loaders, and front loaders. Its main function is to enable the bucket to lift, lower, and tilt, making it easier to handle various [&hellip;]<\/p>","protected":false},"featured_media":14769,"comment_status":"open","ping_status":"closed","template":"","meta":{"_et_pb_use_builder":"","_et_pb_old_content":"","_et_gb_content_width":""},"product_brand":[],"product_cat":[1494],"product_tag":[1495,1496],"class_list":{"0":"post-15488","1":"product","2":"type-product","3":"status-publish","4":"has-post-thumbnail","6":"product_cat-bucket-cylinders","7":"product_tag-bucket-cylinders","8":"product_tag-hydraulic-cylinders","10":"first","11":"instock","12":"shipping-taxable","13":"product-type-simple"},"amp_enabled":true,"_links":{"self":[{"href":"https:\/\/www.hydraulic-cylinders.net\/nb\/wp-json\/wp\/v2\/product\/15488","targetHints":{"allow":["GET"]}}],"collection":[{"href":"https:\/\/www.hydraulic-cylinders.net\/nb\/wp-json\/wp\/v2\/product"}],"about":[{"href":"https:\/\/www.hydraulic-cylinders.net\/nb\/wp-json\/wp\/v2\/types\/product"}],"replies":[{"embeddable":true,"href":"https:\/\/www.hydraulic-cylinders.net\/nb\/wp-json\/wp\/v2\/comments?post=15488"}],"wp:featuredmedia":[{"embeddable":true,"href":"https:\/\/www.hydraulic-cylinders.net\/nb\/wp-json\/wp\/v2\/media\/14769"}],"wp:attachment":[{"href":"https:\/\/www.hydraulic-cylinders.net\/nb\/wp-json\/wp\/v2\/media?parent=15488"}],"wp:term":[{"taxonomy":"product_brand","embeddable":true,"href":"https:\/\/www.hydraulic-cylinders.net\/nb\/wp-json\/wp\/v2\/product_brand?post=15488"},{"taxonomy":"product_cat","embeddable":true,"href":"https:\/\/www.hydraulic-cylinders.net\/nb\/wp-json\/wp\/v2\/product_cat?post=15488"},{"taxonomy":"product_tag","embeddable":true,"href":"https:\/\/www.hydraulic-cylinders.net\/nb\/wp-json\/wp\/v2\/product_tag?post=15488"}],"curies":[{"name":"wp","href":"https:\/\/api.w.org\/{rel}","templated":true}]}}