{"id":15494,"date":"2025-01-19T14:36:02","date_gmt":"2025-01-19T14:36:02","guid":{"rendered":"https:\/\/www.hydraulic-cylinders.net\/product\/bucket-cylinder-for-zoomlion-small-excavator-ze150\/"},"modified":"2025-01-19T14:36:04","modified_gmt":"2025-01-19T14:36:04","slug":"bucket-cylinder-for-zoomlion-small-excavator-ze150","status":"publish","type":"product","link":"https:\/\/www.hydraulic-cylinders.net\/nb\/produkt\/bucket-cylinder-for-zoomlion-small-excavator-ze150\/","title":{"rendered":"Skuffesylinder for Zoomlion liten gravemaskin ZE150"},"content":{"rendered":"<p>&lt;h1&gt;Skuffesylinder for Zoomlion liten gravemaskin ZE150&lt;\/h1&gt;<\/p>\n<p>&lt;h2&gt;Introduksjon&lt;\/h2&gt;<br \/>\n&lt;p&gt;Skuffesylinderen er en spesialdesignet hydraulisk sylinder som brukes til &aring; kontrollere bevegelsen til skuffen i tunge maskiner som gravemaskiner, traktorgravere og frontlastere. Hovedfunksjonen er &aring; muliggj&oslash;re l&oslash;fting, senking og tilting av skuffen, noe som gj&oslash;r den praktisk for ulike materialh&aring;ndteringsoppgaver. I det hydrauliske systemet oppn&aring;r skuffesylinderen presis kontroll over skuffen ved trykkendring i hydraulikkoljen, slik at operat&oslash;rer effektivt kan h&aring;ndtere tunge laster og tilpasse seg komplekse arbeidsmilj&oslash;er og ulike jobbkrav.&lt;\/p&gt;<\/p>\n<p>&lt;img src=&quot;&rdquo;https:\/\/www.hydraulic-cylinders.net\/wp-content\/uploads\/2025\/01\/songte-company-2.webp&rdquo;&quot; alt=&quot;&amp;quot;B&oslash;tte&quot; cylinder image&rdquo;&gt;<\/p>\n<p>&lt;h2&gt;Funksjoner&lt;\/h2&gt;<br \/>\n<ul><br \/>\n  <li>H\u00f8y styrke og holdbarhet: Vanligvis laget av h\u00f8yfast st\u00e5l eller aluminium, t\u00e5ler den h\u00f8yt trykk og tunge belastninger, og tilpasser seg t\u00f8ffe arbeidsmilj\u00f8er. Designet tar hensyn til slitestyrke og korrosjonsmotstand for \u00e5 forlenge levetiden.<\/li><br \/>\n  <li>Effektiv hydraulisk drift: Ved \u00e5 utnytte trykket fra hydraulikkoljen for \u00e5 oppn\u00e5 jevn teleskopisk bevegelse, kan den reagere raskt p\u00e5 kontrollkommandoer, og gi kraftige skyve- og trekkekrefter som er egnet for h\u00e5ndtering av tunge belastninger og komplekse oppgaver.<\/li><br \/>\n  <li>Ulike typer: Enkeltvirkende (hydraulisk brukt i kun \u00e9n retning) eller dobbeltvirkende (hydraulisk brukt i begge retninger) sylindere kan velges etter behov. Noen modeller er teleskopiske, noe som gir st\u00f8rre uttrekk uten \u00e5 \u00f8ke de ytre m\u00e5lene, egnet for applikasjoner med begrenset plass.<\/li><br \/>\n  <li>Erstatning for andre hydrauliske sylindere: Produktet v\u00e5rt kan erstatte disse hydrauliske sylinderene perfekt.<\/li><br \/>\n<\/ul><\/p>\n<p>&lt;img src=&quot;&rdquo;https:\/\/www.hydraulic-cylinders.net\/wp-content\/uploads\/2025\/01\/songte-cylinder-head-with-all-kinds-excavator-models.webp&rdquo;&quot; alt=&quot;&amp;quot;Erstatning&quot; cylinder image&rdquo;&gt;<\/p>\n<p>&lt;h2&gt;Bruksomr&aring;der&lt;\/h2&gt;<br \/>\n<ul><br \/>\n  <li>Anleggsutstyr: Viktig for gravemaskiner ved graving, lasting og flytting av jord eller avfall. I gravemaskiner hjelper skuffesylindere med b\u00e5de graving og l\u00f8fting.<\/li><br \/>\n  <li>Landbruksmaskiner: Brukes i frontlastere til \u00e5 utarbeide, l\u00f8fte og transportere jord, h\u00f8y og andre materialer.<\/li><br \/>\n  <li>Gravemaskiner: Skuffesylindere muliggj\u00f8r graveaksjoner ved \u00e5 la skuffen trenge ned i jorden.<\/li><br \/>\n  <li>Lastere: Frontlastere hjelper til med \u00e5 l\u00f8fte og dumpe last effektivt.<\/li><br \/>\n<\/ul><\/p>\n<p>&lt;h2&gt;Designhensyn og utvalgskriterier&lt;\/h2&gt;<br \/>\n&lt;p&gt;N&aring;r man designer b&oslash;ttesylindere, m&aring; man ta hensyn til flere viktige faktorer, inkludert b&aelig;reevne, tetting, holdbarhet, sikkerhet og vedlikeholdbarhet.&lt;\/p&gt;<\/p>\n<p>&lt;img src=&quot;&rdquo;https:\/\/www.hydraulic-cylinders.net\/wp-content\/uploads\/2025\/01\/songte-oil-pipes-and-spare-parts.webp&rdquo;&quot; alt=&quot;&amp;quot;Design&quot; considerations image&rdquo;&gt;<\/p>\n<p>&lt;h2&gt;Tetting og sm&oslash;ring&lt;\/h2&gt;<br \/>\n&lt;p&gt;Ulike tetninger, som stempeltetninger og stangtetninger, er laget av slitesterke materialer som polyuretan og nitrilgummi. Sylinderhuset og gjengede endeflater er fint bearbeidet for &aring; forbedre slitestyrken. Regelmessig sm&oslash;ring med riktig mengde hydraulikkolje er n&oslash;dvendig.&lt;\/p&gt;<\/p>\n<p>&lt;h2&gt;Regelmessig inspeksjon og forebyggende vedlikehold&lt;\/h2&gt;<br \/>\n&lt;p&gt;Regelmessige inspeksjoner og forebyggende vedlikeholdstiltak b&oslash;r iverksettes for &aring; sikre optimal ytelse og levetid for b&oslash;ttesylinderen. Disse tiltakene inkluderer riktig inspeksjon og sm&oslash;ring, utskifting av pakninger om n&oslash;dvendig og kalibrering av sylinderen.&lt;\/p&gt;<\/p>\n<p>&lt;h2&gt;Riktig produktinstallasjonsveiledning&lt;\/h2&gt;<br \/>\n&lt;p&gt;Riktig installasjon er avgj&oslash;rende for at b&oslash;ttesylinderen skal fungere effektivt. Det anbefales &aring; justere sylinderen riktig under installasjonsprosessen og bruke passende monteringsbraketter for &aring; feste sylinderen.&lt;\/p&gt;<\/p>\n<p>&lt;img src=&quot;&rdquo;https:\/\/www.hydraulic-cylinders.net\/wp-content\/uploads\/2025\/01\/songte-chushion-collar.webp&rdquo;&quot; alt=&quot;&amp;quot;Installasjon&quot; guide image&rdquo;&gt;<\/p>\n<p>&lt;h2&gt;Vedlikeholdsoppgaver&lt;\/h2&gt;<br \/>\n&lt;p&gt;Vanlige vedlikeholdsoppgaver for b&oslash;ttesylinderen inkluderer regelmessige inspeksjoner, passende sm&oslash;ring, utskifting av pakninger og kalibreringskontroller. Riktig installasjon, sm&oslash;ring og justering vektlegges for optimal ytelse. Anbefalte inspeksjons-, reparasjons- og utskiftingsprosedyrer, samt tips for &aring; forlenge sylinderens levetid, b&oslash;r gis.&lt;\/p&gt;<\/p>\n<p>&lt;img src=&quot;&rdquo;https:\/\/www.hydraulic-cylinders.net\/wp-content\/uploads\/2025\/01\/songte-bushings-with-all-kinds-of-excavator-models.webp&rdquo;&quot; alt=&quot;&amp;quot;Vedlikehold&quot; tasks image&rdquo;&gt;<\/p>\n<p>&lt;h2&gt;Sikkerhetshensyn og milj&oslash;faktorer&lt;\/h2&gt;<br \/>\n&lt;p&gt;N&aring;r man bruker b&oslash;ttesylinderen, er sikkerhetstiltak av st&oslash;rste betydning. Det er n&oslash;dvendig &aring; ta sikkerhetsforholdsregler ved h&aring;ndtering av tungt maskineri og drift av hydrauliske systemer. Milj&oslash;faktorer b&oslash;r ogs&aring; vurderes for &aring; sikre riktig avhending og h&aring;ndtering av hydrauliske v&aelig;sker.&lt;\/p&gt;<\/p>\n<p>&lt;h2&gt;Feildiagnose og vanlige problemer&lt;\/h2&gt;<br \/>\n&lt;p&gt;Det er viktig &aring; diskutere feildiagnose og vanlige problemer knyttet til b&oslash;ttesylinderen. Det er n&oslash;dvendig &aring; gi feils&oslash;kingstips og l&oslash;sninger for &aring; hjelpe leserne med &aring; diagnostisere og l&oslash;se problemer effektivt. Forebyggende tiltak b&oslash;r nevnes for &aring; minimere potensielle problemer.&lt;\/p&gt;<\/p>\n<p>&lt;img src=&quot;&rdquo;https:\/\/www.hydraulic-cylinders.net\/wp-content\/uploads\/2025\/01\/songte-company-1.webp&rdquo;&quot; alt=&quot;&amp;quot;Feil&quot; diagnosis image&rdquo;&gt;<\/p>\n<p>&lt;h2&gt;Introduksjon til selskapet&lt;\/h2&gt;<br \/>\n&lt;p&gt;Vi er en ledende produsent og grossistdistribut&oslash;r av hydrauliske sylindere i det innenlandske og internasjonale markedet. V&aring;rt selskap tilbyr et bredt spekter av produkter og f&oslash;lger en produksjonsstrategi som vektlegger utmerket kvalitet og fine produksjonsprosesser. Med fokus p&aring; teknologisk talent, avansert produksjonsutstyr og profesjonelle testsystemer, forbedrer vi kontinuerlig v&aring;re produksjonsplattformer og produksjonsruter for produktkvalitet. Vi har en sterk kreativ evne og prioriterer effektivitet, presisjon og prinsipper for h&oslash;y kvalitet for &aring; m&oslash;te ulike kundebehov.&lt;\/p&gt;<\/p>\n<p>&lt;img src=&quot;&rdquo;https:\/\/www.hydraulic-cylinders.net\/wp-content\/uploads\/2025\/01\/songte-company-3.webp&rdquo;&quot; alt=&quot;&amp;quot;Bedrift&quot; introduction image&rdquo;&gt;<\/p>\n<p>&lt;p&gt;V&aring;rt firma er kjent for sin profesjonalitet, internasjonale sertifiseringer, tilpassede tjenester, produksjonsutstyr og ettersalgstjenester. &lt;\/p&gt;<\/p>\n<p>&lt;p&gt;Forfatter: lyl&lt;\/p&gt;<\/p>","protected":false},"excerpt":{"rendered":"<p>&lt;h1&gt;Skuffesylinder for Zoomlion liten gravemaskin ZE150&lt;\/h1&gt; &lt;h2&gt;Introduksjon&lt;\/h2&gt; &lt;p&gt;The bucket cylinder is a specially designed hydraulic cylinder used to control the movement of the bucket in heavy machinery such as excavators, backhoe loaders, and front loaders. Its main function is to enable the lifting, lowering, and tilting of the bucket, making it convenient for various [&hellip;]<\/p>","protected":false},"featured_media":14787,"comment_status":"open","ping_status":"closed","template":"","meta":{"_et_pb_use_builder":"","_et_pb_old_content":"","_et_gb_content_width":""},"product_brand":[],"product_cat":[1494],"product_tag":[1495,1496],"class_list":{"0":"post-15494","1":"product","2":"type-product","3":"status-publish","4":"has-post-thumbnail","6":"product_cat-bucket-cylinders","7":"product_tag-bucket-cylinders","8":"product_tag-hydraulic-cylinders","10":"first","11":"instock","12":"shipping-taxable","13":"product-type-simple"},"amp_enabled":true,"_links":{"self":[{"href":"https:\/\/www.hydraulic-cylinders.net\/nb\/wp-json\/wp\/v2\/product\/15494","targetHints":{"allow":["GET"]}}],"collection":[{"href":"https:\/\/www.hydraulic-cylinders.net\/nb\/wp-json\/wp\/v2\/product"}],"about":[{"href":"https:\/\/www.hydraulic-cylinders.net\/nb\/wp-json\/wp\/v2\/types\/product"}],"replies":[{"embeddable":true,"href":"https:\/\/www.hydraulic-cylinders.net\/nb\/wp-json\/wp\/v2\/comments?post=15494"}],"wp:featuredmedia":[{"embeddable":true,"href":"https:\/\/www.hydraulic-cylinders.net\/nb\/wp-json\/wp\/v2\/media\/14787"}],"wp:attachment":[{"href":"https:\/\/www.hydraulic-cylinders.net\/nb\/wp-json\/wp\/v2\/media?parent=15494"}],"wp:term":[{"taxonomy":"product_brand","embeddable":true,"href":"https:\/\/www.hydraulic-cylinders.net\/nb\/wp-json\/wp\/v2\/product_brand?post=15494"},{"taxonomy":"product_cat","embeddable":true,"href":"https:\/\/www.hydraulic-cylinders.net\/nb\/wp-json\/wp\/v2\/product_cat?post=15494"},{"taxonomy":"product_tag","embeddable":true,"href":"https:\/\/www.hydraulic-cylinders.net\/nb\/wp-json\/wp\/v2\/product_tag?post=15494"}],"curies":[{"name":"wp","href":"https:\/\/api.w.org\/{rel}","templated":true}]}}