{"id":15499,"date":"2025-01-19T14:36:23","date_gmt":"2025-01-19T14:36:23","guid":{"rendered":"https:\/\/www.hydraulic-cylinders.net\/product\/bucket-cylinder-for-zoomlion-middle-excavator-ze230elr\/"},"modified":"2025-01-19T14:36:25","modified_gmt":"2025-01-19T14:36:25","slug":"bucket-cylinder-for-zoomlion-middle-excavator-ze230elr","status":"publish","type":"product","link":"https:\/\/www.hydraulic-cylinders.net\/nb\/produkt\/bucket-cylinder-for-zoomlion-middle-excavator-ze230elr\/","title":{"rendered":"Skuffesylinder for Zoomlion mellomgraver ZE230ELR"},"content":{"rendered":"<h1>Skuffesylinder for Zoomlion mellomgraver ZE230ELR<\/h1>\n<h2>Introduksjon<\/h2>\n<h3>Definisjon og funksjon<\/h3>\n<p>En skuffesylinder er en spesialdesignet hydraulisk sylinder som hovedsakelig brukes til \u00e5 kontrollere bevegelsen til skuffer i tunge maskiner som gravemaskiner, traktorgravere og frontlastere. Hovedfunksjonen er \u00e5 l\u00f8fte, senke og vippe skuffene, noe som gj\u00f8r det enklere for ulike materialh\u00e5ndteringsoppgaver. I det hydrauliske systemet oppn\u00e5r skuffesylinderen presis kontroll over skuffen gjennom endringer i hydraulikkoljetrykket, slik at operat\u00f8rer effektivt kan h\u00e5ndtere tunge gjenstander og tilpasse seg komplekse arbeidsmilj\u00f8er og ulike driftskrav.<\/p>\n<p><img decoding=\"async\" src=\"https:\/\/www.hydraulic-cylinders.net\/wp-content\/uploads\/2025\/01\/songte-company-2.webp\"><\/p>\n<h2>Funksjoner<\/h2>\n<ul>\n<li>H\u00f8y styrke og holdbarhet: Vanligvis laget av h\u00f8yfast st\u00e5l eller aluminium, t\u00e5ler den h\u00f8yt trykk og tunge belastninger, tilpasser seg t\u00f8ffe arbeidsmilj\u00f8er og er designet med tanke p\u00e5 slitestyrke og korrosjonsbestandighet, noe som forlenger levetiden.<\/li>\n<li>Effektiv hydraulisk drift: Jevn teleskopbevegelse oppn\u00e5s ved \u00e5 bruke hydraulisk oljetrykk, som kan reagere raskt p\u00e5 kontrollkommandoer og gi kraftige skyve- og trekkekrefter som er egnet for h\u00e5ndtering av tunge gjenstander og komplekse arbeidsoppgaver.<\/li>\n<li>Ulike typer: Enkeltvirkende (hydraulisk brukt i kun \u00e9n retning) eller dobbeltvirkende (hydraulisk brukt i to retninger) sylindere kan velges i henhold til behov for \u00e5 oppfylle ulike driftskrav. Noen modeller er teleskopiske, noe som gir st\u00f8rre forlengelse uten \u00e5 \u00f8ke de ytre dimensjonene, noe som gj\u00f8r dem egnet for applikasjoner med begrenset plass.<\/li>\n<\/ul>\n<p>I tillegg til disse funksjonene kan produktet v\u00e5rt erstatte disse hydrauliske sylindrene perfekt.<\/p>\n<p><img decoding=\"async\" src=\"https:\/\/www.hydraulic-cylinders.net\/wp-content\/uploads\/2025\/01\/songte-cylinder-head-with-all-kinds-excavator-models.webp\"><\/p>\n<h2>Bruksomr\u00e5der<\/h2>\n<p>Skuffesylindere er mye brukt i en rekke anleggs- og landbruksmaskiner, inkludert:<\/p>\n<ul>\n<li>Gravemaskiner: Skuffesylindere muliggj\u00f8r gravefunksjon ved \u00e5 la skuffen trenge ned i jorden.<\/li>\n<li>Frontlastere: I frontlastere hjelper de med \u00e5 l\u00f8fte og tilte last effektivt.<\/li>\n<li>Gravemaskiner: Skuffesylinderen hjelper til med grave- og l\u00f8fteoppgaver.<\/li>\n<li>Landbruksmaskiner: Brukes i frontlastere til \u00e5 utarbeide, l\u00f8fte og transportere jord, h\u00f8y og andre materialer.<\/li>\n<\/ul>\n<p>Each of these applications can be expanded upon for further detail, with each keyword&#8217;s description being at least 200 words.<\/p>\n<h2>Designhensyn og utvalgskriterier<\/h2>\n<h3>B\u00e6reevne<\/h3>\n<p>Den viktigste designhensynet for b\u00f8ttesylindere er b\u00e6reevnen. Sylinderen m\u00e5 kunne t\u00e5le den maksimale belastningen den vil bli utsatt for, basert p\u00e5 driftsforholdene og vekten av den festede b\u00f8tten. Materialet som brukes til \u00e5 konstruere sylinderen m\u00e5 ogs\u00e5 velges n\u00f8ye basert p\u00e5 dens evne til \u00e5 h\u00e5ndtere belastningene og p\u00e5kjenningene den vil bli utsatt for.<\/p>\n<h3>Tetting<\/h3>\n<p>Tetningssystemet til b\u00f8ttesylindere er en annen kritisk designhensyn. Sylinderen m\u00e5 v\u00e6re tilstrekkelig tett for \u00e5 forhindre lekkasjer og forurensning av hydraulikkv\u00e6sken. Bruk av h\u00f8ykvalitetstetninger, som stempel- og stangtetninger laget av polyuretan eller nitrilgummi, er avgj\u00f8rende for \u00e5 sikre at sylinderen forblir lekkasjefri og fungerer som tiltenkt.<\/p>\n<h3>Varighet<\/h3>\n<p>Bucket cylinders must be designed to withstand harsh operating conditions, including exposure to dirt, dust, and other contaminants. The cylinder&#8217;s surface must also be treated to enhance its wear resistance and corrosion resistance, ensuring that it can perform reliably over an extended period.<\/p>\n<h3>Sikkerhet<\/h3>\n<p>Sikkerheten til b\u00f8ttesylindere er kritisk, og de m\u00e5 v\u00e6re konstruert for \u00e5 forhindre ulykker og skader. Sikkerhetsfunksjoner som trykkavlastningsventiler, bruddskiver og endestopper er ofte innlemmet i designet for \u00e5 sikre at sylindrene fungerer trygt og p\u00e5litelig.<\/p>\n<h3>Vedlikehold<\/h3>\n<p>Vedlikehold av b\u00f8ttesylindere er avgj\u00f8rende for \u00e5 sikre at de forblir i god stand og fungerer som tiltenkt. Regelmessige inspeksjoner, sm\u00f8ring og utskifting av pakninger er viktige vedlikeholdsoppgaver som m\u00e5 utf\u00f8res for \u00e5 sikre at sylinderen fungerer som den skal. Bruk av hydraulisk v\u00e6ske av h\u00f8y kvalitet er ogs\u00e5 viktig for \u00e5 sikre at sylinderen forblir tilstrekkelig smurt.<\/p>\n<p><img decoding=\"async\" src=\"https:\/\/www.hydraulic-cylinders.net\/wp-content\/uploads\/2025\/01\/songte-oil-pipes-and-spare-parts.webp\"><\/p>\n<h2>Tetting og sm\u00f8ring<\/h2>\n<p>Skuffesylindere krever riktig tetting og sm\u00f8ring for \u00e5 fungere korrekt og opprettholde optimal ytelse. Ulike tetningskomponenter som stempeltetninger, stangtetninger og f\u00f8ringsringer m\u00e5 brukes for \u00e5 sikre at hydraulikkv\u00e6sken forblir inne i sylinderen og ikke lekker. I tillegg er regelmessig sm\u00f8ring av sylinderen og bruk av hydraulikkv\u00e6ske av h\u00f8y kvalitet avgj\u00f8rende for \u00e5 sikre at sylinderen forblir driftsklar og p\u00e5litelig.<\/p>\n<h2>Vedlikehold og reparasjon<\/h2>\n<p>Riktig vedlikehold og reparasjon av b\u00f8ttesylindere er avgj\u00f8rende for \u00e5 sikre deres levetid og optimale ytelse. Tre vanlige vedlikeholdsoppgaver inkluderer:<\/p>\n<ul>\n<li>Regelmessige inspeksjoner: Regelmessige inspeksjoner av sylinderen er viktige for \u00e5 oppdage tegn p\u00e5 slitasje eller skade tidlig og h\u00e5ndtere dem f\u00f8r de f\u00f8rer til mer alvorlige problemer.<\/li>\n<li>Riktig sm\u00f8ring: Riktig sm\u00f8ring av sylinderkomponentene er viktig for \u00e5 sikre at den fungerer riktig og opprettholder optimal ytelse.<\/li>\n<li>Seal replacement and calibration checks: Regular replacement of worn seals and calibration checks are essential to maintain the cylinder&#8217;s performance and remain leak-free.<\/li>\n<\/ul>\n<p>Det er avgj\u00f8rende \u00e5 s\u00f8rge for at sylinderen er riktig installert, smurt riktig og justert i henhold til de aktuelle spesifikasjonene. Riktig justering av sylinderen er ogs\u00e5 viktig, og passende monteringsbraketter b\u00f8r brukes til \u00e5 feste sylinderen.<\/p>\n<p><img decoding=\"async\" src=\"https:\/\/www.hydraulic-cylinders.net\/wp-content\/uploads\/2025\/01\/songte-chushion-collar.webp\"><\/p>\n<h2>Sikkerhets- og milj\u00f8hensyn<\/h2>\n<p>Sikkerhet er en avgj\u00f8rende faktor n\u00e5r man arbeider med b\u00f8ttesylindere, og det m\u00e5 tas n\u00f8dvendige forholdsregler for \u00e5 unng\u00e5 ulykker og skader. I tillegg m\u00e5 b\u00f8ttesylindernes p\u00e5virkning p\u00e5 milj\u00f8et vurderes, og det m\u00e5 iverksettes tiltak for \u00e5 minimere deres milj\u00f8p\u00e5virkning.<\/p>\n<h2>Feils\u00f8king og vanlige problemer<\/h2>\n<p>Bucket cylinders may experience various problems during their lifetime, including leaks, slow operation, and cylinder drift. Diagnosing these problems requires a thorough understanding of the cylinder&#8217;s design and operation, and appropriate troubleshooting steps must be followed to address them effectively. Regular maintenance and inspection of the cylinder can prevent many potential problems.<\/p>\n<p><img decoding=\"async\" src=\"https:\/\/www.hydraulic-cylinders.net\/wp-content\/uploads\/2025\/01\/songte-bushings-with-all-kinds-of-excavator-models.webp\"><\/p>\n<h2>Om selskapet v\u00e5rt<\/h2>\n<p>Vi er en produsent av hydrauliske reservesylindere og tilbyr et komplett utvalg av hydrauliske sylindere. Vi har blitt en av de ledende produsentene og grossistdistribut\u00f8rene av hydrauliske sylindere i det innenlandske og internasjonale markedet. Vi f\u00f8lger prinsippene om kvalitetssikring, og er avhengige av industrialiserte produksjonsstyringsstrategier i fine produksjonsverksteder. Vi forbedrer kontinuerlig v\u00e5r produksjonsplattform og forbedrer v\u00e5r produktkvalitet og produksjonsrute, og har sterk kreativ evne til \u00e5 m\u00f8te kundenes ulike behov med h\u00f8y effektivitet, h\u00f8y presisjon og h\u00f8y kvalitet.<\/p>\n<p><img decoding=\"async\" src=\"https:\/\/hzpt.com\/wp-content\/uploads\/2024\/11\/songte-company-1.webp\"><\/p>\n<p>Vi tilbyr et komplett spekter av tjenester, inkludert profesjonell ekspertise, internasjonal sertifisering, tilpassede tjenester, produksjonsutstyr og ettersalgstjenester.<\/p>\n<h3>Profesjonalitet:<\/h3>\n<p>Vi har et team av dyktige fagfolk med bred erfaring innen design og produksjon av hydrauliske sylindere.<\/p>\n<h3>Internasjonal sertifisering:<\/h3>\n<p>V\u00e5re hydrauliske sylindere er sertifisert i henhold til internasjonale standarder, noe som sikrer at de oppfyller de h\u00f8yeste kvalitetsstandardene.<\/p>\n<h3>Tilpassede tjenester:<\/h3>\n<p>Vi tilbyr skreddersydde tjenester for \u00e5 im\u00f8tekomme de ulike behovene til v\u00e5re kunder.<\/p>\n<h3>Produksjonsutstyr:<\/h3>\n<p>Vi bruker toppmoderne produksjonsutstyr for \u00e5 produsere hydrauliske sylindere av h\u00f8y kvalitet.<\/p>\n<h3>Ettersalgstjenester:<\/h3>\n<p>Vi tilbyr omfattende ettersalgstjenester for \u00e5 sikre at kundene v\u00e5re er forn\u00f8yde med produktene og tjenestene v\u00e5re.<\/p>\n<p><img decoding=\"async\" src=\"https:\/\/www.hydraulic-cylinders.net\/wp-content\/uploads\/2025\/01\/songte-company-3.webp\"><\/p>\n<p>Forfatter: lyl.<\/p>","protected":false},"excerpt":{"rendered":"<p>Bucket Cylinder For Zoomlion Middle Excavator ZE230ELR Introduction Definition and Function A bucket cylinder is a specially designed hydraulic cylinder that is mainly used to control the movement of buckets in heavy machinery such as excavators, backhoe excavators, and front-end loaders. Its main function is to lift, lower, and tilt the buckets, making it easier [&hellip;]<\/p>","protected":false},"featured_media":14778,"comment_status":"open","ping_status":"closed","template":"","meta":{"_et_pb_use_builder":"","_et_pb_old_content":"","_et_gb_content_width":""},"product_brand":[],"product_cat":[1494],"product_tag":[1495,1496],"class_list":{"0":"post-15499","1":"product","2":"type-product","3":"status-publish","4":"has-post-thumbnail","6":"product_cat-bucket-cylinders","7":"product_tag-bucket-cylinders","8":"product_tag-hydraulic-cylinders","10":"first","11":"instock","12":"shipping-taxable","13":"product-type-simple"},"amp_enabled":true,"_links":{"self":[{"href":"https:\/\/www.hydraulic-cylinders.net\/nb\/wp-json\/wp\/v2\/product\/15499","targetHints":{"allow":["GET"]}}],"collection":[{"href":"https:\/\/www.hydraulic-cylinders.net\/nb\/wp-json\/wp\/v2\/product"}],"about":[{"href":"https:\/\/www.hydraulic-cylinders.net\/nb\/wp-json\/wp\/v2\/types\/product"}],"replies":[{"embeddable":true,"href":"https:\/\/www.hydraulic-cylinders.net\/nb\/wp-json\/wp\/v2\/comments?post=15499"}],"wp:featuredmedia":[{"embeddable":true,"href":"https:\/\/www.hydraulic-cylinders.net\/nb\/wp-json\/wp\/v2\/media\/14778"}],"wp:attachment":[{"href":"https:\/\/www.hydraulic-cylinders.net\/nb\/wp-json\/wp\/v2\/media?parent=15499"}],"wp:term":[{"taxonomy":"product_brand","embeddable":true,"href":"https:\/\/www.hydraulic-cylinders.net\/nb\/wp-json\/wp\/v2\/product_brand?post=15499"},{"taxonomy":"product_cat","embeddable":true,"href":"https:\/\/www.hydraulic-cylinders.net\/nb\/wp-json\/wp\/v2\/product_cat?post=15499"},{"taxonomy":"product_tag","embeddable":true,"href":"https:\/\/www.hydraulic-cylinders.net\/nb\/wp-json\/wp\/v2\/product_tag?post=15499"}],"curies":[{"name":"wp","href":"https:\/\/api.w.org\/{rel}","templated":true}]}}