{"id":15502,"date":"2025-01-19T14:36:35","date_gmt":"2025-01-19T14:36:35","guid":{"rendered":"https:\/\/www.hydraulic-cylinders.net\/product\/bucket-cylinder-for-zoomlion-middle-excavator-ze210e-9\/"},"modified":"2025-01-19T14:36:42","modified_gmt":"2025-01-19T14:36:42","slug":"bucket-cylinder-for-zoomlion-middle-excavator-ze210e-9","status":"publish","type":"product","link":"https:\/\/www.hydraulic-cylinders.net\/nb\/produkt\/bucket-cylinder-for-zoomlion-middle-excavator-ze210e-9\/","title":{"rendered":"Skuffesylinder for Zoomlion mellomgraver ZE210E-9"},"content":{"rendered":"<p>Skuffesylinder for Zoomlion mellomgraver ZE210E-9<\/p>\n<h2>Introduksjon<\/h2>\n<h3>Definere b\u00f8ttesylinderen<\/h3>\n<p>En skuffesylinder er en spesialisert hydraulisk sylinder som er designet for \u00e5 kontrollere bevegelsen til en skuffe i tunge maskiner som gravemaskiner, traktorgravere og frontlastere. Hovedfunksjonen er \u00e5 gj\u00f8re det mulig for skuffen \u00e5 l\u00f8fte, senke og vippe, noe som gj\u00f8r det enklere \u00e5 utf\u00f8re ulike materialh\u00e5ndteringsoppgaver. I det hydrauliske systemet oppn\u00e5r skuffesylinderen presis kontroll over skuffen gjennom endringer i hydraulikkoljetrykket, slik at operat\u00f8rer effektivt kan h\u00e5ndtere tunge laster og tilpasse seg komplekse arbeidsmilj\u00f8er og ulike jobbkrav.<\/p>\n<p><img decoding=\"async\" src=\"https:\/\/www.hydraulic-cylinders.net\/wp-content\/uploads\/2025\/01\/songte-company-2.webp\" alt=\"Bilde av b\u00f8ttesylinder\"><\/p>\n<h2>Produktfunksjoner<\/h2>\n<h3>H\u00f8y styrke og holdbarhet<\/h3>\n<ul>\n<li>Vanligvis laget av h\u00f8yfast st\u00e5l eller aluminium, i stand til \u00e5 t\u00e5le h\u00f8yt trykk og tunge belastninger, tilpasser seg t\u00f8ffe arbeidsmilj\u00f8er, designet med slitestyrke og korrosjonsbestandighet i tankene, noe som forlenger levetiden.<\/li>\n<\/ul>\n<h3>Effektiv hydraulisk drift<\/h3>\n<ul>\n<li>Bruker hydraulisk oljetrykk for \u00e5 oppn\u00e5 jevn forlengelse og tilbaketrekking, i stand til \u00e5 reagere raskt p\u00e5 driftskommandoer, og gir kraftig skyve- og trekkekraft, egnet for h\u00e5ndtering av tunge belastninger og komplekse oppgaver.<\/li>\n<\/ul>\n<h3>Ulike typer<\/h3>\n<ul>\n<li>Enkeltvirkende (hydraulisk brukt i \u00e9n retning) eller dobbeltvirkende (hydraulisk brukt i begge retninger) sylindere kan velges i henhold til driftsbehov. Noen modeller er teleskopiske, noe som gir st\u00f8rre forlengelse uten \u00e5 \u00f8ke de ytre m\u00e5lene, egnet for applikasjoner med begrenset plass.<\/li>\n<\/ul>\n<h3>Direkte erstatning<\/h3>\n<ul>\n<li>Produktet v\u00e5rt kan erstatte disse hydrauliske sylindrene perfekt.<\/li>\n<\/ul>\n<p><img decoding=\"async\" src=\"https:\/\/www.hydraulic-cylinders.net\/wp-content\/uploads\/2025\/01\/songte-cylinder-head-with-all-kinds-excavator-models.webp\" alt=\"Erstatningsbilde\"><\/p>\n<h2>Applikasjonsscener<\/h2>\n<p>Skuffesylinderen brukes hovedsakelig i anleggs- og landbruksmaskiner, med bruksomr\u00e5der i:<\/p>\n<ul>\n<li>Gravemaskiner: Skuffesylinderen muliggj\u00f8r gravearbeid ved \u00e5 la skuffen trenge ned i jorden.<\/li>\n<li>Lastere: I frontlastere hjelper den med \u00e5 l\u00f8fte og tilte last effektivt.<\/li>\n<li>Landbruksmaskiner: Brukes til frontlastere, og hjelper til med \u00e5 l\u00f8fte og transportere jord, h\u00f8y og andre materialer.<\/li>\n<\/ul>\n<p>Hver applikasjon er beskrevet i detalj nedenfor:<\/p>\n<h3>Anleggsutstyr<\/h3>\n<p>I gravemaskiner er de viktige for graving, lasting og flytting av jord eller rusk. I gravemaskiner hjelper b\u00f8ttesylinderen med graving og l\u00f8fting. I frontlastere hjelper de med \u00e5 l\u00f8fte og tilte last effektivt.<\/p>\n<h3>Landbruksmaskiner<\/h3>\n<p>Brukes for frontlastere, og hjelper til med \u00e5 l\u00f8fte og transportere jord, h\u00f8y og andre materialer.<\/p>\n<h3>Gravemaskiner<\/h3>\n<p>Skuffesylinderen muliggj\u00f8r gravearbeid ved \u00e5 la skuffen trenge ned i jorden.<\/p>\n<h2>Design- og utvalgskriterier<\/h2>\n<p>Designhensyn for b\u00f8ttesylindere inkluderer b\u00e6reevne, tetning, holdbarhet, sikkerhet og vedlikeholdbarhet. Hvert punkt diskuteres nedenfor:<\/p>\n<h3>B\u00e6reevne<\/h3>\n<p>Skuffesylinderen b\u00f8r v\u00e6re konstruert for \u00e5 t\u00e5le tunge belastninger og h\u00f8yt trykk, tilpasse seg t\u00f8ffe arbeidsmilj\u00f8er og forlenge levetiden.<\/p>\n<h3>Tetting<\/h3>\n<p>Ulike tetningselementer, som stempeltetninger og stangtetninger, brukes for \u00e5 forhindre lekkasje av hydraulisk olje. Tetningene er laget av slitesterke materialer som polyuretan og nitrilgummi, mens sylinderhuset og den gjengede endeflaten gjennomg\u00e5r finbearbeiding for \u00e5 forbedre slitestyrken.<\/p>\n<h3>Varighet<\/h3>\n<p>Sylinderhuset b\u00f8r v\u00e6re laget av h\u00f8yfaste materialer som st\u00e5l eller aluminium, designet for slitasje- og korrosjonsbestandighet, noe som forlenger levetiden.<\/p>\n<h3>Sikkerhet<\/h3>\n<p>Skuffesylinderen b\u00f8r utformes med sikkerhet i tankene, med funksjoner som sikkerhetsventiler for \u00e5 forhindre overbelastning og overtrykk.<\/p>\n<h3>Vedlikeholdbarhet<\/h3>\n<p>Skuffesylinderen b\u00f8r v\u00e6re konstruert for enkelt vedlikehold, med funksjoner som enkel demontering for reparasjon, utskifting og inspeksjon.<\/p>\n<p><img decoding=\"async\" src=\"https:\/\/www.hydraulic-cylinders.net\/wp-content\/uploads\/2025\/01\/songte-oil-pipes-and-spare-parts.webp\" alt=\"Bilde av reservedeler\"><\/p>\n<h2>Tetting og sm\u00f8ring<\/h2>\n<p>Ulike tetningselementer, som stempeltetninger og stangtetninger, brukes for \u00e5 forhindre lekkasje av hydraulisk olje. Tetningene er laget av slitesterke materialer som polyuretan og nitrilgummi, mens sylinderhuset og den gjengede endeflaten gjennomg\u00e5r finbearbeiding for \u00e5 forbedre slitestyrken. Regelmessig sm\u00f8ring er n\u00f8dvendig for at sylinderen skal fungere problemfritt.<\/p>\n<h2>Vedlikehold<\/h2>\n<p>Regelmessig vedlikehold av b\u00f8ttesylinderen er viktig for \u00e5 sikre optimal ytelse og forlenge levetiden. Tre vanlige vedlikeholdsoppgaver diskuteres nedenfor:<\/p>\n<h3>Regelmessig inspeksjon<\/h3>\n<p>Regelmessig inspeksjon av sylinderen og dens komponenter er viktig for \u00e5 identifisere slitasje og skader som kan p\u00e5virke funksjonen, og sikre rettidig utskifting og reparasjon.<\/p>\n<h3>Sm\u00f8ring<\/h3>\n<p>Sylinderen trenger regelmessig sm\u00f8ring for \u00e5 sikre problemfri drift. S\u00f8rg for \u00e5 sm\u00f8re alle bevegelige deler grundig.<\/p>\n<h3>Utskifting av tetning og kalibreringskontroll<\/h3>\n<p>Tetninger b\u00f8r skiftes med jevne mellomrom for \u00e5 forhindre lekkasje av hydraulisk olje. Det er ogs\u00e5 viktig \u00e5 kontrollere kalibreringen av sylinderen for \u00e5 sikre at den fungerer som den skal.<\/p>\n<p><img decoding=\"async\" src=\"https:\/\/www.hydraulic-cylinders.net\/wp-content\/uploads\/2025\/01\/songte-chushion-collar.webp\" alt=\"Vedlikeholdsbilde\"><\/p>\n<h2>Sikkerhets- og milj\u00f8hensyn<\/h2>\n<p>Sikkerhetstiltak er viktige n\u00e5r man bruker b\u00f8ttesylinderen. Riktig oppl\u00e6ring og \u00e5 f\u00f8lge sikkerhetsretningslinjer kan redusere risikoen for ulykker og skader. Milj\u00f8hensyn b\u00f8r ogs\u00e5 tas i betraktning n\u00e5r man bruker sylinderen, for eksempel riktig avhending av hydrauliske v\u00e6sker og minimering av risikoen for oljes\u00f8l.<\/p>\n<p><img decoding=\"async\" src=\"https:\/\/hzpt.com\/wp-content\/uploads\/2024\/11\/songte-company-1.webp\" alt=\"Milj\u00f8bilde\"><\/p>\n<h2>Feildiagnose og feils\u00f8king<\/h2>\n<p>Vanlige feil som kan oppst\u00e5 med b\u00f8ttesylinderen inkluderer lekkasjer, forurensning og brudd p\u00e5 tetningene. Disse feilene kan f\u00f8re til redusert ytelse og til og med utstyrsfeil. Feils\u00f8kingstrinn, som \u00e5 identifisere \u00e5rsaken til feilen og iverksette korrigerende tiltak, kan bidra til \u00e5 l\u00f8se disse problemene raskt og effektivt.<\/p>\n<p><img decoding=\"async\" src=\"https:\/\/www.hydraulic-cylinders.net\/wp-content\/uploads\/2025\/01\/songte-bushings-with-all-kinds-of-excavator-models.webp\" alt=\"Feils\u00f8kingsbilde\"><\/p>\n<h2>Introduksjon til selskapet<\/h2>\n<p>Vi er en produsent av hydrauliske sylindere som spesialiserer seg p\u00e5 erstatningssylindere. Med et komplett produktsortiment har vi blitt en av de ledende produsentene og grossistdistribut\u00f8rene av hydrauliske sylindere i det innenlandske og internasjonale markedet. Vi f\u00f8lger prinsippene om utmerket kvalitet, er avhengige av industrialiserte produksjonsstyringsstrategier i fint utformede produksjonsverksteder, og forbedrer kontinuerlig v\u00e5r produksjonsplattform, forbedrer v\u00e5re produksjonslinjer for produktkvalitet og har sterke kreative evner. V\u00e5rt selskap m\u00f8ter ulike kundebehov med h\u00f8y effektivitet, h\u00f8y presisjon og produkter av h\u00f8y kvalitet.<\/p>\n<p><img decoding=\"async\" src=\"https:\/\/www.hydraulic-cylinders.net\/wp-content\/uploads\/2025\/01\/songte-company-3.webp\" alt=\"Selskapets image\"><\/p>\n<h3>Profesjonalitet<\/h3>\n<p>V\u00e5rt firma har et profesjonelt team med omfattende erfaring innen design og produksjon av hydrauliske sylindere, noe som sikrer h\u00f8y kvalitet og p\u00e5litelighet.<\/p>\n<h3>Internasjonal sertifisering<\/h3>\n<p>Vi har internasjonale sertifiseringer som ISO 9001 og CE, noe som sikrer produktkvalitet og -sikkerhet.<\/p>\n<h3>Tilpasningstjenester<\/h3>\n<p>Vi tilbyr tilpasningstjenester, og skreddersyr produkter etter kundenes spesifikke behov.<\/p>\n<h3>Produksjonsutstyr<\/h3>\n<p>V\u00e5rt firma bruker avansert digitalt produksjonsutstyr, som CNC-dreiebenker og fresemaskiner, for \u00e5 sikre produktkvalitet og presisjon.<\/p>\n<h3>Ettersalgsservice<\/h3>\n<p>Vi tilbyr omfattende ettersalgstjenester, som reservedeler og ombyggingstjenester, for \u00e5 forlenge levetiden til produktene v\u00e5re.<\/p>\n<p>Forfatter: lyl.<\/p>","protected":false},"excerpt":{"rendered":"<p>Bucket Cylinder For Zoomlion Middle Excavator ZE210E-9 Introduction Defining the Bucket Cylinder A bucket cylinder is a specialized hydraulic cylinder designed to control the movement of a bucket in heavy machinery such as excavators, backhoe excavators, and front-end loaders. Its main function is to enable the bucket to lift, lower, and tilt, making it easier [&hellip;]<\/p>","protected":false},"featured_media":14771,"comment_status":"open","ping_status":"closed","template":"","meta":{"_et_pb_use_builder":"","_et_pb_old_content":"","_et_gb_content_width":""},"product_brand":[],"product_cat":[1494],"product_tag":[1495,1496],"class_list":{"0":"post-15502","1":"product","2":"type-product","3":"status-publish","4":"has-post-thumbnail","6":"product_cat-bucket-cylinders","7":"product_tag-bucket-cylinders","8":"product_tag-hydraulic-cylinders","10":"first","11":"instock","12":"shipping-taxable","13":"product-type-simple"},"amp_enabled":true,"_links":{"self":[{"href":"https:\/\/www.hydraulic-cylinders.net\/nb\/wp-json\/wp\/v2\/product\/15502","targetHints":{"allow":["GET"]}}],"collection":[{"href":"https:\/\/www.hydraulic-cylinders.net\/nb\/wp-json\/wp\/v2\/product"}],"about":[{"href":"https:\/\/www.hydraulic-cylinders.net\/nb\/wp-json\/wp\/v2\/types\/product"}],"replies":[{"embeddable":true,"href":"https:\/\/www.hydraulic-cylinders.net\/nb\/wp-json\/wp\/v2\/comments?post=15502"}],"wp:featuredmedia":[{"embeddable":true,"href":"https:\/\/www.hydraulic-cylinders.net\/nb\/wp-json\/wp\/v2\/media\/14771"}],"wp:attachment":[{"href":"https:\/\/www.hydraulic-cylinders.net\/nb\/wp-json\/wp\/v2\/media?parent=15502"}],"wp:term":[{"taxonomy":"product_brand","embeddable":true,"href":"https:\/\/www.hydraulic-cylinders.net\/nb\/wp-json\/wp\/v2\/product_brand?post=15502"},{"taxonomy":"product_cat","embeddable":true,"href":"https:\/\/www.hydraulic-cylinders.net\/nb\/wp-json\/wp\/v2\/product_cat?post=15502"},{"taxonomy":"product_tag","embeddable":true,"href":"https:\/\/www.hydraulic-cylinders.net\/nb\/wp-json\/wp\/v2\/product_tag?post=15502"}],"curies":[{"name":"wp","href":"https:\/\/api.w.org\/{rel}","templated":true}]}}