{"id":15505,"date":"2025-01-19T14:36:53","date_gmt":"2025-01-19T14:36:53","guid":{"rendered":"https:\/\/www.hydraulic-cylinders.net\/product\/bucket-cylinder-for-zoomlion-large-excavator-ze330e\/"},"modified":"2025-01-19T14:36:55","modified_gmt":"2025-01-19T14:36:55","slug":"bucket-cylinder-for-zoomlion-large-excavator-ze330e","status":"publish","type":"product","link":"https:\/\/www.hydraulic-cylinders.net\/nb\/produkt\/bucket-cylinder-for-zoomlion-large-excavator-ze330e\/","title":{"rendered":"Skuffesylinder for Zoomlion stor gravemaskin ZE330E"},"content":{"rendered":"<h1>Skuffesylinder for Zoomlion stor gravemaskin ZE330E<\/h1>\n<h2>Introduksjon<\/h2>\n<p>Skuffesylinderen til Zoomlion storgravemaskin ZE330E er en spesialdesignet hydraulisk sylinder som hovedsakelig brukes til \u00e5 kontrollere bevegelsen til skuffen i tunge maskiner som gravemaskiner, traktorgravere og frontlastere. Hovedfunksjonen er \u00e5 gj\u00f8re det mulig \u00e5 l\u00f8fte, senke og tilte skuffen, noe som gj\u00f8r det enklere \u00e5 h\u00e5ndtere ulike materialh\u00e5ndteringsoppgaver. I det hydrauliske systemet oppn\u00e5r skuffesylinderen presis kontroll over skuffebevegelsen ved \u00e5 endre trykket i hydraulikkoljen, slik at operat\u00f8rer effektivt kan h\u00e5ndtere tunge laster og tilpasse seg komplekse arbeidsmilj\u00f8er og ulike jobbkrav.<\/p>\n<p><img decoding=\"async\" src=\"https:\/\/www.hydraulic-cylinders.net\/wp-content\/uploads\/2025\/01\/songte-company-2.webp\" alt=\"B\u00f8ttesylinder\" \/><\/p>\n<h2>Produktfunksjoner<\/h2>\n<ul>\n<li>\n<h3>H\u00f8y styrke og holdbarhet<\/h3>\n<p>B\u00f8ttesylindere er vanligvis laget av h\u00f8yfast st\u00e5l eller aluminium, som t\u00e5ler h\u00f8yt trykk og tunge belastninger, tilpasser seg t\u00f8ffe arbeidsmilj\u00f8er, og er designet med slitestyrke og korrosjonsbestandighet i tankene, noe som forlenger levetiden.<\/p>\n<\/li>\n<li>\n<h3>Effektiv hydraulisk drift<\/h3>\n<p>Skuffesylindere bruker trykket fra hydraulikkoljen for \u00e5 oppn\u00e5 jevn teleskopbevegelse, reagerer raskt p\u00e5 kontrollkommandoer, gir kraftig skyve- og trekkekraft, og er egnet for h\u00e5ndtering av tunge belastninger og komplekse arbeidsoppgaver.<\/p>\n<\/li>\n<li>\n<h3>Ulike typer<\/h3>\n<p>Skuffesylindere kan v\u00e6re enkeltvirkende (ved bruk av hydraulikk i bare \u00e9n retning) eller dobbeltvirkende (ved bruk av hydraulikk i begge retninger) avhengig av kravene, og noen modeller er teleskopiske, noe som tillater st\u00f8rre utvidelse uten \u00e5 \u00f8ke de ytre dimensjonene, noe som gj\u00f8r dem egnet for applikasjoner med begrenset plass.<\/p>\n<\/li>\n<li>\n<h3>Produktutskiftninger<\/h3>\n<p>Produktene v\u00e5re kan erstatte disse hydrauliske sylindrene perfekt.<\/p>\n<\/li>\n<\/ul>\n<p><img decoding=\"async\" src=\"https:\/\/www.hydraulic-cylinders.net\/wp-content\/uploads\/2025\/01\/songte-cylinder-head-with-all-kinds-excavator-models.webp\" alt=\"Topplokk\" \/><\/p>\n<h2>Bruksomr\u00e5der for b\u00f8ttesylinder<\/h2>\n<p>Skuffesylinderen brukes ofte i diverse anleggsmaskiner, inkludert:<\/p>\n<ul>\n<li>\n<h3>Gravemaskiner<\/h3>\n<p>Skuffesylinderen muliggj\u00f8r gravefunksjon ved \u00e5 la skuffen trenge ned i jorden.<\/p>\n<\/li>\n<li>\n<h3>Traktorgravere<\/h3>\n<p>Skuffesylinderen hjelper b\u00e5de til med graving og l\u00f8fting.<\/p>\n<\/li>\n<li>\n<h3>Frontlastere<\/h3>\n<p>Skuffesylinderen hjelper til med \u00e5 l\u00f8fte og vippe lasteskuffen, noe som gj\u00f8r det effektivt \u00e5 losse og dumpe materialer.<\/p>\n<\/li>\n<\/ul>\n<h2>Designhensyn og utvalgskriterier<\/h2>\n<p>N\u00e5r man velger og designer b\u00f8ttesylindere, er det viktig \u00e5 vurdere viktige faktorer som b\u00e6reevne, tetning, holdbarhet, sikkerhet og vedlikeholdsvennlighet. Her er noen viktige punkter \u00e5 vurdere:<\/p>\n<ul>\n<li>\n<h3>B\u00e6reevne<\/h3>\n<p>Skuffesylinderen m\u00e5 v\u00e6re konstruert for \u00e5 t\u00e5le lasten den vil b\u00e6re, som bestemmes av vekten p\u00e5 materialet som h\u00e5ndteres og kreftene som er involvert i bevegelsen.<\/p>\n<\/li>\n<li>\n<h3>Tetting og holdbarhet<\/h3>\n<p>B\u00f8ttesylindere krever tetningsmaterialer av h\u00f8y kvalitet, som stempeltetninger og stangtetninger laget av slitesterke materialer som polyuretan og nitrilgummi. Det er ogs\u00e5 viktig \u00e5 s\u00f8rge for at overflaten p\u00e5 sylinderhuset og gjengeenden er finbehandlet for \u00e5 forbedre slitestyrken. Det er n\u00f8dvendig \u00e5 tilsette riktig mengde hydraulikkolje regelmessig for sm\u00f8ring.<\/p>\n<\/li>\n<li>\n<h3>Sikkerhet og vedlikeholdbarhet<\/h3>\n<p>Skuffesylindere m\u00e5 utformes med sikkerhet i tankene, med innebygde sikkerhetsfunksjoner som trykkavlastningsventiler og l\u00e5seventiler, samt v\u00e6re enkle \u00e5 vedlikeholde og reparere ved \u00e5 tilby deler som er enkle \u00e5 bytte ut og bygge om, og passende vedlikeholdsprosedyrer for \u00e5 forlenge levetiden. <\/p>\n<\/li>\n<\/ul>\n<p><img decoding=\"async\" src=\"https:\/\/www.hydraulic-cylinders.net\/wp-content\/uploads\/2025\/01\/songte-oil-pipes-and-spare-parts.webp\" alt=\"Oljer\u00f8r\"\/><\/p>\n<h2>Vedlikehold og feils\u00f8king<\/h2>\n<p>Regelmessig inspeksjon og forebyggende vedlikehold er viktig for \u00e5 holde b\u00f8ttesylinderen i god stand. Her er noen vanlige vedlikeholdsoppgaver:<\/p>\n<ul>\n<li>\n<h3>Regelmessig inspeksjon<\/h3>\n<p>Sjekk for lekkasjer, bulker eller riper, s\u00f8rg for at sylinderen er riktig smurt og ren, og sjekk hydraulikkslangene og kontaktene for skader eller slitasje.<\/p>\n<\/li>\n<li>\n<h3>Sm\u00f8ring<\/h3>\n<p>Det er viktig \u00e5 bruke riktig type og mengde hydraulikkolje for \u00e5 sikre jevn og effektiv drift og beskytte mot slitasje.<\/p>\n<\/li>\n<li>\n<h3>Utskifting av tetning og kalibreringsinspeksjon<\/h3>\n<p>Skift ut slitte tetningsdeler og kontroller kalibreringen, foreta n\u00f8dvendige justeringer for \u00e5 sikre n\u00f8yaktig bevegelse av sylinderen.<\/p>\n<\/li>\n<\/ul>\n<p>Det er viktig \u00e5 vurdere riktig installasjon, sm\u00f8ring og justering n\u00e5r man vedlikeholder b\u00f8ttesylinderen for \u00e5 forhindre potensielle problemer som lekkasje, redusert ytelse eller fullstendig svikt. Det er avgj\u00f8rende \u00e5 gi riktig veiledning om installasjon, bruk av passende monteringsbraketter for \u00e5 sikre sylinderen, anbefale kontroll-, reparasjons- og utskiftingsprosedyrer, og gi tips for \u00e5 forbedre b\u00f8ttesylinderens levetid.<\/p>\n<p><img decoding=\"async\" src=\"https:\/\/www.hydraulic-cylinders.net\/wp-content\/uploads\/2025\/01\/songte-chushion-collar.webp\" alt=\"Putekrage\"\/><\/p>\n<h2>Sikkerhetshensyn og milj\u00f8faktorer<\/h2>\n<p>N\u00e5r man arbeider med b\u00f8ttesylindere, er det viktig \u00e5 f\u00f8lge sikkerhetstiltak som \u00e5 bruke passende verneutstyr, holde hender og kl\u00e6r unna bevegelige deler og s\u00f8rge for at utstyret er i god stand. Riktig avhending av hydraulikkolje er ogs\u00e5 viktig for \u00e5 beskytte milj\u00f8et.<\/p>\n<p><img decoding=\"async\" src=\"https:\/\/www.hydraulic-cylinders.net\/wp-content\/uploads\/2025\/01\/songte-bushings-with-all-kinds-of-excavator-models.webp\" alt=\"Foringer\"\/><\/p>\n<h2>Om selskapet v\u00e5rt<\/h2>\n<p>Vi er en produsent av hydrauliske sylindere for erstatning med et komplett produktsortiment, og er n\u00e5 en av de ledende produsentene og grossistene av hydrauliske sylindere i b\u00e5de hjemme- og internasjonale markeder. Vi f\u00f8lger prinsippet om utmerket kvalitet, bruker industrialiserte produksjonsstyringsstrategier i finproduksjonsverksteder, forbedrer kontinuerlig produksjonsplattformen, forbedrer produktkvaliteten i produksjonslinjen og har sterke innovasjonsevner. Vi tilfredsstiller kundenes ulike behov med prinsippene om h\u00f8y effektivitet, h\u00f8y n\u00f8yaktighet og h\u00f8y kvalitet.<\/p>\n<p>V\u00e5rt firma tilbyr profesjonelle tjenester, internasjonal sertifisering, tilpassede tjenester, avansert produksjonsutstyr og ettersalgstjenester.<\/p>\n<p><img decoding=\"async\" src=\"https:\/\/hzpt.com\/wp-content\/uploads\/2024\/11\/songte-company-1.webp\" alt=\"Firmaprofil\"\/><\/p>\n<p>Forfatter: lyl<\/p>","protected":false},"excerpt":{"rendered":"<p>Bucket Cylinder For Zoomlion Large Excavator ZE330E Introduction The bucket cylinder for Zoomlion large excavator ZE330E is a specially designed hydraulic cylinder mainly used to control the movement of the bucket in heavy machinery such as excavators, backhoe loaders, and front loaders. Its main function is to enable the bucket to lift, lower, and tilt, [&hellip;]<\/p>","protected":false},"featured_media":14762,"comment_status":"open","ping_status":"closed","template":"","meta":{"_et_pb_use_builder":"","_et_pb_old_content":"","_et_gb_content_width":""},"product_brand":[],"product_cat":[1494],"product_tag":[1495,1496],"class_list":{"0":"post-15505","1":"product","2":"type-product","3":"status-publish","4":"has-post-thumbnail","6":"product_cat-bucket-cylinders","7":"product_tag-bucket-cylinders","8":"product_tag-hydraulic-cylinders","10":"first","11":"instock","12":"shipping-taxable","13":"product-type-simple"},"amp_enabled":true,"_links":{"self":[{"href":"https:\/\/www.hydraulic-cylinders.net\/nb\/wp-json\/wp\/v2\/product\/15505","targetHints":{"allow":["GET"]}}],"collection":[{"href":"https:\/\/www.hydraulic-cylinders.net\/nb\/wp-json\/wp\/v2\/product"}],"about":[{"href":"https:\/\/www.hydraulic-cylinders.net\/nb\/wp-json\/wp\/v2\/types\/product"}],"replies":[{"embeddable":true,"href":"https:\/\/www.hydraulic-cylinders.net\/nb\/wp-json\/wp\/v2\/comments?post=15505"}],"wp:featuredmedia":[{"embeddable":true,"href":"https:\/\/www.hydraulic-cylinders.net\/nb\/wp-json\/wp\/v2\/media\/14762"}],"wp:attachment":[{"href":"https:\/\/www.hydraulic-cylinders.net\/nb\/wp-json\/wp\/v2\/media?parent=15505"}],"wp:term":[{"taxonomy":"product_brand","embeddable":true,"href":"https:\/\/www.hydraulic-cylinders.net\/nb\/wp-json\/wp\/v2\/product_brand?post=15505"},{"taxonomy":"product_cat","embeddable":true,"href":"https:\/\/www.hydraulic-cylinders.net\/nb\/wp-json\/wp\/v2\/product_cat?post=15505"},{"taxonomy":"product_tag","embeddable":true,"href":"https:\/\/www.hydraulic-cylinders.net\/nb\/wp-json\/wp\/v2\/product_tag?post=15505"}],"curies":[{"name":"wp","href":"https:\/\/api.w.org\/{rel}","templated":true}]}}