{"id":15506,"date":"2025-01-19T14:36:57","date_gmt":"2025-01-19T14:36:57","guid":{"rendered":"https:\/\/www.hydraulic-cylinders.net\/product\/bucket-cylinder-for-zoomlion-large-excavator-ze520e\/"},"modified":"2025-01-19T14:36:59","modified_gmt":"2025-01-19T14:36:59","slug":"bucket-cylinder-for-zoomlion-large-excavator-ze520e","status":"publish","type":"product","link":"https:\/\/www.hydraulic-cylinders.net\/nb\/produkt\/bucket-cylinder-for-zoomlion-large-excavator-ze520e\/","title":{"rendered":"Skuffesylinder for Zoomlion stor gravemaskin ZE520E"},"content":{"rendered":"<h1>Skuffesylinder for Zoomlion stor gravemaskin ZE520E<\/h1>\n<h2>Introduksjon<\/h2>\n<p>Skuffesylinderen til Zoomlion storgravemaskin ZE520E er en spesialdesignet hydraulisk sylinder som hovedsakelig brukes til \u00e5 kontrollere bevegelsen til skuffen i tunge maskiner som gravemaskiner, traktorgravere og frontlastere. Hovedfunksjonen er \u00e5 gj\u00f8re det mulig \u00e5 l\u00f8fte, senke og tilte skuffen, noe som gj\u00f8r det enklere \u00e5 h\u00e5ndtere ulike materialh\u00e5ndteringsoppgaver. I det hydrauliske systemet styrer skuffesylinderen skuffens presise bevegelse gjennom endringer i hydraulikkoljetrykket, slik at f\u00f8reren kan h\u00e5ndtere tunge laster effektivt og tilpasse seg komplekse arbeidsmilj\u00f8er og ulike driftsbehov.<\/p>\n<p><img decoding=\"async\" src=\"https:\/\/www.hydraulic-cylinders.net\/wp-content\/uploads\/2025\/01\/songte-company-2.webp\" alt=\"Skuffesylinder for Zoomlion stor gravemaskin ZE520E\"><\/p>\n<h2>Funksjoner<\/h2>\n<ul>\n<li>H\u00f8y styrke og holdbarhet: Vanligvis laget av h\u00f8yfast st\u00e5l eller aluminium, t\u00e5ler den h\u00f8yt trykk og tunge belastninger, tilpasser seg t\u00f8ffe arbeidsmilj\u00f8er og er designet med slitestyrke og korrosjonsbestandighet for \u00e5 forlenge levetiden.<\/li>\n<li>Effektiv hydraulisk drift: Jevn forlengelse og sammentrekning oppn\u00e5s ved hjelp av hydraulisk oljetrykk, kan reagere raskt p\u00e5 kontrollkommandoer, gir kraftig skyve- og trekkekrefter, egnet for h\u00e5ndtering av tunge belastninger og komplekse arbeidsoppgaver.<\/li>\n<li>Ulike typer: Enkeltvirkende (hydraulisk brukes kun i \u00e9n retning) eller dobbeltvirkende (hydraulisk brukes i begge retninger) sylindere kan velges etter behov for \u00e5 m\u00f8te ulike driftsbehov. Noen modeller er teleskopiske, noe som gir st\u00f8rre forlengelse uten \u00e5 \u00f8ke de ytre m\u00e5lene, egnet for plassbegrensede applikasjoner.<\/li>\n<li>Utskiftbare: Produktene v\u00e5re kan erstatte disse hydrauliske sylindrene perfekt.<\/li>\n<\/ul>\n<p><img decoding=\"async\" src=\"https:\/\/www.hydraulic-cylinders.net\/wp-content\/uploads\/2025\/01\/songte-cylinder-head-with-all-kinds-excavator-models.webp\" alt=\"Skuffesylinder for Zoomlion stor gravemaskin ZE520E\"><\/p>\n<h2>Bruksomr\u00e5der<\/h2>\n<p>Skuffesylinderen til Zoomlion storgraver ZE520E kan brukes i ulike felt, inkludert:<\/p>\n<ul>\n<li>Anleggsutstyr: I gravemaskiner er de viktige for graving, lasting og flytting av jord eller rusk. I gravemaskiner hjelper skuffesylindere med graving og l\u00f8fting. <\/li>\n<li>Landbruksmaskiner: Brukes til frontlastere, for \u00e5 plukke opp, l\u00f8fte og transportere jord, h\u00f8y og andre materialer. <\/li>\n<li>Gravemaskiner: Skuffesylindere muliggj\u00f8r gravefunksjon ved \u00e5 la skuffen trenge ned i jorden.<\/li>\n<li>Lastere: I frontlastere hjelper de med \u00e5 l\u00f8fte og tilte last effektivt.<\/li>\n<\/ul>\n<h2>Designhensyn og utvalgskriterier<\/h2>\n<p>N\u00e5r det gjelder designhensyn, m\u00e5 viktige faktorer som b\u00e6reevne, tetting, holdbarhet, sikkerhet og vedlikeholdbarhet tas i betraktning ved valg av b\u00f8ttesylinder. <\/p>\n<ul>\n<li>B\u00e6reevne: Sylinderen skal kunne t\u00e5le h\u00f8yt trykk og tunge belastninger for \u00e5 sikre korrekt drift.<\/li>\n<li>Tetting: Bruk av forskjellige tetninger, som stempeltetninger og stangtetninger laget av slitesterke materialer som polyuretan og nitrilgummi, kan bidra til \u00e5 forhindre oljelekkasje og forurensning.<\/li>\n<li>Holdbarhet: Sylinderens overflate b\u00f8r bearbeides n\u00f8yaktig for \u00e5 forbedre slitestyrken og korrosjonsmotstanden og forlenge levetiden.<\/li>\n<li>Sikkerhet: Sylinderens design skal v\u00e6re trygg \u00e5 bruke, og minimere risikoen for ulykker og skader.<\/li>\n<li>Vedlikehold: Tilgang til viktige deler b\u00f8r v\u00e6re enkel, slik at effektiv og rettidig utskifting og reparasjon kan utf\u00f8res.<\/li>\n<\/ul>\n<p><img decoding=\"async\" src=\"https:\/\/www.hydraulic-cylinders.net\/wp-content\/uploads\/2025\/01\/songte-oil-pipes-and-spare-parts.webp\" alt=\"Skuffesylinder for Zoomlion stor gravemaskin ZE520E\"><\/p>\n<h2>Tetting og sm\u00f8ring<\/h2>\n<p>Skuffesylinderen til Zoomlion storgraver ZE520E bruker forskjellige tetningskomponenter, som stempeltetninger og stangtetninger, laget av slitesterke materialer som polyuretan og nitrilgummi, for \u00e5 forhindre oljelekkasje og forurensning. Sylinderens overflate er presist bearbeidet for \u00e5 forbedre slitestyrken og korrosjonsmotstanden for \u00e5 forlenge levetiden. Regelmessig sm\u00f8ring med riktig mengde hydraulikkolje er n\u00f8dvendig for \u00e5 forhindre slitasje fra friksjon og sikre riktig drift.<\/p>\n<p><img decoding=\"async\" src=\"https:\/\/www.hydraulic-cylinders.net\/wp-content\/uploads\/2025\/01\/songte-chushion-collar.webp\" alt=\"Skuffesylinder for Zoomlion stor gravemaskin ZE520E\"><\/p>\n<h2>Vedlikehold og feils\u00f8king<\/h2>\n<p>Regelmessig vedlikehold er avgj\u00f8rende for \u00e5 sikre at b\u00f8ttesylinderen fungerer som den skal og forlenger levetiden. Vanlige vedlikeholdsoppgaver inkluderer regelmessige kontroller, riktig sm\u00f8ring, utskifting av pakninger og kalibreringskontroller. Riktig installasjon, sm\u00f8ring og justering er avgj\u00f8rende for \u00e5 sikre at b\u00f8ttesylinderen fungerer effektivt. Viktigheten av riktig justering og bruk av passende monteringsbraketter for \u00e5 sikre sylinderen kan ikke overvurderes. Anbefalte inspeksjons-, reparasjons- og utskiftingsprosedyrer er tilgjengelige, og tilbyr reservedeler og ombyggingstjenester, samt tips for \u00e5 \u00f8ke sylinderens levetid. <\/p>\n<p><img decoding=\"async\" src=\"https:\/\/www.hydraulic-cylinders.net\/wp-content\/uploads\/2025\/01\/songte-bushings-with-all-kinds-of-excavator-models.webp\" alt=\"Skuffesylinder for Zoomlion stor gravemaskin ZE520E\"><\/p>\n<h2>Sikkerhetshensyn og milj\u00f8faktorer<\/h2>\n<p>Sikker drift av b\u00f8ttesylinderen er avgj\u00f8rende, og sikkerhetstiltak b\u00f8r alltid tas ved installasjon, drift og vedlikehold av sylinderen. Regelmessige inspeksjoner og forebyggende vedlikehold kan bidra til \u00e5 redusere potensielle problemer og sikre sikker drift. Milj\u00f8faktorer som temperatur, fuktighet og terreng m\u00e5 tas i betraktning for \u00e5 sikre riktig drift og forhindre skade p\u00e5 sylinderen.<\/p>\n<h2>Om selskapet v\u00e5rt<\/h2>\n<p>Vi er en produsent av hydrauliske sylindere som spesialiserer seg p\u00e5 \u00e5 erstatte hydrauliske sylindere. V\u00e5rt firma tilbyr et komplett produktsortiment og har blitt en av de ledende produsentene og grossistdistribut\u00f8rene av hydrauliske sylindere i det innenlandske og internasjonale markedet. Vi f\u00f8lger utmerket kvalitet og stoler p\u00e5 strategier for industriell produksjonsstyring basert p\u00e5 sofistikerte produksjonsverksteder, kontinuerlig forbedring av produksjonsplattformen v\u00e5r og perfeksjonering av produksjonslinjer av produktkvalitet. Vi har en sterk kreativ evne og tilbyr effektive, presise og h\u00f8ykvalitetstjenester for \u00e5 m\u00f8te ulike kundebehov. <\/p>\n<p><img decoding=\"async\" src=\"https:\/\/hzpt.com\/wp-content\/uploads\/2024\/11\/songte-company-1.webp\" alt=\"Skuffesylinder for Zoomlion stor gravemaskin ZE520E\"><\/p>\n<ul>\n<li>Professionalitet, internasjonal sertifisering og tilpassede tjenester<\/li>\n<li>Produksjonsutstyr og ettersalgsservice<\/li>\n<\/ul>\n<p>Forfatter: lyl<\/p>","protected":false},"excerpt":{"rendered":"<p>Bucket Cylinder For Zoomlion Large Excavator ZE520E Introduction The bucket cylinder for Zoomlion large excavator ZE520E is a specially designed hydraulic cylinder that is mainly used to control the movement of the bucket in heavy machinery such as excavators, backhoe loaders, and front-end loaders. Its main function is to enable the bucket to lift, lower, [&hellip;]<\/p>","protected":false},"featured_media":14761,"comment_status":"open","ping_status":"closed","template":"","meta":{"_et_pb_use_builder":"","_et_pb_old_content":"","_et_gb_content_width":""},"product_brand":[],"product_cat":[1494],"product_tag":[1495,1496],"class_list":{"0":"post-15506","1":"product","2":"type-product","3":"status-publish","4":"has-post-thumbnail","6":"product_cat-bucket-cylinders","7":"product_tag-bucket-cylinders","8":"product_tag-hydraulic-cylinders","10":"first","11":"instock","12":"shipping-taxable","13":"product-type-simple"},"amp_enabled":true,"_links":{"self":[{"href":"https:\/\/www.hydraulic-cylinders.net\/nb\/wp-json\/wp\/v2\/product\/15506","targetHints":{"allow":["GET"]}}],"collection":[{"href":"https:\/\/www.hydraulic-cylinders.net\/nb\/wp-json\/wp\/v2\/product"}],"about":[{"href":"https:\/\/www.hydraulic-cylinders.net\/nb\/wp-json\/wp\/v2\/types\/product"}],"replies":[{"embeddable":true,"href":"https:\/\/www.hydraulic-cylinders.net\/nb\/wp-json\/wp\/v2\/comments?post=15506"}],"wp:featuredmedia":[{"embeddable":true,"href":"https:\/\/www.hydraulic-cylinders.net\/nb\/wp-json\/wp\/v2\/media\/14761"}],"wp:attachment":[{"href":"https:\/\/www.hydraulic-cylinders.net\/nb\/wp-json\/wp\/v2\/media?parent=15506"}],"wp:term":[{"taxonomy":"product_brand","embeddable":true,"href":"https:\/\/www.hydraulic-cylinders.net\/nb\/wp-json\/wp\/v2\/product_brand?post=15506"},{"taxonomy":"product_cat","embeddable":true,"href":"https:\/\/www.hydraulic-cylinders.net\/nb\/wp-json\/wp\/v2\/product_cat?post=15506"},{"taxonomy":"product_tag","embeddable":true,"href":"https:\/\/www.hydraulic-cylinders.net\/nb\/wp-json\/wp\/v2\/product_tag?post=15506"}],"curies":[{"name":"wp","href":"https:\/\/api.w.org\/{rel}","templated":true}]}}