{"id":15515,"date":"2025-01-19T14:37:32","date_gmt":"2025-01-19T14:37:32","guid":{"rendered":"https:\/\/www.hydraulic-cylinders.net\/product\/bucket-cylinder-for-sunward-small-excavator-swe150elr\/"},"modified":"2025-01-19T14:37:34","modified_gmt":"2025-01-19T14:37:34","slug":"bucket-cylinder-for-sunward-small-excavator-swe150elr","status":"publish","type":"product","link":"https:\/\/www.hydraulic-cylinders.net\/nb\/produkt\/bucket-cylinder-for-sunward-small-excavator-swe150elr\/","title":{"rendered":"Skuffesylinder for Sunward liten gravemaskin SWE150ELR"},"content":{"rendered":"<h1>Skuffesylinder for Sunward liten gravemaskin SWE150ELR<\/h1>\n<h2>Introduksjon<\/h2>\n<p>Skuffesylinderen til den lille Sunward-gravemaskinen SWE150ELR er en spesialdesignet hydraulisk sylinder som brukes til \u00e5 kontrollere bevegelsen til skuffen i tunge maskiner som gravemaskiner, traktorgravere og frontlastere. Hovedfunksjonen er \u00e5 gj\u00f8re det mulig \u00e5 heve, senke og vippe skuffen, noe som gj\u00f8r den praktisk for ulike materialh\u00e5ndteringsoppgaver. I det hydrauliske systemet oppn\u00e5r skuffesylinderen presis kontroll over skuffen ved hjelp av trykkendringene i hydraulikkoljen, slik at operat\u00f8rer kan h\u00e5ndtere tunge laster effektivt og tilpasse seg komplekse arbeidsmilj\u00f8er og ulike jobbkrav.<\/p>\n<p><img decoding=\"async\" src=\"https:\/\/www.hydraulic-cylinders.net\/wp-content\/uploads\/2025\/01\/songte-company-2.webp\" alt=\"Produktbilde\"><\/p>\n<h2>Funksjoner<\/h2>\n<ul>\n<li><strong>H\u00f8y styrke og holdbarhet:<\/strong> Vanligvis laget av h\u00f8yfast st\u00e5l eller aluminium, t\u00e5ler den h\u00f8yt trykk og tunge belastninger, og tilpasser seg t\u00f8ffe arbeidsforhold. Designet tar hensyn til slitestyrke og korrosjonsmotstand, noe som forlenger levetiden.<\/li>\n<li><strong>Effektiv hydraulisk drift:<\/strong> Den bruker trykket fra hydraulikkoljen for \u00e5 oppn\u00e5 jevne forlengelses- og tilbaketrekningsbevegelser, noe som muliggj\u00f8r rask respons p\u00e5 kontrollkommandoer og gir kraftige skyve- og trekkekrefter, egnet for h\u00e5ndtering av tunge belastninger og komplekse arbeidsoppgaver.<\/li>\n<li><strong>Ulike typer:<\/strong> Skuffesylinderen kan velges som enkeltvirkende (hydraulisk kun i \u00e9n retning) eller dobbeltvirkende (hydraulisk i begge retninger) basert p\u00e5 behov, for \u00e5 m\u00f8te ulike driftskrav. Noen modeller er teleskopiske, noe som gir st\u00f8rre uttrekk uten \u00e5 \u00f8ke de ytre m\u00e5lene, egnet for bruksomr\u00e5der med begrenset plass.<\/li>\n<li><strong>Erstatningskapasitet:<\/strong> Produktene v\u00e5re kan erstatte disse hydrauliske sylindrene perfekt.<\/li>\n<\/ul>\n<p><img decoding=\"async\" src=\"https:\/\/www.hydraulic-cylinders.net\/wp-content\/uploads\/2025\/01\/songte-cylinder-head-with-all-kinds-excavator-models.webp\" alt=\"Produktutskiftningsbilde\"><\/p>\n<h2>Bruksomr\u00e5der<\/h2>\n<p>Skuffesylinderen finner bruksomr\u00e5der i diverse utstyr:<\/p>\n<ul>\n<li><strong>Anleggsutstyr:<\/strong> Den spiller en viktig rolle i gravemaskiner for graving, lasting og flytting av jord eller rusk. I gravemaskiner hjelper skuffesylinderen til med b\u00e5de graving og l\u00f8fting.<\/li>\n<li><strong>Landbruksmaskiner:<\/strong> Brukes i frontlastere til \u00e5 utarbeide, l\u00f8fte og transportere jord, h\u00f8y og andre materialer.<\/li>\n<li><strong>Gravemaskiner:<\/strong> Skuffesylinderen muliggj\u00f8r graveaksjoner ved \u00e5 la skuffen trenge ned i jorden.<\/li>\n<li><strong>Lastere:<\/strong> I frontlastere hjelper de med effektiv l\u00f8fting og lossing av varer.<\/li>\n<\/ul>\n<h2>Designhensyn og utvalgskriterier<\/h2>\n<p>Ved utforming av b\u00f8ttesylindere vurderes flere faktorer:<\/p>\n<ul>\n<li><strong>B\u00e6reevne:<\/strong> Sylinderen er konstruert for \u00e5 t\u00e5le den n\u00f8dvendige belastningen uten \u00e5 oppleve deformasjon eller svikt.<\/li>\n<li><strong>Tetting:<\/strong> Ulike tetningskomponenter som stempeltetninger og stangtetninger brukes for \u00e5 sikre det hydrauliske systemets integritet og forhindre lekkasje.<\/li>\n<li><strong>Varighet:<\/strong> Sylinderen er konstruert for \u00e5 t\u00e5le p\u00e5kjenningene ved kontinuerlig bruk og motst\u00e5 slitasje.<\/li>\n<li><strong>Sikkerhet:<\/strong> Sikkerhetsfunksjoner er integrert for \u00e5 forhindre ulykker og sikre f\u00f8rerens velv\u00e6re under drift.<\/li>\n<li><strong>Vedlikeholdbarhet:<\/strong> Designet muliggj\u00f8r enkelt vedlikehold og reparasjoner, noe som reduserer nedetid og maksimerer produktiviteten.<\/li>\n<\/ul>\n<p><img decoding=\"async\" src=\"https:\/\/www.hydraulic-cylinders.net\/wp-content\/uploads\/2025\/01\/songte-oil-pipes-and-spare-parts.webp\" alt=\"Bilde av tetningskomponenter\"><\/p>\n<h2>Tetting og sm\u00f8ring<\/h2>\n<p>Skuffesylinderen benytter ulike tetningskomponenter, som stempeltetninger og stangtetninger, som er laget av slitesterke materialer som polyuretan og nitrilgummi. Sylinderhuset og gjengede ender gjennomg\u00e5r en fin overflatebehandling for \u00e5 forbedre slitestyrken. Regelmessig sm\u00f8ring med riktig mengde hydraulikkolje er n\u00f8dvendig for \u00e5 sikre problemfri drift.<\/p>\n<h2>Regelmessig inspeksjon og forebyggende vedlikehold<\/h2>\n<ul>\n<li>Inspiser b\u00f8ttesylinderen regelmessig for tegn p\u00e5 slitasje, lekkasje eller skade.<\/li>\n<li>S\u00f8rg for riktig sm\u00f8ring av alle bevegelige deler.<\/li>\n<li>Skift ut tetninger og pakninger med jevne mellomrom for \u00e5 opprettholde sylinderens integritet.<\/li>\n<\/ul>\n<h2>Riktig produktinstallasjon<\/h2>\n<p>Riktig montering av b\u00f8ttesylinderen er avgj\u00f8rende for optimal ytelse:<\/p>\n<ul>\n<li>Gi veiledning om riktig justering av sylinderen under installasjon.<\/li>\n<li>Det anbefales \u00e5 bruke passende monteringsbraketter for \u00e5 feste sylinderen.<\/li>\n<li>Gi instruksjoner for anbefalte inspeksjons-, reparasjons- og utskiftingsprosedyrer.<\/li>\n<li>Tilby reservedeler og reparasjonstjenester for \u00e5 forlenge sylinderens levetid.<\/li>\n<\/ul>\n<p><img decoding=\"async\" src=\"https:\/\/www.hydraulic-cylinders.net\/wp-content\/uploads\/2025\/01\/songte-chushion-collar.webp\" alt=\"Bilde av installasjonsveiledningen\"><\/p>\n<h2>Sikkerhetshensyn og milj\u00f8faktorer<\/h2>\n<p>Viktigheten av sikkerhetstiltak ved bruk av b\u00f8ttesylinderen b\u00f8r ikke overses. Riktige sikkerhetstiltak b\u00f8r tas for \u00e5 sikre operat\u00f8renes velv\u00e6re og forhindre ulykker. Milj\u00f8faktorer som temperatur og eksponering for korrosive elementer b\u00f8r ogs\u00e5 vurderes.<\/p>\n<h2>Feils\u00f8king og vanlige problemer<\/h2>\n<p>N\u00e5r du feils\u00f8ker problemer med b\u00f8ttesylinderen, b\u00f8r du vurdere f\u00f8lgende:<\/p>\n<ul>\n<li>Gi tips og l\u00f8sninger for \u00e5 diagnostisere og l\u00f8se problemer effektivt.<\/li>\n<li>Foresl\u00e5 forebyggende tiltak for \u00e5 minimere potensielle problemer.<\/li>\n<\/ul>\n<p><img decoding=\"async\" src=\"https:\/\/www.hydraulic-cylinders.net\/wp-content\/uploads\/2025\/01\/songte-bushings-with-all-kinds-of-excavator-models.webp\" alt=\"Bilde av feils\u00f8kingstips\"><\/p>\n<p>Husk \u00e5 organisere artikkelen logisk, bruke underoverskrifter for enkel navigering, innlemme relevante bilder eller diagrammer for \u00e5 forbedre forst\u00e5elsen, og s\u00f8rge for at innholdet er klart, konsist og egnet for lesere med ulike niv\u00e5er av teknisk kunnskap.<\/p>\n<h2>Om selskapet v\u00e5rt<\/h2>\n<p>Vi er en produsent av hydrauliske reservesylindere og tilbyr et bredt spekter av produkter. Vi har blitt en av de ledende produsentene og grossistdistribut\u00f8rene av hydrauliske sylindere i det innenlandske og internasjonale markedet. V\u00e5rt selskap f\u00f8lger en strategi for industrialisert produksjonsstyring, og er avhengig av utmerket kvalitet, avansert produksjonsutstyr og profesjonelle testsystemer. Vi forbedrer kontinuerlig v\u00e5r produksjonsplattform og produksjonsruter for produktkvalitet, og har sterke kreative evner. Vi streber etter \u00e5 m\u00f8te ulike kundebehov med h\u00f8y effektivitet, presisjon og kvalitet.<\/p>\n<p><img decoding=\"async\" src=\"https:\/\/www.hydraulic-cylinders.net\/wp-content\/uploads\/2025\/01\/songte-company-3.webp\" alt=\"Selskapets image\"><\/p>\n<h3>Profesjonalitet:<\/h3>\n<p>Vi prioriterer profesjonalitet i alle aspekter av driften v\u00e5r, fra produktdesign til kundeservice.<\/p>\n<h3>Internasjonale sertifiseringer:<\/h3>\n<p>Vi f\u00f8lger internasjonale sertifiseringer og standarder, og sikrer kvaliteten og p\u00e5liteligheten til produktene v\u00e5re.<\/p>\n<h3>Tilpasningstjenester:<\/h3>\n<p>Vi tilbyr tilpasningstjenester for \u00e5 m\u00f8te spesifikke kundekrav og levere skreddersydde l\u00f8sninger.<\/p>\n<h3>Produksjonsutstyr:<\/h3>\n<p>Vi bruker avansert produksjonsutstyr og teknologi for \u00e5 sikre presisjonen og kvaliteten p\u00e5 produktene v\u00e5re.<\/p>\n<h3>Ettersalgsservice:<\/h3>\n<p>Vi tilbyr omfattende ettersalgsservice, inkludert vedlikehold, reparasjon og utskifting av komponenter, noe som sikrer kundetilfredshet og forlenget produktlevetid.<\/p>\n<p><img decoding=\"async\" src=\"https:\/\/hzpt.com\/wp-content\/uploads\/2024\/11\/songte-company-1.webp\" alt=\"Selskapets image\"><\/p>\n<p>Forfatter: lyl<\/p>","protected":false},"excerpt":{"rendered":"<p>Bucket Cylinder For Sunward Small Excavator SWE150ELR Introduction The bucket cylinder for Sunward small excavator SWE150ELR is a specially designed hydraulic cylinder that is used to control the movement of the bucket in heavy machinery such as excavators, backhoe loaders, and front loaders. Its main function is to enable the bucket to lift, lower, and [&hellip;]<\/p>","protected":false},"featured_media":14776,"comment_status":"open","ping_status":"closed","template":"","meta":{"_et_pb_use_builder":"","_et_pb_old_content":"","_et_gb_content_width":""},"product_brand":[],"product_cat":[1494],"product_tag":[1495,1496],"class_list":{"0":"post-15515","1":"product","2":"type-product","3":"status-publish","4":"has-post-thumbnail","6":"product_cat-bucket-cylinders","7":"product_tag-bucket-cylinders","8":"product_tag-hydraulic-cylinders","10":"first","11":"instock","12":"shipping-taxable","13":"product-type-simple"},"amp_enabled":true,"_links":{"self":[{"href":"https:\/\/www.hydraulic-cylinders.net\/nb\/wp-json\/wp\/v2\/product\/15515","targetHints":{"allow":["GET"]}}],"collection":[{"href":"https:\/\/www.hydraulic-cylinders.net\/nb\/wp-json\/wp\/v2\/product"}],"about":[{"href":"https:\/\/www.hydraulic-cylinders.net\/nb\/wp-json\/wp\/v2\/types\/product"}],"replies":[{"embeddable":true,"href":"https:\/\/www.hydraulic-cylinders.net\/nb\/wp-json\/wp\/v2\/comments?post=15515"}],"wp:featuredmedia":[{"embeddable":true,"href":"https:\/\/www.hydraulic-cylinders.net\/nb\/wp-json\/wp\/v2\/media\/14776"}],"wp:attachment":[{"href":"https:\/\/www.hydraulic-cylinders.net\/nb\/wp-json\/wp\/v2\/media?parent=15515"}],"wp:term":[{"taxonomy":"product_brand","embeddable":true,"href":"https:\/\/www.hydraulic-cylinders.net\/nb\/wp-json\/wp\/v2\/product_brand?post=15515"},{"taxonomy":"product_cat","embeddable":true,"href":"https:\/\/www.hydraulic-cylinders.net\/nb\/wp-json\/wp\/v2\/product_cat?post=15515"},{"taxonomy":"product_tag","embeddable":true,"href":"https:\/\/www.hydraulic-cylinders.net\/nb\/wp-json\/wp\/v2\/product_tag?post=15515"}],"curies":[{"name":"wp","href":"https:\/\/api.w.org\/{rel}","templated":true}]}}