{"id":15517,"date":"2025-01-19T14:37:46","date_gmt":"2025-01-19T14:37:46","guid":{"rendered":"https:\/\/www.hydraulic-cylinders.net\/product\/bucket-cylinder-for-sunward-small-excavator-swe80e\/"},"modified":"2025-01-19T14:37:48","modified_gmt":"2025-01-19T14:37:48","slug":"bucket-cylinder-for-sunward-small-excavator-swe80e","status":"publish","type":"product","link":"https:\/\/www.hydraulic-cylinders.net\/nb\/produkt\/bucket-cylinder-for-sunward-small-excavator-swe80e\/","title":{"rendered":"Skuffesylinder for Sunward liten gravemaskin SWE80E"},"content":{"rendered":"<h1>Skuffesylinder for Sunward liten gravemaskin SWE80E<\/h1>\n<h2>Introduksjon<\/h2>\n<p>Skuffesylinderen til Sunward liten gravemaskin SWE80E er en spesialdesignet hydraulisk sylinder som styrer bevegelsen til skuffen i tunge maskiner som gravemaskiner, traktorgravere og frontlastere. Hovedfunksjonen er \u00e5 gj\u00f8re det mulig \u00e5 l\u00f8fte, senke og vippe skuffen, noe som gj\u00f8r det enklere \u00e5 h\u00e5ndtere ulike materialh\u00e5ndteringsoppgaver. I det hydrauliske systemet oppn\u00e5r skuffesylinderen presis kontroll over skuffen ved \u00e5 variere trykket p\u00e5 hydraulikkoljen, slik at operat\u00f8rer effektivt kan h\u00e5ndtere tunge laster og tilpasse seg komplekse arbeidsmilj\u00f8er og ulike driftsbehov.<\/p>\n<p><img decoding=\"async\" src=\"https:\/\/www.hydraulic-cylinders.net\/wp-content\/uploads\/2025\/01\/songte-company-2.webp\"><\/p>\n<h2>Funksjoner<\/h2>\n<ul>\n<li>H\u00f8y styrke og holdbarhet: Vanligvis laget av h\u00f8yfast st\u00e5l eller aluminium, t\u00e5ler den h\u00f8yt trykk og tunge belastninger, tilpasser seg t\u00f8ffe arbeidsmilj\u00f8er og er designet for slitasje- og korrosjonsbestandighet for \u00e5 forlenge levetiden.<\/li>\n<li>Effektiv hydraulisk drift: Ved \u00e5 utnytte trykket fra hydraulikkoljen for \u00e5 oppn\u00e5 jevn teleskopisk bevegelse, kan den raskt reagere p\u00e5 kontrollkommandoer, gi kraftig skyve- og trekkekraft, og er egnet for h\u00e5ndtering av tunge belastninger og komplekse oppgaver.<\/li>\n<li>Ulike typer: Enkeltvirkende (hydraulisk brukes kun i \u00e9n retning) eller dobbeltvirkende (hydraulisk brukes i begge retninger) sylindere kan velges i henhold til krav for \u00e5 m\u00f8te ulike driftsbehov. Noen modeller er teleskopiske, noe som gir st\u00f8rre forlengelse uten \u00e5 \u00f8ke de ytre m\u00e5lene, noe som gj\u00f8r dem egnet for plassbegrensede applikasjoner.<\/li>\n<li>Enkel \u00e5 installere: V\u00e5re produkter kan erstatte disse hydrauliske sylindrene perfekt.<\/li>\n<\/ul>\n<p><img decoding=\"async\" src=\"https:\/\/www.hydraulic-cylinders.net\/wp-content\/uploads\/2025\/01\/songte-cylinder-head-with-all-kinds-excavator-models.webp\"><\/p>\n<h2>Bruksomr\u00e5der<\/h2>\n<p>B\u00f8ttesylinderen er mye brukt i forskjellige tunge maskiner, for eksempel:<\/p>\n<ul>\n<li>Anleggsutstyr: I gravemaskiner er de avgj\u00f8rende for utgraving, lasting og flytting av jord eller rusk. I gravemaskiner hjelper b\u00f8ttesylindre med b\u00e5de graving og l\u00f8fting. I frontlastere hjelper de med \u00e5 l\u00f8fte og dumpe last effektivt.<\/li>\n<li>Landbruksmaskiner: Brukes i frontlastere, de graver, l\u00f8fter og transporterer jord, h\u00f8y og andre materialer. I gravemaskiner gj\u00f8r skuffesylindere det mulig for skuffen \u00e5 trenge ned i jorden for utgraving.<\/li>\n<\/ul>\n<h2>Designhensyn og utvalgskriterier<\/h2>\n<p>Ved utforming av b\u00f8ttesylindere inkluderer viktige hensyn:<\/p>\n<ul>\n<li>B\u00e6reevne: Sylinderen m\u00e5 kunne t\u00e5le belastningene den vil bli utsatt for under bruk.<\/li>\n<li>Tetting: Ulike tetningselementer, som stempeltetninger, stangtetninger osv., b\u00f8r v\u00e6re laget av slitesterke materialer som polyuretan eller nitrilgummi.<\/li>\n<li>Holdbarhet: Sylinderhuset og gjengede endeflater b\u00f8r finbearbeides for \u00e5 forbedre slitestyrken.<\/li>\n<li>Sikkerhet: Sylinderen b\u00f8r v\u00e6re utformet for \u00e5 forhindre ulykker og sikre operat\u00f8renes sikkerhet.<\/li>\n<li>Vedlikeholdsvennlighet: Sylinderen b\u00f8r v\u00e6re konstruert for enkel vedlikehold og reparasjon.<\/li>\n<\/ul>\n<p><img decoding=\"async\" src=\"https:\/\/www.hydraulic-cylinders.net\/wp-content\/uploads\/2025\/01\/songte-oil-pipes-and-spare-parts.webp\"><\/p>\n<h2>Tetting og sm\u00f8ring<\/h2>\n<p>B\u00f8ttesylindere bruker forskjellige tetningselementer, som stempeltetninger og stangtetninger, som er laget av slitesterke materialer som polyuretan eller nitrilgummi for \u00e5 sikre holdbarheten. Sylinderhuset og gjengede endeflater er fint bearbeidet for \u00e5 forbedre slitestyrken. Regelmessig tilsetning av passende hydraulisk olje kan ogs\u00e5 forbedre sm\u00f8ringen.<\/p>\n<h2>Vedlikehold og reparasjon<\/h2>\n<p>Regelmessig inspeksjon, riktig sm\u00f8ring, utskifting av tetninger og kalibreringskontroller er vanlige vedlikeholdsoppgaver. Riktig installasjon, sm\u00f8ring og justering er avgj\u00f8rende. Under installasjon anbefales det \u00e5 gi riktig veiledning for justering av sylinderen og bruke passende monteringsbraketter for \u00e5 feste sylinderen. Anbefalte inspeksjons-, reparasjons- og utskiftingsprosedyrer gis, samt tips for \u00e5 \u00f8ke sylinderens levetid.<\/p>\n<p><img decoding=\"async\" src=\"https:\/\/www.hydraulic-cylinders.net\/wp-content\/uploads\/2025\/01\/songte-chushion-collar.webp\"><\/p>\n<h2>Sikkerhetshensyn og milj\u00f8faktorer<\/h2>\n<p>N\u00e5r man bruker b\u00f8ttesylindere, er sikkerhetstiltak av st\u00f8rste betydning. Operat\u00f8rer b\u00f8r v\u00e6re skikkelig oppl\u00e6rt til \u00e5 bruke utstyret sikkert og effektivt. Milj\u00f8faktorer, som temperatur, fuktighet og st\u00f8v, b\u00f8r ogs\u00e5 tas i betraktning.<\/p>\n<h2>Feils\u00f8king og vanlige problemer<\/h2>\n<p>Vanlige problemer med b\u00f8ttesylindere inkluderer oljelekkasje, d\u00e5rlig sm\u00f8ring og skade p\u00e5 tetningselementene. Feils\u00f8kingstips og l\u00f8sninger gis for \u00e5 hjelpe leserne med \u00e5 effektivt diagnostisere og l\u00f8se problemer. Forebyggende tiltak foresl\u00e5s ogs\u00e5 for \u00e5 minimere potensielle problemer.<\/p>\n<p><img decoding=\"async\" src=\"https:\/\/www.hydraulic-cylinders.net\/wp-content\/uploads\/2025\/01\/songte-bushings-with-all-kinds-of-excavator-models.webp\"><\/p>\n<h2>Om selskapet v\u00e5rt<\/h2>\n<p>V\u00e5rt firma er en produsent av hydrauliske sylindere for utskifting. Vi tilbyr et komplett utvalg av produkter og har blitt en av de ledende produsentene og grossistene av hydrauliske sylindere p\u00e5 det innenlandske og internasjonale markedet. Vi f\u00f8lger prinsippet om utmerket kvalitet og er avhengige av den industrielle produksjonsstyringsstrategien til finproduksjonsverksteder. Vi forbedrer kontinuerlig produksjonsplattformen til verkstedene v\u00e5re, perfeksjonerer produksjonslinjen v\u00e5r for produktkvalitet og har en sterk produksjonsevne for \u00e5 m\u00f8te kundenes ulike behov med h\u00f8y effektivitet, h\u00f8y presisjon og h\u00f8y kvalitet.<\/p>\n<p>V\u00e5rt firma tilbyr profesjonell, internasjonal sertifisering, tilpassede tjenester, produksjonsutstyr og ettersalgstjenester.<\/p>\n<p><img decoding=\"async\" src=\"https:\/\/hzpt.com\/wp-content\/uploads\/2024\/11\/songte-company-1.webp\"><\/p>\n<p>Forfatter: lyl.<\/p>","protected":false},"excerpt":{"rendered":"<p>Bucket Cylinder For Sunward Small Excavator SWE80E Introduction The bucket cylinder for Sunward small excavator SWE80E is a specially designed hydraulic cylinder that controls the movement of the bucket in heavy machinery such as excavators, backhoe excavators, and front-end loaders. Its main function is to enable the bucket to be lifted, lowered, and tilted, making [&hellip;]<\/p>","protected":false},"featured_media":14771,"comment_status":"open","ping_status":"closed","template":"","meta":{"_et_pb_use_builder":"","_et_pb_old_content":"","_et_gb_content_width":""},"product_brand":[],"product_cat":[1494],"product_tag":[1495,1496],"class_list":{"0":"post-15517","1":"product","2":"type-product","3":"status-publish","4":"has-post-thumbnail","6":"product_cat-bucket-cylinders","7":"product_tag-bucket-cylinders","8":"product_tag-hydraulic-cylinders","10":"first","11":"instock","12":"shipping-taxable","13":"product-type-simple"},"amp_enabled":true,"_links":{"self":[{"href":"https:\/\/www.hydraulic-cylinders.net\/nb\/wp-json\/wp\/v2\/product\/15517","targetHints":{"allow":["GET"]}}],"collection":[{"href":"https:\/\/www.hydraulic-cylinders.net\/nb\/wp-json\/wp\/v2\/product"}],"about":[{"href":"https:\/\/www.hydraulic-cylinders.net\/nb\/wp-json\/wp\/v2\/types\/product"}],"replies":[{"embeddable":true,"href":"https:\/\/www.hydraulic-cylinders.net\/nb\/wp-json\/wp\/v2\/comments?post=15517"}],"wp:featuredmedia":[{"embeddable":true,"href":"https:\/\/www.hydraulic-cylinders.net\/nb\/wp-json\/wp\/v2\/media\/14771"}],"wp:attachment":[{"href":"https:\/\/www.hydraulic-cylinders.net\/nb\/wp-json\/wp\/v2\/media?parent=15517"}],"wp:term":[{"taxonomy":"product_brand","embeddable":true,"href":"https:\/\/www.hydraulic-cylinders.net\/nb\/wp-json\/wp\/v2\/product_brand?post=15517"},{"taxonomy":"product_cat","embeddable":true,"href":"https:\/\/www.hydraulic-cylinders.net\/nb\/wp-json\/wp\/v2\/product_cat?post=15517"},{"taxonomy":"product_tag","embeddable":true,"href":"https:\/\/www.hydraulic-cylinders.net\/nb\/wp-json\/wp\/v2\/product_tag?post=15517"}],"curies":[{"name":"wp","href":"https:\/\/api.w.org\/{rel}","templated":true}]}}