{"id":1552,"date":"2023-09-28T08:38:28","date_gmt":"2023-09-28T08:38:28","guid":{"rendered":"https:\/\/hydraulic-cylinders.net\/?post_type=product&#038;p=1552"},"modified":"2025-04-15T05:44:34","modified_gmt":"2025-04-15T05:44:34","slug":"mobile-crane-telescopic-cylinder","status":"publish","type":"product","link":"https:\/\/www.hydraulic-cylinders.net\/nb\/produkt\/mobile-crane-telescopic-cylinder\/","title":{"rendered":"Teleskopisk sylinder for mobilkran"},"content":{"rendered":"<h1 style=\"text-align: center;\"><strong>Teleskopisk sylinder for mobilkran<\/strong><\/h1>\n<p><img loading=\"lazy\" decoding=\"async\" class=\"aligncenter wp-image-1553\" src=\"https:\/\/hydraulic-cylinders.net\/wp-content\/uploads\/2023\/09\/telescopic-cylinder-1-2-300x300.webp\" alt=\"\" width=\"400\" height=\"400\" \/><\/p>\n<p>Mobilkranens teleskopsylinder er viktig i mobile kransystemer og er spesielt utviklet for \u00e5 forbedre rekkevidde og l\u00f8fteytelse. Denne hydrauliske sylinderen gj\u00f8r det mulig for kranf\u00f8rere \u00e5 forlenge kranens bomseksjoner, noe som gir \u00f8kt vertikal og horisontal rekkevidde og forbedret l\u00f8ftekapasitet.<\/p>\n<p>Mobilkranens teleskopsylinder er en viktig komponent som forbedrer mobilkranens rekkevidde, l\u00f8ftekapasitet og generelle ytelse. Med sin robuste konstruksjon, teleskopiske design, utvidede rekkevidde og forbedrede l\u00f8ftekapasitet, gir denne hydrauliske sylinderen operat\u00f8rer muligheten til \u00e5 takle ulike l\u00f8fteoppgaver enkelt og effektivt. Ved \u00e5 f\u00f8lge de anbefalte bruksmetodene og vedlikeholdspraksisene kan operat\u00f8rer maksimere levetiden og ytelsen til mobilkranens teleskopsylinder, noe som bidrar til \u00f8kt produktivitet, allsidighet og sikkerhet p\u00e5 byggeplasser og i industrielle applikasjoner. Invester i denne viktige hydrauliske komponenten for \u00e5 \u00f8ke mobilkranens kapasitet og sikre vellykkede og effektive l\u00f8fteoperasjoner.<\/p>\n<p>Mobilkran teleskopsylinder Viktige egenskaper:<\/p>\n<ol>\n<li>Robust konstruksjon:<\/li>\n<\/ol>\n<ul>\n<li>Mobilkranens teleskopsylinder er konstruert med materialer av h\u00f8y kvalitet, noe som sikrer holdbarhet og lang levetid selv under krevende driftsforhold.<\/li>\n<li>Den er konstruert for \u00e5 t\u00e5le tunge belastninger, vibrasjoner og ekstreme v\u00e6rforhold, og gir p\u00e5litelig ytelse gjennom hele levetiden.<\/li>\n<\/ul>\n<ol start=\"2\">\n<li>Teleskopisk design:<\/li>\n<\/ol>\n<ul>\n<li>Denne hydrauliske sylinderen har en teleskopmekanisme som tillater forlengelse og inntrekking av flere bomseksjoner.<\/li>\n<li>Det teleskopiske designet gj\u00f8r at kranen kan n\u00e5 st\u00f8rre h\u00f8yder og avstander, noe som gj\u00f8r den egnet for et bredt spekter av l\u00f8fteoppgaver.<\/li>\n<\/ul>\n<ol start=\"3\">\n<li>Forbedret rekkevidde og fleksibilitet:<\/li>\n<\/ol>\n<ul>\n<li>Ved \u00e5 forlenge bomseksjonene \u00f8ker teleskopsylinderen kranens rekkevidde betydelig, b\u00e5de vertikalt og horisontalt.<\/li>\n<li>Det gj\u00f8r det mulig for operat\u00f8rer \u00e5 f\u00e5 tilgang til forh\u00f8yede arbeidsomr\u00e5der, man\u00f8vrere rundt hindringer og n\u00e5 over hindringer, noe som forbedrer kranens allsidighet p\u00e5 arbeidsstedet.<\/li>\n<\/ul>\n<ol start=\"4\">\n<li>Forbedret l\u00f8ftekapasitet:<\/li>\n<\/ol>\n<ul>\n<li>Teleskopsylinderen forbedrer kranens l\u00f8ftekapasitet ved \u00e5 gi st\u00f8rre stabilitet og redusere belastningen p\u00e5 individuelle bomseksjoner.<\/li>\n<li>Den fordeler lasten jevnere over den utstrakte bommen, noe som gir tryggere og mer effektive l\u00f8fteoperasjoner.<\/li>\n<\/ul>\n<h2><strong>Parameter for teleskopisk sylinder til mobilkran:<\/strong><\/h2>\n<table border=\"1\" cellspacing=\"0\" cellpadding=\"0\">\n<tbody>\n<tr>\n<td>Produktnavn<\/td>\n<td>Teleskopisk sylinder for mobilkran<\/td>\n<\/tr>\n<tr>\n<td>Funksjoner:<\/td>\n<td>Realiser den line\u00e6re teleskopiske bevegelsen til bommen<\/td>\n<\/tr>\n<tr>\n<td>Borediameter:<\/td>\n<td>75 mm \uff5e360 mm<\/td>\n<\/tr>\n<tr>\n<td>Stangdiameter:<\/td>\n<td>50 mm \uff5e320 mm<br \/>\nSlaglengde \u226422000 mm<\/td>\n<\/tr>\n<tr>\n<td>Trykk:<\/td>\n<td>Maksimum 42 MPa<\/td>\n<\/tr>\n<tr>\n<td>Hydraulisk styresylinderapplikasjoner:<\/td>\n<td>Mobilkran<\/td>\n<\/tr>\n<\/tbody>\n<\/table>\n<h2><strong>Identifikasjonsdiagram for mobilkran:<\/strong><\/h2>\n<p><img loading=\"lazy\" decoding=\"async\" class=\"alignnone wp-image-1551 size-full\" src=\"https:\/\/hydraulic-cylinders.net\/wp-content\/uploads\/2023\/09\/mobile-crane-cylinder-construction-1.webp\" alt=\"\" width=\"1418\" height=\"946\" srcset=\"https:\/\/hydraulic-cylinders.net\/wp-content\/uploads\/2023\/09\/mobile-crane-cylinder-construction-1.webp 1418w, https:\/\/hydraulic-cylinders.net\/wp-content\/uploads\/2023\/09\/mobile-crane-cylinder-construction-1-1280x854.webp 1280w, https:\/\/hydraulic-cylinders.net\/wp-content\/uploads\/2023\/09\/mobile-crane-cylinder-construction-1-980x654.webp 980w, https:\/\/hydraulic-cylinders.net\/wp-content\/uploads\/2023\/09\/mobile-crane-cylinder-construction-1-480x320.webp 480w\" sizes=\"(min-width: 0px) and (max-width: 480px) 480px, (min-width: 481px) and (max-width: 980px) 980px, (min-width: 981px) and (max-width: 1280px) 1280px, (min-width: 1281px) 1418px, 100vw\" \/><\/p>\n<h2><strong>Bruksmetode for teleskopsylinder for mobilkran<\/strong><strong>:<\/strong><\/h2>\n<ol>\n<li><strong>Sikkerhetsregler:<\/strong><\/li>\n<\/ol>\n<ul>\n<li>F\u00f8r du bruker mobilkranen, m\u00e5 du s\u00f8rge for at alle sikkerhetsretningslinjer og forskrifter f\u00f8lges.<\/li>\n<li>Utf\u00f8r en grundig inspeksjon av kranen og dens komponenter, inkludert teleskopsylinderen, for \u00e5 sikre at de er i riktig driftstilstand.<\/li>\n<\/ul>\n<ol start=\"2\">\n<li><strong>Bli kjent med kontrollene:<\/strong><\/li>\n<\/ol>\n<ul>\n<li>Forst\u00e5 kontrollmekanismene og driftsprosedyrene som er spesifikke for din mobilkranmodell.<\/li>\n<li>Identifiser kontrollene som er ansvarlige for \u00e5 forlenge og trekke inn teleskopbomseksjonene.<\/li>\n<\/ul>\n<ol start=\"3\">\n<li><strong>Forlengelse av bommen:<\/strong><\/li>\n<\/ol>\n<ul>\n<li>Aktiver riktig betjening for \u00e5 forlenge teleskopsylinderen, slik at bomseksjonene kan utvikles fullt ut.<\/li>\n<li>F\u00f8lg produsentens retningslinjer og lastdiagrammer for \u00e5 bestemme sikre forlengelsesgrenser basert p\u00e5 lastvekt og radius.<\/li>\n<\/ul>\n<ol start=\"4\">\n<li><strong>Inntrekking av bommen:<\/strong><\/li>\n<\/ol>\n<ul>\n<li>N\u00e5r l\u00f8fteoperasjonen er fullf\u00f8rt, aktiver kontrollen for \u00e5 trekke tilbake teleskopsylinderen, slik at bomseksjonene bringes tilbake til hvileposisjon.<\/li>\n<li>S\u00f8rg for at hver seksjon trekkes jevnt inn og justeres riktig i forhold til de tilst\u00f8tende omr\u00e5dene.<\/li>\n<\/ul>\n<h2><strong>Hvordan lufte ut et hydraulisk system?<\/strong><\/h2>\n<p>Det er n\u00f8dvendig \u00e5 lufte et hydraulisk system for \u00e5 sikre riktig drift og forhindre problemer som redusert ytelse, svampaktig respons eller uregelmessig oppf\u00f8rsel. Her er en trinnvis veiledning om hvordan du lufter et hydraulisk system:<\/p>\n<ol>\n<li><strong>Identifiser bl\u00f8dningspunkter:<\/strong>\n<ul>\n<li>Bestem stedene i det hydrauliske systemet hvor luft kan bli fanget. Vanlige luftepunkter inkluderer lufteventiler, lufteskruer eller beslag med avtakbare hetter.<\/li>\n<li>Se systemets h\u00e5ndbok eller produsentens retningslinjer for spesifikk informasjon om utluftingspunkter.<\/li>\n<\/ul>\n<\/li>\n<li><strong>Klargj\u00f8r systemet:<\/strong>\n<ul>\n<li>S\u00f8rg for at det hydrauliske systemet er sl\u00e5tt av og at trykket er helt utl\u00f8st.<\/li>\n<li>Hvis aktuelt, finn hydraulikkv\u00e6skebeholderen og kontroller v\u00e6skeniv\u00e5et. Hold v\u00e6skeniv\u00e5et innenfor det anbefalte omr\u00e5det.<\/li>\n<\/ul>\n<\/li>\n<li><strong>Start p\u00e5 det laveste punktet:<\/strong>\n<ul>\n<li>Start luftingen p\u00e5 det laveste punktet i systemet der luft kan samle seg.<\/li>\n<li>L\u00f8sne lufteventilen eller fjern hetten p\u00e5 monteringsdekselet for \u00e5 f\u00e5 tilgang til lufteskruen.<\/li>\n<\/ul>\n<\/li>\n<li><strong>\u00c5pne utluftingspunktet:<\/strong>\n<ul>\n<li>Bruk et passende verkt\u00f8y, for eksempel en skiften\u00f8kkel eller skrutrekker, til \u00e5 sakte \u00e5pne lufteventilen eller l\u00f8sne lufteskruen.<\/li>\n<li>V\u00e6r forsiktig s\u00e5 du ikke fjerner ventilen eller skruen, da dette kan f\u00f8re til v\u00e6skelekkasje.<\/li>\n<\/ul>\n<\/li>\n<li><strong>Rens luften:<\/strong>\n<ul>\n<li>N\u00e5r luftepunktet \u00e5pnes, kan luftbobler begynne \u00e5 slippe ut sammen med hydraulikkv\u00e6sken.<\/li>\n<li>La luften slippe ut av systemet til det observeres en jevn v\u00e6skestr\u00f8m uten luftbobler.<\/li>\n<li>Ha en beholder eller et absorberende materiale for h\u00e5nden for \u00e5 samle opp v\u00e6ske som kan s\u00f8les under denne prosessen.<\/li>\n<\/ul>\n<\/li>\n<li><strong>Lukk utluftingspunktet:<\/strong>\n<ul>\n<li>N\u00e5r luften er t\u00f8mt, lukk lufteventilen eller stram lufteskruen godt til.<\/li>\n<li>S\u00f8rg for at ventilen eller skruen er tilstrekkelig forseglet for \u00e5 forhindre ytterligere luftinntrengning.<\/li>\n<\/ul>\n<\/li>\n<li><strong>G\u00e5 til neste utluftingspunkt:<\/strong>\n<ul>\n<li>G\u00e5 til det nest h\u00f8yeste punktet i systemet der luft kan samle seg, og gjenta trinn 4\u20136.<\/li>\n<li>Fortsett \u00e5 lufte systemet ved hvert identifiserte luftepunkt, og arbeid deg opp til det h\u00f8yeste punktet.<\/li>\n<\/ul>\n<\/li>\n<li><strong>Sjekk v\u00e6skeniv\u00e5et:<\/strong>\n<ul>\n<li>Overv\u00e5k v\u00e6skeniv\u00e5et i beholderen gjennom hele lufteprosessen, og etterfyll om n\u00f8dvendig.<\/li>\n<li>Bruk den anbefalte hydrauliske v\u00e6sken som er spesifisert i systemets h\u00e5ndbok eller av produsenten.<\/li>\n<\/ul>\n<\/li>\n<li><strong>Test og verifiser:<\/strong>\n<ul>\n<li>Etter lufting av alle identifiserte punkter, betjen det hydrauliske systemet for \u00e5 sikre at det fungerer som det skal.<\/li>\n<li>Se etter tegn p\u00e5 svampaktig respons, unormale lyder eller uberegnelig oppf\u00f8rsel.<\/li>\n<li>Gjenta luftingen hvis problemene vedvarer, eller kontakt en kvalifisert tekniker for ytterligere hjelp.<\/li>\n<\/ul>\n<\/li>\n<\/ol>\n<h2><strong>Fabrikkens kapasitet og kapasitet:<\/strong><\/h2>\n<h3>(1) Montering<\/h3>\n<p>Vi har en f\u00f8rsteklasses uavhengig forsknings- og utviklingsplattform for montering. Verkstedet for produksjon av hydrauliske sylindere har fire halvautomatiske monteringslinjer for l\u00f8ftesylindere og \u00e9n automatisk monteringslinje for vippesylindere, med en \u00e5rlig produksjonskapasitet p\u00e5 1 million enheter. Spesialsylinderverkstedet er utstyrt med ulike spesifikasjoner for et halvautomatisk rengj\u00f8ringsmonteringssystem med en \u00e5rlig produksjonskapasitet p\u00e5 200 000 enheter, og er utstyrt med kjent CNC-maskineringsutstyr, et maskineringssenter, spesialutstyr for h\u00f8ypresisjons sylinderbehandling, en robotsveisemaskin, en automatisk rengj\u00f8ringsmaskin, en automatisk sylindermonteringsmaskin og en automatisk produksjonslinje for lakkering. Vi har mer enn 300 sett (sett) av kritisk utstyr. Optimal allokering og effektiv bruk av utstyrsressurser sikrer n\u00f8yaktighetskravene til produktene og oppfyller produktenes h\u00f8ye kvalitetsbehov.<\/p>\n<p><img loading=\"lazy\" decoding=\"async\" class=\"alignnone wp-image-626\" src=\"https:\/\/hydraulic-cylinders.net\/wp-content\/uploads\/2023\/08\/hydraulic-cylinder-product-1-300x158.webp\" alt=\"\" width=\"495\" height=\"260\" srcset=\"https:\/\/hydraulic-cylinders.net\/wp-content\/uploads\/2023\/08\/hydraulic-cylinder-product-1-300x158.webp 495w, https:\/\/hydraulic-cylinders.net\/wp-content\/uploads\/2023\/08\/hydraulic-cylinder-product-1-480x252.webp 480w\" sizes=\"(min-width: 0px) and (max-width: 480px) 480px, (min-width: 481px) 495px, 100vw\" \/> <img loading=\"lazy\" decoding=\"async\" class=\"alignnone wp-image-627\" src=\"https:\/\/hydraulic-cylinders.net\/wp-content\/uploads\/2023\/08\/hydraulic-cylinder-product-2-300x189.webp\" alt=\"\" width=\"413\" height=\"260\" \/><\/p>\n<h3>(2) Maskinering<\/h3>\n<p>Maskineringsverkstedet er utstyrt med et spesialtilpasset dreiesenter for skr\u00e5 skinner, maskineringssenter, h\u00f8yhastighets honemaskin, sveiserobot og annet relatert utstyr, som kan h\u00e5ndtere bearbeiding av sylinderr\u00f8r med en maksimal indre diameter p\u00e5 400 mm og en maksimal lengde p\u00e5 6 meter.<\/p>\n<p><img loading=\"lazy\" decoding=\"async\" class=\"alignnone wp-image-628 size-large\" src=\"https:\/\/hydraulic-cylinders.net\/wp-content\/uploads\/2023\/08\/hydraulic-cylinder-product-3-1024x391.webp\" alt=\"\" width=\"1024\" height=\"391\" srcset=\"https:\/\/hydraulic-cylinders.net\/wp-content\/uploads\/2023\/08\/hydraulic-cylinder-product-3-980x374.webp 980w, https:\/\/hydraulic-cylinders.net\/wp-content\/uploads\/2023\/08\/hydraulic-cylinder-product-3-480x183.webp 480w\" sizes=\"(min-width: 0px) and (max-width: 480px) 480px, (min-width: 481px) and (max-width: 980px) 980px, (min-width: 981px) 1024px, 100vw\" \/><\/p>\n<h3>(3) Sveising<\/h3>\n<p><img loading=\"lazy\" decoding=\"async\" class=\"alignnone wp-image-629 size-large\" src=\"https:\/\/hydraulic-cylinders.net\/wp-content\/uploads\/2023\/08\/hydraulic-cylinder-product-4-1024x510.webp\" alt=\"\" width=\"1024\" height=\"510\" srcset=\"https:\/\/hydraulic-cylinders.net\/wp-content\/uploads\/2023\/08\/hydraulic-cylinder-product-4-980x488.webp 980w, https:\/\/hydraulic-cylinders.net\/wp-content\/uploads\/2023\/08\/hydraulic-cylinder-product-4-480x239.webp 480w\" sizes=\"(min-width: 0px) and (max-width: 480px) 480px, (min-width: 481px) and (max-width: 980px) 980px, (min-width: 981px) 1024px, 100vw\" \/><\/p>\n<h3>(4) Maling og belegg<\/h3>\n<p>Med sm\u00e5 og mellomstore sylinderautomatiske vannbaserte malingsbeleggslinjer, for \u00e5 oppn\u00e5 automatisk robotlasting og -lossing og automatisk spr\u00f8yting, er den designede kapasiteten 4000 stykker per skift;<br \/>\nVi har ogs\u00e5 en halvautomatisk produksjonslinje for maling for store sylindere drevet av en kabelkjede, med en designkapasitet p\u00e5 60 kasser per skift.<\/p>\n<p><img loading=\"lazy\" decoding=\"async\" class=\"alignnone wp-image-630\" src=\"https:\/\/hydraulic-cylinders.net\/wp-content\/uploads\/2023\/08\/hydraulic-cylinder-product-5-300x213.webp\" alt=\"\" width=\"366\" height=\"260\" \/> <img loading=\"lazy\" decoding=\"async\" class=\"alignnone wp-image-631\" src=\"https:\/\/hydraulic-cylinders.net\/wp-content\/uploads\/2023\/08\/hydraulic-cylinder-product-6-300x225.webp\" alt=\"\" width=\"347\" height=\"260\" \/><\/p>\n<h3>(5) Testing<\/h3>\n<p>Vi har f\u00f8rsteklasses inspeksjonsfasiliteter og testbenker for \u00e5 sikre at sylinderens ytelse oppfyller kravene.<\/p>\n<p><img loading=\"lazy\" decoding=\"async\" class=\"alignnone wp-image-632\" src=\"https:\/\/hydraulic-cylinders.net\/wp-content\/uploads\/2023\/08\/hydraulic-cylinder-product-8-300x200.webp\" alt=\"\" width=\"389\" height=\"260\" \/><\/p>\n<p>&nbsp;<\/p>\n<p>&nbsp;<\/p>\n<p>Vi er en av de beste produsentene av hydrauliske sylindere. Vi kan tilby et omfattende utvalg av hydrauliske sylindere. Vi tilbyr ogs\u00e5 tilsvarende <a href=\"https:\/\/hzpt.com\/agricultural-pto-gearbox\/\" target=\"_blank\" rel=\"noopener\">landbruksgirkasser<\/a>Vi har eksportert produktene v\u00e5re til kunder over hele verden og opparbeidet oss et godt rykte p\u00e5 grunn av v\u00e5r overlegne produktkvalitet og ettersalgsservice. Vi \u00f8nsker kunder i inn- og utland velkommen til \u00e5 kontakte oss for \u00e5 forhandle om forretninger, utveksle informasjon og <a href=\"https:\/\/www.hydraulic-cylinders.net\/nb\/contact-us\/\">samarbeide med oss<\/a>!<\/p>","protected":false},"excerpt":{"rendered":"<p>Mobile Crane Telescopic Cylinder The mobile crane telescopic cylinder is vital in mobile crane systems and is specifically designed to enhance reach and lifting performance. This hydraulic cylinder enables crane operators to extend the boom sections of the crane, allowing for increased vertical and horizontal reach and improved lifting capacity. The mobile crane telescopic cylinder [&hellip;]<\/p>","protected":false},"featured_media":1559,"comment_status":"open","ping_status":"closed","template":"","meta":{"_et_pb_use_builder":"","_et_pb_old_content":"","_et_gb_content_width":""},"product_brand":[],"product_cat":[1550,1514,1552,1393],"product_tag":[1380],"class_list":{"0":"post-1552","1":"product","2":"type-product","3":"status-publish","4":"has-post-thumbnail","6":"product_cat-double-acting-hydraulic-cylinder","7":"product_cat-mobile-crane-hydraulic-cylinders","8":"product_cat-stainless-steel-hydraulic-cylinder","9":"product_cat-telescopic-hydraulic-cylinder","10":"product_tag-hydraulic-cylinder","12":"first","13":"instock","14":"shipping-taxable","15":"product-type-simple"},"amp_enabled":true,"_links":{"self":[{"href":"https:\/\/www.hydraulic-cylinders.net\/nb\/wp-json\/wp\/v2\/product\/1552","targetHints":{"allow":["GET"]}}],"collection":[{"href":"https:\/\/www.hydraulic-cylinders.net\/nb\/wp-json\/wp\/v2\/product"}],"about":[{"href":"https:\/\/www.hydraulic-cylinders.net\/nb\/wp-json\/wp\/v2\/types\/product"}],"replies":[{"embeddable":true,"href":"https:\/\/www.hydraulic-cylinders.net\/nb\/wp-json\/wp\/v2\/comments?post=1552"}],"wp:featuredmedia":[{"embeddable":true,"href":"https:\/\/www.hydraulic-cylinders.net\/nb\/wp-json\/wp\/v2\/media\/1559"}],"wp:attachment":[{"href":"https:\/\/www.hydraulic-cylinders.net\/nb\/wp-json\/wp\/v2\/media?parent=1552"}],"wp:term":[{"taxonomy":"product_brand","embeddable":true,"href":"https:\/\/www.hydraulic-cylinders.net\/nb\/wp-json\/wp\/v2\/product_brand?post=1552"},{"taxonomy":"product_cat","embeddable":true,"href":"https:\/\/www.hydraulic-cylinders.net\/nb\/wp-json\/wp\/v2\/product_cat?post=1552"},{"taxonomy":"product_tag","embeddable":true,"href":"https:\/\/www.hydraulic-cylinders.net\/nb\/wp-json\/wp\/v2\/product_tag?post=1552"}],"curies":[{"name":"wp","href":"https:\/\/api.w.org\/{rel}","templated":true}]}}