{"id":15520,"date":"2025-01-19T14:37:58","date_gmt":"2025-01-19T14:37:58","guid":{"rendered":"https:\/\/www.hydraulic-cylinders.net\/product\/bucket-cylinder-for-sunward-middle-excavator-swe26olc\/"},"modified":"2025-01-19T14:38:00","modified_gmt":"2025-01-19T14:38:00","slug":"bucket-cylinder-for-sunward-middle-excavator-swe26olc","status":"publish","type":"product","link":"https:\/\/www.hydraulic-cylinders.net\/nb\/produkt\/bucket-cylinder-for-sunward-middle-excavator-swe26olc\/","title":{"rendered":"Skuffesylinder for Sunward Middle Gravemaskin SWE26OLC"},"content":{"rendered":"<h1>Skuffesylinder for Sunward Middle Gravemaskin SWE26OLC<\/h1>\n<h2>Introduksjon<\/h2>\n<p>A bucket cylinder is a specially designed hydraulic cylinder mainly used for controlling the movement of buckets in heavy machinery such as excavators, backhoe excavators, and front-end loaders. Its main function is to enable the bucket to lift, lower, and tilt, thus facilitating various material handling tasks. In the hydraulic system, the bucket cylinder achieves precise control of the bucket&#8217;s movement by varying the pressure of hydraulic oil, enabling operators to efficiently handle heavy objects and adapt to complex working environments and diverse job requirements.<\/p>\n<p><img decoding=\"async\" src=\"https:\/\/www.hydraulic-cylinders.net\/wp-content\/uploads\/2025\/01\/songte-company-2.webp\" alt=\"Bilde av b\u00f8ttesylinder\"><\/p>\n<h2>Funksjoner<\/h2>\n<ul>\n<li>H\u00f8y styrke og holdbarhet: Vanligvis laget av h\u00f8yfast st\u00e5l eller aluminium, t\u00e5ler den h\u00f8yt trykk og tunge belastninger, tilpasser seg t\u00f8ffe arbeidsmilj\u00f8er og er designet med slitestyrke og korrosjonsbestandighet i tankene for \u00e5 forlenge levetiden.<\/li>\n<li>Effektiv hydraulisk drift: Bruker hydraulisk oljetrykk for \u00e5 oppn\u00e5 jevn forlengelse og tilbaketrekking, kan raskt reagere p\u00e5 kontrollkommandoer, gi kraftige skyve- og trekkekrefter, og er egnet for h\u00e5ndtering av tunge gjenstander og komplekse arbeidsoppgaver.<\/li>\n<li>Flere typer: Kan velge enkeltvirkende (hydraulisk brukt kun i \u00e9n retning) eller dobbeltvirkende (hydraulisk brukt i begge retninger) sylindere etter behov for \u00e5 m\u00f8te ulike driftskrav. Noen modeller er teleskopiske, noe som gir st\u00f8rre forlengelse uten \u00e5 \u00f8ke de ytre dimensjonene, noe som gj\u00f8r dem egnet for plassbegrensede applikasjoner.<\/li>\n<li>Produksjon: V\u00e5rt firma kan produsere dette produktet, og produktet v\u00e5rt kan v\u00e6re en perfekt erstatning for disse hydrauliske sylindrene.<\/li>\n<\/ul>\n<p><img decoding=\"async\" src=\"https:\/\/www.hydraulic-cylinders.net\/wp-content\/uploads\/2025\/01\/songte-cylinder-head-with-all-kinds-excavator-models.webp\" alt=\"Bilde av utskifting av b\u00f8ttesylinder\"><\/p>\n<h2>Bruksomr\u00e5der<\/h2>\n<p>Skottesylinderen har ulike bruksomr\u00e5der i forskjellige bransjer, som for eksempel:<\/p>\n<ul>\n<li>Anleggsutstyr: I gravemaskiner er de avgj\u00f8rende for graving, lasting og flytting av jord eller rusk. I gravemaskiner hjelper skuffesylinderen med b\u00e5de graving og l\u00f8fting. <\/li>\n<li>Landbruksmaskiner: Brukes til frontlastere, for \u00e5 plukke opp, l\u00f8fte og transportere jord, h\u00f8y og andre materialer. <\/li>\n<li>Gravemaskiner: Skuffesylinderen oppn\u00e5r graveaksjonen ved \u00e5 la skuffen trenge ned i jorden. <\/li>\n<li>Frontlastere: I frontlastere hjelper de med \u00e5 l\u00f8fte og tilte varer effektivt.<\/li>\n<\/ul>\n<p>Skuffesylinderen kan brukes til ulike oppgaver i ulike bransjer, noe som gj\u00f8r den til et allsidig utstyr.<\/p>\n<h2>Designhensyn og utvalgskriterier<\/h2>\n<p>Designhensynene for b\u00f8ttesylindere inkluderer b\u00e6reevne, tetningsevne, holdbarhet, sikkerhet og vedlikeholdsvennlighet. V\u00e5re b\u00f8ttesylindere er konstruert for \u00e5 t\u00e5le tunge belastninger, med overlegen tetting for \u00e5 forhindre lekkasje og sikre lang levetid. De er laget av slitesterke materialer og er konstruert med tanke p\u00e5 sikkerhet og vedlikehold. <\/p>\n<p>Noen av utvalgskriteriene for b\u00f8ttesylindere inkluderer sylinderboring og slaglengde, driftstrykk og temperaturomr\u00e5de, og installasjonsplass. Produktene v\u00e5re har et bredt spekter av spesifikasjoner for \u00e5 m\u00f8te ulike krav.<\/p>\n<p><img decoding=\"async\" src=\"https:\/\/www.hydraulic-cylinders.net\/wp-content\/uploads\/2025\/01\/songte-oil-pipes-and-spare-parts.webp\" alt=\"Bilde av reservedeler for b\u00f8ttesylinder\"><\/p>\n<h2>Tetting og sm\u00f8ring<\/h2>\n<p>V\u00e5re b\u00f8ttesylindere bruker forskjellige tetninger som stempeltetninger, stangtetninger osv., laget av slitesterke materialer som polyuretan, nitrilgummi osv., og sylinderhuset og gjengeenden er fint bearbeidet for \u00e5 forbedre slitestyrken. Regelmessig sm\u00f8ring med passende hydraulikkolje er n\u00f8dvendig for \u00e5 sikre problemfri drift.<\/p>\n<h2>Vedlikehold og reparasjon<\/h2>\n<p>Regelmessige inspeksjoner, passende sm\u00f8ring, utskifting av pakninger og kalibreringskontroller er vanlige vedlikeholdsoppgaver for b\u00f8ttesylindere. Riktig installasjon, sm\u00f8ring og justering er avgj\u00f8rende for \u00e5 sikre b\u00f8ttesylindernes levetid. Under installasjon er riktig justering av sylinderen viktig, og passende monteringsbraketter b\u00f8r brukes til \u00e5 feste sylinderen. Vi anbefaler regelmessige inspeksjons-, reparasjons- og utskiftingsprosedyrer for \u00e5 forlenge levetiden til b\u00f8ttesylindere.<\/p>\n<p><img decoding=\"async\" src=\"https:\/\/www.hydraulic-cylinders.net\/wp-content\/uploads\/2025\/01\/songte-chushion-collar.webp\" alt=\"Bilde av reservedeler for b\u00f8ttesylinder\"><\/p>\n<h2>Sikkerhetshensyn og milj\u00f8faktorer<\/h2>\n<p>Sikkerhetstiltakene for b\u00f8ttesylindere inkluderer riktig installasjon, vedlikehold og drift for \u00e5 forhindre ulykker. Milj\u00f8faktorer som temperatur, fuktighet og forurensninger kan p\u00e5virke ytelsen til b\u00f8ttesylindere, og det b\u00f8r iverksettes passende tiltak for \u00e5 h\u00e5ndtere disse problemene.<\/p>\n<h2>Feils\u00f8king og vanlige problemer<\/h2>\n<p>Vanlige problemer med b\u00f8ttesylindere inkluderer lekkasje, utilstrekkelig kraft og unormal st\u00f8y. Hvis noen av disse problemene oppst\u00e5r, anbefales det \u00e5 konsultere en profesjonell tekniker. Regelmessig vedlikehold og inspeksjon kan bidra til \u00e5 forhindre at disse problemene oppst\u00e5r.<\/p>\n<p><img decoding=\"async\" src=\"https:\/\/www.hydraulic-cylinders.net\/wp-content\/uploads\/2025\/01\/songte-bushings-with-all-kinds-of-excavator-models.webp\" alt=\"Bilde av b\u00f8ttesylinderb\u00f8ssing\"><\/p>\n<h2>Om selskapet v\u00e5rt<\/h2>\n<p>Vi er en produsent av hydrauliske reservesylindere og tilbyr et omfattende utvalg av produkter. Som en ledende produsent og grossist av hydrauliske sylindere i det innenlandske og internasjonale markedet, f\u00f8lger vi prinsippene om kvalitetssikring og bruker industrialiserte produksjonsstyringsstrategier i fint utformede verksteder. Vi har som m\u00e5l \u00e5 forbedre produksjonsplattformen v\u00e5r, perfeksjonere produksjonslinjene v\u00e5re med produktkvalitet, og har sterke kreative evner til \u00e5 m\u00f8te ulike kundebehov effektivt, n\u00f8yaktig og med h\u00f8y kvalitet. <\/p>\n<p>Vi tilbyr profesjonelle tjenester, internasjonale sertifiseringer, tilpassede tjenester, avansert produksjonsutstyr og ettersalgstjenester til v\u00e5re kunder.<\/p>\n<p><img decoding=\"async\" src=\"https:\/\/hzpt.com\/wp-content\/uploads\/2024\/11\/songte-company-1.webp\" alt=\"Selskapets image\"><\/p>\n<p>Forfatter: lyl.<\/p>","protected":false},"excerpt":{"rendered":"<p>Bucket Cylinder For Sunward Middle Excavator SWE26OLC Introduction A bucket cylinder is a specially designed hydraulic cylinder mainly used for controlling the movement of buckets in heavy machinery such as excavators, backhoe excavators, and front-end loaders. Its main function is to enable the bucket to lift, lower, and tilt, thus facilitating various material handling tasks. [&hellip;]<\/p>","protected":false},"featured_media":14762,"comment_status":"open","ping_status":"closed","template":"","meta":{"_et_pb_use_builder":"","_et_pb_old_content":"","_et_gb_content_width":""},"product_brand":[],"product_cat":[1494],"product_tag":[1495,1496],"class_list":{"0":"post-15520","1":"product","2":"type-product","3":"status-publish","4":"has-post-thumbnail","6":"product_cat-bucket-cylinders","7":"product_tag-bucket-cylinders","8":"product_tag-hydraulic-cylinders","10":"first","11":"instock","12":"shipping-taxable","13":"product-type-simple"},"amp_enabled":true,"_links":{"self":[{"href":"https:\/\/www.hydraulic-cylinders.net\/nb\/wp-json\/wp\/v2\/product\/15520","targetHints":{"allow":["GET"]}}],"collection":[{"href":"https:\/\/www.hydraulic-cylinders.net\/nb\/wp-json\/wp\/v2\/product"}],"about":[{"href":"https:\/\/www.hydraulic-cylinders.net\/nb\/wp-json\/wp\/v2\/types\/product"}],"replies":[{"embeddable":true,"href":"https:\/\/www.hydraulic-cylinders.net\/nb\/wp-json\/wp\/v2\/comments?post=15520"}],"wp:featuredmedia":[{"embeddable":true,"href":"https:\/\/www.hydraulic-cylinders.net\/nb\/wp-json\/wp\/v2\/media\/14762"}],"wp:attachment":[{"href":"https:\/\/www.hydraulic-cylinders.net\/nb\/wp-json\/wp\/v2\/media?parent=15520"}],"wp:term":[{"taxonomy":"product_brand","embeddable":true,"href":"https:\/\/www.hydraulic-cylinders.net\/nb\/wp-json\/wp\/v2\/product_brand?post=15520"},{"taxonomy":"product_cat","embeddable":true,"href":"https:\/\/www.hydraulic-cylinders.net\/nb\/wp-json\/wp\/v2\/product_cat?post=15520"},{"taxonomy":"product_tag","embeddable":true,"href":"https:\/\/www.hydraulic-cylinders.net\/nb\/wp-json\/wp\/v2\/product_tag?post=15520"}],"curies":[{"name":"wp","href":"https:\/\/api.w.org\/{rel}","templated":true}]}}