{"id":15528,"date":"2025-01-19T14:38:30","date_gmt":"2025-01-19T14:38:30","guid":{"rendered":"https:\/\/www.hydraulic-cylinders.net\/product\/bucket-cylinder-for-sunward-large-excavator-swe470e\/"},"modified":"2025-01-19T14:38:32","modified_gmt":"2025-01-19T14:38:32","slug":"bucket-cylinder-for-sunward-large-excavator-swe470e","status":"publish","type":"product","link":"https:\/\/www.hydraulic-cylinders.net\/nb\/produkt\/bucket-cylinder-for-sunward-large-excavator-swe470e\/","title":{"rendered":"Skuffesylinder for Sunward stor gravemaskin SWE470E"},"content":{"rendered":"<h1>Skuffesylinder for Sunward stor gravemaskin SWE470E<\/h1>\n<h2>Introduksjon<\/h2>\n<p>En skuffesylinder er en type hydraulisk sylinder som er spesielt utviklet for \u00e5 kontrollere bevegelsen til skuffen i tunge maskiner som gravemaskiner, traktorgravere og frontlastere. Hovedfunksjonen er \u00e5 gj\u00f8re det mulig for skuffen \u00e5 l\u00f8fte, senke og vippe, noe som gj\u00f8r det enklere \u00e5 h\u00e5ndtere ulike materialh\u00e5ndteringsoppgaver. I et hydraulisk system oppn\u00e5r skuffesylinderen presis kontroll over skuffen gjennom endringer i hydraulikkoljetrykket, slik at operat\u00f8rer effektivt kan h\u00e5ndtere tunge laster og tilpasse seg komplekse arbeidsmilj\u00f8er og ulike driftsbehov.<\/p>\n<p><img decoding=\"async\" src=\"https:\/\/www.hydraulic-cylinders.net\/wp-content\/uploads\/2025\/01\/songte-company-2.webp\"><\/p>\n<h3>Funksjoner<\/h3>\n<ul>\n<li><strong>H\u00f8y styrke og holdbarhet:<\/strong> B\u00f8ttesylindere er vanligvis laget av h\u00f8yfast st\u00e5l eller aluminium, og t\u00e5ler h\u00f8yt trykk og tunge belastninger, tilpasser seg t\u00f8ffe arbeidsmilj\u00f8er og er designet med slitestyrke og korrosjonsbestandighet for \u00e5 forlenge levetiden.<\/li>\n<li><strong>Effektiv hydraulisk drift:<\/strong> Ved \u00e5 bruke hydraulisk oljetrykk for \u00e5 oppn\u00e5 jevn forlengelse og sammentrekning, kan sylinderen reagere raskt p\u00e5 betjeningskommandoer, og gi kraftige skyve- og trekkekrefter, egnet for h\u00e5ndtering av tunge belastninger og komplekse driftsoppgaver.<\/li>\n<li><strong>Bredt utvalg av typer:<\/strong> Skuffesylindere leveres i enkeltvirkende (hydraulisk brukt i \u00e9n retning) eller dobbeltvirkende (hydraulisk brukt i to retninger) design for \u00e5 m\u00f8te ulike driftsbehov. Noen modeller er teleskopiske, noe som gir st\u00f8rre forlengelse uten \u00e5 \u00f8ke de ytre m\u00e5lene, noe som gj\u00f8r dem ideelle for applikasjoner med begrenset plass.<\/li>\n<\/ul>\n<p>Vi kan produsere og tilby perfekte erstatninger for disse hydrauliske sylindrene. Produktet v\u00e5rt kan tilpasses kundens behov og spesifikasjoner.<\/p>\n<p><img decoding=\"async\" src=\"https:\/\/www.hydraulic-cylinders.net\/wp-content\/uploads\/2025\/01\/songte-cylinder-head-with-all-kinds-excavator-models.webp\"><\/p>\n<h2>Bruksomr\u00e5der<\/h2>\n<p>Skuffesylindere er mye brukt i anleggsmaskiner, landbruksmaskiner, gravemaskiner og frontlastere. De er viktige for graving, lasting og flytting av jord eller rusk. I gravemaskinlastere hjelper skuffesylinderen med graving og l\u00f8fting. I frontlastere hjelper de med \u00e5 l\u00f8fte og tilte last effektivt.<\/p>\n<p>F\u00f8lgende er noen av bruksomr\u00e5dene deres:<\/p>\n<ul>\n<li><strong>Anleggsutstyr:<\/strong> I anleggsmaskiner brukes de til graving, lasting og flytting av jord eller rusk. De er viktige komponenter i gravemaskiner, traktorgravere og frontlastere.<\/li>\n<li><strong>Landbruksmaskiner:<\/strong> De brukes i frontlastere, og hjelper til med \u00e5 frakte og transportere jord, h\u00f8y og andre materialer.<\/li>\n<li><strong>Gravemaskiner:<\/strong> Skuffesylindere hjelper med graving, og utformingen deres gj\u00f8r at skuffen kan trenge gjennom jorden.<\/li>\n<li><strong>Frontlastere:<\/strong> De er viktige for \u00e5 l\u00f8fte og dumpe tunge laster effektivt.<\/li>\n<\/ul>\n<h2>Designhensyn og utvalgskriterier<\/h2>\n<p>N\u00e5r man velger og designer b\u00f8ttesylindere, m\u00e5 man vurdere flere faktorer for \u00e5 sikre optimal ytelse og levetid, inkludert:<\/p>\n<ul>\n<li><strong>B\u00e6reevne:<\/strong> Skuffesylindere m\u00e5 v\u00e6re konstruert for \u00e5 t\u00e5le betydelige belastninger og trykk.<\/li>\n<li><strong>Tetting:<\/strong> Bruk av ulike tetningskomponenter som stempeltetninger, stangtetninger osv. er avgj\u00f8rende for \u00e5 sikre riktig tetting og forhindre lekkasjer.<\/li>\n<li><strong>Varighet:<\/strong> Sylinderdesignet b\u00f8r ta hensyn til slitestyrke og korrosjonsbestandighet for \u00e5 forlenge levetiden.<\/li>\n<li><strong>Sikkerhet:<\/strong> Sikkerhetsfunksjoner, som sikkerhetsventiler, b\u00f8r inkluderes for \u00e5 forhindre systemfeil og operat\u00f8rskader.<\/li>\n<li><strong>Vedlikeholdbarhet:<\/strong> Sylinderdesignet b\u00f8r ta hensyn til enkelt vedlikehold og reparasjon.<\/li>\n<\/ul>\n<p><img decoding=\"async\" src=\"https:\/\/www.hydraulic-cylinders.net\/wp-content\/uploads\/2025\/01\/songte-oil-pipes-and-spare-parts.webp\"><\/p>\n<h2>Tetting og sm\u00f8ring<\/h2>\n<p>B\u00f8ttesylindere krever bruk av ulike tetningskomponenter som stempeltetninger, stangtetninger osv. for \u00e5 sikre riktig tetting og forhindre lekkasjer. Materialer som polyuretan og nitrilgummi brukes ofte p\u00e5 grunn av sin h\u00f8ye slitestyrke. I tillegg er riktig sm\u00f8ring med hydraulikkolje n\u00f8dvendig for optimal sylinderytelse. Regelmessige oljeskift og inspeksjoner er ogs\u00e5 n\u00f8dvendig for \u00e5 sikre at sylinderen fungerer jevnt og med minimal slitasje.<\/p>\n<h2>Vedlikehold og reparasjon<\/h2>\n<p>Regelmessig inspeksjon og forebyggende vedlikehold er avgj\u00f8rende for \u00e5 sikre at b\u00f8ttesylindrene fungerer som de skal og varer lenger. Noen vanlige vedlikeholdsoppgaver inkluderer:<\/p>\n<ul>\n<li><strong>Regelmessig inspeksjon:<\/strong> Periodiske inspeksjoner kan bidra til \u00e5 oppdage problemer f\u00f8r de blir til betydelige problemer. Det er viktig \u00e5 sjekke for lekkasjer, skader og slitasje.<\/li>\n<li><strong>Riktig sm\u00f8ring:<\/strong> Regelmessig sm\u00f8ring sikrer at sylinderen fungerer jevnt og med minimal slitasje. <\/li>\n<li><strong>Utskifting av tetning:<\/strong> Tetninger m\u00e5 kanskje byttes ut med jevne mellomrom p\u00e5 grunn av slitasje. Det er viktig \u00e5 bruke reservetetninger av h\u00f8y kvalitet.<\/li>\n<\/ul>\n<p>Riktig installasjon er ogs\u00e5 avgj\u00f8rende for \u00e5 sikre optimal ytelse og lang levetid for en b\u00f8ttesylinder. Riktig justeringsveiledning og bruk av passende monteringsbraketter for \u00e5 feste sylinderen anbefales. Det anbefales ogs\u00e5 \u00e5 f\u00f8lge de anbefalte inspeksjons-, reparasjons- og utskiftingsprosedyrene som er angitt i produsentens h\u00e5ndbok.<\/p>\n<p><img decoding=\"async\" src=\"https:\/\/www.hydraulic-cylinders.net\/wp-content\/uploads\/2025\/01\/songte-chushion-collar.webp\"><\/p>\n<h2>Sikkerhetshensyn og milj\u00f8faktorer<\/h2>\n<p>Ved bruk av b\u00f8ttesylindere b\u00f8r det tas sikkerhetstiltak for \u00e5 forhindre skader og ulykker. Dette inkluderer riktig oppl\u00e6ring, bruk av sikkerhetsutstyr, \u00e5 f\u00f8lge etablerte sikkerhetsprosedyrer og \u00e5 overholde alle relevante sikkerhetsforskrifter og retningslinjer.<\/p>\n<p>Milj\u00f8faktorer, som st\u00f8yniv\u00e5 og utslipp fra sylinderen, b\u00f8r ogs\u00e5 vurderes. Det kan v\u00e6re n\u00f8dvendig \u00e5 implementere passende tiltak, som st\u00f8yreduserende materialer og utslippskontrollsystemer, for \u00e5 redusere potensielt skadelige effekter.<\/p>\n<h2>Vanlige problemer og feils\u00f8king<\/h2>\n<p>Noen vanlige problemer som kan oppst\u00e5 ved bruk av b\u00f8ttesylindere inkluderer lekkasjer av hydraulikkv\u00e6ske, sylindersvikt og d\u00e5rlig ytelse. Riktig feils\u00f8king, som \u00e5 sjekke for lekkasjer, inspisere sylinderen for skader og verifisere hydraulikkv\u00e6skeniv\u00e5et, kan bidra til \u00e5 identifisere problemet. Om n\u00f8dvendig b\u00f8r produsentens h\u00e5ndbok konsulteres for mer detaljerte instruksjoner om hvordan du diagnostiserer og reparerer spesifikke problemer. Regelmessig vedlikehold kan bidra til \u00e5 forhindre at disse problemene oppst\u00e5r.<\/p>\n<p><img decoding=\"async\" src=\"https:\/\/www.hydraulic-cylinders.net\/wp-content\/uploads\/2025\/01\/songte-bushings-with-all-kinds-of-excavator-models.webp\"><\/p>\n<h2>Om selskapet v\u00e5rt<\/h2>\n<p>Vi er en produsent av hydrauliske sylindere og tilbyr et komplett utvalg av produkter. Vi har blitt en av de ledende produsentene og grossistdistribut\u00f8rene av hydrauliske sylindere i b\u00e5de innenlandske og internasjonale markeder. Vi f\u00f8lger prinsippet om utmerket kvalitet og bruker strategier for industriell produksjonsstyring i n\u00f8ye utformede produksjonsverksteder. V\u00e5rt selskap forbedrer kontinuerlig produksjonsplattformens effektivitet, presisjon og kvalitet ved \u00e5 bruke teknologiske talenter, digitalt, avansert produksjonsutstyr og profesjonelle testsystemer. Vi produserer sylindere av h\u00f8y kvalitet for \u00e5 m\u00f8te kundenes ulike behov, inkludert tilpassede tjenester.<\/p>\n<p>V\u00e5rt selskaps styrker inkluderer:<\/p>\n<ul>\n<li><strong>Profesjonalitet:<\/strong> V\u00e5rt ekspertteam spesialiserer seg p\u00e5 design og produksjon av hydrauliske sylindere, og sikrer kvaliteten p\u00e5 produktene v\u00e5re.<\/li>\n<li><strong>Internasjonale sertifiseringer:<\/strong> Vi har oppn\u00e5dd en rekke internasjonale sertifiseringer, inkludert ISO-, CE- og SGS-sertifiseringer, noe som viser den h\u00f8ye kvaliteten og sikkerheten til produktene v\u00e5re.<\/li>\n<li><strong>Tilpassede tjenester:<\/strong> Vi kan tilpasse v\u00e5re hydrauliske sylindere for \u00e5 m\u00f8te kundenes spesifikke behov og tilby design- og teknisk st\u00f8tte.<\/li>\n<li><strong>Toppmoderne produksjonsutstyr:<\/strong> V\u00e5rt avanserte produksjonsutstyr sikrer at vi kan produsere hydrauliske sylindere av h\u00f8y kvalitet effektivt og n\u00f8yaktig.<\/li>\n<li><strong>Utmerket ettersalgsservice:<\/strong> V\u00e5rt firma tilbyr utmerket ettersalgsservice, inkludert reparasjon, utskifting og ombygging.<\/li>\n<\/ul>\n<p><img decoding=\"async\" src=\"https:\/\/hzpt.com\/wp-content\/uploads\/2024\/11\/songte-company-1.webp\"><\/p>\n<p>Forfatter: lyl<\/p>","protected":false},"excerpt":{"rendered":"<p>Bucket Cylinder For Sunward Large Excavator SWE470E Introduction A bucket cylinder is a type of hydraulic cylinder designed specifically to control the movement of the bucket in heavy machinery such as excavators, backhoes, and front-end loaders. Its primary function is to enable the bucket to lift, lower, and tilt, making it easier to handle various [&hellip;]<\/p>","protected":false},"featured_media":14780,"comment_status":"open","ping_status":"closed","template":"","meta":{"_et_pb_use_builder":"","_et_pb_old_content":"","_et_gb_content_width":""},"product_brand":[],"product_cat":[1494],"product_tag":[1495,1496],"class_list":{"0":"post-15528","1":"product","2":"type-product","3":"status-publish","4":"has-post-thumbnail","6":"product_cat-bucket-cylinders","7":"product_tag-bucket-cylinders","8":"product_tag-hydraulic-cylinders","10":"first","11":"instock","12":"shipping-taxable","13":"product-type-simple"},"amp_enabled":true,"_links":{"self":[{"href":"https:\/\/www.hydraulic-cylinders.net\/nb\/wp-json\/wp\/v2\/product\/15528","targetHints":{"allow":["GET"]}}],"collection":[{"href":"https:\/\/www.hydraulic-cylinders.net\/nb\/wp-json\/wp\/v2\/product"}],"about":[{"href":"https:\/\/www.hydraulic-cylinders.net\/nb\/wp-json\/wp\/v2\/types\/product"}],"replies":[{"embeddable":true,"href":"https:\/\/www.hydraulic-cylinders.net\/nb\/wp-json\/wp\/v2\/comments?post=15528"}],"wp:featuredmedia":[{"embeddable":true,"href":"https:\/\/www.hydraulic-cylinders.net\/nb\/wp-json\/wp\/v2\/media\/14780"}],"wp:attachment":[{"href":"https:\/\/www.hydraulic-cylinders.net\/nb\/wp-json\/wp\/v2\/media?parent=15528"}],"wp:term":[{"taxonomy":"product_brand","embeddable":true,"href":"https:\/\/www.hydraulic-cylinders.net\/nb\/wp-json\/wp\/v2\/product_brand?post=15528"},{"taxonomy":"product_cat","embeddable":true,"href":"https:\/\/www.hydraulic-cylinders.net\/nb\/wp-json\/wp\/v2\/product_cat?post=15528"},{"taxonomy":"product_tag","embeddable":true,"href":"https:\/\/www.hydraulic-cylinders.net\/nb\/wp-json\/wp\/v2\/product_tag?post=15528"}],"curies":[{"name":"wp","href":"https:\/\/api.w.org\/{rel}","templated":true}]}}