{"id":15538,"date":"2025-01-19T14:39:22","date_gmt":"2025-01-19T14:39:22","guid":{"rendered":"https:\/\/www.hydraulic-cylinders.net\/product\/bucket-cylinder-for-lishide-middle-excavator-sc200-8\/"},"modified":"2025-01-19T14:39:24","modified_gmt":"2025-01-19T14:39:24","slug":"bucket-cylinder-for-lishide-middle-excavator-sc200-8","status":"publish","type":"product","link":"https:\/\/www.hydraulic-cylinders.net\/nb\/produkt\/bucket-cylinder-for-lishide-middle-excavator-sc200-8\/","title":{"rendered":"B\u00f8ttesylinder for Lishide mellomgraver SC200.8"},"content":{"rendered":"<h2>B\u00f8ttesylinder for Lishide mellomgraver SC200.8<\/h2>\n<h3>Introduksjon<\/h3>\n<p>En skuffesylinder er en spesialdesignet hydraulisk sylinder som brukes til \u00e5 kontrollere bevegelsene til skuffer i tunge maskiner som gravemaskiner, traktorgravere og frontlastere. Hovedfunksjonen er \u00e5 l\u00f8fte, senke og vippe skuffen, noe som gj\u00f8r det enklere \u00e5 h\u00e5ndtere en rekke materialer. I det hydrauliske systemet oppn\u00e5r skuffesylinderen presis kontroll over skuffen ved \u00e5 endre trykket i hydraulikkoljen, slik at operat\u00f8rer effektivt kan h\u00e5ndtere tunge gjenstander og tilpasse seg komplekse arbeidsmilj\u00f8er og varierte driftsbehov.<\/p>\n<p><img decoding=\"async\" src=\"https:\/\/www.hydraulic-cylinders.net\/wp-content\/uploads\/2025\/01\/songte-company-2.webp\" alt=\"B\u00f8ttesylinder\" \/><\/p>\n<h3>Funksjoner<\/h3>\n<ul>\n<li><strong>H\u00f8y styrke og holdbarhet:<\/strong> Vanligvis laget av h\u00f8yfast st\u00e5l eller aluminium, i stand til \u00e5 t\u00e5le h\u00f8yt trykk og tunge belastninger, og designet med slitestyrke og korrosjonsbestandighet i tankene, noe som forlenger levetiden.<\/li>\n<li><strong>Effektiv hydraulisk drift:<\/strong> Bruker trykket fra hydraulikkoljen for \u00e5 oppn\u00e5 jevn forlengelse og tilbaketrekking, reagerer raskt p\u00e5 betjeningskommandoer, gir kraftige skyve- og trekkkrefter, og er egnet for h\u00e5ndtering av tunge belastninger og komplekse oppgaver.<\/li>\n<li><strong>Ulike typer:<\/strong> Enkeltvirkende (hydraulikk i kun \u00e9n retning) eller dobbeltvirkende (hydraulikk i begge retninger) sylindere kan velges etter behov for \u00e5 oppfylle ulike driftskrav. Noen modeller er teleskopiske, noe som gir st\u00f8rre forlengelse uten \u00e5 \u00f8ke de ytre m\u00e5lene, og er egnet for bruksomr\u00e5der med begrenset plass.<\/li>\n<li><strong>Produktutskifting:<\/strong> Produktene v\u00e5re kan erstatte disse hydrauliske sylindrene perfekt.<\/li>\n<\/ul>\n<p><img decoding=\"async\" src=\"https:\/\/www.hydraulic-cylinders.net\/wp-content\/uploads\/2025\/01\/songte-cylinder-head-with-all-kinds-excavator-models.webp\" alt=\"Modeller av b\u00f8ttesylindere\" \/><\/p>\n<h3>Bruksomr\u00e5der<\/h3>\n<p>B\u00f8ttesylindere brukes ofte i en rekke tunge maskiner, inkludert:<\/p>\n<ul>\n<li><strong>Anleggsutstyr:<\/strong> I gravemaskiner er de avgj\u00f8rende for graving, lasting og flytting av jord eller rusk. I gravemaskiner hjelper skuffesylindre med graving og l\u00f8fting. <\/li>\n<li><strong>Landbruksmaskiner:<\/strong> Brukes i frontlastere til \u00e5 utarbeide, l\u00f8fte og transportere jord, h\u00f8y og andre materialer. <\/li>\n<li><strong>Gravemaskiner:<\/strong> Skuffesylindere muliggj\u00f8r gravearbeid ved \u00e5 la skuffen trenge ned i jorden. <\/li>\n<li><strong>Lastere:<\/strong> I frontlastere hjelper de med \u00e5 heve og tilte last effektivt.<\/li>\n<\/ul>\n<h3>Designhensyn og utvalgskriterier<\/h3>\n<p>Ved utforming av b\u00f8ttesylindere m\u00e5 flere viktige hensyn tas i betraktning, som b\u00e6reevne, tetting, holdbarhet, sikkerhet og vedlikeholdbarhet. <\/p>\n<ul>\n<li><strong>B\u00e6reevne:<\/strong> Skuffesylinderen skal kunne t\u00e5le arbeidsbelastningen uten deformasjon eller svikt.<\/li>\n<li><strong>Tetting:<\/strong> En rekke tetninger, som stempeltetninger og stangtetninger, laget av slitesterke materialer som polyuretan og nitrilgummi, brukes for \u00e5 sikre riktig tetting og forhindre lekkasje.<\/li>\n<li><strong>Varighet:<\/strong> Sylinderhuset, stempelstangen og andre komponenter b\u00f8r v\u00e6re laget av materialer av h\u00f8y kvalitet og gjennomg\u00e5 en grundig overflatebehandling for \u00e5 forbedre slitestyrken, korrosjonsmotstanden og forlenge levetiden.<\/li>\n<li><strong>Sikkerhet:<\/strong> Skuffesylinderen b\u00f8r v\u00e6re utformet med sikkerhetsfunksjoner for \u00e5 forhindre ulykker under drift, for eksempel trykkavlastningsventiler, sikkerhetsl\u00e5ser og bufferanordninger.<\/li>\n<li><strong>Vedlikeholdbarhet:<\/strong> Enkel tilgang til sylinderen for vedlikehold og reparasjon er viktig. Komponenter b\u00f8r v\u00e6re enkle \u00e5 fjerne, og det b\u00f8r v\u00e6re en praktisk demonterings- og monteringsprosess.<\/li>\n<\/ul>\n<p><img decoding=\"async\" src=\"https:\/\/www.hydraulic-cylinders.net\/wp-content\/uploads\/2025\/01\/songte-oil-pipes-and-spare-parts.webp\" alt=\"Reservedeler\" \/><\/p>\n<h3>Tetting og sm\u00f8ring<\/h3>\n<p>Ulike tetningskomponenter som stempeltetninger og stangtetninger laget av slitesterke materialer som polyuretan og nitrilgummi brukes i b\u00f8ttesylindere for \u00e5 sikre riktig tetting og forhindre lekkasje. Sylinderhuset, stempelstangen og andre komponenter gjennomg\u00e5r grundig overflatebehandling for \u00e5 forbedre slitestyrke og korrosjonsmotstand. Regelmessig p\u00e5fylling av hydraulikkolje er n\u00f8dvendig for \u00e5 sm\u00f8re sylinderen og opprettholde riktig funksjon.<\/p>\n<h3>Vedlikehold og feils\u00f8king<\/h3>\n<p>Regelmessig inspeksjon, riktig sm\u00f8ring og utskifting av slitte pakninger er vanlige vedlikeholdsoppgaver for b\u00f8ttesylindere. I tillegg:<\/p>\n<ul>\n<li><strong>Riktig installasjon:<\/strong> Riktig justering og bruk av passende monteringsbraketter er avgj\u00f8rende for \u00e5 sikre optimal ytelse og forlenge b\u00f8ttesylinderens levetid.<\/li>\n<li><strong>Sjekker:<\/strong> Regelmessige kontroller som kalibreringskontroller og utskifting av pakninger anbefales for \u00e5 opprettholde b\u00f8ttesylinderens effektivitet og sikkerhet.<\/li>\n<li><strong>Gjenoppbygging:<\/strong> Hvis det oppst\u00e5r alvorlig skade, kan b\u00f8ttesylinderen bygges opp igjen med reservedeler for \u00e5 gjenopprette ytelsen.<\/li>\n<\/ul>\n<p><img decoding=\"async\" src=\"https:\/\/www.hydraulic-cylinders.net\/wp-content\/uploads\/2025\/01\/songte-chushion-collar.webp\" alt=\"Putekrage\" \/><\/p>\n<h3>Sikkerhets- og milj\u00f8hensyn<\/h3>\n<p>Det b\u00f8r tas n\u00f8dvendige sikkerhetsforanstaltninger ved bruk av b\u00f8ttesylindere, inkludert bruk av verneutstyr, f\u00f8lging av produsentens instruksjoner og overholdelse av sikkerhetsforskrifter. I tillegg b\u00f8r det tas n\u00f8dvendige milj\u00f8tiltak, som for eksempel forsvarlig avfallsh\u00e5ndtering, for \u00e5 redusere eventuell milj\u00f8p\u00e5virkning.<\/p>\n<h3>Vanlige problemer og feils\u00f8king<\/h3>\n<p>De vanligste problemene med b\u00f8ttesylindere inkluderer lekkasjer, slitasje p\u00e5 pakninger og d\u00e5rlig ytelse. Feils\u00f8kingsmetoder inkluderer kontroll av hydraulisk trykk, inspeksjon av pakninger og utskifting av slitte deler.<\/p>\n<p><img decoding=\"async\" src=\"https:\/\/www.hydraulic-cylinders.net\/wp-content\/uploads\/2025\/01\/songte-bushings-with-all-kinds-of-excavator-models.webp\" alt=\"Foringer\" \/><\/p>\n<h3>Om selskapet v\u00e5rt<\/h3>\n<p>Vi er en produsent som produserer b\u00f8ttesylindere som erstatter eksisterende hydrauliske sylindere. V\u00e5rt firma tilbyr et bredt spekter av produkter, noe som gj\u00f8r oss til en av de ledende produsentene og grossistdistribut\u00f8rene av hydrauliske sylindere i innenlandske og internasjonale markeder. Vi f\u00f8lger utmerket kvalitet og stoler p\u00e5 den industrielle produksjonsstyringsstrategien til fine produksjonsverksteder, og forbedrer kontinuerlig effektiviteten, presisjonen og kvaliteten p\u00e5 v\u00e5re produksjonsplattformer. Med en sterk kreativ evne m\u00f8ter vi de ulike behovene til v\u00e5re kunder med prinsippene om h\u00f8y effektivitet, h\u00f8y presisjon og h\u00f8y kvalitet.<\/p>\n<ul>\n<li><strong>Profesjonalitet:<\/strong> V\u00e5rt firma har et profesjonelt team dedikert til forskning og utvikling, produksjon og salg av hydrauliske sylindere. <\/li>\n<li><strong>Internasjonal sertifisering:<\/strong> Produktene v\u00e5re har best\u00e5tt ISO 9001-sertifisering, noe som sikrer at de oppfyller internasjonale standarder for kvalitetsstyringssystemer.<\/li>\n<li><strong>Tilpassede tjenester:<\/strong> Vi tilbyr skreddersydde tjenester for \u00e5 m\u00f8te kundenes spesifikke behov.<\/li>\n<li><strong>Produksjonsutstyr:<\/strong> V\u00e5rt firma bruker avansert utstyr som CNC-maskiner og automatiske sveisemaskiner, noe som sikrer n\u00f8yaktigheten og presisjonen til produktene v\u00e5re.<\/li>\n<li><strong>Ettersalgstjenester:<\/strong> Vi tilbyr ettersalgstjenester som reservedeler og ombyggingstjenester, noe som sikrer produktenes levetid.<\/li>\n<\/ul>\n<p><img decoding=\"async\" src=\"https:\/\/hzpt.com\/wp-content\/uploads\/2024\/11\/songte-company-1.webp\" alt=\"Bedrift\" \/><\/p>\n<p>Forfatter: lyl.<\/p>","protected":false},"excerpt":{"rendered":"<p>Bucket Cylinder For Lishide Middle Excavator SC200.8 Introduction A bucket cylinder is a specially designed hydraulic cylinder used to control the movements of buckets in heavy machinery such as excavators, backhoe excavators, and front loaders. Its main function is to lift, lower, and tilt the bucket, making it easier to handle a variety of materials. [&hellip;]<\/p>","protected":false},"featured_media":14788,"comment_status":"open","ping_status":"closed","template":"","meta":{"_et_pb_use_builder":"","_et_pb_old_content":"","_et_gb_content_width":""},"product_brand":[],"product_cat":[1494],"product_tag":[1495,1496],"class_list":{"0":"post-15538","1":"product","2":"type-product","3":"status-publish","4":"has-post-thumbnail","6":"product_cat-bucket-cylinders","7":"product_tag-bucket-cylinders","8":"product_tag-hydraulic-cylinders","10":"first","11":"instock","12":"shipping-taxable","13":"product-type-simple"},"amp_enabled":true,"_links":{"self":[{"href":"https:\/\/www.hydraulic-cylinders.net\/nb\/wp-json\/wp\/v2\/product\/15538","targetHints":{"allow":["GET"]}}],"collection":[{"href":"https:\/\/www.hydraulic-cylinders.net\/nb\/wp-json\/wp\/v2\/product"}],"about":[{"href":"https:\/\/www.hydraulic-cylinders.net\/nb\/wp-json\/wp\/v2\/types\/product"}],"replies":[{"embeddable":true,"href":"https:\/\/www.hydraulic-cylinders.net\/nb\/wp-json\/wp\/v2\/comments?post=15538"}],"wp:featuredmedia":[{"embeddable":true,"href":"https:\/\/www.hydraulic-cylinders.net\/nb\/wp-json\/wp\/v2\/media\/14788"}],"wp:attachment":[{"href":"https:\/\/www.hydraulic-cylinders.net\/nb\/wp-json\/wp\/v2\/media?parent=15538"}],"wp:term":[{"taxonomy":"product_brand","embeddable":true,"href":"https:\/\/www.hydraulic-cylinders.net\/nb\/wp-json\/wp\/v2\/product_brand?post=15538"},{"taxonomy":"product_cat","embeddable":true,"href":"https:\/\/www.hydraulic-cylinders.net\/nb\/wp-json\/wp\/v2\/product_cat?post=15538"},{"taxonomy":"product_tag","embeddable":true,"href":"https:\/\/www.hydraulic-cylinders.net\/nb\/wp-json\/wp\/v2\/product_tag?post=15538"}],"curies":[{"name":"wp","href":"https:\/\/api.w.org\/{rel}","templated":true}]}}