{"id":15544,"date":"2025-01-19T14:39:51","date_gmt":"2025-01-19T14:39:51","guid":{"rendered":"https:\/\/www.hydraulic-cylinders.net\/product\/bucket-cylinder-for-lishide-large-excavator-sc300-8\/"},"modified":"2025-01-19T14:39:53","modified_gmt":"2025-01-19T14:39:53","slug":"bucket-cylinder-for-lishide-large-excavator-sc300-8","status":"publish","type":"product","link":"https:\/\/www.hydraulic-cylinders.net\/nb\/produkt\/bucket-cylinder-for-lishide-large-excavator-sc300-8\/","title":{"rendered":"B\u00f8ttesylinder for Lishide stor gravemaskin SC300.8"},"content":{"rendered":"<h1>B\u00f8ttesylinder for Lishide stor gravemaskin SC300.8<\/h1>\n<h2>Introduksjon<\/h2>\n<p>Skuffesylinderen til Lishide storgravemaskin SC300.8 er en spesialdesignet hydraulisk sylinder som hovedsakelig brukes til \u00e5 kontrollere bevegelsen til skuffen i tungt utstyr som gravemaskiner, traktorgravere og frontlastere. Hovedfunksjonen er \u00e5 gj\u00f8re det mulig \u00e5 l\u00f8fte, senke og vippe skuffen, noe som forenkler ulike materialh\u00e5ndteringsoppgaver. I det hydrauliske systemet kontrollerer skuffesylinderen bevegelsen til skuffen presist gjennom endringer i hydraulikkoljetrykket, slik at operat\u00f8rer kan h\u00e5ndtere tunge laster effektivt og tilpasse seg komplekse arbeidsmilj\u00f8er og ulike jobbkrav.<\/p>\n<p><img decoding=\"async\" src=\"https:\/\/www.hydraulic-cylinders.net\/wp-content\/uploads\/2025\/01\/songte-company-2.webp\" alt=\"B\u00f8ttesylinder for Lishide stor gravemaskin SC300.8\"><\/p>\n<h2>Funksjoner<\/h2>\n<ul>\n<li>H\u00f8y styrke og holdbarhet: B\u00f8ttesylinderen er vanligvis laget av h\u00f8yfast st\u00e5l eller aluminium, og t\u00e5ler h\u00f8yt trykk og tunge belastninger, tilpasser seg t\u00f8ffe arbeidsmilj\u00f8er og tar hensyn til slitestyrke og korrosjonsbestandighet i designet, noe som forlenger levetiden.<\/li>\n<li>Effektiv hydraulisk drift: Jevn forlengelse og sammentrekning oppn\u00e5s ved \u00e5 bruke hydraulisk oljetrykk, noe som muliggj\u00f8r rask respons p\u00e5 kontrollkommandoer, gir kraftige skyve- og trekkekrefter, og er egnet for h\u00e5ndtering av tunge belastninger og komplekse arbeidsoppgaver.<\/li>\n<li>Ulike typer: Enkeltvirkende (hydraulisk brukt i kun \u00e9n retning) eller dobbeltvirkende (brukt i begge retninger) sylindere kan velges i henhold til behov for \u00e5 oppfylle ulike driftskrav. Noen modeller er teleskopiske, noe som gir st\u00f8rre forlengelse uten \u00e5 \u00f8ke de ytre m\u00e5lene, egnet for applikasjoner med begrenset plass.<\/li>\n<li>Kan byttes ut med andre hydrauliske sylindere: Produktet v\u00e5rt kan erstatte disse hydrauliske sylinderene perfekt. <\/li>\n<\/ul>\n<p><img decoding=\"async\" src=\"https:\/\/www.hydraulic-cylinders.net\/wp-content\/uploads\/2025\/01\/songte-cylinder-head-with-all-kinds-excavator-models.webp\" alt=\"B\u00f8ttesylinder for Lishide stor gravemaskin SC300.8\"><\/p>\n<h2>Bruksomr\u00e5der<\/h2>\n<p>Skuffesylinderen til Lishide stor gravemaskin SC300.8 er mye brukt i diverse tungt utstyr, inkludert, men ikke begrenset til:<\/p>\n<ul>\n<li>Anleggsutstyr: I gravemaskiner er de viktige for graving, lasting og flytting av jord eller rusk. I gravemaskiner hjelper b\u00f8ttesylinderen b\u00e5de med graving og l\u00f8fting. <\/li>\n<li>Landbruksmaskiner: Brukes i frontlastere til \u00e5 utarbeide, l\u00f8fte og transportere jord, h\u00f8y og andre materialer.<\/li>\n<li>Gravemaskiner: Skuffesylinderen utf\u00f8rer graveaksjonen ved \u00e5 la skuffen trenge ned i jorden.<\/li>\n<li>Lastere: I frontlastere bidrar de til \u00e5 l\u00f8fte og dumpe last effektivt.<\/li>\n<\/ul>\n<h2>Designhensyn og utvalgskriterier<\/h2>\n<p>Skuffesylinderen til Lishide storgraver SC300.8 er konstruert med f\u00f8lgende hensyn:<\/p>\n<ul>\n<li>B\u00e6reevne: Sylinderen m\u00e5 kunne t\u00e5le tunge belastninger.<\/li>\n<li>Tetting: Sylinderen m\u00e5 v\u00e6re godt tett for \u00e5 forhindre lekkasje av hydraulisk v\u00e6ske.<\/li>\n<li>Holdbarhet: Sylinderen m\u00e5 v\u00e6re laget av slitesterke materialer for \u00e5 t\u00e5le slitasje under t\u00f8ffe forhold.<\/li>\n<li>Sikkerhet: Sylinderen m\u00e5 v\u00e6re konstruert og produsert for \u00e5 oppfylle sikkerhetsstandarder og sikre operat\u00f8rens sikkerhet.<\/li>\n<li>Vedlikeholdsvennlighet: Sylinderen m\u00e5 utformes med tanke p\u00e5 enkelt vedlikehold for \u00e5 minimere nedetid og redusere vedlikeholdskostnader.<\/li>\n<\/ul>\n<p><img decoding=\"async\" src=\"https:\/\/www.hydraulic-cylinders.net\/wp-content\/uploads\/2025\/01\/songte-oil-pipes-and-spare-parts.webp\" alt=\"B\u00f8ttesylinder for Lishide stor gravemaskin SC300.8\"><\/p>\n<h2>Tetting og sm\u00f8ring<\/h2>\n<p>Skuffesylinderen til Lishide storgravemaskin SC300.8 bruker forskjellige tetningskomponenter, som stempeltetninger og stangtetninger laget av slitesterke materialer som polyuretan og nitrilgummi. Sylinderhuset og gjengede ender er fint bearbeidet for \u00e5 forbedre slitestyrken. Regelmessig tilsetning av riktig mengde hydraulikkolje er n\u00f8dvendig for \u00e5 sikre jevn drift og sm\u00f8ring.<\/p>\n<h2>Vedlikehold<\/h2>\n<p>Regelmessig inspeksjon og forebyggende vedlikeholdstiltak er avgj\u00f8rende for \u00e5 sikre p\u00e5litelig drift av b\u00f8ttesylinderen til Lishide storgravemaskin SC300.8. Tre vanlige vedlikeholdsoppgaver inkluderer:<\/p>\n<ul>\n<li>Regelmessig inspeksjon: Inspiser sylinderen regelmessig for skader, slitasje og lekkasjer.<\/li>\n<li>Riktig sm\u00f8ring: Sm\u00f8r stempelstangen, tetningene og pakningene regelmessig med fett eller olje for \u00e5 sikre problemfri drift og forhindre lekkasje.<\/li>\n<li>Utskifting av tetning og kalibreringskontroll: Skift ut tetningene etter behov og kontroller kalibreringen for \u00e5 sikre at de fungerer som de skal.<\/li>\n<\/ul>\n<p><img decoding=\"async\" src=\"https:\/\/www.hydraulic-cylinders.net\/wp-content\/uploads\/2025\/01\/songte-chushion-collar.webp\" alt=\"B\u00f8ttesylinder for Lishide stor gravemaskin SC300.8\"><\/p>\n<h2>Sikkerhets- og milj\u00f8hensyn<\/h2>\n<p>N\u00e5r man bruker b\u00f8ttesylinderen til Lishide storgravemaskin SC300.8, m\u00e5 sikkerhetsforanstaltninger overholdes for \u00e5 sikre sikkerheten til operat\u00f8rer og annet personell. I tillegg m\u00e5 milj\u00f8faktorer tas i betraktning, som for eksempel riktig avhending av hydraulikkolje og \u00e5 s\u00f8rge for at sylinderen er fri for forurensning for \u00e5 forhindre milj\u00f8skader.<\/p>\n<h2>Feildiagnose og feils\u00f8king<\/h2>\n<p>Vanlige feil med b\u00f8ttesylinderen til Lishide stor gravemaskin SC300.8 inkluderer lekkasje, d\u00e5rlig tetting og unormal st\u00f8y. Riktig diagnose og feils\u00f8kingsteknikker er avgj\u00f8rende for raskt \u00e5 identifisere og korrigere disse problemene for \u00e5 minimere nedetid og redusere reparasjonskostnader.<\/p>\n<h2>Om oss<\/h2>\n<p>Vi er en produsent av hydrauliske sylindere og en ledende produsent og grossist av hydrauliske sylindere i innenlandske og internasjonale markeder. Vi f\u00f8lger prinsippene for utmerket kvalitet og er avhengige av industrielle produksjonsstyringsstrategier i raffinerte produksjonsverksteder. Vi forbedrer kontinuerlig v\u00e5r produksjonsplattform, perfeksjonerer v\u00e5r produksjonslinje for produktkvalitet og har sterke kreative evner. Vi m\u00f8ter ulike kundekrav med prinsipper for h\u00f8y effektivitet, h\u00f8y presisjon og h\u00f8y kvalitet.<\/p>\n<p><img decoding=\"async\" src=\"https:\/\/hzpt.com\/wp-content\/uploads\/2024\/11\/songte-company-1.webp\" alt=\"B\u00f8ttesylinder for Lishide stor gravemaskin SC300.8\"><\/p>\n<h3>V\u00e5r profesjonalitet<\/h3>\n<p>V\u00e5rt tekniske personell, avanserte digitale produksjonsutstyr og profesjonelle testsystemer gj\u00f8r at vi kan m\u00f8te ulike kundekrav med v\u00e5rt komplette produktsortiment.<\/p>\n<h3>Internasjonal sertifisering<\/h3>\n<p>Vi har oppn\u00e5dd internasjonale sertifiseringer som ISO 9001, ISO 14001 og OHSAS 18001, noe som sikrer kvaliteten og sikkerheten til v\u00e5re produkter og tjenester.<\/p>\n<h3>Tilpasningstjenester<\/h3>\n<p>Vi tilbyr personlige tilpasningstjenester for kundene v\u00e5re, som kan tilpasses deres spesifikke behov.<\/p>\n<h3>Produksjonsutstyr<\/h3>\n<p>Vi har avansert produksjonsutstyr, inkludert CNC-maskinverkt\u00f8y, automatiske sveisemaskiner og hydrauliske testbenker, som kan sikre n\u00f8yaktigheten og kvaliteten p\u00e5 produktene v\u00e5re.<\/p>\n<h3>Ettersalgsservice<\/h3>\n<p>V\u00e5rt kundeserviceteam etter salget tilbyr kundene rettidige og effektive l\u00f8sninger p\u00e5 eventuelle problemer de st\u00f8ter p\u00e5, og sikrer kundetilfredshet.<\/p>\n<h4>Forfatter: lyl.<\/h4>","protected":false},"excerpt":{"rendered":"<p>Bucket Cylinder For Lishide Large Excavator SC300.8 Introduction The bucket cylinder for Lishide large excavator SC300.8 is a specially designed hydraulic cylinder mainly used for controlling the movement of the bucket in heavy equipment such as excavators, backhoe excavators, and front-end loaders. Its main function is to enable the bucket to be lifted, lowered, and [&hellip;]<\/p>","protected":false},"featured_media":14778,"comment_status":"open","ping_status":"closed","template":"","meta":{"_et_pb_use_builder":"","_et_pb_old_content":"","_et_gb_content_width":""},"product_brand":[],"product_cat":[1494],"product_tag":[1495,1496],"class_list":{"0":"post-15544","1":"product","2":"type-product","3":"status-publish","4":"has-post-thumbnail","6":"product_cat-bucket-cylinders","7":"product_tag-bucket-cylinders","8":"product_tag-hydraulic-cylinders","10":"first","11":"instock","12":"shipping-taxable","13":"product-type-simple"},"amp_enabled":true,"_links":{"self":[{"href":"https:\/\/www.hydraulic-cylinders.net\/nb\/wp-json\/wp\/v2\/product\/15544","targetHints":{"allow":["GET"]}}],"collection":[{"href":"https:\/\/www.hydraulic-cylinders.net\/nb\/wp-json\/wp\/v2\/product"}],"about":[{"href":"https:\/\/www.hydraulic-cylinders.net\/nb\/wp-json\/wp\/v2\/types\/product"}],"replies":[{"embeddable":true,"href":"https:\/\/www.hydraulic-cylinders.net\/nb\/wp-json\/wp\/v2\/comments?post=15544"}],"wp:featuredmedia":[{"embeddable":true,"href":"https:\/\/www.hydraulic-cylinders.net\/nb\/wp-json\/wp\/v2\/media\/14778"}],"wp:attachment":[{"href":"https:\/\/www.hydraulic-cylinders.net\/nb\/wp-json\/wp\/v2\/media?parent=15544"}],"wp:term":[{"taxonomy":"product_brand","embeddable":true,"href":"https:\/\/www.hydraulic-cylinders.net\/nb\/wp-json\/wp\/v2\/product_brand?post=15544"},{"taxonomy":"product_cat","embeddable":true,"href":"https:\/\/www.hydraulic-cylinders.net\/nb\/wp-json\/wp\/v2\/product_cat?post=15544"},{"taxonomy":"product_tag","embeddable":true,"href":"https:\/\/www.hydraulic-cylinders.net\/nb\/wp-json\/wp\/v2\/product_tag?post=15544"}],"curies":[{"name":"wp","href":"https:\/\/api.w.org\/{rel}","templated":true}]}}