{"id":15546,"date":"2025-01-19T14:39:59","date_gmt":"2025-01-19T14:39:59","guid":{"rendered":"https:\/\/www.hydraulic-cylinders.net\/product\/bucket-cylinder-for-lishide-large-excavator-sc450-8\/"},"modified":"2025-01-19T14:40:02","modified_gmt":"2025-01-19T14:40:02","slug":"bucket-cylinder-for-lishide-large-excavator-sc450-8","status":"publish","type":"product","link":"https:\/\/www.hydraulic-cylinders.net\/nb\/produkt\/bucket-cylinder-for-lishide-large-excavator-sc450-8\/","title":{"rendered":"B\u00f8ttesylinder for Lishide stor gravemaskin SC450.8"},"content":{"rendered":"<h2>B\u00f8ttesylinder for Lishide stor gravemaskin SC450.8<\/h2>\n<h3>Introduksjon<\/h3>\n<p>Skuffesylinderen til Lishide storgravemaskin SC450.8 er en spesialdesignet hydraulisk sylinder som brukes til \u00e5 kontrollere bevegelsen til skuffen i tunge maskiner, som gravemaskiner, traktorgravere og frontlastere. Hovedfunksjonen er \u00e5 gj\u00f8re det mulig \u00e5 l\u00f8fte, senke og tilte skuffen, noe som gj\u00f8r det enklere \u00e5 utf\u00f8re ulike materialh\u00e5ndteringsoppgaver. I det hydrauliske systemet bruker skuffesylinderen endringer i hydraulikkoljetrykket for \u00e5 oppn\u00e5 presis kontroll over skuffen, slik at operat\u00f8rer kan h\u00e5ndtere tunge laster effektivt og tilpasse seg komplekse arbeidsmilj\u00f8er og ulike driftsbehov.<\/p>\n<p><img decoding=\"async\" src=\"https:\/\/www.hydraulic-cylinders.net\/wp-content\/uploads\/2025\/01\/songte-company-2.webp\" alt=\"B\u00f8ttesylinder for Lishide stor gravemaskin SC450.8\"><\/p>\n<h3>Funksjoner<\/h3>\n<ul>\n<li>H\u00f8y styrke og holdbarhet: vanligvis laget av h\u00f8yfast st\u00e5l eller aluminium, t\u00e5ler den h\u00f8yt trykk og tunge belastninger, tilpasser seg t\u00f8ffe arbeidsmilj\u00f8er og er designet med slitestyrke og korrosjonsbestandighet i tankene, noe som forlenger levetiden.<\/li>\n<li>Effektiv hydraulisk drift: bruker hydraulisk oljetrykk for \u00e5 oppn\u00e5 jevne forlengelses- og sammentrekningsbevegelser, reagerer raskt p\u00e5 kontrollkommandoer, gir kraftige skyve- og trekkkrefter, og er egnet for h\u00e5ndtering av tunge belastninger og komplekse oppgaver.<\/li>\n<li>Ulike typer: enkeltvirkende (hydraulisk brukes kun i \u00e9n retning) eller dobbeltvirkende (hydraulisk brukes i begge retninger) sylindere kan velges etter behov for \u00e5 m\u00f8te ulike driftskrav. Noen modeller er teleskopiske, noe som gir st\u00f8rre forlengelse uten \u00e5 \u00f8ke de ytre m\u00e5lene, noe som gj\u00f8r dem egnet for plassbegrensede applikasjoner.<\/li>\n<li>Enkel \u00e5 installere: Produktet v\u00e5rt kan erstatte disse hydrauliske sylindrene perfekt.<\/li>\n<\/ul>\n<p><img decoding=\"async\" src=\"https:\/\/www.hydraulic-cylinders.net\/wp-content\/uploads\/2025\/01\/songte-cylinder-head-with-all-kinds-excavator-models.webp\" alt=\"B\u00f8ttesylinder for Lishide stor gravemaskin SC450.8\"><\/p>\n<h3>Bruksomr\u00e5der<\/h3>\n<p>Skuffesylinderen til Lishide stor gravemaskin SC450.8 er mye brukt i forskjellige tunge maskiner, for eksempel:<\/p>\n<ul>\n<li>Anleggsutstyr: i gravemaskiner er de viktige for graving, lasting og flytting av jord eller rusk. I gravemaskiner hjelper skuffesylinderen med graving og l\u00f8fting. I frontlastere hjelper de med l\u00f8fting og tilting for effektiv dumping av gods.<\/li>\n<li>Landbruksmaskiner: brukes i frontlastere, for \u00e5 \u00f8se, l\u00f8fte og transportere jord, h\u00f8y og andre materialer.<\/li>\n<li>Gravemaskiner: Skuffesylinderen lar skuffen trenge ned i jorden for \u00e5 oppn\u00e5 gravefunksjon.<\/li>\n<\/ul>\n<h3>Designhensyn og utvalgskriterier<\/h3>\n<p>Ved design og valg av b\u00f8ttesylindere b\u00f8r f\u00f8lgende faktorer vurderes:<\/p>\n<h4>B\u00e6reevne<\/h4>\n<p>Sylinderen m\u00e5 kunne t\u00e5le vekten av lasten som l\u00f8ftes, og kunne fungere jevnt og presist under maksimale belastningsforhold.<\/p>\n<h4>Tetting<\/h4>\n<p>Sylinderen m\u00e5 v\u00e6re godt forseglet for \u00e5 forhindre lekkasje av hydraulisk olje, og dermed redusere risikoen for systemfeil og sikre sikker drift.<\/p>\n<h4>Varighet<\/h4>\n<p>Sylinderen m\u00e5 utformes med tanke p\u00e5 slitestyrke og korrosjonsbestandighet, og gjennomg\u00e5 overflatebehandling for \u00e5 forbedre holdbarheten og forlenge levetiden.<\/p>\n<h4>Sikkerhet<\/h4>\n<p>Sylinderen m\u00e5 v\u00e6re konstruert og produsert i samsvar med gjeldende sikkerhetsstandarder for \u00e5 sikre sikker drift.<\/p>\n<h4>Vedlikeholdbarhet<\/h4>\n<p>Sylinderen m\u00e5 v\u00e6re enkel \u00e5 vedlikeholde og reparere, med lett utskiftbare tetninger og andre deler, og tydelige instruksjoner for vedlikeholds- og reparasjonsprosedyrer.<\/p>\n<p><img decoding=\"async\" src=\"https:\/\/www.hydraulic-cylinders.net\/wp-content\/uploads\/2025\/01\/songte-oil-pipes-and-spare-parts.webp\" alt=\"B\u00f8ttesylinder for Lishide stor gravemaskin SC450.8\"><\/p>\n<h3>Tetting og sm\u00f8ring<\/h3>\n<p>Skuffesylinderen til Lishide storgravemaskin SC450.8 bruker forskjellige tetningselementer, som stempeltetninger, stangtetninger osv. Tetningene er laget av slitesterke materialer, som polyuretan og nitrilgummi, for \u00e5 sikre lang levetid. I tillegg er riktig sm\u00f8ring ogs\u00e5 viktig for sylinderens problemfrie drift. Det anbefales \u00e5 etterfylle passende mengde hydraulikkolje regelmessig for sm\u00f8ring.<\/p>\n<h3>Regelmessig inspeksjon og forebyggende vedlikeholdstiltak<\/h3>\n<p>Regelmessig inspeksjon og forebyggende vedlikeholdstiltak kan bidra til \u00e5 forlenge levetiden til b\u00f8ttesylinderen. F\u00f8lgende oppgaver b\u00f8r utf\u00f8res regelmessig:<\/p>\n<ul>\n<li>Regelmessig inspeksjon av sylinderens pakninger, stenger og andre komponenter for \u00e5 oppdage slitasje.<\/li>\n<li>Riktig sm\u00f8ring for \u00e5 sikre problemfri drift av sylinderen.<\/li>\n<li>Utskifting av tetninger og kalibreringskontroller for \u00e5 opprettholde sylinderens tetningsevne.<\/li>\n<\/ul>\n<h3>Produktinstallasjonsveiledning<\/h3>\n<p>F\u00f8lgende trinn b\u00f8r f\u00f8lges n\u00e5r du monterer b\u00f8ttesylinderen for Lishide stor gravemaskin SC450.8:<\/p>\n<ul>\n<li>S\u00f8rg for at sylinderen er riktig justert f\u00f8r montering.<\/li>\n<li>Bruk passende monteringsbraketter for \u00e5 feste sylinderen p\u00e5 plass.<\/li>\n<li>F\u00f8lg de anbefalte prosedyrene for inspeksjon, reparasjon og utskifting for \u00e5 sikre at sylinderen fungerer som den skal.<\/li>\n<\/ul>\n<p><img decoding=\"async\" src=\"https:\/\/www.hydraulic-cylinders.net\/wp-content\/uploads\/2025\/01\/songte-chushion-collar.webp\" alt=\"B\u00f8ttesylinder for Lishide stor gravemaskin SC450.8\"><\/p>\n<h3>Sikkerhetshensyn og milj\u00f8faktorer<\/h3>\n<p>N\u00e5r du bruker b\u00f8ttesylinderen, b\u00f8r det tas n\u00f8dvendige sikkerhetstiltak for \u00e5 forhindre ulykker. Det er ogs\u00e5 viktig \u00e5 vurdere milj\u00f8faktorer, som for eksempel virkningen av hydraulikkoljelekkasje p\u00e5 milj\u00f8et og riktig avhending av brukt olje.<\/p>\n<h3>Feils\u00f8king og vanlige problemer<\/h3>\n<p>F\u00f8lgende er noen vanlige problemer som kan oppst\u00e5 i b\u00f8ttesylinderen til Lishide storgravemaskin SC450.8:<\/p>\n<ul>\n<li>Lekkasje av hydraulisk olje<\/li>\n<li>Slitasje p\u00e5 sylinderstangen<\/li>\n<li>Skade p\u00e5 tetningen<\/li>\n<\/ul>\n<p>Det anbefales \u00e5 f\u00f8lge de anbefalte inspeksjons- og vedlikeholdsprosedyrene for \u00e5 forhindre at disse problemene oppst\u00e5r. Hvis problemer oppst\u00e5r, kan f\u00f8lgende tips og l\u00f8sninger bidra til \u00e5 diagnostisere og l\u00f8se problemet:<\/p>\n<ul>\n<li>Inspiser sylinderens pakninger og skift dem ut om n\u00f8dvendig.<\/li>\n<li>Sjekk sylinderstangen for slitasje og skift den ut om n\u00f8dvendig.<\/li>\n<li>Hvis det oppst\u00e5r lekkasje av hydraulisk olje, sjekk sylinderens hydrauliske system for lekkasjer, og reparer eller skift ut eventuelle skadede komponenter.<\/li>\n<\/ul>\n<p><img decoding=\"async\" src=\"https:\/\/www.hydraulic-cylinders.net\/wp-content\/uploads\/2025\/01\/songte-bushings-with-all-kinds-of-excavator-models.webp\" alt=\"B\u00f8ttesylinder for Lishide stor gravemaskin SC450.8\"><\/p>\n<h2>Om oss<\/h2>\n<p>Vi er en produsent av hydrauliske sylindere for utskifting, med et komplett produktsortiment, og har blitt en av de ledende produsentene og grossistdistribut\u00f8rene av hydrauliske sylindere i det innenlandske og internasjonale markedet. Vi f\u00f8lger prinsippet om utmerket kvalitet, stoler p\u00e5 den industrielle produksjonsstyringsstrategien til fine produksjonsverksteder, og forbedrer kontinuerlig verkstedsproduksjonsplattformen, forbedrer produksjonskvaliteten p\u00e5 produktene, og har sterk kreativitet, h\u00f8y effektivitet, h\u00f8y presisjon og prinsipper for h\u00f8y kvalitet for \u00e5 m\u00f8te kundenes ulike behov.<\/p>\n<p>V\u00e5rt firma har f\u00f8lgende fordeler:<\/p>\n<ul>\n<li>Profesjonalitet<\/li>\n<li>Internasjonal sertifisering<\/li>\n<li>Tilpasningstjenester<\/li>\n<li>Avansert produksjonsutstyr<\/li>\n<li>Ettersalgsservice<\/li>\n<\/ul>\n<p><img decoding=\"async\" src=\"https:\/\/hzpt.com\/wp-content\/uploads\/2024\/11\/songte-company-1.webp\" alt=\"B\u00f8ttesylinder for Lishide stor gravemaskin SC450.8\"><\/p>\n<p>Forfatter: lyl.<\/p>","protected":false},"excerpt":{"rendered":"<p>Bucket Cylinder For Lishide Large Excavator SC450.8 Introduction The bucket cylinder for Lishide large excavator SC450.8 is a specially designed hydraulic cylinder used to control the movement of the bucket in heavy machinery, such as excavators, backhoe excavators, and front loaders. Its main function is to enable the bucket to lift, lower, and tilt, making [&hellip;]<\/p>","protected":false},"featured_media":14773,"comment_status":"open","ping_status":"closed","template":"","meta":{"_et_pb_use_builder":"","_et_pb_old_content":"","_et_gb_content_width":""},"product_brand":[],"product_cat":[1494],"product_tag":[1495,1496],"class_list":{"0":"post-15546","1":"product","2":"type-product","3":"status-publish","4":"has-post-thumbnail","6":"product_cat-bucket-cylinders","7":"product_tag-bucket-cylinders","8":"product_tag-hydraulic-cylinders","10":"first","11":"instock","12":"shipping-taxable","13":"product-type-simple"},"amp_enabled":true,"_links":{"self":[{"href":"https:\/\/www.hydraulic-cylinders.net\/nb\/wp-json\/wp\/v2\/product\/15546","targetHints":{"allow":["GET"]}}],"collection":[{"href":"https:\/\/www.hydraulic-cylinders.net\/nb\/wp-json\/wp\/v2\/product"}],"about":[{"href":"https:\/\/www.hydraulic-cylinders.net\/nb\/wp-json\/wp\/v2\/types\/product"}],"replies":[{"embeddable":true,"href":"https:\/\/www.hydraulic-cylinders.net\/nb\/wp-json\/wp\/v2\/comments?post=15546"}],"wp:featuredmedia":[{"embeddable":true,"href":"https:\/\/www.hydraulic-cylinders.net\/nb\/wp-json\/wp\/v2\/media\/14773"}],"wp:attachment":[{"href":"https:\/\/www.hydraulic-cylinders.net\/nb\/wp-json\/wp\/v2\/media?parent=15546"}],"wp:term":[{"taxonomy":"product_brand","embeddable":true,"href":"https:\/\/www.hydraulic-cylinders.net\/nb\/wp-json\/wp\/v2\/product_brand?post=15546"},{"taxonomy":"product_cat","embeddable":true,"href":"https:\/\/www.hydraulic-cylinders.net\/nb\/wp-json\/wp\/v2\/product_cat?post=15546"},{"taxonomy":"product_tag","embeddable":true,"href":"https:\/\/www.hydraulic-cylinders.net\/nb\/wp-json\/wp\/v2\/product_tag?post=15546"}],"curies":[{"name":"wp","href":"https:\/\/api.w.org\/{rel}","templated":true}]}}