{"id":15549,"date":"2025-01-19T14:40:13","date_gmt":"2025-01-19T14:40:13","guid":{"rendered":"https:\/\/www.hydraulic-cylinders.net\/product\/bucket-cylinder-for-lishide-large-excavator-sc400-8\/"},"modified":"2025-01-19T14:40:15","modified_gmt":"2025-01-19T14:40:15","slug":"bucket-cylinder-for-lishide-large-excavator-sc400-8","status":"publish","type":"product","link":"https:\/\/www.hydraulic-cylinders.net\/nb\/produkt\/bucket-cylinder-for-lishide-large-excavator-sc400-8\/","title":{"rendered":"B\u00f8ttesylinder for Lishide stor gravemaskin SC400.8"},"content":{"rendered":"<p><!DOCTYPE html><br \/>\n<html><br \/>\n<head><br \/>\n\t<title>B\u00f8ttesylinder for Lishide stor gravemaskin SC400.8<\/title><br \/>\n<\/head><br \/>\n<body><\/p>\n<h1>B\u00f8ttesylinder for Lishide stor gravemaskin SC400.8<\/h1>\n<p>\t<img decoding=\"async\" src=\"https:\/\/www.hydraulic-cylinders.net\/wp-content\/uploads\/2025\/01\/songte-company-2.webp\" alt=\"Bilde av b\u00f8ttesylinder\"><\/p>\n<h2>Introduksjon<\/h2>\n<p>Skuffesylinderen, ogs\u00e5 kjent som en hydraulisk sylinder, er en spesialdesignet komponent som brukes til \u00e5 kontrollere bevegelsen til skuffen i tunge maskiner som gravemaskiner, traktorgravere og lastere. Hovedfunksjonen er \u00e5 muliggj\u00f8re l\u00f8fting, senking og tilting av skuffen, noe som forenkler ulike materialh\u00e5ndteringsoppgaver. I et hydraulisk system bruker skuffesylinderen endringer i hydraulikkoljetrykket for \u00e5 oppn\u00e5 presis kontroll over skuffen, slik at operat\u00f8rer effektivt kan h\u00e5ndtere tunge laster og tilpasse seg komplekse arbeidsmilj\u00f8er og ulike jobbkrav.<\/p>\n<h2>Funksjoner<\/h2>\n<ul>\n<li>H\u00f8y styrke og holdbarhet: Skuffesylinderen er vanligvis laget av h\u00f8yfast st\u00e5l eller aluminium, og t\u00e5ler h\u00f8yt trykk og tunge belastninger, og tilpasser seg t\u00f8ffe arbeidsforhold. Designet tar hensyn til slitestyrke og korrosjonsmotstand, noe som forlenger levetiden.<\/li>\n<li>Effektiv hydraulisk drift: Ved \u00e5 utnytte hydraulisk oljetrykk muliggj\u00f8r skuffesylinderen jevn forlengelse og inntrekking, noe som gir rask respons p\u00e5 kontrollkommandoer og kraftige skyve- og trekkkrefter som er egnet for h\u00e5ndtering av tunge belastninger og komplekse arbeidsoppgaver.<\/li>\n<li>Ulike typer: Skuffesylinderen kan velges som enkeltvirkende (hydraulisk brukt kun i \u00e9n retning) eller dobbeltvirkende (hydraulisk brukt i begge retninger) sylindere basert p\u00e5 krav for \u00e5 m\u00f8te ulike driftsbehov. Noen modeller er teleskopiske, noe som gir st\u00f8rre forlengelse uten \u00e5 \u00f8ke de ytre m\u00e5lene, noe som gj\u00f8r dem egnet for applikasjoner med begrenset plass.<\/li>\n<li>Perfekt erstatning: Produktene v\u00e5re kan erstatte eksisterende hydrauliske sylindere perfekt. Vi tilbyr et bredt utvalg av sylinderdesign som passer til ulike gravemaskinmodeller.<\/li>\n<\/ul>\n<p>\t<img decoding=\"async\" src=\"https:\/\/www.hydraulic-cylinders.net\/wp-content\/uploads\/2025\/01\/songte-cylinder-head-with-all-kinds-excavator-models.webp\" alt=\"Produktbilde\"><\/p>\n<h2>Bruksomr\u00e5der<\/h2>\n<p>B\u00f8ttesylindere finner bruksomr\u00e5der i ulike bransjer og utstyr:<\/p>\n<ul>\n<li>Anleggsutstyr: Finnes i gravemaskiner, og er avgj\u00f8rende for utgraving, lasting og flytting av jord eller rusk. I gravemaskiner hjelper skuffesylinderen til med b\u00e5de graving og l\u00f8fting.<\/li>\n<li>Landbruksmaskiner: Brukes i frontlastere til \u00e5 utarbeide, l\u00f8fte og transportere jord, h\u00f8y og andre materialer.<\/li>\n<li>Gravemaskiner: Skuffesylinderen muliggj\u00f8r graveaksjoner ved \u00e5 la skuffen trenge ned i jorden.<\/li>\n<li>Lastere: Frontlastere hjelper til med effektiv l\u00f8fting og lossing av varer.<\/li>\n<\/ul>\n<h2>Designhensyn og utvalgskriterier<\/h2>\n<p>\t<img decoding=\"async\" src=\"https:\/\/www.hydraulic-cylinders.net\/wp-content\/uploads\/2025\/01\/songte-oil-pipes-and-spare-parts.webp\" alt=\"Designbilde\"><\/p>\n<p>Ved utforming av b\u00f8ttesylindere tas det hensyn til flere faktorer:<\/p>\n<ul>\n<li>B\u00e6reevne<\/li>\n<li>Tetting<\/li>\n<li>Varighet<\/li>\n<li>Sikkerhet<\/li>\n<li>Vedlikeholdbarhet<\/li>\n<\/ul>\n<h2>Tetting og sm\u00f8ring<\/h2>\n<p>B\u00f8ttesylindere bruker forskjellige tetningskomponenter, som stempeltetninger og stangtetninger, laget av slitesterke materialer som polyuretan og nitrilgummi. Sylinderhuset og gjengede ender gjennomg\u00e5r finbehandling for \u00e5 forbedre slitestyrken. Regelmessig sm\u00f8ring er n\u00f8dvendig, og riktig mengde hydraulisk olje b\u00f8r tilsettes for jevn drift.<\/p>\n<h2>Vedlikehold og forebyggende tiltak<\/h2>\n<p>Regelmessige inspeksjoner og forebyggende vedlikehold er avgj\u00f8rende for optimal ytelse:<\/p>\n<ul>\n<li>Sjekk sylinderen regelmessig for tegn p\u00e5 slitasje eller skade.<\/li>\n<li>S\u00f8rg for riktig sm\u00f8ring.<\/li>\n<li>Skift ut pakninger n\u00e5r det er n\u00f8dvendig.<\/li>\n<li>Utf\u00f8r kalibreringskontroller.<\/li>\n<\/ul>\n<p>\t<img decoding=\"async\" src=\"https:\/\/www.hydraulic-cylinders.net\/wp-content\/uploads\/2025\/01\/songte-chushion-collar.webp\" alt=\"Vedlikeholdsbilde\"><\/p>\n<h2>Sikkerhetshensyn og milj\u00f8faktorer<\/h2>\n<p>N\u00e5r man bruker b\u00f8ttesylindere, er det viktig \u00e5 implementere sikkerhetstiltak for \u00e5 forhindre ulykker og ta hensyn til milj\u00f8faktorer. Tilstrekkelig oppl\u00e6ring, riktig bruk og overholdelse av sikkerhetsretningslinjer er avgj\u00f8rende.<\/p>\n<h2>Feils\u00f8king og vanlige problemer<\/h2>\n<p>Det er flere vanlige problemer som kan oppst\u00e5 med b\u00f8ttesylindere:<\/p>\n<ul>\n<li>Lekkasje<\/li>\n<li>Utilstrekkelig kraft<\/li>\n<li>Treg drift<\/li>\n<\/ul>\n<p>Her er noen feils\u00f8kingstips og l\u00f8sninger for \u00e5 effektivt diagnostisere og l\u00f8se problemer:<\/p>\n<ul>\n<li>Sjekk regelmessig for lekkasjer og skadede tetninger.<\/li>\n<li>S\u00f8rg for at det hydrauliske systemet har tilstrekkelig trykk.<\/li>\n<li>Inspiser og rengj\u00f8r hydrauliske filtre.<\/li>\n<\/ul>\n<p>\t<img decoding=\"async\" src=\"https:\/\/www.hydraulic-cylinders.net\/wp-content\/uploads\/2025\/01\/songte-bushings-with-all-kinds-of-excavator-models.webp\" alt=\"Feils\u00f8kingsbilde\"><\/p>\n<h2>Om selskapet v\u00e5rt<\/h2>\n<p>\t<img decoding=\"async\" src=\"https:\/\/hzpt.com\/wp-content\/uploads\/2024\/11\/songte-company-1.webp\" alt=\"Selskapets image\"><\/p>\n<p>Vi er en ledende produsent og grossistdistribut\u00f8r av hydrauliske sylindere i det innenlandske og internasjonale markedet. V\u00e5rt selskap tilbyr et bredt spekter av produkter og er anerkjent for sin utmerkede kvalitet. Med fokus p\u00e5 produksjonsstyringsstrategier i henhold til bransjestandard, har vi etablert et sofistikert produksjonsverksted utstyrt med avansert digitalt produksjonsutstyr og profesjonelle testsystemer. V\u00e5rt team av tekniske eksperter og v\u00e5r forpliktelse til effektivitet, presisjon og h\u00f8y kvalitet gj\u00f8r oss i stand til \u00e5 m\u00f8te ulike kundekrav.<\/p>\n<h3>V\u00e5re bedriftsh\u00f8ydepunkter:<\/h3>\n<ul>\n<li>Profesjonalitet<\/li>\n<li>Internasjonale sertifiseringer<\/li>\n<li>Tilpasningstjenester<\/li>\n<li>Avansert produksjonsutstyr<\/li>\n<li>Ettersalgstjenester<\/li>\n<\/ul>\n<p>\t<img decoding=\"async\" src=\"https:\/\/www.hydraulic-cylinders.net\/wp-content\/uploads\/2025\/01\/songte-company-3.webp\" alt=\"Selskapets image\"><\/p>\n<p>Forfatter: lyl<\/p>\n<p><\/body><br \/>\n<\/html><\/p>","protected":false},"excerpt":{"rendered":"<p>Bucket Cylinder For Lishide Large Excavator SC400.8 Bucket Cylinder For Lishide Large Excavator SC400.8 Introduction The bucket cylinder, also known as a hydraulic cylinder, is a specially designed component used to control the movement of the bucket in heavy machinery such as excavators, backhoes, and loaders. Its main function is to enable the lifting, lowering, [&hellip;]<\/p>","protected":false},"featured_media":14765,"comment_status":"open","ping_status":"closed","template":"","meta":{"_et_pb_use_builder":"","_et_pb_old_content":"","_et_gb_content_width":""},"product_brand":[],"product_cat":[1494],"product_tag":[1495,1496],"class_list":{"0":"post-15549","1":"product","2":"type-product","3":"status-publish","4":"has-post-thumbnail","6":"product_cat-bucket-cylinders","7":"product_tag-bucket-cylinders","8":"product_tag-hydraulic-cylinders","10":"first","11":"instock","12":"shipping-taxable","13":"product-type-simple"},"amp_enabled":true,"_links":{"self":[{"href":"https:\/\/www.hydraulic-cylinders.net\/nb\/wp-json\/wp\/v2\/product\/15549","targetHints":{"allow":["GET"]}}],"collection":[{"href":"https:\/\/www.hydraulic-cylinders.net\/nb\/wp-json\/wp\/v2\/product"}],"about":[{"href":"https:\/\/www.hydraulic-cylinders.net\/nb\/wp-json\/wp\/v2\/types\/product"}],"replies":[{"embeddable":true,"href":"https:\/\/www.hydraulic-cylinders.net\/nb\/wp-json\/wp\/v2\/comments?post=15549"}],"wp:featuredmedia":[{"embeddable":true,"href":"https:\/\/www.hydraulic-cylinders.net\/nb\/wp-json\/wp\/v2\/media\/14765"}],"wp:attachment":[{"href":"https:\/\/www.hydraulic-cylinders.net\/nb\/wp-json\/wp\/v2\/media?parent=15549"}],"wp:term":[{"taxonomy":"product_brand","embeddable":true,"href":"https:\/\/www.hydraulic-cylinders.net\/nb\/wp-json\/wp\/v2\/product_brand?post=15549"},{"taxonomy":"product_cat","embeddable":true,"href":"https:\/\/www.hydraulic-cylinders.net\/nb\/wp-json\/wp\/v2\/product_cat?post=15549"},{"taxonomy":"product_tag","embeddable":true,"href":"https:\/\/www.hydraulic-cylinders.net\/nb\/wp-json\/wp\/v2\/product_tag?post=15549"}],"curies":[{"name":"wp","href":"https:\/\/api.w.org\/{rel}","templated":true}]}}