{"id":1555,"date":"2023-09-28T08:49:11","date_gmt":"2023-09-28T08:49:11","guid":{"rendered":"https:\/\/hydraulic-cylinders.net\/?post_type=product&#038;p=1555"},"modified":"2025-04-11T01:52:22","modified_gmt":"2025-04-11T01:52:22","slug":"mobile-crane-outrigger-cylinder","status":"publish","type":"product","link":"https:\/\/www.hydraulic-cylinders.net\/nb\/produkt\/mobile-crane-outrigger-cylinder\/","title":{"rendered":"Mobilkran utrigger sylinder"},"content":{"rendered":"<h1 style=\"text-align: center;\"><strong>Mobilkran utrigger sylinder<\/strong><\/h1>\n<p><img loading=\"lazy\" decoding=\"async\" class=\"aligncenter wp-image-1556\" src=\"https:\/\/hydraulic-cylinders.net\/wp-content\/uploads\/2023\/09\/outrigger-expansion-cylinder-1-300x300.webp\" alt=\"\" width=\"400\" height=\"400\" \/><\/p>\n<p>Mobilkranens utriggersylinder er en kritisk komponent i mobile kransystemer, designet for \u00e5 gi stabilitet og sikkerhet under l\u00f8fteoperasjoner. Denne hydrauliske sylinderen er spesielt konstruert for \u00e5 forlenge og trekke inn kranens utriggerbjelker, noe som sikrer et solid fundament og forhindrer velting eller ustabilitet.<\/p>\n<p>Mobilkranens utriggersylinder sikrer stabilitet og sikkerhet under l\u00f8fteoperasjoner. Med sin robuste konstruksjon, hydrauliske forlengelse og inntrekking, stabilitetsforbedring og innebygde sikkerhetsfunksjoner, gir denne hydrauliske sylinderen kranf\u00f8rere muligheten til \u00e5 etablere et sikkert fundament og forhindre velting eller ustabilitet under h\u00e5ndtering av tunge laster. Ved \u00e5 f\u00f8lge riktige bruksmetoder og overholde anbefalte vedlikeholdspraksiser, kan operat\u00f8rer maksimere levetiden og ytelsen til mobilkranens utriggersylinder, noe som bidrar til tryggere og mer effektive l\u00f8fteoperasjoner. Velg denne viktige hydrauliske komponenten for \u00e5 \u00f8ke stabiliteten og sikkerheten til mobilkranen din, slik at du kan l\u00f8fte effektivt og problemfritt i nye h\u00f8yder.<\/p>\n<p>Viktige egenskaper for sylinder for mobilkranutriggere:<\/p>\n<ol>\n<li>Robust konstruksjon:<\/li>\n<\/ol>\n<ul>\n<li>Mobilkranens utriggersylinder er konstruert av materialer av h\u00f8y kvalitet, noe som sikrer holdbarhet og p\u00e5litelighet selv under krevende arbeidsforhold.<\/li>\n<li>Den er konstruert for \u00e5 t\u00e5le tunge belastninger, vibrasjoner og eksponering for milj\u00f8elementer, noe som gir langvarig ytelse.<\/li>\n<\/ul>\n<ol start=\"2\">\n<li>Hydraulisk forlengelse og tilbaketrekking:<\/li>\n<\/ol>\n<ul>\n<li>Denne sylinderen bruker hydraulisk kraft til \u00e5 forlenge og trekke inn st\u00f8ttebenene p\u00e5 mobilkranen.<\/li>\n<li>Det hydrauliske systemet gir presis kontroll og jevn drift, noe som muliggj\u00f8r rask oppsett og justering av utriggerne.<\/li>\n<\/ul>\n<ol start=\"3\">\n<li>Stabilitetsforbedring:<\/li>\n<\/ol>\n<ul>\n<li>Ved \u00e5 forlenge st\u00f8ttebensbjelkene \u00f8ker mobilkranens st\u00f8ttebenssylinder kranens stabilitet betydelig under l\u00f8fteoperasjoner.<\/li>\n<li>Den gir et bredere st\u00f8ttegrunnlag, noe som minimerer risikoen for velting eller tipping, spesielt ved h\u00e5ndtering av tung last eller bruk i ujevnt terreng.<\/li>\n<\/ul>\n<ol start=\"4\">\n<li>Sikkerhetsfunksjoner:<\/li>\n<\/ol>\n<ul>\n<li>St\u00f8ttebenssylinderen er utstyrt med sikkerhetsmekanismer som l\u00e5sepinner eller ventiler for \u00e5 sikre de utstrakte st\u00f8ttebensbjelkene p\u00e5 plass.<\/li>\n<li>Disse funksjonene forhindrer utilsiktet tilbaketrekking og sikrer kranens stabilitet under l\u00f8fting.<\/li>\n<\/ul>\n<h2><strong>Parameter for sylinder for mobilkranutrigger:<\/strong><\/h2>\n<table border=\"1\" cellspacing=\"0\" cellpadding=\"0\">\n<tbody>\n<tr>\n<td>Produktnavn<\/td>\n<td>Mobilkran utrigger sylinder<\/td>\n<\/tr>\n<tr>\n<td>Funksjoner:<\/td>\n<td>St\u00f8tt vekten av hele utstyret n\u00e5r kranen l\u00f8ftes<\/td>\n<\/tr>\n<tr>\n<td>Borediameter:<\/td>\n<td>70 mm \uff5e360 mm<\/td>\n<\/tr>\n<tr>\n<td>Stangdiameter:<\/td>\n<td>45 mm \uff5e320 mm<br \/>\nSlaglengde \u2264800 mm<\/td>\n<\/tr>\n<tr>\n<td>Trykk:<\/td>\n<td>Maksimum 42 MPa<\/td>\n<\/tr>\n<tr>\n<td>Bruksomr\u00e5der for utriggersylindere:<\/td>\n<td>Mobilkran<\/td>\n<\/tr>\n<\/tbody>\n<\/table>\n<h2><strong>Identifikasjonsdiagram for mobilkran:<\/strong><\/h2>\n<p><img loading=\"lazy\" decoding=\"async\" class=\"alignnone wp-image-1551 size-full\" src=\"https:\/\/hydraulic-cylinders.net\/wp-content\/uploads\/2023\/09\/mobile-crane-cylinder-construction-1.webp\" alt=\"\" width=\"1418\" height=\"946\" srcset=\"https:\/\/hydraulic-cylinders.net\/wp-content\/uploads\/2023\/09\/mobile-crane-cylinder-construction-1.webp 1418w, https:\/\/hydraulic-cylinders.net\/wp-content\/uploads\/2023\/09\/mobile-crane-cylinder-construction-1-1280x854.webp 1280w, https:\/\/hydraulic-cylinders.net\/wp-content\/uploads\/2023\/09\/mobile-crane-cylinder-construction-1-980x654.webp 980w, https:\/\/hydraulic-cylinders.net\/wp-content\/uploads\/2023\/09\/mobile-crane-cylinder-construction-1-480x320.webp 480w\" sizes=\"(min-width: 0px) and (max-width: 480px) 480px, (min-width: 481px) and (max-width: 980px) 980px, (min-width: 981px) and (max-width: 1280px) 1280px, (min-width: 1281px) 1418px, 100vw\" \/><\/p>\n<h2><strong>Bruksmetode for mobilkranens utriggersylinder<\/strong><strong>:<\/strong><\/h2>\n<ol>\n<li><strong>Vurdering av omr\u00e5det:<\/strong><\/li>\n<\/ol>\n<ul>\n<li>F\u00f8r du bruker st\u00f8ttebeina, m\u00e5 du grundig vurdere arbeidsomr\u00e5det for \u00e5 identifisere eventuelle farer eller utfordringer.<\/li>\n<li>S\u00f8rg for at underlaget er stabilt og i stand til \u00e5 b\u00e6re kranens vekt og l\u00f8ftebelastninger.<\/li>\n<\/ul>\n<ol start=\"2\">\n<li><strong>Bli kjent med kontrollene:<\/strong><\/li>\n<\/ol>\n<ul>\n<li>Forst\u00e5 kontrollmekanismene og driftsprosedyrene som er spesifikke for din mobilkranmodell.<\/li>\n<li>Identifiser kontrollene som er ansvarlige for \u00e5 forlenge og trekke inn st\u00f8ttebensbjelkene.<\/li>\n<\/ul>\n<ol start=\"3\">\n<li><strong>Forlenging av st\u00f8ttebenene:<\/strong><\/li>\n<\/ol>\n<ul>\n<li>Aktiver kontrollen for \u00e5 forlenge mobilkranens st\u00f8ttebenssylinder, slik at st\u00f8ttebensbjelkene n\u00e5r sin utstrakte posisjon.<\/li>\n<li>Overv\u00e5k posisjonen til st\u00f8ttebensbjelkene, og s\u00f8rg for at de er riktig justert og forsvarlig l\u00e5st p\u00e5 plass.<\/li>\n<\/ul>\n<ol start=\"4\">\n<li><strong>Inntrekking av st\u00f8ttebenene:<\/strong><\/li>\n<\/ol>\n<ul>\n<li>N\u00e5r l\u00f8fteoperasjonen er fullf\u00f8rt, aktiver kontrollen for \u00e5 trekke tilbake st\u00f8ttebensbjelkene.<\/li>\n<li>S\u00f8rg for at st\u00f8ttebenene trekkes tilbake jevnt og jevnt, og at de er p\u00e5 linje med kranens karosseri for sikker transport.<\/li>\n<\/ul>\n<h2><strong>Hvordan lufte ut traktorens hydrauliske system?<\/strong><\/h2>\n<p>Det er avgj\u00f8rende \u00e5 lufte traktorens hydrauliske system for \u00e5 opprettholde optimal ytelse og forhindre problemer som redusert respons og uregelmessig oppf\u00f8rsel. Her er en trinnvis veiledning om hvordan du lufter traktorens hydrauliske system:<\/p>\n<ol>\n<li><strong>Identifiser bl\u00f8dningspunkter:<\/strong>\n<ul>\n<li>Bestem stedene i det hydrauliske systemet hvor luft kan samle seg. Vanlige luftepunkter inkluderer lufteventiler, lufteskruer eller beslag med avtakbare hetter.<\/li>\n<li>Se traktorens h\u00e5ndbok eller produsentens retningslinjer for spesifikk informasjon om luftepunkter.<\/li>\n<\/ul>\n<\/li>\n<li><strong>Klargj\u00f8r systemet:<\/strong>\n<ul>\n<li>S\u00f8rg for at traktoren er sl\u00e5tt av og at det hydrauliske trykket er helt utl\u00f8st.<\/li>\n<li>Finn hydraulikkv\u00e6skebeholderen og kontroller v\u00e6skeniv\u00e5et. Hold v\u00e6skeniv\u00e5et innenfor det anbefalte omr\u00e5det.<\/li>\n<\/ul>\n<\/li>\n<li><strong>Start p\u00e5 det laveste punktet:<\/strong>\n<ul>\n<li>Start luftingen p\u00e5 det laveste punktet i det hydrauliske systemet, der luft kan samle seg.<\/li>\n<li>L\u00f8sne lufteventilen eller fjern hetten p\u00e5 monteringsdekselet for \u00e5 f\u00e5 tilgang til lufteskruen.<\/li>\n<\/ul>\n<\/li>\n<li><strong>\u00c5pne utluftingspunktet:<\/strong>\n<ul>\n<li>Bruk et passende verkt\u00f8y, for eksempel en skiften\u00f8kkel eller skrutrekker, til \u00e5 sakte \u00e5pne lufteventilen eller l\u00f8sne lufteskruen.<\/li>\n<li>V\u00e6r forsiktig s\u00e5 du ikke fjerner ventilen eller skruen helt, da det kan f\u00f8re til v\u00e6skelekkasje.<\/li>\n<\/ul>\n<\/li>\n<li><strong>Rens luften:<\/strong>\n<ul>\n<li>N\u00e5r luftepunktet \u00e5pnes, kan luftbobler begynne \u00e5 slippe ut sammen med hydraulikkv\u00e6sken.<\/li>\n<li>La luften slippe ut av systemet til det observeres en jevn str\u00f8m av v\u00e6ske uten luftbobler.<\/li>\n<li>Ha en beholder eller et absorberende materiale klart for \u00e5 samle opp v\u00e6ske som kan s\u00f8les under denne prosessen.<\/li>\n<\/ul>\n<\/li>\n<li><strong>Lukk utluftingspunktet:<\/strong>\n<ul>\n<li>N\u00e5r luften er t\u00f8mt, lukk lufteventilen eller stram lufteskruen godt til.<\/li>\n<li>S\u00f8rg for at ventilen eller skruen er ordentlig tettet for \u00e5 forhindre ytterligere luftinntrengning.<\/li>\n<\/ul>\n<\/li>\n<li><strong>G\u00e5 til neste utluftingspunkt:<\/strong>\n<ul>\n<li>G\u00e5 videre til det nest h\u00f8yeste punktet i systemet der luft kan samle seg, og gjenta trinn 4\u20136.<\/li>\n<li>Fortsett \u00e5 lufte systemet ved hvert identifiserte luftepunkt, og arbeid deg opp til det h\u00f8yeste punktet.<\/li>\n<\/ul>\n<\/li>\n<li><strong>Sjekk v\u00e6skeniv\u00e5et:<\/strong>\n<ul>\n<li>Overv\u00e5k v\u00e6skeniv\u00e5et i beholderen gjennom hele lufteprosessen, og etterfyll om n\u00f8dvendig.<\/li>\n<li>Bruk den anbefalte hydrauliske v\u00e6sken som er spesifisert i traktorens h\u00e5ndbok eller av produsenten.<\/li>\n<\/ul>\n<\/li>\n<li><strong>Test og verifiser:<\/strong>\n<ul>\n<li>Etter at alle identifiserte punkter er luftet, start traktoren og betjen det hydrauliske systemet for \u00e5 sikre at det fungerer som det skal.<\/li>\n<li>Se etter tegn p\u00e5 svampaktig respons, unormale lyder eller uberegnelig oppf\u00f8rsel.<\/li>\n<li>Hvis problemene vedvarer, gjenta luftingsprosessen eller kontakt en kvalifisert tekniker for ytterligere hjelp.<\/li>\n<\/ul>\n<\/li>\n<\/ol>\n<h2><strong>Fabrikkens kapasitet og kapasitet:<\/strong><\/h2>\n<h3>(1) Montering<\/h3>\n<p>Vi har en f\u00f8rsteklasses uavhengig forsknings- og utviklingsplattform for montering. Verkstedet for produksjon av hydrauliske sylindere har fire halvautomatiske monteringslinjer for l\u00f8ftesylindere og \u00e9n automatisk monteringslinje for vippesylindere, med en \u00e5rlig produksjonskapasitet p\u00e5 1 million enheter. Spesialsylinderverkstedet er utstyrt med ulike spesifikasjoner for et halvautomatisk rengj\u00f8ringsmonteringssystem med en \u00e5rlig produksjonskapasitet p\u00e5 200 000 enheter, og er utstyrt med kjent CNC-maskineringsutstyr, et maskineringssenter, spesialutstyr for h\u00f8ypresisjons sylinderbehandling, en robotsveisemaskin, en automatisk rengj\u00f8ringsmaskin, en automatisk sylindermonteringsmaskin og en automatisk produksjonslinje for lakkering. Vi har mer enn 300 sett (sett) av kritisk utstyr. Optimal allokering og effektiv bruk av utstyrsressurser sikrer n\u00f8yaktighetskravene til produktene og oppfyller produktenes h\u00f8ye kvalitetsbehov.<\/p>\n<p><img loading=\"lazy\" decoding=\"async\" class=\"alignnone wp-image-626\" src=\"https:\/\/hydraulic-cylinders.net\/wp-content\/uploads\/2023\/08\/hydraulic-cylinder-product-1-300x158.webp\" alt=\"\" width=\"495\" height=\"260\" srcset=\"https:\/\/hydraulic-cylinders.net\/wp-content\/uploads\/2023\/08\/hydraulic-cylinder-product-1-300x158.webp 495w, https:\/\/hydraulic-cylinders.net\/wp-content\/uploads\/2023\/08\/hydraulic-cylinder-product-1-480x252.webp 480w\" sizes=\"(min-width: 0px) and (max-width: 480px) 480px, (min-width: 481px) 495px, 100vw\" \/> <img loading=\"lazy\" decoding=\"async\" class=\"alignnone wp-image-627\" src=\"https:\/\/hydraulic-cylinders.net\/wp-content\/uploads\/2023\/08\/hydraulic-cylinder-product-2-300x189.webp\" alt=\"\" width=\"413\" height=\"260\" \/><\/p>\n<h3>(2) Maskinering<\/h3>\n<p>Maskineringsverkstedet er utstyrt med et spesialtilpasset dreiesenter for skr\u00e5 skinner, maskineringssenter, h\u00f8yhastighets honemaskin, sveiserobot og annet relatert utstyr, som kan h\u00e5ndtere bearbeiding av sylinderr\u00f8r med en maksimal indre diameter p\u00e5 400 mm og en maksimal lengde p\u00e5 6 meter.<\/p>\n<p><img loading=\"lazy\" decoding=\"async\" class=\"alignnone wp-image-628 size-large\" src=\"https:\/\/hydraulic-cylinders.net\/wp-content\/uploads\/2023\/08\/hydraulic-cylinder-product-3-1024x391.webp\" alt=\"\" width=\"1024\" height=\"391\" srcset=\"https:\/\/hydraulic-cylinders.net\/wp-content\/uploads\/2023\/08\/hydraulic-cylinder-product-3-980x374.webp 980w, https:\/\/hydraulic-cylinders.net\/wp-content\/uploads\/2023\/08\/hydraulic-cylinder-product-3-480x183.webp 480w\" sizes=\"(min-width: 0px) and (max-width: 480px) 480px, (min-width: 481px) and (max-width: 980px) 980px, (min-width: 981px) 1024px, 100vw\" \/><\/p>\n<h3>(3) Sveising<\/h3>\n<p><img loading=\"lazy\" decoding=\"async\" class=\"alignnone wp-image-629 size-large\" src=\"https:\/\/hydraulic-cylinders.net\/wp-content\/uploads\/2023\/08\/hydraulic-cylinder-product-4-1024x510.webp\" alt=\"\" width=\"1024\" height=\"510\" srcset=\"https:\/\/hydraulic-cylinders.net\/wp-content\/uploads\/2023\/08\/hydraulic-cylinder-product-4-980x488.webp 980w, https:\/\/hydraulic-cylinders.net\/wp-content\/uploads\/2023\/08\/hydraulic-cylinder-product-4-480x239.webp 480w\" sizes=\"(min-width: 0px) and (max-width: 480px) 480px, (min-width: 481px) and (max-width: 980px) 980px, (min-width: 981px) 1024px, 100vw\" \/><\/p>\n<h3>(4) Maling og belegg<\/h3>\n<p>Med sm\u00e5 og mellomstore sylinderautomatiske vannbaserte malingsbeleggslinjer, for \u00e5 oppn\u00e5 automatisk robotlasting og -lossing og automatisk spr\u00f8yting, er den designede kapasiteten 4000 stykker per skift;<br \/>\nVi har ogs\u00e5 en halvautomatisk produksjonslinje for maling for store sylindere drevet av en kabelkjede, med en designkapasitet p\u00e5 60 kasser per skift.<\/p>\n<p><img loading=\"lazy\" decoding=\"async\" class=\"alignnone wp-image-630\" src=\"https:\/\/hydraulic-cylinders.net\/wp-content\/uploads\/2023\/08\/hydraulic-cylinder-product-5-300x213.webp\" alt=\"\" width=\"366\" height=\"260\" \/> <img loading=\"lazy\" decoding=\"async\" class=\"alignnone wp-image-631\" src=\"https:\/\/hydraulic-cylinders.net\/wp-content\/uploads\/2023\/08\/hydraulic-cylinder-product-6-300x225.webp\" alt=\"\" width=\"347\" height=\"260\" \/><\/p>\n<h3>(5) Testing<\/h3>\n<p>Vi har f\u00f8rsteklasses inspeksjonsfasiliteter og testbenker for \u00e5 sikre at sylinderens ytelse oppfyller kravene.<\/p>\n<p><img loading=\"lazy\" decoding=\"async\" class=\"alignnone wp-image-632\" src=\"https:\/\/hydraulic-cylinders.net\/wp-content\/uploads\/2023\/08\/hydraulic-cylinder-product-8-300x200.webp\" alt=\"\" width=\"389\" height=\"260\" \/><\/p>\n<p>&nbsp;<\/p>\n<p>&nbsp;<\/p>\n<p>Vi er en av de beste produsentene av hydrauliske sylindere. Vi kan tilby et omfattende utvalg av hydrauliske sylindere. Vi tilbyr ogs\u00e5 tilsvarende <a href=\"https:\/\/hzpt.com\/agricultural-pto-gearbox\/\" target=\"_blank\" rel=\"noopener\">landbruksgirkasser<\/a>Vi har eksportert produktene v\u00e5re til kunder over hele verden og opparbeidet oss et godt rykte p\u00e5 grunn av v\u00e5r overlegne produktkvalitet og ettersalgsservice. Vi \u00f8nsker kunder i inn- og utland velkommen til \u00e5 kontakte oss for \u00e5 forhandle om forretninger, utveksle informasjon og <a href=\"https:\/\/www.hydraulic-cylinders.net\/nb\/contact-us\/\">samarbeide med oss<\/a>!<\/p>","protected":false},"excerpt":{"rendered":"<p>Mobile Crane Outrigger Cylinder The mobile crane outrigger cylinder is a critical component in mobile crane systems, designed to provide stability and safety during lifting operations. This hydraulic cylinder is specifically engineered to extend and retract the outrigger beams of the crane, ensuring a solid foundation and preventing tipping or instability. The mobile crane outrigger [&hellip;]<\/p>","protected":false},"featured_media":1561,"comment_status":"open","ping_status":"closed","template":"","meta":{"_et_pb_use_builder":"","_et_pb_old_content":"","_et_gb_content_width":""},"product_brand":[],"product_cat":[1514,1549],"product_tag":[1380],"class_list":{"0":"post-1555","1":"product","2":"type-product","3":"status-publish","4":"has-post-thumbnail","6":"product_cat-mobile-crane-hydraulic-cylinders","7":"product_cat-single-acting-hydraulic-cylinder","8":"product_tag-hydraulic-cylinder","10":"first","11":"instock","12":"shipping-taxable","13":"product-type-simple"},"amp_enabled":true,"_links":{"self":[{"href":"https:\/\/www.hydraulic-cylinders.net\/nb\/wp-json\/wp\/v2\/product\/1555","targetHints":{"allow":["GET"]}}],"collection":[{"href":"https:\/\/www.hydraulic-cylinders.net\/nb\/wp-json\/wp\/v2\/product"}],"about":[{"href":"https:\/\/www.hydraulic-cylinders.net\/nb\/wp-json\/wp\/v2\/types\/product"}],"replies":[{"embeddable":true,"href":"https:\/\/www.hydraulic-cylinders.net\/nb\/wp-json\/wp\/v2\/comments?post=1555"}],"wp:featuredmedia":[{"embeddable":true,"href":"https:\/\/www.hydraulic-cylinders.net\/nb\/wp-json\/wp\/v2\/media\/1561"}],"wp:attachment":[{"href":"https:\/\/www.hydraulic-cylinders.net\/nb\/wp-json\/wp\/v2\/media?parent=1555"}],"wp:term":[{"taxonomy":"product_brand","embeddable":true,"href":"https:\/\/www.hydraulic-cylinders.net\/nb\/wp-json\/wp\/v2\/product_brand?post=1555"},{"taxonomy":"product_cat","embeddable":true,"href":"https:\/\/www.hydraulic-cylinders.net\/nb\/wp-json\/wp\/v2\/product_cat?post=1555"},{"taxonomy":"product_tag","embeddable":true,"href":"https:\/\/www.hydraulic-cylinders.net\/nb\/wp-json\/wp\/v2\/product_tag?post=1555"}],"curies":[{"name":"wp","href":"https:\/\/api.w.org\/{rel}","templated":true}]}}