{"id":15569,"date":"2025-01-19T14:41:41","date_gmt":"2025-01-19T14:41:41","guid":{"rendered":"https:\/\/www.hydraulic-cylinders.net\/product\/bucket-cylinder-for-liugong-small-excavator-clg915d\/"},"modified":"2025-01-19T14:41:43","modified_gmt":"2025-01-19T14:41:43","slug":"bucket-cylinder-for-liugong-small-excavator-clg915d","status":"publish","type":"product","link":"https:\/\/www.hydraulic-cylinders.net\/nb\/produkt\/bucket-cylinder-for-liugong-small-excavator-clg915d\/","title":{"rendered":"B\u00f8ttesylinder for Liugong liten gravemaskin CLG915D"},"content":{"rendered":"<h1>B\u00f8ttesylinder for Liugong liten gravemaskin CLG915D<\/h1>\n<h2>Introduksjon<\/h2>\n<p>Skuffesylinderen er en spesialisert hydraulisk sylinder som prim\u00e6rt er designet for \u00e5 kontrollere bevegelsen til skuffer i tunge maskiner som gravemaskiner, traktorgravere og frontlastere. Hovedfunksjonen er \u00e5 gj\u00f8re det mulig for skuffen \u00e5 l\u00f8fte, senke og vippe, noe som gj\u00f8r det enklere \u00e5 transportere forskjellige materialer. I det hydrauliske systemet oppn\u00e5r skuffesylinderen presis kontroll over skuffen ved endringer i hydraulikkoljetrykket, slik at operat\u00f8rer effektivt kan h\u00e5ndtere tunge laster og tilpasse seg komplekse arbeidsmilj\u00f8er og ulike driftskrav.<\/p>\n<p><img decoding=\"async\" src=\"https:\/\/www.hydraulic-cylinders.net\/wp-content\/uploads\/2025\/01\/songte-company-2.webp\" alt=\"B\u00f8ttesylinder\"><\/p>\n<h2>Funksjoner<\/h2>\n<ul>\n<li>H\u00f8y styrke og holdbarhet: vanligvis laget av h\u00f8yfast st\u00e5l eller aluminium, i stand til \u00e5 t\u00e5le h\u00f8yt trykk og tunge belastninger, og designet med hensyn til slitestyrke og korrosjonsbestandighet, noe som forlenger levetiden.<\/li>\n<li>Effektiv hydraulisk drift: bruker hydraulisk oljetrykk for \u00e5 oppn\u00e5 jevn forlengelse og tilbaketrekking, reagerer raskt p\u00e5 kontrollkommandoer, gir sterk skyve- og trekkekraft, egnet for h\u00e5ndtering av tunge belastninger og komplekse driftsoppgaver.<\/li>\n<li>Ulike typer: enkeltvirkende (med hydraulikk i kun \u00e9n retning) eller dobbeltvirkende (med hydraulikk i to retninger) sylindere kan velges i henhold til driftsbehov, noen modeller er teleskopiske, noe som gir st\u00f8rre forlengelse uten \u00e5 \u00f8ke de ytre m\u00e5lene, egnet for applikasjoner med begrenset plass.<\/li>\n<li>Direkte utskifting: Produktene v\u00e5re kan erstatte disse hydrauliske sylindrene perfekt.<\/li>\n<\/ul>\n<p><img decoding=\"async\" src=\"https:\/\/www.hydraulic-cylinders.net\/wp-content\/uploads\/2025\/01\/songte-cylinder-head-with-all-kinds-excavator-models.webp\" alt=\"Hydraulisk sylinder\"><\/p>\n<h2>Bruksomr\u00e5der<\/h2>\n<p>B\u00f8ttesylinderen er mye brukt i f\u00f8lgende bransjer:<\/p>\n<ul>\n<li>Anleggsutstyr: i gravemaskiner er de viktige for graving, lasting og flytting av jord eller rusk. I gravemaskiner hjelper skuffesylindere med b\u00e5de graving og l\u00f8fting. <\/li>\n<li>Landbruksmaskiner: brukes i frontlastere til \u00e5 utarbeide, l\u00f8fte og transportere jord, h\u00f8y og andre materialer. <\/li>\n<li>Gravemaskiner: skuffesylindere oppn\u00e5r gravefunksjon ved \u00e5 la skuffen trenge ned i jorden. <\/li>\n<li>Lastere: I frontlastere hjelper de med \u00e5 l\u00f8fte og dumpe last effektivt. <\/li>\n<\/ul>\n<h2>Designhensyn og utvalgskriterier<\/h2>\n<p>Ut fra designhensyn, som b\u00e6reevne, tetting, holdbarhet, sikkerhet og vedlikeholdbarhet, m\u00e5 hydrauliske sylindere designes og velges riktig for \u00e5 oppfylle driftskrav:<\/p>\n<ul>\n<li>B\u00e6reevne: Den hydrauliske sylinderen m\u00e5 kunne t\u00e5le den maksimale belastningen den vil bli utsatt for under drift.<\/li>\n<li>Tetting: Ulike tetningselementer brukes, som stempeltetninger, stangtetninger osv., og tetningsmaterialer som polyuretan og nitrilgummi velges for sin slitestyrke.<\/li>\n<li>Holdbarhet: sylinderhus og gjenger er fint bearbeidet for \u00e5 forbedre slitestyrken, og passende sm\u00f8remidler brukes for \u00e5 forlenge levetiden.<\/li>\n<li>Sikkerhet: Sikkerhetsinnretninger som sikkerhetsventiler brukes for \u00e5 forhindre ulykker.<\/li>\n<li>Vedlikehold: regelmessig inspeksjon, testing og vedlikehold anbefales for \u00e5 identifisere potensielle problemer og forhindre nedetid.<\/li>\n<\/ul>\n<p><img decoding=\"async\" src=\"https:\/\/www.hydraulic-cylinders.net\/wp-content\/uploads\/2025\/01\/songte-oil-pipes-and-spare-parts.webp\" alt=\"Hydrauliske sylinderkomponenter\"><\/p>\n<h2>Tetting og sm\u00f8ring<\/h2>\n<p>Ulike tetningselementer brukes, som stempeltetninger, stangtetninger osv., og tetningsmaterialer som polyuretan og nitrilgummi er valgt for sin slitestyrke. Sylinderhus og gjenger er fint bearbeidet for \u00e5 forbedre slitestyrken, og passende sm\u00f8remidler brukes for \u00e5 forlenge levetiden.<\/p>\n<h2>Inspeksjon, vedlikehold og reparasjon<\/h2>\n<p>Regelmessig inspeksjon, sm\u00f8ring og kalibrering anbefales for \u00e5 sikre korrekt drift og forlenge levetiden. Vanlige vedlikeholdsoppgaver inkluderer:<\/p>\n<ul>\n<li>Regelmessig inspeksjon av sylinderhus, stempel, stang og andre komponenter for slitasje og skader.<\/li>\n<li>Riktig sm\u00f8ring av tetninger, gjenger og andre bevegelige deler.<\/li>\n<li>Utskifting av slitte eller skadede tetninger og andre komponenter, samt kalibreringskontroller for \u00e5 sikre korrekt funksjon.<\/li>\n<\/ul>\n<p><img decoding=\"async\" src=\"https:\/\/www.hydraulic-cylinders.net\/wp-content\/uploads\/2025\/01\/songte-chushion-collar.webp\" alt=\"Installasjon av hydrauliske sylindere\"><\/p>\n<h2>Sikkerhetshensyn og milj\u00f8faktorer<\/h2>\n<p>Sikkerhetstiltak er viktige ved bruk av hydrauliske sylindere. Operat\u00f8rer b\u00f8r v\u00e6re skikkelig oppl\u00e6rt og f\u00f8lge sikkerhetsretningslinjer og forskrifter. Milj\u00f8faktorer som temperatur, fuktighet og st\u00f8v b\u00f8r ogs\u00e5 vurderes, da de kan p\u00e5virke ytelsen og levetiden til hydrauliske sylindere.<\/p>\n<h2>Feils\u00f8king og vanlige problemer<\/h2>\n<p>Vanlige problemer med hydrauliske sylindere inkluderer lekkasjer, manglende ut- eller inntrekking og redusert l\u00f8ftekapasitet. Tips og l\u00f8sninger for feils\u00f8king inkluderer:<\/p>\n<ul>\n<li>Identifisering av lekkasjer og utskifting av slitte eller skadede tetninger.<\/li>\n<li>Kontroll av hydraulikkv\u00e6skeniv\u00e5er og utskifting av forurenset v\u00e6ske.<\/li>\n<li>Inspeksjon av hydrauliske ledninger og koblinger for skader eller blokkeringer.<\/li>\n<li>Inspeksjon av sikkerhetsinnretninger og kalibrering av overtrykksventiler.<\/li>\n<\/ul>\n<p><img decoding=\"async\" src=\"https:\/\/www.hydraulic-cylinders.net\/wp-content\/uploads\/2025\/01\/songte-bushings-with-all-kinds-of-excavator-models.webp\" alt=\"Hydrauliske sylinderkomponenter\"><\/p>\n<h2>Om selskapet v\u00e5rt<\/h2>\n<p>Vi er en produsent av hydrauliske sylindere for erstatning med et komplett produktsortiment, og er n\u00e5 en av de ledende produsentene og grossistdistribut\u00f8rene av hydrauliske sylindere i b\u00e5de innenlandske og internasjonale markeder. Vi f\u00f8lger prinsippet om utmerket kvalitet, og er avhengige av en strategi for industriell produksjonsstyring med fine produksjonsverksteder, kontinuerlig forbedring av produksjonsplattformer og perfeksjonering av produksjonsruter av produktkvalitet. Vi har en sterk evne til \u00e5 skape produkter med h\u00f8y effektivitet, h\u00f8y presisjon og h\u00f8y kvalitet for \u00e5 m\u00f8te kundenes ulike behov.<\/p>\n<p>V\u00e5rt firma tilbyr profesjonelle, internasjonalt sertifiserte, tilpassede tjenester, avansert produksjonsutstyr og ettersalgstjenester.<\/p>\n<p><img decoding=\"async\" src=\"https:\/\/hzpt.com\/wp-content\/uploads\/2024\/11\/songte-company-1.webp\" alt=\"Selskapets image\"><\/p>\n<p>Forfatter: lyl.<\/p>","protected":false},"excerpt":{"rendered":"<p>Bucket Cylinder For Liugong Small Excavator CLG915D Introduction The bucket cylinder is a specialized hydraulic cylinder designed primarily to control the movement of buckets in heavy machinery such as excavators, backhoe loaders, and front-end loaders. Its main function is to enable the bucket to lift, lower, and tilt, making it easier to transport various materials. [&hellip;]<\/p>","protected":false},"featured_media":14787,"comment_status":"open","ping_status":"closed","template":"","meta":{"_et_pb_use_builder":"","_et_pb_old_content":"","_et_gb_content_width":""},"product_brand":[],"product_cat":[1494],"product_tag":[1495,1496],"class_list":{"0":"post-15569","1":"product","2":"type-product","3":"status-publish","4":"has-post-thumbnail","6":"product_cat-bucket-cylinders","7":"product_tag-bucket-cylinders","8":"product_tag-hydraulic-cylinders","10":"first","11":"instock","12":"shipping-taxable","13":"product-type-simple"},"amp_enabled":true,"_links":{"self":[{"href":"https:\/\/www.hydraulic-cylinders.net\/nb\/wp-json\/wp\/v2\/product\/15569","targetHints":{"allow":["GET"]}}],"collection":[{"href":"https:\/\/www.hydraulic-cylinders.net\/nb\/wp-json\/wp\/v2\/product"}],"about":[{"href":"https:\/\/www.hydraulic-cylinders.net\/nb\/wp-json\/wp\/v2\/types\/product"}],"replies":[{"embeddable":true,"href":"https:\/\/www.hydraulic-cylinders.net\/nb\/wp-json\/wp\/v2\/comments?post=15569"}],"wp:featuredmedia":[{"embeddable":true,"href":"https:\/\/www.hydraulic-cylinders.net\/nb\/wp-json\/wp\/v2\/media\/14787"}],"wp:attachment":[{"href":"https:\/\/www.hydraulic-cylinders.net\/nb\/wp-json\/wp\/v2\/media?parent=15569"}],"wp:term":[{"taxonomy":"product_brand","embeddable":true,"href":"https:\/\/www.hydraulic-cylinders.net\/nb\/wp-json\/wp\/v2\/product_brand?post=15569"},{"taxonomy":"product_cat","embeddable":true,"href":"https:\/\/www.hydraulic-cylinders.net\/nb\/wp-json\/wp\/v2\/product_cat?post=15569"},{"taxonomy":"product_tag","embeddable":true,"href":"https:\/\/www.hydraulic-cylinders.net\/nb\/wp-json\/wp\/v2\/product_tag?post=15569"}],"curies":[{"name":"wp","href":"https:\/\/api.w.org\/{rel}","templated":true}]}}