{"id":15571,"date":"2025-01-19T14:41:55","date_gmt":"2025-01-19T14:41:55","guid":{"rendered":"https:\/\/www.hydraulic-cylinders.net\/product\/bucket-cylinder-for-liugong-small-excavator-clg9045d-907\/"},"modified":"2025-01-19T14:41:57","modified_gmt":"2025-01-19T14:41:57","slug":"bucket-cylinder-for-liugong-small-excavator-clg9045d-907","status":"publish","type":"product","link":"https:\/\/www.hydraulic-cylinders.net\/nb\/produkt\/bucket-cylinder-for-liugong-small-excavator-clg9045d-907\/","title":{"rendered":"B\u00f8ttesylinder for Liugong liten gravemaskin CLG9045D\/907"},"content":{"rendered":"<h2>B\u00f8ttesylinder for Liugong liten gravemaskin CLG9045D\/907<\/h2>\n<h3>Introduksjon<\/h3>\n<p>En skuffesylinder er en spesialdesignet hydraulisk sylinder som hovedsakelig brukes til \u00e5 kontrollere bevegelsen til en skuffe i tunge maskiner som gravemaskiner, traktorgravere og frontlastere. Hovedfunksjonen er \u00e5 gj\u00f8re det mulig \u00e5 heve, senke og vippe skuffen, noe som gj\u00f8r det enklere \u00e5 h\u00e5ndtere en rekke materialflyttingsoppgaver. I det hydrauliske systemet oppn\u00e5r skuffesylinderen presis kontroll over skuffens bevegelser gjennom endringer i hydraulisk trykk, slik at f\u00f8reren effektivt kan h\u00e5ndtere tunge laster samtidig som den tilpasser seg komplekse arbeidsmilj\u00f8er og ulike jobbkrav.<\/p>\n<p><img decoding=\"async\" src=\"https:\/\/www.hydraulic-cylinders.net\/wp-content\/uploads\/2025\/01\/songte-company-2.webp\" alt=\"Bilde av b\u00f8ttesylinder\"><\/p>\n<h3>Funksjoner<\/h3>\n<ul>\n<li>H\u00f8y styrke og holdbarhet: Vanligvis laget av h\u00f8yfast st\u00e5l eller aluminium, t\u00e5ler den h\u00f8yt trykk og tunge belastninger, og tilpasser seg t\u00f8ffe arbeidsmilj\u00f8er. Designet tar hensyn til slitestyrke og korrosjonsmotstand, noe som forlenger levetiden.<\/li>\n<li>Effektiv hydraulisk drift: Bruker hydraulisk oljetrykk for \u00e5 oppn\u00e5 jevn forlengelse og tilbaketrekking, kan raskt reagere p\u00e5 kontrollkommandoer, gi kraftige skyve- og trekkekrefter, egnet for h\u00e5ndtering av tunge belastninger og komplekse arbeidsoppgaver.<\/li>\n<li>Ulike typer: Enkeltvirkende (hydraulisk brukt i \u00e9n retning) eller dobbeltvirkende (hydraulisk brukt i to retninger) sylindere kan velges etter behov for \u00e5 m\u00f8te ulike driftskrav. Noen modeller er teleskopiske, noe som gir st\u00f8rre forlengelse uten \u00e5 \u00f8ke de ytre m\u00e5lene og er egnet for applikasjoner med begrenset plass.<\/li>\n<li>Utskiftbare produkter: Produktene v\u00e5re kan erstatte disse hydrauliske sylindrene perfekt.<\/li>\n<li>Bruksspesifikk: Brukes i anleggsmaskiner som gravemaskiner, frontlastere og gravemaskiner. I landbruksmaskiner brukes de til frontlastere, graving og transport av jord, h\u00f8y og andre materialer.<\/li>\n<\/ul>\n<p><img decoding=\"async\" src=\"https:\/\/www.hydraulic-cylinders.net\/wp-content\/uploads\/2025\/01\/songte-cylinder-head-with-all-kinds-excavator-models.webp\" alt=\"Bilde av b\u00f8ttesylinder\"><\/p>\n<h3>Designhensyn og utvalgskriterier<\/h3>\n<ul>\n<li>B\u00e6reevne: Sylinderen m\u00e5 kunne t\u00e5le belastningen den vil bli utsatt for.<\/li>\n<li>Tetting: En rekke tetninger, som stempeltetninger, stangtetninger osv., bruker slitesterke materialer som polyuretan og nitrilgummi. Sylinderhuset og gjengede endeflater er fint bearbeidet for \u00e5 forbedre slitestyrken.<\/li>\n<li>Holdbarhet: Laget av h\u00f8yfaste materialer som er designet for \u00e5 t\u00e5le t\u00f8ffe arbeidsmilj\u00f8er og langvarig bruk.<\/li>\n<li>Sikkerhet: Det b\u00f8r tas hensyn til operat\u00f8rens og milj\u00f8ets sikkerhet, for eksempel ved \u00e5 bruke sikkerhetsventiler og trykkavlastningsventiler.<\/li>\n<li>Vedlikehold: Sylinderen b\u00f8r v\u00e6re konstruert med tanke p\u00e5 enkelt vedlikehold, som enkel demontering og montering av deler, og enkel utskifting av pakninger og andre komponenter.<\/li>\n<\/ul>\n<p><img decoding=\"async\" src=\"https:\/\/www.hydraulic-cylinders.net\/wp-content\/uploads\/2025\/01\/songte-oil-pipes-and-spare-parts.webp\" alt=\"Bilde av b\u00f8ttesylinder\"><\/p>\n<h3>Tetting og sm\u00f8ring<\/h3>\n<p>Ulike tetninger, som stempeltetninger, stangtetninger osv., brukes for \u00e5 forhindre at hydraulikkolje lekker ut. Slitasjebestandige materialer som polyuretan og nitrilgummi brukes. Sylinderhuset og gjengede endeflater er fint bearbeidet for \u00e5 forbedre slitestyrken. Det er n\u00f8dvendig \u00e5 jevnlig tilsette passende mengder hydraulikkolje for sm\u00f8ring.<\/p>\n<h3>Vedlikehold og reparasjon<\/h3>\n<p>Regelmessig inspeksjon og forebyggende vedlikeholdstiltak som sm\u00f8ring, utskifting av tetninger og kalibreringskontroller b\u00f8r utf\u00f8res. Riktig installasjon, sm\u00f8ring og justering er avgj\u00f8rende. Det anbefales \u00e5 justere sylinderen riktig og bruke passende monteringsbraketter for \u00e5 feste sylinderen. Det anbefales ogs\u00e5 \u00e5 f\u00f8lge de anbefalte inspeksjons-, reparasjons- og utskiftingsprosedyrene, og \u00e5 tilby reservedeler og reparasjonstjenester for \u00e5 forlenge sylinderens levetid.<\/p>\n<p><img decoding=\"async\" src=\"https:\/\/www.hydraulic-cylinders.net\/wp-content\/uploads\/2025\/01\/songte-chushion-collar.webp\" alt=\"Bilde av b\u00f8ttesylinder\"><\/p>\n<h3>Sikkerhetshensyn og milj\u00f8faktorer<\/h3>\n<p>Ved bruk av sylinderen b\u00f8r det tas sikkerhetstiltak for \u00e5 beskytte operat\u00f8ren og milj\u00f8et rundt, for eksempel \u00e5 bruke sikkerhetsventiler og trykkavlastningsventiler. Milj\u00f8faktorer som temperatur, fuktighet og etsende stoffer b\u00f8r ogs\u00e5 tas i betraktning.<\/p>\n<h3>Feils\u00f8king og vanlige problemer<\/h3>\n<p>Vanlige problemer med b\u00f8ttesylindere inkluderer lekkasjer, b\u00f8yde stenger og skadede tetninger. Feils\u00f8kingstips og l\u00f8sninger b\u00f8r gis for \u00e5 hjelpe leseren med \u00e5 diagnostisere og l\u00f8se problemer effektivt. Forebyggende tiltak b\u00f8r ogs\u00e5 foresl\u00e5s for \u00e5 minimere potensielle problemer.<\/p>\n<p><img decoding=\"async\" src=\"https:\/\/www.hydraulic-cylinders.net\/wp-content\/uploads\/2025\/01\/songte-bushings-with-all-kinds-of-excavator-models.webp\" alt=\"Bilde av b\u00f8ttesylinder\"><\/p>\n<h3>Om selskapet v\u00e5rt<\/h3>\n<p>Vi er en produsent av hydrauliske sylindere for erstatning med et komplett produktsortiment, og er n\u00e5 en av de ledende produsentene og grossistdistribut\u00f8rene av hydrauliske sylindere i det innenlandske og internasjonale markedet. Vi f\u00f8lger prinsippet om utmerket kvalitet og er avhengige av den industrialiserte produksjonsstyringsstrategien til sofistikerte produksjonsverksteder. Selskapet forbedrer kontinuerlig produksjonsplattformen til verkstedet, perfeksjonerer produktkvaliteten og har en sterk produksjonsevne. Vi tilbyr effektive produkter med h\u00f8y presisjon og h\u00f8y kvalitet, som m\u00f8ter kundenes ulike behov.<\/p>\n<ul>\n<li>Profesjonalitet: Vi har et team av profesjonelle ingeni\u00f8rer og teknikere som kan gi kundene de beste l\u00f8sningene.<\/li>\n<li>Internasjonal sertifisering: Produktene v\u00e5re har best\u00e5tt en rekke internasjonale sertifiseringer, som ISO9001, CE og TUV.<\/li>\n<li>Tilpasningstjeneste: Vi tilbyr tilpasningstjenester for \u00e5 m\u00f8te kundenes spesifikke behov.<\/li>\n<li>Produksjonsutstyr: Vi har avanserte produksjonsanlegg, inkludert CNC-maskineringssentre, presisjonsslipemaskiner og testutstyr for hydrauliske sylindere.<\/li>\n<li>Ettersalgsservice: Vi tilbyr profesjonell ettersalgsservice og teknisk st\u00f8tte for \u00e5 sikre kundetilfredshet.<\/li>\n<\/ul>\n<p><img decoding=\"async\" src=\"https:\/\/hzpt.com\/wp-content\/uploads\/2024\/11\/songte-company-1.webp\" alt=\"Bilde av b\u00f8ttesylinder\"><\/p>\n<p>Forfatter: lyl.<\/p>","protected":false},"excerpt":{"rendered":"<p>Bucket Cylinder For Liugong Small Excavator CLG9045D\/907 Introduction A bucket cylinder is a specially designed hydraulic cylinder that is mainly used to control the movement of a bucket in heavy machinery such as excavators, backhoes, and front-end loaders. Its primary function is to enable the bucket to be raised, lowered, and tilted, making it easier [&hellip;]<\/p>","protected":false},"featured_media":14784,"comment_status":"open","ping_status":"closed","template":"","meta":{"_et_pb_use_builder":"","_et_pb_old_content":"","_et_gb_content_width":""},"product_brand":[],"product_cat":[1494],"product_tag":[1495,1496],"class_list":{"0":"post-15571","1":"product","2":"type-product","3":"status-publish","4":"has-post-thumbnail","6":"product_cat-bucket-cylinders","7":"product_tag-bucket-cylinders","8":"product_tag-hydraulic-cylinders","10":"first","11":"instock","12":"shipping-taxable","13":"product-type-simple"},"amp_enabled":true,"_links":{"self":[{"href":"https:\/\/www.hydraulic-cylinders.net\/nb\/wp-json\/wp\/v2\/product\/15571","targetHints":{"allow":["GET"]}}],"collection":[{"href":"https:\/\/www.hydraulic-cylinders.net\/nb\/wp-json\/wp\/v2\/product"}],"about":[{"href":"https:\/\/www.hydraulic-cylinders.net\/nb\/wp-json\/wp\/v2\/types\/product"}],"replies":[{"embeddable":true,"href":"https:\/\/www.hydraulic-cylinders.net\/nb\/wp-json\/wp\/v2\/comments?post=15571"}],"wp:featuredmedia":[{"embeddable":true,"href":"https:\/\/www.hydraulic-cylinders.net\/nb\/wp-json\/wp\/v2\/media\/14784"}],"wp:attachment":[{"href":"https:\/\/www.hydraulic-cylinders.net\/nb\/wp-json\/wp\/v2\/media?parent=15571"}],"wp:term":[{"taxonomy":"product_brand","embeddable":true,"href":"https:\/\/www.hydraulic-cylinders.net\/nb\/wp-json\/wp\/v2\/product_brand?post=15571"},{"taxonomy":"product_cat","embeddable":true,"href":"https:\/\/www.hydraulic-cylinders.net\/nb\/wp-json\/wp\/v2\/product_cat?post=15571"},{"taxonomy":"product_tag","embeddable":true,"href":"https:\/\/www.hydraulic-cylinders.net\/nb\/wp-json\/wp\/v2\/product_tag?post=15571"}],"curies":[{"name":"wp","href":"https:\/\/api.w.org\/{rel}","templated":true}]}}