{"id":15572,"date":"2025-01-19T14:42:00","date_gmt":"2025-01-19T14:42:00","guid":{"rendered":"https:\/\/www.hydraulic-cylinders.net\/product\/bucket-cylinder-for-liugong-small-excavator-clg910e\/"},"modified":"2025-01-19T14:42:02","modified_gmt":"2025-01-19T14:42:02","slug":"bucket-cylinder-for-liugong-small-excavator-clg910e","status":"publish","type":"product","link":"https:\/\/www.hydraulic-cylinders.net\/nb\/produkt\/bucket-cylinder-for-liugong-small-excavator-clg910e\/","title":{"rendered":"B\u00f8ttesylinder for Liugong liten gravemaskin CLG910E"},"content":{"rendered":"<h1>B\u00f8ttesylinder for Liugong liten gravemaskin CLG910E<\/h1>\n<h2>Introduksjon<\/h2>\n<p>En skuffesylinder er en spesialdesignet hydraulisk sylinder som brukes til \u00e5 kontrollere bevegelsen til skuffer i tunge maskiner som gravemaskiner, traktorgravere og frontlastere. Hovedfunksjonen er \u00e5 la skuffen l\u00f8ftes, senkes og vippes for enkel h\u00e5ndtering av forskjellige materialer. I det hydrauliske systemet bruker skuffesylinderen trykkendringen i hydraulikkoljen for \u00e5 oppn\u00e5 presis kontroll over skuffen, slik at operat\u00f8rer kan h\u00e5ndtere tunge gjenstander effektivt og tilpasse seg komplekse arbeidsmilj\u00f8er og ulike jobbkrav.<\/p>\n<p><img decoding=\"async\" src=\"https:\/\/www.hydraulic-cylinders.net\/wp-content\/uploads\/2025\/01\/songte-company-2.webp\" alt=\"B\u00f8ttesylinder\"><\/p>\n<h2>Funksjoner<\/h2>\n<ul>\n<li>H\u00f8y styrke og holdbarhet: Den er vanligvis laget av h\u00f8yfast st\u00e5l eller aluminium, t\u00e5ler h\u00f8yt trykk og tunge belastninger, tilpasser seg t\u00f8ffe arbeidsmilj\u00f8er og er designet med tanke p\u00e5 slitasje- og korrosjonsbestandighet, noe som forlenger levetiden.<\/li>\n<li>Effektiv hydraulisk drift: Utnytter trykket fra hydraulikkoljen for \u00e5 oppn\u00e5 jevn forlengelse og tilbaketrekking, reagerer raskt p\u00e5 kontrollkommandoer, gir kraftige skyve- og trekkkrefter, og er egnet for h\u00e5ndtering av tunge gjenstander og komplekse arbeidsoppgaver.<\/li>\n<li>Ulike typer: Enkeltvirkende (med hydraulikk i kun \u00e9n retning) eller dobbeltvirkende (med hydraulikk i begge retninger) sylindere kan velges i henhold til krav for \u00e5 m\u00f8te ulike driftsbehov. Noen modeller er teleskopiske, noe som gir st\u00f8rre forlengelse uten \u00e5 \u00f8ke de ytre m\u00e5lene, noe som gj\u00f8r dem egnet for applikasjoner med begrenset plass.<\/li>\n<li>Utskiftbare: Produktene v\u00e5re kan erstatte disse hydrauliske sylindrene perfekt.<\/li>\n<\/ul>\n<p><img decoding=\"async\" src=\"https:\/\/www.hydraulic-cylinders.net\/wp-content\/uploads\/2025\/01\/songte-cylinder-head-with-all-kinds-excavator-models.webp\" alt=\"Modeller av b\u00f8ttesylindere\"><\/p>\n<h2>Bruksomr\u00e5der<\/h2>\n<p>Skuffesylinderen er mye brukt i forskjellige maskiner i forskjellige bruksomr\u00e5der som:<\/p>\n<ul>\n<li>Anleggsutstyr: Finnes i gravemaskiner, og er avgj\u00f8rende for graving, lasting og flytting av jord eller rusk. I gravemaskiner hjelper skuffesylinderen til med b\u00e5de graving og l\u00f8fting. <\/li>\n<li>Landbruksmaskiner: Brukes i frontlastere for \u00e5 plukke opp, l\u00f8fte og transportere jord, h\u00f8y og andre materialer. <\/li>\n<li>Gravemaskiner: Skuffesylinderen muliggj\u00f8r gravefunksjon ved \u00e5 la skuffen trenge ned i jorden. <\/li>\n<li>Lastere: I frontlastere hjelper de med \u00e5 l\u00f8fte og dumpe last effektivt. <\/li>\n<\/ul>\n<h2>Designhensyn og utvalgskriterier<\/h2>\n<ul>\n<li>B\u00e6reevne: Sylinderen m\u00e5 kunne h\u00e5ndtere lasten og v\u00e6re konstruert med tanke p\u00e5 styrke.<\/li>\n<li>Tetting: Bruk av forskjellige tetningselementer som stempeltetninger, stangtetninger osv. er viktig for \u00e5 forhindre lekkasje og sikre riktig drift.<\/li>\n<li>Holdbarhet: Sylinderen m\u00e5 t\u00e5le t\u00f8ffe milj\u00f8er og r\u00f8ff bruk uten \u00e5 svikte.<\/li>\n<li>Sikkerhet: Utformingen b\u00f8r ta hensyn til sikkerhetstiltak for \u00e5 unng\u00e5 ulykker under drift.<\/li>\n<li>Vedlikeholdsvennlighet: Sylinderen skal v\u00e6re lett \u00e5 vedlikeholde og muliggj\u00f8re enkel reparasjon ved skade.<\/li>\n<\/ul>\n<p><img decoding=\"async\" src=\"https:\/\/www.hydraulic-cylinders.net\/wp-content\/uploads\/2025\/01\/songte-oil-pipes-and-spare-parts.webp\" alt=\"Sylinderdeler\"><\/p>\n<h2>Tetting og sm\u00f8ring<\/h2>\n<p>Sylinderen bruker forskjellige tetningselementer som stempeltetninger, stangtetninger osv. laget av slitesterke materialer som polyuretan, nitrilgummi osv. Sylinderhuset og gjengede ender er fint bearbeidet for \u00e5 forbedre slitestyrken. Regelmessig p\u00e5fylling av riktig mengde hydraulikkolje er viktig for korrekt drift.<\/p>\n<h2>Vedlikehold og reparasjon<\/h2>\n<p>Regelmessig vedlikehold og rettidige reparasjoner kan forlenge sylinderens levetid. Noen vedlikeholdsoppgaver inkluderer:<\/p>\n<ul>\n<li>Regelmessig inspeksjon<\/li>\n<li>Riktig sm\u00f8ring<\/li>\n<li>Utskifting av tetninger<\/li>\n<\/ul>\n<p>Riktig installasjon, sm\u00f8ring og justering er viktig for \u00e5 sikre at sylinderen fungerer som den skal. Riktig justeringsveiledning under installasjon anbefales. Bruk av passende installasjonsbraketter for \u00e5 feste sylinderen anbefales ogs\u00e5. Vi foresl\u00e5r at du f\u00f8lger anbefalte inspeksjons-, reparasjons- og utskiftingsprosedyrer, og tilbyr reservedeler og ombyggingstjenester for \u00e5 \u00f8ke sylinderens levetid.<\/p>\n<p><img decoding=\"async\" src=\"https:\/\/www.hydraulic-cylinders.net\/wp-content\/uploads\/2025\/01\/songte-chushion-collar.webp\" alt=\"Sylinderkrage\"><\/p>\n<h2>Sikkerhets- og milj\u00f8hensyn<\/h2>\n<p>Det er viktig \u00e5 bruke riktige sikkerhetstiltak under drift for \u00e5 unng\u00e5 ulykker. Sylinderen skal h\u00e5ndteres og betjenes av oppl\u00e6rt personell. Milj\u00f8faktorer som temperatur, fuktighet osv. kan p\u00e5virke sylinderens ytelse, s\u00e5 det anbefales \u00e5 unng\u00e5 slike forhold.<\/p>\n<h2>Feils\u00f8king og vanlige problemer<\/h2>\n<p>Noen vanlige problemer som kan oppst\u00e5 inkluderer:<\/p>\n<ul>\n<li>Lekkasje<\/li>\n<li>Treg drift<\/li>\n<li>Manglende evne til \u00e5 l\u00f8fte tunge lass<\/li>\n<\/ul>\n<p>Riktig diagnose og rettidig reparasjon er avgj\u00f8rende for \u00e5 forhindre ytterligere skade. Regelmessig inspeksjon og forebyggende vedlikehold kan redusere sjansene for slike problemer.<\/p>\n<p><img decoding=\"async\" src=\"https:\/\/www.hydraulic-cylinders.net\/wp-content\/uploads\/2025\/01\/songte-bushings-with-all-kinds-of-excavator-models.webp\" alt=\"Sylinderforinger\"><\/p>\n<h2>Om oss<\/h2>\n<p>Vi er en produsent av hydrauliske sylindere for utskifting med et bredt spekter av produkter. Vi har blitt en av de ledende produsentene og grossistdistribut\u00f8rene av hydrauliske sylindere i det innenlandske og internasjonale markedet. Vi f\u00f8lger prinsippet om utmerket kvalitet, stoler p\u00e5 strategiene for industriell produksjonsstyring i fine produksjonsverksteder, forbedrer kontinuerlig produksjonsplattformen til verkstedet, perfeksjonerer produktkvaliteten og har sterk kreativitet, effektiv, presis og h\u00f8ykvalitetsproduksjon for \u00e5 m\u00f8te kundenes ulike behov.<\/p>\n<p><img decoding=\"async\" src=\"https:\/\/hzpt.com\/wp-content\/uploads\/2024\/11\/songte-company-1.webp\" alt=\"Selskapets image\"><\/p>\n<p>V\u00e5rt firma tilbyr profesjonelle, internasjonalt sertifiserte og tilpassede tjenester. Vi har avansert produksjonsutstyr, teknologi og profesjonelle testsystemer. Vi har utmerket ettersalgsservice for \u00e5 im\u00f8tekomme kundenes behov.<\/p>\n<p>Forfatter: lyl.<\/p>","protected":false},"excerpt":{"rendered":"<p>Bucket Cylinder for Liugong Small Excavator CLG910E Introduction A bucket cylinder is a specially designed hydraulic cylinder used to control the movement of buckets in heavy machinery like excavators, backhoes, and front-end loaders. Its main function is to allow the bucket to lift, lower, and tilt for easy handling of various materials. In the hydraulic [&hellip;]<\/p>","protected":false},"featured_media":14782,"comment_status":"open","ping_status":"closed","template":"","meta":{"_et_pb_use_builder":"","_et_pb_old_content":"","_et_gb_content_width":""},"product_brand":[],"product_cat":[1494],"product_tag":[1495,1496],"class_list":{"0":"post-15572","1":"product","2":"type-product","3":"status-publish","4":"has-post-thumbnail","6":"product_cat-bucket-cylinders","7":"product_tag-bucket-cylinders","8":"product_tag-hydraulic-cylinders","10":"first","11":"instock","12":"shipping-taxable","13":"product-type-simple"},"amp_enabled":true,"_links":{"self":[{"href":"https:\/\/www.hydraulic-cylinders.net\/nb\/wp-json\/wp\/v2\/product\/15572","targetHints":{"allow":["GET"]}}],"collection":[{"href":"https:\/\/www.hydraulic-cylinders.net\/nb\/wp-json\/wp\/v2\/product"}],"about":[{"href":"https:\/\/www.hydraulic-cylinders.net\/nb\/wp-json\/wp\/v2\/types\/product"}],"replies":[{"embeddable":true,"href":"https:\/\/www.hydraulic-cylinders.net\/nb\/wp-json\/wp\/v2\/comments?post=15572"}],"wp:featuredmedia":[{"embeddable":true,"href":"https:\/\/www.hydraulic-cylinders.net\/nb\/wp-json\/wp\/v2\/media\/14782"}],"wp:attachment":[{"href":"https:\/\/www.hydraulic-cylinders.net\/nb\/wp-json\/wp\/v2\/media?parent=15572"}],"wp:term":[{"taxonomy":"product_brand","embeddable":true,"href":"https:\/\/www.hydraulic-cylinders.net\/nb\/wp-json\/wp\/v2\/product_brand?post=15572"},{"taxonomy":"product_cat","embeddable":true,"href":"https:\/\/www.hydraulic-cylinders.net\/nb\/wp-json\/wp\/v2\/product_cat?post=15572"},{"taxonomy":"product_tag","embeddable":true,"href":"https:\/\/www.hydraulic-cylinders.net\/nb\/wp-json\/wp\/v2\/product_tag?post=15572"}],"curies":[{"name":"wp","href":"https:\/\/api.w.org\/{rel}","templated":true}]}}