{"id":15587,"date":"2025-01-19T14:43:06","date_gmt":"2025-01-19T14:43:06","guid":{"rendered":"https:\/\/www.hydraulic-cylinders.net\/product\/bucket-cylinder-for-liugong-large-excavator-clg970e\/"},"modified":"2025-01-19T14:43:08","modified_gmt":"2025-01-19T14:43:08","slug":"bucket-cylinder-for-liugong-large-excavator-clg970e","status":"publish","type":"product","link":"https:\/\/www.hydraulic-cylinders.net\/nb\/produkt\/bucket-cylinder-for-liugong-large-excavator-clg970e\/","title":{"rendered":"B\u00f8ttesylinder for Liugong stor gravemaskin CLG970E"},"content":{"rendered":"<p><!DOCTYPE html><br \/>\n<html><br \/>\n<head><br \/>\n<title>B\u00f8ttesylinder for Liugong stor gravemaskin CLG970E<\/title><br \/>\n<\/head><br \/>\n<body><\/p>\n<h1>B\u00f8ttesylinder for Liugong stor gravemaskin CLG970E<\/h1>\n<h2>Introduksjon<\/h2>\n<p>En b\u00f8ttesylinder for Liugong stor gravemaskin CLG970E er en spesialdesignet hydraulisk sylinder som brukes til \u00e5 kontrollere bevegelsen til b\u00f8tten i tunge maskiner, som gravemaskiner, traktorgravere og frontlastere. Hovedfunksjonen er \u00e5 la b\u00f8tten l\u00f8fte, senke og vippe, noe som forenkler ulike materialh\u00e5ndteringsoppgaver. I det hydrauliske systemet oppn\u00e5r b\u00f8ttesylinderen presis kontroll over b\u00f8tten ved \u00e5 utnytte trykkendringene i hydraulikkoljen, slik at operat\u00f8rer effektivt kan h\u00e5ndtere tunge laster og tilpasse seg komplekse arbeidsmilj\u00f8er og ulike jobbkrav.<\/p>\n<p><img decoding=\"async\" src=\"https:\/\/www.hydraulic-cylinders.net\/wp-content\/uploads\/2025\/01\/songte-company-2.webp\" alt=\"Bilde av b\u00f8ttesylinder\"><\/p>\n<h2>Produktfunksjoner<\/h2>\n<ul>\n<li>H\u00f8y styrke og holdbarhet: Vanligvis laget av h\u00f8yfast st\u00e5l eller aluminium, t\u00e5ler den h\u00f8yt trykk og tunge belastninger, og tilpasser seg t\u00f8ffe arbeidsmilj\u00f8er. Designet tar hensyn til slitestyrke og korrosjonsbestandighet, noe som forlenger levetiden.<\/li>\n<li>Effektiv hydraulisk drift: Den bruker trykket fra hydraulikkoljen for \u00e5 oppn\u00e5 jevne forlengelses- og tilbaketrekksbevegelser, noe som muliggj\u00f8r rask respons p\u00e5 kontrollkommandoer og gir sterke skyve- og trekkkrefter, egnet for h\u00e5ndtering av tunge belastninger og komplekse arbeidsoppgaver.<\/li>\n<li>Flere typer: Enkeltvirkende (hydraulisk brukt kun i \u00e9n retning) eller dobbeltvirkende (hydraulisk brukt i to retninger) sylindere kan velges i henhold til kravene for \u00e5 m\u00f8te ulike driftsbehov. Noen modeller er teleskopiske, noe som gir st\u00f8rre forlengelse uten \u00e5 \u00f8ke de ytre dimensjonene, egnet for applikasjoner med begrenset plass.<\/li>\n<li>Perfekt erstatning: Produktet v\u00e5rt kan erstatte disse hydrauliske sylindrene perfekt.<\/li>\n<\/ul>\n<p><img decoding=\"async\" src=\"https:\/\/www.hydraulic-cylinders.net\/wp-content\/uploads\/2025\/01\/songte-cylinder-head-with-all-kinds-excavator-models.webp\" alt=\"Bilde av hydraulisk sylinder\"><\/p>\n<h2>Bruksomr\u00e5der<\/h2>\n<p>Skuffesylinderen finner bruksomr\u00e5der i diverse utstyr:<\/p>\n<ul>\n<li>Anleggsutstyr: Det er avgj\u00f8rende i gravemaskiner for graving, lasting og flytting av jord eller rusk. I gravemaskiner hjelper skuffesylinderen til med b\u00e5de graving og l\u00f8fting.<\/li>\n<li>Landbruksmaskiner: Brukes i frontlastere til \u00e5 utarbeide, l\u00f8fte og transportere jord, h\u00f8y og andre materialer.<\/li>\n<li>Gravemaskiner: Skuffesylinderen muliggj\u00f8r graveaksjoner ved \u00e5 la skuffen trenge ned i jorden.<\/li>\n<li>Lastere: I frontlastere hjelper de med \u00e5 l\u00f8fte og tilte varer effektivt.<\/li>\n<\/ul>\n<h2>Designhensyn og utvalgskriterier<\/h2>\n<ul>\n<li>B\u00e6reevne: Sylinderens evne til \u00e5 motst\u00e5 belastningen.<\/li>\n<li>Tetting: Effektiviteten til ulike tetninger, som stempeltetninger og stangtetninger, ved bruk av slitesterke materialer som polyuretan og nitrilgummi, og den fine overflatebehandlingen av sylinderhuset og gjengede ender for \u00e5 forbedre slitestyrken.<\/li>\n<li>Holdbarhet: Sylinderens levetid og evne til \u00e5 t\u00e5le t\u00f8ffe arbeidsforhold.<\/li>\n<li>Sikkerhet: Integrering av sikkerhetsfunksjoner og -tiltak i designet.<\/li>\n<li>Vedlikeholdbarhet: Hvor enkelt det er \u00e5 vedlikeholde og reparere.<\/li>\n<\/ul>\n<p><img decoding=\"async\" src=\"https:\/\/www.hydraulic-cylinders.net\/wp-content\/uploads\/2025\/01\/songte-oil-pipes-and-spare-parts.webp\" alt=\"Hydrauliske sylinderkomponenter\"><\/p>\n<h2>Tetting og sm\u00f8ring<\/h2>\n<p>Skuffesylinderen benytter forskjellige tetninger, som stempeltetninger og stangtetninger, som er laget av slitesterke materialer som polyuretan og nitrilgummi. Sylinderhuset og gjengede ender gjennomg\u00e5r finbehandling for \u00e5 forbedre slitestyrken. Regelmessig sm\u00f8ring med riktig mengde hydraulisk olje er n\u00f8dvendig for \u00e5 sikre problemfri drift.<\/p>\n<h2>Regelmessig inspeksjon og forebyggende vedlikehold<\/h2>\n<p>For \u00e5 opprettholde b\u00f8ttesylinderens optimale ytelse er det viktig \u00e5 utf\u00f8re regelmessige inspeksjoner og forebyggende vedlikehold. Her er noen anbefalte tiltak:<\/p>\n<ul>\n<li>Inspiser og sm\u00f8r regelmessig.<\/li>\n<li>Skift ut pakninger n\u00e5r det er n\u00f8dvendig.<\/li>\n<li>Sjekk og kalibrer for riktig justering.<\/li>\n<\/ul>\n<p><img decoding=\"async\" src=\"https:\/\/www.hydraulic-cylinders.net\/wp-content\/uploads\/2025\/01\/songte-chushion-collar.webp\" alt=\"Vedlikehold av hydrauliske sylindere\"><\/p>\n<h2>Sikkerhetshensyn og milj\u00f8faktorer<\/h2>\n<p>N\u00e5r man bruker b\u00f8ttesylinderen, er det avgj\u00f8rende \u00e5 prioritere sikkerhetstiltak for \u00e5 forhindre ulykker og sikre et trygt arbeidsmilj\u00f8.<\/p>\n<h2>Feildiagnose og vanlige problemer<\/h2>\n<p>Vanlige feil og problemer som kan oppst\u00e5 med b\u00f8ttesylinderen:<\/p>\n<ul>\n<li>Lekkasje.<\/li>\n<li>Treg eller uresponsiv drift.<\/li>\n<li>Unormal st\u00f8y.<\/li>\n<\/ul>\n<p>For feils\u00f8king, her er noen tips og l\u00f8sninger som kan hjelpe deg med \u00e5 diagnostisere og l\u00f8se problemer og forhindre potensielle problemer:<\/p>\n<h2>Selskapsoversikt<\/h2>\n<p>Vi er en produsent av hydrauliske sylindere for utskifting. Med et bredt produktspekter har vi blitt en av de ledende produsentene og grossistdistribut\u00f8rene av hydrauliske sylindere i b\u00e5de innenlandske og internasjonale markeder. V\u00e5rt selskap f\u00f8lger prinsippene om eksepsjonell kvalitet og bruker strategier for industriell produksjonsstyring i v\u00e5re velutstyrte produksjonsverksteder. Vi forbedrer kontinuerlig v\u00e5r produksjonsplattform, perfeksjonerer v\u00e5r produksjonsrute for produktkvalitet og har sterke kreative evner. Med h\u00f8y effektivitet, presisjon og kvalitet som v\u00e5re veiledende prinsipper, streber vi etter \u00e5 m\u00f8te ulike kundekrav.<\/p>\n<p><img decoding=\"async\" src=\"https:\/\/www.hydraulic-cylinders.net\/wp-content\/uploads\/2025\/01\/songte-company-3.webp\" alt=\"Selskapets image\"><\/p>\n<p>V\u00e5rt firma er kjent for:<\/p>\n<ul>\n<li>Professionalitet og ekspertise.<\/li>\n<li>Internasjonale sertifiseringer.<\/li>\n<li>Tilpasningstjenester.<\/li>\n<li>Avansert produksjonsutstyr.<\/li>\n<li>Utmerket ettersalgsservice.<\/li>\n<\/ul>\n<p>Forfatter: lyl<\/p>\n<p><\/body><br \/>\n<\/html><\/p>","protected":false},"excerpt":{"rendered":"<p>Bucket Cylinder For Liugong Large Excavator CLG970E Bucket Cylinder For Liugong Large Excavator CLG970E Introduction A bucket cylinder for Liugong large excavator CLG970E is a specially designed hydraulic cylinder used to control the movement of the bucket in heavy machinery, such as excavators, backhoe loaders, and front-end loaders. Its main function is to allow the [&hellip;]<\/p>","protected":false},"featured_media":14782,"comment_status":"open","ping_status":"closed","template":"","meta":{"_et_pb_use_builder":"","_et_pb_old_content":"","_et_gb_content_width":""},"product_brand":[],"product_cat":[1494],"product_tag":[1495,1496],"class_list":{"0":"post-15587","1":"product","2":"type-product","3":"status-publish","4":"has-post-thumbnail","6":"product_cat-bucket-cylinders","7":"product_tag-bucket-cylinders","8":"product_tag-hydraulic-cylinders","10":"first","11":"instock","12":"shipping-taxable","13":"product-type-simple"},"amp_enabled":true,"_links":{"self":[{"href":"https:\/\/www.hydraulic-cylinders.net\/nb\/wp-json\/wp\/v2\/product\/15587","targetHints":{"allow":["GET"]}}],"collection":[{"href":"https:\/\/www.hydraulic-cylinders.net\/nb\/wp-json\/wp\/v2\/product"}],"about":[{"href":"https:\/\/www.hydraulic-cylinders.net\/nb\/wp-json\/wp\/v2\/types\/product"}],"replies":[{"embeddable":true,"href":"https:\/\/www.hydraulic-cylinders.net\/nb\/wp-json\/wp\/v2\/comments?post=15587"}],"wp:featuredmedia":[{"embeddable":true,"href":"https:\/\/www.hydraulic-cylinders.net\/nb\/wp-json\/wp\/v2\/media\/14782"}],"wp:attachment":[{"href":"https:\/\/www.hydraulic-cylinders.net\/nb\/wp-json\/wp\/v2\/media?parent=15587"}],"wp:term":[{"taxonomy":"product_brand","embeddable":true,"href":"https:\/\/www.hydraulic-cylinders.net\/nb\/wp-json\/wp\/v2\/product_brand?post=15587"},{"taxonomy":"product_cat","embeddable":true,"href":"https:\/\/www.hydraulic-cylinders.net\/nb\/wp-json\/wp\/v2\/product_cat?post=15587"},{"taxonomy":"product_tag","embeddable":true,"href":"https:\/\/www.hydraulic-cylinders.net\/nb\/wp-json\/wp\/v2\/product_tag?post=15587"}],"curies":[{"name":"wp","href":"https:\/\/api.w.org\/{rel}","templated":true}]}}