{"id":15598,"date":"2025-01-19T14:43:48","date_gmt":"2025-01-19T14:43:48","guid":{"rendered":"https:\/\/www.hydraulic-cylinders.net\/product\/bucket-cylinder-for-xgma-middle-excavator-xg822el\/"},"modified":"2025-01-19T14:43:56","modified_gmt":"2025-01-19T14:43:56","slug":"bucket-cylinder-for-xgma-middle-excavator-xg822el","status":"publish","type":"product","link":"https:\/\/www.hydraulic-cylinders.net\/nb\/produkt\/bucket-cylinder-for-xgma-middle-excavator-xg822el\/","title":{"rendered":"Skuffesylinder for XGMA mellomgraver XG822EL"},"content":{"rendered":"<h1>Skuffesylinder for XGMA mellomgraver XG822EL<\/h1>\n<h2>Introduksjon<\/h2>\n<p>Skuffesylinderen for XGMA mellomstor gravemaskin XG822EL er en spesialdesignet hydraulisk sylinder som prim\u00e6rt brukes til \u00e5 kontrollere bevegelsen til skuffen i tunge maskiner som gravemaskiner, traktorgravere og frontlastere. Hovedfunksjonen er \u00e5 la skuffen l\u00f8ftes, senkes og vippes, noe som gj\u00f8r den praktisk for ulike materialh\u00e5ndteringsoppgaver. I et hydraulisk system bruker skuffesylinderen trykkendringen i hydraulikkoljen til \u00e5 kontrollere bevegelsen til skuffen presist, slik at f\u00f8reren effektivt kan h\u00e5ndtere tunge materialer og tilpasse seg komplekse arbeidsforhold og ulike jobbkrav.<\/p>\n<p><img decoding=\"async\" src=\"https:\/\/www.hydraulic-cylinders.net\/wp-content\/uploads\/2025\/01\/songte-company-2.webp\"><\/p>\n<h2>Funksjoner<\/h2>\n<ul>\n<li>H\u00f8y styrke og holdbarhet: Vanligvis laget av h\u00f8yfast st\u00e5l eller aluminium, t\u00e5ler den h\u00f8yt trykk og tunge belastninger, og tilpasser seg t\u00f8ffe arbeidsmilj\u00f8er. Designet tar hensyn til slitestyrke og korrosjonsbestandighet, noe som forlenger levetiden.<\/li>\n<li>Effektiv hydraulisk drift: Ved \u00e5 bruke trykket fra hydraulikkoljen for \u00e5 oppn\u00e5 jevn forlengelse og tilbaketrekking, kan den raskt reagere p\u00e5 kontrollkommandoer, og gi kraftig skyve- og trekkekraft som er egnet for h\u00e5ndtering av tunge materialer og komplekse arbeidsoppgaver.<\/li>\n<li>Ulike typer: Enkeltvirkende (med hydraulikk i kun \u00e9n retning) eller dobbeltvirkende (med hydraulikk i begge retninger) sylindere kan velges i henhold til krav for \u00e5 m\u00f8te ulike driftsbehov. Noen modeller er teleskopiske, noe som gir st\u00f8rre forlengelse uten \u00e5 \u00f8ke de ytre m\u00e5lene, egnet for applikasjoner med begrenset plass.<\/li>\n<li>Enkel \u00e5 installere og vedlikeholde: V\u00e5rt firma kan produsere dette produktet, og produktene v\u00e5re kan erstatte disse hydrauliske sylindrene perfekt.<\/li>\n<\/ul>\n<p><img decoding=\"async\" src=\"https:\/\/www.hydraulic-cylinders.net\/wp-content\/uploads\/2025\/01\/songte-cylinder-head-with-all-kinds-excavator-models.webp\"><\/p>\n<h2>Bruksomr\u00e5der<\/h2>\n<p>Denne b\u00f8ttesylinderen er mye brukt i diverse tunge maskiner, inkludert:<\/p>\n<ul>\n<li>Anleggsutstyr: I gravemaskiner er de viktige for graving, lasting og flytting av jord eller rusk. I gravemaskiner hjelper skuffesylinderen med b\u00e5de graving og l\u00f8fting. <\/li>\n<li>Landbruksmaskiner: brukes til frontlastere, utgraving, l\u00f8fting og transport av jord, h\u00f8y og andre materialer. <\/li>\n<li>Gravemaskiner: Skuffesylinderen lar skuffen trenge ned i jorden for \u00e5 oppn\u00e5 gravefunksjon. <\/li>\n<li>Lastere: Frontlastere hjelper til med \u00e5 l\u00f8fte og tilte varer effektivt.<\/li>\n<\/ul>\n<h2>Designhensyn og utvalgskriterier<\/h2>\n<p>Designhensynene for skuffesylinderen for XGMA mellomstor gravemaskin XG822EL er avgj\u00f8rende for ytelsen. Nedenfor er n\u00f8kkelfaktorene:<\/p>\n<h3>B\u00e6reevne<\/h3>\n<p>Sylinderen m\u00e5 ha tilstrekkelig b\u00e6reevne til \u00e5 sikre at den t\u00e5ler den forventede belastningen. St\u00f8rrelsen og antallet b\u00e6reflater, materialenes styrke og sylinderens geometri er alle kritiske designhensyn.<\/p>\n<h3>Tetting<\/h3>\n<p>Sylinderen m\u00e5 v\u00e6re tilstrekkelig tett for \u00e5 forhindre at hydraulikkv\u00e6sken lekker. Sylinderens tetning er vanligvis laget av polyuretan, nitrilgummi eller andre slitesterke materialer for \u00e5 forhindre lekkasjer. Sylinderhuset og de gjengede endeflatene er fint bearbeidet for \u00e5 forbedre slitestyrken og forhindre lekkasje.<\/p>\n<h3>Holdbarhet og vedlikehold<\/h3>\n<p>Sylinderen m\u00e5 v\u00e6re slitesterk og kreve minimalt vedlikehold. Den b\u00f8r v\u00e6re konstruert for langvarig bruk med minimal slitasje og enkelt vedlikehold. Vedlikehold av sylinderen inkluderer regelmessige oljekontroller, utskifting av pakninger og foringer, inspeksjon og kalibreringskontroller.<\/p>\n<h3>Sikkerhet og milj\u00f8<\/h3>\n<p>Skuffesylinderen for XGMA mellomgraver XG822EL m\u00e5 utformes med tanke p\u00e5 sikkerhet og milj\u00f8vern. Det hydrauliske systemet skal v\u00e6re lekkasjesikkert med passende sikkerhetsfunksjoner for \u00e5 forhindre ulykker. Materialene som brukes m\u00e5 v\u00e6re egnet for arbeidsmilj\u00f8et uten milj\u00f8p\u00e5virkning.<\/p>\n<p><img decoding=\"async\" src=\"https:\/\/www.hydraulic-cylinders.net\/wp-content\/uploads\/2025\/01\/songte-oil-pipes-and-spare-parts.webp\"><\/p>\n<h2>Tetting og sm\u00f8ring<\/h2>\n<p>Skuffesylinderen for XGMA mellomstor gravemaskin XG822EL bruker forskjellige tetningskomponenter som stempeltetninger, stangtetninger og viskertetninger for \u00e5 opprettholde optimalt hydraulisk trykk og forhindre lekkasjer. Bruken av slitesterke materialer og presisjonsbehandlingen av sylinderens overflater forbedrer motstanden mot slitasje. Regelmessig sm\u00f8ring av sylinderens bevegelige deler reduserer friksjon ytterligere og forbedrer ytelsen.<\/p>\n<h2>Forebyggende vedlikehold<\/h2>\n<p>Regelmessig vedlikehold av skuffesylinderen for XGMA mellomstor gravemaskin XG822EL er viktig for \u00e5 forlenge levetiden. Vedlikeholdsoppgaver inkluderer regelmessig inspeksjon, sm\u00f8ring og utskifting av tetninger. Kontroll og vedlikehold av sylinderens justering og bruk av passende monteringsbraketter er ogs\u00e5 avgj\u00f8rende for \u00e5 forhindre potensielle problemer. V\u00e5rt firma tilbyr reservedeler og ombyggingstjenester for \u00e5 forlenge sylinderens levetid.<\/p>\n<p><img decoding=\"async\" src=\"https:\/\/www.hydraulic-cylinders.net\/wp-content\/uploads\/2025\/01\/songte-chushion-collar.webp\"><\/p>\n<h2>Sikkerhet og feils\u00f8king<\/h2>\n<p>Skuffesylinderen for XGMA mellomstor gravemaskin XG822EL m\u00e5 brukes trygt og inspiseres regelmessig for \u00e5 oppdage potensielle problemer. Vedlikeholds- og bruksanvisningen gir instruksjoner for riktig bruk og vedlikehold. Vanlige problemer inkluderer lekkasje, trykktap og uvanlige lyder. Feils\u00f8kingsmetoder inkluderer visuell inspeksjon, trykktesting og utskifting av komponenter. Forebyggende tiltak, som regelmessig inspeksjon og vedlikehold, reduserer sannsynligheten for problemer.<\/p>\n<p><img decoding=\"async\" src=\"https:\/\/www.hydraulic-cylinders.net\/wp-content\/uploads\/2025\/01\/songte-bushings-with-all-kinds-of-excavator-models.webp\"><\/p>\n<h2>Introduksjon til selskapet<\/h2>\n<p>V\u00e5rt firma er en produsent av hydrauliske reservesylindere med et komplett produktsortiment. Vi er en av de ledende produsentene og grossistdistribut\u00f8rene av hydrauliske sylindere i det innenlandske og internasjonale markedet. Vi f\u00f8lger prinsippet om utmerket kvalitet og er avhengige av industrialiserte produksjonsstyringsstrategier i fine produksjonsverksteder, kontinuerlig forbedrer produksjonsplattformen til verkstedet, forbedrer kvaliteten p\u00e5 produksjonslinjen og har sterke produksjonsevner. V\u00e5re prinsipper for h\u00f8y effektivitet, h\u00f8y presisjon og h\u00f8y kvalitet m\u00f8ter ulike kundebehov. <\/p>\n<p>V\u00e5rt firma tilbyr tilpasningstjenester, internasjonal sertifisering, profesjonelt utstyr og ettersalgsservice. Vi bruker avansert teknologi, utstyr og profesjonelle testsystemer for kontinuerlig \u00e5 forbedre produksjonen av produktene v\u00e5re og kvaliteten p\u00e5 tjenestene v\u00e5re.<\/p>\n<p><img decoding=\"async\" src=\"https:\/\/hzpt.com\/wp-content\/uploads\/2024\/11\/songte-company-1.webp\"><\/p>\n<h3>Forfatter: lyl<\/h3>","protected":false},"excerpt":{"rendered":"<p>Bucket Cylinder For XGMA Middle Excavator XG822EL Introduction The Bucket Cylinder for XGMA Middle Excavator XG822EL is a specially designed hydraulic cylinder primarily used for controlling the movement of the bucket in heavy machinery such as excavators, backhoe excavators, and front loaders. Its main function is to allow the bucket to lift, lower, and tilt, [&hellip;]<\/p>","protected":false},"featured_media":14788,"comment_status":"open","ping_status":"closed","template":"","meta":{"_et_pb_use_builder":"","_et_pb_old_content":"","_et_gb_content_width":""},"product_brand":[],"product_cat":[1494],"product_tag":[1495,1496],"class_list":{"0":"post-15598","1":"product","2":"type-product","3":"status-publish","4":"has-post-thumbnail","6":"product_cat-bucket-cylinders","7":"product_tag-bucket-cylinders","8":"product_tag-hydraulic-cylinders","10":"first","11":"instock","12":"shipping-taxable","13":"product-type-simple"},"amp_enabled":true,"_links":{"self":[{"href":"https:\/\/www.hydraulic-cylinders.net\/nb\/wp-json\/wp\/v2\/product\/15598","targetHints":{"allow":["GET"]}}],"collection":[{"href":"https:\/\/www.hydraulic-cylinders.net\/nb\/wp-json\/wp\/v2\/product"}],"about":[{"href":"https:\/\/www.hydraulic-cylinders.net\/nb\/wp-json\/wp\/v2\/types\/product"}],"replies":[{"embeddable":true,"href":"https:\/\/www.hydraulic-cylinders.net\/nb\/wp-json\/wp\/v2\/comments?post=15598"}],"wp:featuredmedia":[{"embeddable":true,"href":"https:\/\/www.hydraulic-cylinders.net\/nb\/wp-json\/wp\/v2\/media\/14788"}],"wp:attachment":[{"href":"https:\/\/www.hydraulic-cylinders.net\/nb\/wp-json\/wp\/v2\/media?parent=15598"}],"wp:term":[{"taxonomy":"product_brand","embeddable":true,"href":"https:\/\/www.hydraulic-cylinders.net\/nb\/wp-json\/wp\/v2\/product_brand?post=15598"},{"taxonomy":"product_cat","embeddable":true,"href":"https:\/\/www.hydraulic-cylinders.net\/nb\/wp-json\/wp\/v2\/product_cat?post=15598"},{"taxonomy":"product_tag","embeddable":true,"href":"https:\/\/www.hydraulic-cylinders.net\/nb\/wp-json\/wp\/v2\/product_tag?post=15598"}],"curies":[{"name":"wp","href":"https:\/\/api.w.org\/{rel}","templated":true}]}}