{"id":15605,"date":"2025-01-19T14:44:22","date_gmt":"2025-01-19T14:44:22","guid":{"rendered":"https:\/\/www.hydraulic-cylinders.net\/product\/bucket-cylinder-for-xgma-wheel-excavator-xg815w\/"},"modified":"2025-01-19T14:44:24","modified_gmt":"2025-01-19T14:44:24","slug":"bucket-cylinder-for-xgma-wheel-excavator-xg815w","status":"publish","type":"product","link":"https:\/\/www.hydraulic-cylinders.net\/nb\/produkt\/bucket-cylinder-for-xgma-wheel-excavator-xg815w\/","title":{"rendered":"Skuffesylinder for XGMA hjulgraver XG815W"},"content":{"rendered":"<h1>Skuffesylinder for XGMA hjulgraver XG815W<\/h1>\n<h2>Introduksjon<\/h2>\n<p>Skuffesylinderen, ogs\u00e5 kjent som en hydraulisk sylinder, er en spesialdesignet hydraulisk komponent som brukes til \u00e5 kontrollere bevegelsen til skuffen i tunge maskiner som gravemaskiner, traktorgravere og frontlastere. Hovedfunksjonen er \u00e5 gj\u00f8re det mulig for skuffen \u00e5 l\u00f8fte, senke og vippe, noe som gj\u00f8r den egnet for ulike materialh\u00e5ndteringsoppgaver. I det hydrauliske systemet oppn\u00e5r skuffesylinderen presis kontroll over skuffen ved \u00e5 variere trykket p\u00e5 hydraulikkoljen, slik at operat\u00f8rer kan h\u00e5ndtere tunge laster effektivt samtidig som de tilpasser seg komplekse arbeidsmilj\u00f8er og ulike jobbkrav.<\/p>\n<p><img decoding=\"async\" src=\"https:\/\/www.hydraulic-cylinders.net\/wp-content\/uploads\/2025\/01\/songte-company-2.webp\" alt=\"Bilde av b\u00f8ttesylinder\"><\/p>\n<h2>Funksjoner<\/h2>\n<ul>\n<li>\n<h3>H\u00f8y styrke og holdbarhet<\/h3>\n<p>Skuffesylinderen er vanligvis laget av h\u00f8yfast st\u00e5l eller aluminium, som t\u00e5ler h\u00f8yt trykk og tunge belastninger, og er konstruert med tanke p\u00e5 slitestyrke og korrosjonsmotstand for \u00e5 forlenge levetiden.<\/p>\n<\/li>\n<li>\n<h3>Effektiv hydraulisk drift<\/h3>\n<p>Skuffesylinderen utnytter trykket fra hydraulikkoljen for \u00e5 oppn\u00e5 jevn teleskopbevegelse, slik at den reagerer raskt p\u00e5 kontrollkommandoer, gir kraftig skyve- og trekkekraft, og er egnet for h\u00e5ndtering av tunge lass og komplekse arbeidsoppgaver.<\/p>\n<\/li>\n<li>\n<h3>Ulike typer<\/h3>\n<p>Skuffesylinderen kan velges som enkeltvirkende (med hydraulikk i kun \u00e9n retning) eller dobbeltvirkende (med hydraulikk i to retninger) sylinder i henhold til driftsbehovene. Noen modeller er teleskopiske, noe som gir st\u00f8rre forlengelse uten \u00e5 \u00f8ke de ytre m\u00e5lene, egnet for bruksomr\u00e5der med begrenset plass.<\/p>\n<\/li>\n<li>\n<h3>Perfekt erstatning<\/h3>\n<p>Produktene v\u00e5re kan erstatte disse hydrauliske sylindrene perfekt.<\/p>\n<\/li>\n<\/ul>\n<p><img decoding=\"async\" src=\"https:\/\/www.hydraulic-cylinders.net\/wp-content\/uploads\/2025\/01\/songte-cylinder-head-with-all-kinds-excavator-models.webp\" alt=\"Bilde av b\u00f8ttesylinder\"><\/p>\n<h2>Bruksomr\u00e5der<\/h2>\n<p>B\u00f8ttesylinderen har forskjellige bruksomr\u00e5der, inkludert:<\/p>\n<ul>\n<li>\n<h3>Anleggsutstyr<\/h3>\n<p>Skuffesylinderen er viktig for gravemaskiner for \u00e5 grave, laste og flytte jord eller rusk. I gravemaskiner hjelper skuffesylinderen med graving og l\u00f8fting. I lastere hjelper den med l\u00f8fting og tilting for effektiv t\u00f8mming.<\/p>\n<\/li>\n<li>\n<h3>Landbruksmaskiner<\/h3>\n<p>Skuffesylinderen brukes i frontlastere til \u00e5 ut\u00f8pe, l\u00f8fte og transportere jord, h\u00f8y og andre materialer. I gravemaskiner muliggj\u00f8r skuffesylinderen gravebevegelsen ved \u00e5 la skuffen trenge ned i jorden.<\/p>\n<\/li>\n<\/ul>\n<h2>Designhensyn og utvalgskriterier<\/h2>\n<p>Utformingen av b\u00f8ttesylinderen tar hensyn til viktige faktorer som b\u00e6reevne, tetting, holdbarhet, sikkerhet og vedlikeholdsvennlighet. Den bruker materialer av h\u00f8y kvalitet og presise produksjonsprosesser for \u00e5 sikre maksimal ytelse og levetid. F\u00f8lgende er designhensyn og utvalgskriteriene:<\/p>\n<ul>\n<li>\n<h3>B\u00e6reevne<\/h3>\n<p>B\u00f8ttesylinderen m\u00e5 v\u00e6re konstruert for \u00e5 h\u00e5ndtere den maksimale belastningen den p\u00e5f\u00f8res under bruk. Materialvalg og sylinderens strukturelle integritet b\u00f8r vurderes n\u00f8ye.<\/p>\n<\/li>\n<li>\n<h3>Tetting<\/h3>\n<p>B\u00f8ttesylinderen m\u00e5 v\u00e6re passende tett for \u00e5 forhindre oljelekkasjer og vanninntrengning. Bruk av h\u00f8ykvalitetstetninger, som stempeltetninger og stangtetninger laget av slitesterke materialer som polyuretan og nitrilgummi, kan forbedre sylinderens tetningseffektivitet.<\/p>\n<\/li>\n<li>\n<h3>Varighet<\/h3>\n<p>B\u00f8ttesylinderen m\u00e5 v\u00e6re konstruert for \u00e5 t\u00e5le t\u00f8ffe arbeidsmilj\u00f8er og tunge belastninger. Bruk av h\u00f8yfaste materialer, presise produksjonsprosesser og overflatebehandling kan forbedre sylinderens slitasje- og korrosjonsmotstand.<\/p>\n<\/li>\n<li>\n<h3>Sikkerhet<\/h3>\n<p>B\u00f8ttesylinderen m\u00e5 utformes med tanke p\u00e5 sikkerhet ved \u00e5 s\u00f8rge for sikker drift og forhindre ulykker. Sikkerhetsfunksjoner som trykkavlastningsventiler og posisjonssensorer kan integreres i sylinderdesignet for \u00e5 sikre sikker drift.<\/p>\n<\/li>\n<li>\n<h3>Vedlikeholdbarhet<\/h3>\n<p>B\u00f8ttesylinderen m\u00e5 v\u00e6re utformet for \u00e5 gj\u00f8re vedlikehold og reparasjon enklere. Hensyn som enkel demontering, tilgjengelighet til kritiske komponenter og tilgjengeligheten av reservedeler kan forbedre sylinderens vedlikeholdsvennlighet.<\/p>\n<\/li>\n<\/ul>\n<p><img decoding=\"async\" src=\"https:\/\/www.hydraulic-cylinders.net\/wp-content\/uploads\/2025\/01\/songte-oil-pipes-and-spare-parts.webp\" alt=\"Bilde av b\u00f8ttesylinder\"><\/p>\n<h2>Tetting og sm\u00f8ring<\/h2>\n<p>B\u00f8ttesylinderen bruker ulike tetningskomponenter, som stempeltetninger og stangtetninger, for \u00e5 forhindre oljelekkasjer og opprettholde hydraulisk trykk. Bruk av h\u00f8ykvalitetstetninger laget av slitesterke materialer som polyuretan og nitrilgummi kan forbedre sylinderens tetningseffektivitet. Regelmessig sm\u00f8ring med passende hydraulisk olje kan bidra til \u00e5 opprettholde sylinderens ytelse og forlenge levetiden.<\/p>\n<h2>Vedlikehold og reparasjon<\/h2>\n<p>Regelmessig inspeksjon, sm\u00f8ring og utskifting av pakninger er vanlige vedlikeholdsoppgaver for b\u00f8ttesylinderen. Riktig installasjon, sm\u00f8ring og justering er avgj\u00f8rende for optimal ytelse og levetid. N\u00e5r du bytter ut deler eller bygger om sylinderen, kan det \u00e5 f\u00f8lge anbefalte prosedyrer og bruke passende verkt\u00f8y sikre riktig montering og passform.<\/p>\n<p><img decoding=\"async\" src=\"https:\/\/www.hydraulic-cylinders.net\/wp-content\/uploads\/2025\/01\/songte-chushion-collar.webp\" alt=\"Bilde av b\u00f8ttesylinder\"><\/p>\n<h2>Sikkerhetshensyn og milj\u00f8faktorer<\/h2>\n<p>N\u00e5r du bruker b\u00f8ttesylinderen, er sikkerhetsforanstaltninger som \u00e5 bruke personlig verneutstyr og f\u00f8lge riktige driftsprosedyrer viktige for \u00e5 forhindre ulykker. Milj\u00f8faktorer som temperatur, fuktighet og kjemisk eksponering kan p\u00e5virke sylinderens ytelse og holdbarhet. Tiltak som regelmessig rengj\u00f8ring og riktig oppbevaring kan bidra til \u00e5 redusere disse effektene.<\/p>\n<h2>Feildiagnose og feils\u00f8king<\/h2>\n<p>Vanlige feil p\u00e5 b\u00f8ttesylindere inkluderer oljelekkasjer, utilstrekkelig trykk og sylinderavdrift. Riktig diagnose og feils\u00f8king kan bidra til \u00e5 identifisere \u00e5rsaken til problemet og bestemme passende reparasjon eller utskifting. Tiltak som regelmessig inspeksjon, riktig installasjon og vedlikehold kan bidra til \u00e5 forhindre potensielle feil.<\/p>\n<p><img decoding=\"async\" src=\"https:\/\/www.hydraulic-cylinders.net\/wp-content\/uploads\/2025\/01\/songte-bushings-with-all-kinds-of-excavator-models.webp\" alt=\"Bilde av b\u00f8ttesylinder\"><\/p>\n<h2>Om selskapet v\u00e5rt<\/h2>\n<p>Vi er en produsent av hydrauliske sylindere som perfekt kan erstatte disse hydrauliske sylinderene. V\u00e5rt firma har et komplett produktsortiment og har blitt en av de ledende produsentene og grossistdistribut\u00f8rene av hydrauliske sylindere i det innenlandske og internasjonale markedet. Vi f\u00f8lger prinsippene om utmerket kvalitet og er avhengige av industrialiserte produksjonsstyringsstrategier i fint utformede produksjonsverksteder. V\u00e5rt firma forbedrer kontinuerlig sin produksjonsplattform ved bruk av teknologiske talenter, digitalt high-end produksjonsutstyr og profesjonelle testsystemer, perfeksjonerer produksjonslinjen for produktkvalitet og har sterke kreative evner. Vi m\u00f8ter kundenes ulike behov med prinsippene om h\u00f8y effektivitet, h\u00f8y presisjon og h\u00f8y kvalitet.<\/p>\n<p><img decoding=\"async\" src=\"https:\/\/hzpt.com\/wp-content\/uploads\/2024\/11\/songte-company-1.webp\" alt=\"Bilde av b\u00f8ttesylinder\"><\/p>\n<h3>Profesjonalitet<\/h3>\n<p>V\u00e5rt firma har et team av profesjonelle ingeni\u00f8rer og teknikere som er dedikert til \u00e5 tilby produkter og tjenester av h\u00f8y kvalitet til v\u00e5re kunder.<\/p>\n<h3>Internasjonale sertifiseringer<\/h3>\n<p>V\u00e5rt firma har oppn\u00e5dd diverse internasjonale sertifiseringer som ISO 9001, CE og SGS, som sikrer at produktene v\u00e5re oppfyller internasjonale kvalitetsstandarder.<\/p>\n<h3>Tilpasningstjenester<\/h3>\n<p>V\u00e5rt firma tilbyr tilpasningstjenester for hydrauliske sylindere for \u00e5 m\u00f8te spesifikke kundebehov.<\/p>\n<h3>Produksjonsutstyr<\/h3>\n<p>V\u00e5rt firma har avansert produksjonsutstyr som CNC-dreiebenker, fresemaskiner og sveisemaskiner, som sikrer presisjonen og kvaliteten p\u00e5 produktene v\u00e5re.<\/p>\n<h3>Ettersalgstjenester<\/h3>\n<p>V\u00e5rt firma tilbyr utmerket ettersalgsservice, inkludert teknisk st\u00f8tte, reparasjon og utskiftingstjenester.<\/p>\n<h4>Forfatter: lyl<\/h4>","protected":false},"excerpt":{"rendered":"<p>Bucket Cylinder For XGMA Wheel Excavator XG815W Introduction The bucket cylinder, also known as a hydraulic cylinder, is a specifically designed hydraulic component used to control the movement of the bucket in heavy machinery such as excavators, backhoes, and front-end loaders. Its primary function is to enable the bucket to lift, lower, and tilt, making [&hellip;]<\/p>","protected":false},"featured_media":14776,"comment_status":"open","ping_status":"closed","template":"","meta":{"_et_pb_use_builder":"","_et_pb_old_content":"","_et_gb_content_width":""},"product_brand":[],"product_cat":[1494],"product_tag":[1495,1496],"class_list":{"0":"post-15605","1":"product","2":"type-product","3":"status-publish","4":"has-post-thumbnail","6":"product_cat-bucket-cylinders","7":"product_tag-bucket-cylinders","8":"product_tag-hydraulic-cylinders","10":"first","11":"instock","12":"shipping-taxable","13":"product-type-simple"},"amp_enabled":true,"_links":{"self":[{"href":"https:\/\/www.hydraulic-cylinders.net\/nb\/wp-json\/wp\/v2\/product\/15605","targetHints":{"allow":["GET"]}}],"collection":[{"href":"https:\/\/www.hydraulic-cylinders.net\/nb\/wp-json\/wp\/v2\/product"}],"about":[{"href":"https:\/\/www.hydraulic-cylinders.net\/nb\/wp-json\/wp\/v2\/types\/product"}],"replies":[{"embeddable":true,"href":"https:\/\/www.hydraulic-cylinders.net\/nb\/wp-json\/wp\/v2\/comments?post=15605"}],"wp:featuredmedia":[{"embeddable":true,"href":"https:\/\/www.hydraulic-cylinders.net\/nb\/wp-json\/wp\/v2\/media\/14776"}],"wp:attachment":[{"href":"https:\/\/www.hydraulic-cylinders.net\/nb\/wp-json\/wp\/v2\/media?parent=15605"}],"wp:term":[{"taxonomy":"product_brand","embeddable":true,"href":"https:\/\/www.hydraulic-cylinders.net\/nb\/wp-json\/wp\/v2\/product_brand?post=15605"},{"taxonomy":"product_cat","embeddable":true,"href":"https:\/\/www.hydraulic-cylinders.net\/nb\/wp-json\/wp\/v2\/product_cat?post=15605"},{"taxonomy":"product_tag","embeddable":true,"href":"https:\/\/www.hydraulic-cylinders.net\/nb\/wp-json\/wp\/v2\/product_tag?post=15605"}],"curies":[{"name":"wp","href":"https:\/\/api.w.org\/{rel}","templated":true}]}}