{"id":15606,"date":"2025-01-19T14:44:27","date_gmt":"2025-01-19T14:44:27","guid":{"rendered":"https:\/\/www.hydraulic-cylinders.net\/product\/bucket-cylinder-for-lonking-small-excavator-lg6065\/"},"modified":"2025-01-19T14:44:29","modified_gmt":"2025-01-19T14:44:29","slug":"bucket-cylinder-for-lonking-small-excavator-lg6065","status":"publish","type":"product","link":"https:\/\/www.hydraulic-cylinders.net\/nb\/produkt\/bucket-cylinder-for-lonking-small-excavator-lg6065\/","title":{"rendered":"B\u00f8ttesylinder for liten gravemaskin LG6065"},"content":{"rendered":"<h1>B\u00f8ttesylinder for liten gravemaskin LG6065<\/h1>\n<h2>Introduksjon<\/h2>\n<h3>Definere b\u00f8ttesylinder<\/h3>\n<p>En skuffesylinder er en spesialdesignet hydraulisk sylinder som prim\u00e6rt brukes til \u00e5 kontrollere bevegelsen til skuffen i tunge maskiner som gravemaskiner, traktorgravere og frontlastere. Hovedfunksjonen er \u00e5 gj\u00f8re det mulig for skuffen \u00e5 l\u00f8fte, senke og vippe, noe som gj\u00f8r det enklere \u00e5 utf\u00f8re ulike materialh\u00e5ndteringsoppgaver. I det hydrauliske systemet kontrollerer skuffesylindere skuffens bevegelse presist gjennom endringer i hydraulikkoljetrykket, slik at operat\u00f8rer kan h\u00e5ndtere tunge laster effektivt og tilpasse seg komplekse arbeidsmilj\u00f8er og ulike driftsbehov.<\/p>\n<p><img decoding=\"async\" src=\"https:\/\/www.hydraulic-cylinders.net\/wp-content\/uploads\/2025\/01\/songte-company-2.webp\"><\/p>\n<h3>Produktfunksjoner<\/h3>\n<ul>\n<li>H\u00f8y styrke og holdbarhet: B\u00f8ttesylindere er vanligvis laget av h\u00f8yfast st\u00e5l eller aluminium, og t\u00e5ler h\u00f8yt trykk og tunge belastninger. De tilpasser seg t\u00f8ffe arbeidsmilj\u00f8er og er designet med slitestyrke og korrosjonsbeskyttelse i tankene for \u00e5 forlenge levetiden.<\/li>\n<li>Effektiv hydraulisk drift: Ved \u00e5 bruke hydraulisk oljetrykk for \u00e5 oppn\u00e5 jevn forlengelse og inntrekking, kan skuffesylindrene reagere raskt p\u00e5 kontrollkommandoer, og gi kraftige skyve- og trekkkrefter som er egnet for h\u00e5ndtering av tunge belastninger og komplekse driftsoppgaver.<\/li>\n<li>Ulike typer: Skuffesylindere kan v\u00e6re enkeltvirkende (med hydraulikk i kun \u00e9n retning) eller dobbeltvirkende (med hydraulikk i to retninger) og kan velges etter driftsbehov. Noen modeller er teleskopiske, noe som gir st\u00f8rre forlengelse uten \u00e5 \u00f8ke de ytre m\u00e5lene, noe som gj\u00f8r dem egnet for bruksomr\u00e5der med begrenset plass.<\/li>\n<li>Kan erstatte andre hydrauliske sylindere: Produktene v\u00e5re kan erstatte andre hydrauliske sylindere p\u00e5 en perfekt m\u00e5te. <\/li>\n<\/ul>\n<p><img decoding=\"async\" src=\"https:\/\/www.hydraulic-cylinders.net\/wp-content\/uploads\/2025\/01\/songte-cylinder-head-with-all-kinds-excavator-models.webp\"><\/p>\n<h3>Bruksomr\u00e5der<\/h3>\n<p>B\u00f8ttesylindere er mye brukt i ulike bransjer, inkludert:<\/p>\n<ul>\n<li>Anleggsutstyr: I gravemaskiner er de avgj\u00f8rende for graving, lasting og flytting av jord eller rusk. I gravemaskiner hjelper skuffesylindere med b\u00e5de graving og l\u00f8fting. <\/li>\n<li>Landbruksmaskiner: Brukes i frontlastere til \u00e5 utarbeide, l\u00f8fte og transportere jord, h\u00f8y og andre materialer.<\/li>\n<li>Gravemaskiner: Skuffesylindere tillater graveaksjoner ved \u00e5 la skuffen trenge ned i jorden.<\/li>\n<li>Lastere: I frontlastere hjelper de med \u00e5 l\u00f8fte og dumpe last effektivt.<\/li>\n<\/ul>\n<h3>Designhensyn og utvalgskriterier<\/h3>\n<p>B\u00f8ttesylindere er designet med flere viktige hensyn i tankene, inkludert:<\/p>\n<ul>\n<li>B\u00e6reevne<\/li>\n<li>Tetting<\/li>\n<li>Varighet<\/li>\n<li>Sikkerhet<\/li>\n<li>Vedlikeholdbarhet<\/li>\n<\/ul>\n<p><img decoding=\"async\" src=\"https:\/\/www.hydraulic-cylinders.net\/wp-content\/uploads\/2025\/01\/songte-oil-pipes-and-spare-parts.webp\"><\/p>\n<h3>Tetting og sm\u00f8ring<\/h3>\n<p>B\u00f8ttesylindere er utstyrt med forskjellige tetningskomponenter, som stempeltetninger, stangtetninger og andre tetninger, som er laget av slitesterke materialer som polyuretan og nitrilgummi. Sylinderhuset og gjengede endeflater er fint bearbeidet for \u00e5 forbedre slitestyrken. Regelmessig tilsetning av en passende mengde hydraulisk olje er n\u00f8dvendig for sm\u00f8ring.<\/p>\n<h3>Vedlikehold og reparasjon<\/h3>\n<p>Regelmessige inspeksjoner og forebyggende vedlikehold er viktig for \u00e5 sikre at b\u00f8ttesylinderen varer lenge. Vanlige vedlikeholdsoppgaver inkluderer:<\/p>\n<ul>\n<li>Regelmessig inspeksjon<\/li>\n<li>Riktig sm\u00f8ring<\/li>\n<li>Utskifting av pakning<\/li>\n<li>Kalibreringskontroller<\/li>\n<\/ul>\n<p>Riktig installasjon er avgj\u00f8rende for \u00e5 sikre optimal ytelse og levetid for b\u00f8ttesylinderen. Det anbefales \u00e5 bruke passende monteringsbraketter for \u00e5 feste sylinderen p\u00e5 plass. Anbefalte inspeksjons-, reparasjons- og utskiftingsprosedyrer kan forlenge sylinderens levetid.<\/p>\n<p><img decoding=\"async\" src=\"https:\/\/www.hydraulic-cylinders.net\/wp-content\/uploads\/2025\/01\/songte-chushion-collar.webp\"><\/p>\n<h3>Sikkerhet og milj\u00f8<\/h3>\n<p>B\u00f8ttesylindere b\u00f8r brukes med riktige sikkerhetstiltak for \u00e5 forhindre ulykker. Det er viktig \u00e5 f\u00f8lge sikkerhetsretningslinjene og praktisere sikre h\u00e5ndteringsteknikker for \u00e5 forhindre skade eller materielle skader under bruk av sylinderen. Milj\u00f8faktorer b\u00f8r ogs\u00e5 vurderes ved bruk av b\u00f8ttesylindere, for eksempel st\u00f8yforurensning og avfallsh\u00e5ndtering.<\/p>\n<h3>Vanlige problemer og feils\u00f8king<\/h3>\n<p>Noen vanlige problemer som kan oppst\u00e5 med b\u00f8ttesylindere kan inkludere lekkasjer, lavt trykk og uvanlige lyder. Feils\u00f8king av disse problemene kan inneb\u00e6re inspeksjon, kalibrering og utskifting av skadede komponenter. Regelmessig forebyggende vedlikehold kan bidra til \u00e5 forhindre potensielle problemer.<\/p>\n<p><img decoding=\"async\" src=\"https:\/\/www.hydraulic-cylinders.net\/wp-content\/uploads\/2025\/01\/songte-bushings-with-all-kinds-of-excavator-models.webp\"><\/p>\n<h2>V\u00e5rt selskap<\/h2>\n<p>Vi er en produsent av hydrauliske sylindere som tilbyr et komplett produktsortiment. Vi har blitt en av de ledende produsentene og grossistdistribut\u00f8rene av hydrauliske sylindere i innenlandske og internasjonale markeder. Vi f\u00f8lger prinsippet om utmerket kvalitet og er avhengige av den industrialiserte produksjonsstyringsstrategien til sofistikerte produksjonsverksteder. Ved \u00e5 bruke sv\u00e6rt avansert digitalt produksjonsutstyr, et profesjonelt testsystem og erfarent teknisk personell, forbedrer vi kontinuerlig v\u00e5re produksjonsplattformer og produksjonslinjer for produktkvalitet. Dette har gjort oss sv\u00e6rt effektive, presise og av h\u00f8y kvalitet for bedre \u00e5 m\u00f8te de ulike behovene til v\u00e5re kunder.<\/p>\n<h3>Profesjonalitet<\/h3>\n<p>V\u00e5rt selskap er forpliktet til \u00e5 opprettholde det h\u00f8yeste niv\u00e5et av profesjonalitet i alle aspekter av v\u00e5r virksomhet. Vi opprettholder prinsippene om \u00e6rlighet, integritet og etisk oppf\u00f8rsel i all v\u00e5r omgang med kunder, leverand\u00f8rer og partnere.<\/p>\n<h3>Internasjonal sertifisering<\/h3>\n<p>Produktene v\u00e5re er sertifisert i henhold til de h\u00f8yeste internasjonale standardene, inkludert ISO9001, CE og TUV. Vi er forpliktet til \u00e5 tilby kundene produkter av h\u00f8yeste kvalitet som dekker deres behov.<\/p>\n<h3>Tilpasningstjenester<\/h3>\n<p>Vi tilbyr tilpasningstjenester som kan skreddersys for \u00e5 m\u00f8te kundenes spesifikke behov. Vi kan levere tilpassede hydrauliske sylindere som oppfyller de spesifikke kravene til deres applikasjoner.<\/p>\n<h3>Produksjonsutstyr<\/h3>\n<p>Vi bruker sv\u00e6rt avansert digitalt produksjonsutstyr for \u00e5 produsere v\u00e5re hydrauliske sylindere. Produksjonsutstyret v\u00e5rt inkluderer CNC-maskiner, metallskj\u00e6remaskiner, automatisk sveiseutstyr og testutstyr. Vi er forpliktet til \u00e5 bruke den nyeste teknologien for \u00e5 produsere produkter av h\u00f8y kvalitet.<\/p>\n<h3>Ettersalgsservice<\/h3>\n<p>Vi tilbyr ettersalgstjenester som inkluderer teknisk st\u00f8tte, produktvedlikehold og reparasjonstjenester. Vi er forpliktet til \u00e5 sikre at kundene v\u00e5re f\u00e5r st\u00f8tte og assistanse p\u00e5 h\u00f8yeste niv\u00e5.<\/p>\n<p><img decoding=\"async\" src=\"https:\/\/hzpt.com\/wp-content\/uploads\/2024\/11\/songte-company-1.webp\"><\/p>\n<p>Forfatter: lyl.<\/p>","protected":false},"excerpt":{"rendered":"<p>Bucket Cylinder For Lonking Small Excavator LG6065 Introduction Defining Bucket Cylinder A bucket cylinder is a specially-designed hydraulic cylinder used primarily to control the movement of the bucket in heavy machinery such as excavators, backhoes, and front-end loaders. Its main function is to enable the bucket to lift, lower, and tilt, making it easier to [&hellip;]<\/p>","protected":false},"featured_media":14773,"comment_status":"open","ping_status":"closed","template":"","meta":{"_et_pb_use_builder":"","_et_pb_old_content":"","_et_gb_content_width":""},"product_brand":[],"product_cat":[1494],"product_tag":[1495,1496],"class_list":{"0":"post-15606","1":"product","2":"type-product","3":"status-publish","4":"has-post-thumbnail","6":"product_cat-bucket-cylinders","7":"product_tag-bucket-cylinders","8":"product_tag-hydraulic-cylinders","10":"first","11":"instock","12":"shipping-taxable","13":"product-type-simple"},"amp_enabled":true,"_links":{"self":[{"href":"https:\/\/www.hydraulic-cylinders.net\/nb\/wp-json\/wp\/v2\/product\/15606","targetHints":{"allow":["GET"]}}],"collection":[{"href":"https:\/\/www.hydraulic-cylinders.net\/nb\/wp-json\/wp\/v2\/product"}],"about":[{"href":"https:\/\/www.hydraulic-cylinders.net\/nb\/wp-json\/wp\/v2\/types\/product"}],"replies":[{"embeddable":true,"href":"https:\/\/www.hydraulic-cylinders.net\/nb\/wp-json\/wp\/v2\/comments?post=15606"}],"wp:featuredmedia":[{"embeddable":true,"href":"https:\/\/www.hydraulic-cylinders.net\/nb\/wp-json\/wp\/v2\/media\/14773"}],"wp:attachment":[{"href":"https:\/\/www.hydraulic-cylinders.net\/nb\/wp-json\/wp\/v2\/media?parent=15606"}],"wp:term":[{"taxonomy":"product_brand","embeddable":true,"href":"https:\/\/www.hydraulic-cylinders.net\/nb\/wp-json\/wp\/v2\/product_brand?post=15606"},{"taxonomy":"product_cat","embeddable":true,"href":"https:\/\/www.hydraulic-cylinders.net\/nb\/wp-json\/wp\/v2\/product_cat?post=15606"},{"taxonomy":"product_tag","embeddable":true,"href":"https:\/\/www.hydraulic-cylinders.net\/nb\/wp-json\/wp\/v2\/product_tag?post=15606"}],"curies":[{"name":"wp","href":"https:\/\/api.w.org\/{rel}","templated":true}]}}