{"id":15609,"date":"2025-01-19T14:44:39","date_gmt":"2025-01-19T14:44:39","guid":{"rendered":"https:\/\/www.hydraulic-cylinders.net\/product\/bucket-cylinder-for-lonking-small-excavator-lg606dd\/"},"modified":"2025-01-19T14:44:41","modified_gmt":"2025-01-19T14:44:41","slug":"bucket-cylinder-for-lonking-small-excavator-lg606dd","status":"publish","type":"product","link":"https:\/\/www.hydraulic-cylinders.net\/nb\/produkt\/bucket-cylinder-for-lonking-small-excavator-lg606dd\/","title":{"rendered":"B\u00f8ttesylinder for liten gravemaskin LG606DD"},"content":{"rendered":"<h1>B\u00f8ttesylinder for liten gravemaskin LG606DD<\/h1>\n<h2>Introduksjon<\/h2>\n<p>Skuffesylinderen er en type hydraulisk sylinder som er spesielt utviklet for \u00e5 kontrollere bevegelsen til skuffen i tunge maskiner som gravemaskiner, traktorgravere og frontlastere. Hovedfunksjonen er \u00e5 tillate at skuffen l\u00f8ftes, senkes og vippes, noe som gj\u00f8r det enklere \u00e5 h\u00e5ndtere ulike materialh\u00e5ndteringsoppgaver. I det hydrauliske systemet oppn\u00e5r skuffesylinderen presis kontroll over skuffens bevegelse gjennom endringer i hydraulikkoljetrykket, slik at operat\u00f8rer effektivt kan h\u00e5ndtere tunge laster og tilpasse seg komplekse arbeidsmilj\u00f8er og ulike driftskrav.<\/p>\n<p><img decoding=\"async\" src=\"https:\/\/www.hydraulic-cylinders.net\/wp-content\/uploads\/2025\/01\/songte-company-2.webp\" alt=\"B\u00f8ttesylinder\"><\/p>\n<h2>Funksjoner<\/h2>\n<ul>\n<li><strong>H\u00f8y styrke og holdbarhet:<\/strong> Vanligvis laget av h\u00f8yfast st\u00e5l eller aluminium, t\u00e5ler den h\u00f8yt trykk og tunge belastninger, tilpasser seg t\u00f8ffe arbeidsmilj\u00f8er og designhensyn for slitestyrke og korrosjonsmotstand for \u00e5 forlenge levetiden.<\/li>\n<li><strong>Effektiv hydraulisk drift:<\/strong> Jevn forlengelse og sammentrekning oppn\u00e5s ved \u00e5 bruke hydraulisk oljetrykk, noe som gir kraftige skyve- og trekkekrefter, og er egnet for h\u00e5ndtering av tunge belastninger og komplekse driftsoppgaver.<\/li>\n<li><strong>Flere typer:<\/strong> Enkeltvirkende (hydraulisk brukt kun i \u00e9n retning) eller dobbeltvirkende (hydraulisk brukt i to retninger) sylindere kan velges i henhold til driftsbehov. Noen modeller er teleskopiske, noe som gir st\u00f8rre forlengelse uten \u00e5 \u00f8ke de ytre m\u00e5lene, egnet for applikasjoner med begrenset plass.<\/li>\n<li><strong>Utskiftbarhet:<\/strong> Produktene v\u00e5re kan erstatte disse hydrauliske sylindrene perfekt. <\/li>\n<li><strong>Kostnadseffektiv:<\/strong> Produktene v\u00e5re er kostnadseffektive og tilbyr lengre levetid sammenlignet med andre hydrauliske sylindere p\u00e5 markedet.<\/li>\n<\/ul>\n<p><img decoding=\"async\" src=\"https:\/\/www.hydraulic-cylinders.net\/wp-content\/uploads\/2025\/01\/songte-cylinder-head-with-all-kinds-excavator-models.webp\" alt=\"Modeller av b\u00f8ttesylindere\"><\/p>\n<h2>Bruksomr\u00e5der<\/h2>\n<p>B\u00f8ttesylinderen er mye brukt i ulike bransjer, for eksempel:<\/p>\n<ul>\n<li><strong>Anleggsutstyr:<\/strong> I gravemaskiner er de viktige for graving, lasting og flytting av jord eller rusk. I gravemaskiner hjelper skuffesylindere med graving og l\u00f8fting. <\/li>\n<li><strong>Landbruksmaskiner:<\/strong> Brukes i frontlastere til \u00e5 utarbeide, l\u00f8fte og transportere jord, h\u00f8y og andre materialer. <\/li>\n<li><strong>Gravemaskiner:<\/strong> Skuffesylinderen oppn\u00e5r gravefunksjon ved \u00e5 la skuffen trenge ned i jorden. <\/li>\n<li><strong>Frontlastere:<\/strong> I frontlastere hjelper de med \u00e5 l\u00f8fte og dumpe varer effektivt.<\/li>\n<\/ul>\n<h2>Designhensyn og utvalgskriterier<\/h2>\n<p>N\u00e5r det gjelder designhensyn, m\u00e5 f\u00f8lgende tas i betraktning:<\/p>\n<ul>\n<li><strong>B\u00e6reevne:<\/strong> Skuffesylinderen m\u00e5 kunne b\u00e6re vekten av materialet den transporterer. <\/li>\n<li><strong>Tetting:<\/strong> Ulike tetningskomponenter, som stempeltetninger og stangtetninger, b\u00f8r velges basert p\u00e5 deres slitesterke materialer som polyuretan og nitrilgummi. <\/li>\n<li><strong>Varighet:<\/strong> Sylinderhuset, stempelet og andre komponenter m\u00e5 t\u00e5le t\u00f8ffe arbeidsforhold og motst\u00e5 korrosjon. <\/li>\n<li><strong>Sikkerhet:<\/strong> Det hydrauliske systemet m\u00e5 v\u00e6re utformet med sikkerhetsfunksjoner, som sikkerhetsventiler og trykkm\u00e5lere, for \u00e5 sikre sikker drift. <\/li>\n<li><strong>Vedlikeholdbarhet:<\/strong> Sylinderen b\u00f8r v\u00e6re konstruert for enkel vedlikehold og reparasjon. <\/li>\n<\/ul>\n<p><img decoding=\"async\" src=\"https:\/\/www.hydraulic-cylinders.net\/wp-content\/uploads\/2025\/01\/songte-oil-pipes-and-spare-parts.webp\" alt=\"Deler av b\u00f8ttesylinder\"><\/p>\n<h2>Tetting og sm\u00f8ring<\/h2>\n<p>Ulike tetningskomponenter, som stempeltetninger og stangtetninger, b\u00f8r velges basert p\u00e5 deres slitesterke materialer som polyuretan og nitrilgummi. Sylinderhuset, stempelet og andre komponenter m\u00e5 sm\u00f8res regelmessig med hydraulikkolje for \u00e5 opprettholde holdbarheten og redusere friksjonen mellom bevegelige deler.<\/p>\n<h2>Vedlikehold og reparasjon<\/h2>\n<p>F\u00f8lgende vedlikeholdsoppgaver b\u00f8r utf\u00f8res regelmessig:<\/p>\n<ul>\n<li><strong>Regelmessig inspeksjon:<\/strong> Inspiser sylinderen regelmessig for tegn p\u00e5 slitasje, som lekkasjer, sprekker og b\u00f8yde eller skadede deler. <\/li>\n<li><strong>Sm\u00f8ring:<\/strong> Sm\u00f8r sylinderen regelmessig med hydraulikkolje for \u00e5 sikre at den g\u00e5r jevnt. <\/li>\n<li><strong>Utskifting av pakning:<\/strong> Skift ut slitte eller skadede pakninger s\u00e5 snart som mulig for \u00e5 forhindre lekkasjer. <\/li>\n<\/ul>\n<p><img decoding=\"async\" src=\"https:\/\/www.hydraulic-cylinders.net\/wp-content\/uploads\/2025\/01\/songte-chushion-collar.webp\" alt=\"Montering av b\u00f8ttesylinder\"><\/p>\n<h2>Sikkerhetshensyn og milj\u00f8faktorer<\/h2>\n<p>Ved bruk av b\u00f8ttesylinderen m\u00e5 det tas sikkerhetstiltak for \u00e5 forhindre ulykker. Operat\u00f8rer b\u00f8r bruke passende verneutstyr, og det hydrauliske systemet b\u00f8r v\u00e6re utformet med sikkerhetsfunksjoner som sikkerhetsventiler og trykkm\u00e5lere. Milj\u00f8faktorer, som temperatur og fuktighet, b\u00f8r ogs\u00e5 tas i betraktning n\u00e5r man velger riktig hydraulikkolje til sylinderen.<\/p>\n<h2>Feils\u00f8king og vanlige problemer<\/h2>\n<p>Vanlige problemer som kan oppst\u00e5 med b\u00f8ttesylinderen inkluderer lekkasjer, lavt trykk og treg drift. Disse kan l\u00f8ses ved \u00e5 feils\u00f8ke det hydrauliske systemet, sjekke om det er slitte eller skadede deler, og bytte ut pakninger eller andre komponenter etter behov.<\/p>\n<p><img decoding=\"async\" src=\"https:\/\/www.hydraulic-cylinders.net\/wp-content\/uploads\/2025\/01\/songte-bushings-with-all-kinds-of-excavator-models.webp\" alt=\"B\u00f8ttesylinderforinger\"><\/p>\n<h2>Om selskapet v\u00e5rt<\/h2>\n<p>Vi er en ledende produsent og grossistdistribut\u00f8r av hydrauliske sylindere i det innenlandske og internasjonale markedet. Produktene v\u00e5re er kjent for sin utmerkede kvalitet, og vi bruker industrialiserte produksjonsstyringsstrategier i v\u00e5re sofistikerte produksjonsverksteder for \u00e5 produsere produkter av h\u00f8y kvalitet. Fabrikkene v\u00e5re er utstyrt med toppmoderne utstyr, og vi har dyktige fagfolk som kontinuerlig forbedrer produksjonsplattformen v\u00e5r for \u00e5 m\u00f8te kundenes ulike behov. Vi tilbyr en rekke tilpassede tjenester, og produktene v\u00e5re er sertifisert av internasjonale organisasjoner som ISO og CE. Vi tilbyr ogs\u00e5 utmerket ettersalgsservice for \u00e5 sikre kundetilfredshet.<\/p>\n<p><img decoding=\"async\" src=\"https:\/\/hzpt.com\/wp-content\/uploads\/2024\/11\/songte-company-1.webp\" alt=\"V\u00e5rt selskap\"><\/p>\n<p><em>Forfatter: lyl<\/em><\/p>","protected":false},"excerpt":{"rendered":"<p>Bucket Cylinder For Lonking Small Excavator LG606DD Introduction The bucket cylinder is a type of hydraulic cylinder specifically designed to control the movement of the bucket in heavy machinery such as excavators, backhoe loaders, and front-end loaders. Its main function is to allow the bucket to be lifted, lowered, and tilted, making it easier to [&hellip;]<\/p>","protected":false},"featured_media":14765,"comment_status":"open","ping_status":"closed","template":"","meta":{"_et_pb_use_builder":"","_et_pb_old_content":"","_et_gb_content_width":""},"product_brand":[],"product_cat":[1494],"product_tag":[1495,1496],"class_list":{"0":"post-15609","1":"product","2":"type-product","3":"status-publish","4":"has-post-thumbnail","6":"product_cat-bucket-cylinders","7":"product_tag-bucket-cylinders","8":"product_tag-hydraulic-cylinders","10":"first","11":"instock","12":"shipping-taxable","13":"product-type-simple"},"amp_enabled":true,"_links":{"self":[{"href":"https:\/\/www.hydraulic-cylinders.net\/nb\/wp-json\/wp\/v2\/product\/15609","targetHints":{"allow":["GET"]}}],"collection":[{"href":"https:\/\/www.hydraulic-cylinders.net\/nb\/wp-json\/wp\/v2\/product"}],"about":[{"href":"https:\/\/www.hydraulic-cylinders.net\/nb\/wp-json\/wp\/v2\/types\/product"}],"replies":[{"embeddable":true,"href":"https:\/\/www.hydraulic-cylinders.net\/nb\/wp-json\/wp\/v2\/comments?post=15609"}],"wp:featuredmedia":[{"embeddable":true,"href":"https:\/\/www.hydraulic-cylinders.net\/nb\/wp-json\/wp\/v2\/media\/14765"}],"wp:attachment":[{"href":"https:\/\/www.hydraulic-cylinders.net\/nb\/wp-json\/wp\/v2\/media?parent=15609"}],"wp:term":[{"taxonomy":"product_brand","embeddable":true,"href":"https:\/\/www.hydraulic-cylinders.net\/nb\/wp-json\/wp\/v2\/product_brand?post=15609"},{"taxonomy":"product_cat","embeddable":true,"href":"https:\/\/www.hydraulic-cylinders.net\/nb\/wp-json\/wp\/v2\/product_cat?post=15609"},{"taxonomy":"product_tag","embeddable":true,"href":"https:\/\/www.hydraulic-cylinders.net\/nb\/wp-json\/wp\/v2\/product_tag?post=15609"}],"curies":[{"name":"wp","href":"https:\/\/api.w.org\/{rel}","templated":true}]}}