{"id":15615,"date":"2025-01-19T14:45:13","date_gmt":"2025-01-19T14:45:13","guid":{"rendered":"https:\/\/www.hydraulic-cylinders.net\/product\/bucket-cylinder-for-lonking-middle-excavator-lg6225h\/"},"modified":"2025-01-19T14:45:15","modified_gmt":"2025-01-19T14:45:15","slug":"bucket-cylinder-for-lonking-middle-excavator-lg6225h","status":"publish","type":"product","link":"https:\/\/www.hydraulic-cylinders.net\/nb\/produkt\/bucket-cylinder-for-lonking-middle-excavator-lg6225h\/","title":{"rendered":"B\u00f8ttesylinder for Lonking Middle Gravemaskin LG6225H"},"content":{"rendered":"<h1>B\u00f8ttesylinder for Lonking Middle Gravemaskin LG6225H<\/h1>\n<h2>Introduksjon<\/h2>\n<p>En skuffesylinder er en spesialisert hydraulisk sylinder som brukes til \u00e5 kontrollere bevegelsen til en skuffe i tunge maskiner som gravemaskiner, traktorgravere og frontlastere. Hovedfunksjonen er \u00e5 la skuffen l\u00f8fte, senke og vippe, noe som gj\u00f8r det enklere \u00e5 h\u00e5ndtere ulike materialh\u00e5ndteringsoppgaver. I det hydrauliske systemet oppn\u00e5r skuffesylinderen presis kontroll over skuffen gjennom endringer i trykket i hydraulikkoljen, slik at operat\u00f8rer effektivt kan h\u00e5ndtere tunge laster og tilpasse seg komplekse arbeidsmilj\u00f8er og ulike driftskrav.<\/p>\n<p><img decoding=\"async\" src=\"https:\/\/www.hydraulic-cylinders.net\/wp-content\/uploads\/2025\/01\/songte-company-2.webp\"\/><\/p>\n<h2>Funksjoner<\/h2>\n<ul>\n<li>H\u00f8y styrke og holdbarhet: vanligvis laget av h\u00f8yfast st\u00e5l eller aluminium, t\u00e5ler h\u00f8yt trykk og tunge belastninger, er egnet for t\u00f8ffe arbeidsmilj\u00f8er og er designet med slitestyrke og korrosjonsbestandighet for \u00e5 forlenge levetiden.<\/li>\n<li>Effektiv hydraulisk drift: bruker hydraulisk oljetrykk for \u00e5 oppn\u00e5 jevne forlengelses- og inntrekksbevegelser, reagerer raskt p\u00e5 kontrollkommandoer, gir kraftige skyve- og trekkkrefter, og er egnet for h\u00e5ndtering av tunge belastninger og komplekse arbeidsoppgaver.<\/li>\n<li>Ulike typer: kan velge enkeltvirkende (hydraulisk brukt kun i \u00e9n retning) eller dobbeltvirkende (hydraulisk brukt i begge retninger) sylindere etter behov, for \u00e5 m\u00f8te ulike driftskrav; noen modeller er teleskopiske, noe som gir st\u00f8rre forlengelse uten \u00e5 \u00f8ke de ytre m\u00e5lene, egnet for applikasjoner med begrenset plass.<\/li>\n<li>Utskiftbart produkt: Produktet v\u00e5rt kan erstatte disse hydrauliske sylindrene perfekt.<\/li>\n<li>Tilpassbar design: Vi kan tilpasse designet i henhold til kundenes behov, inkludert sylinderdiameter, slaglengde og andre spesifikasjoner, for \u00e5 m\u00f8te spesifikke applikasjonskrav.<\/li>\n<\/ul>\n<p><img decoding=\"async\" src=\"https:\/\/www.hydraulic-cylinders.net\/wp-content\/uploads\/2025\/01\/songte-cylinder-head-with-all-kinds-excavator-models.webp\"\/><\/p>\n<h2>Bruksomr\u00e5der<\/h2>\n<p>B\u00f8ttesylindere er mye brukt i forskjellige tunge maskiner, inkludert:<\/p>\n<h3>Anleggsutstyr<\/h3>\n<p>I gravemaskiner er de viktige for graving, lasting og flytting av jord eller rusk. I gravemaskiner hjelper skuffesylindre med b\u00e5de graving og l\u00f8fting. <\/p>\n<h3>Landbruksmaskiner<\/h3>\n<p>Brukes i frontlastere for \u00e5 utarbeide, l\u00f8fte og transportere jord, h\u00f8y og andre materialer.<\/p>\n<h3>Gravemaskiner<\/h3>\n<p>Skuffesylindere oppn\u00e5r graveeffekt ved \u00e5 la skuffen trenge ned i jorden.<\/p>\n<h3>Lastere<\/h3>\n<p>I frontlastere bidrar skuffesylindere til \u00e5 l\u00f8fte og dumpe last effektivt.<\/p>\n<h2>Designhensyn og utvalgskriterier<\/h2>\n<p>Ved valg og design av b\u00f8ttesylindere b\u00f8r f\u00f8lgende n\u00f8kkelfaktorer vurderes:<\/p>\n<h3>B\u00e6reevne<\/h3>\n<p>Sylinderens evne til \u00e5 h\u00e5ndtere tunge belastninger og motst\u00e5 h\u00f8yt trykk.<\/p>\n<h3>Tetting<\/h3>\n<p>Ulike tetningskomponenter som stempeltetninger og stangtetninger b\u00f8r v\u00e6re laget av slitesterke materialer som polyuretan og nitrilgummi for \u00e5 sikre tetningsytelse og forlenge levetiden.<\/p>\n<h3>Varighet<\/h3>\n<p>Produktet b\u00f8r v\u00e6re utformet med slitestyrke og korrosjonsbestandighet for \u00e5 t\u00e5le t\u00f8ffe arbeidsmilj\u00f8er og forlenge levetiden.<\/p>\n<h3>Sikkerhet<\/h3>\n<p>Sylinderens design b\u00f8r prioritere sikkerhet, som \u00e5 forhindre lekkasje, opprettholde stabilitet og unng\u00e5 ulykker.<\/p>\n<h3>Vedlikehold<\/h3>\n<p>Enkel \u00e5 vedlikeholde og reparere, og produktet b\u00f8r ha tydelige instruksjoner og prosedyrer for reparasjon og utskifting av deler.<\/p>\n<p><img decoding=\"async\" src=\"https:\/\/www.hydraulic-cylinders.net\/wp-content\/uploads\/2025\/01\/songte-oil-pipes-and-spare-parts.webp\"\/><\/p>\n<h2>Tetting og sm\u00f8ring<\/h2>\n<p>Ulike tetningskomponenter som stempeltetninger og stangtetninger b\u00f8r v\u00e6re laget av slitesterke materialer som polyuretan og nitrilgummi for \u00e5 sikre tetningsytelse og forlenge levetiden. Sylinderhuset og gjengeenden b\u00f8r finbearbeides for \u00e5 forbedre slitestyrken. Regelmessig sm\u00f8ring med hydraulikkolje er n\u00f8dvendig for \u00e5 sikre problemfri drift av sylinderen og forlenge produktets levetid.<\/p>\n<h2>Vedlikehold og reparasjon<\/h2>\n<p>Regelmessige kontroller og forebyggende vedlikeholdstiltak er n\u00f8dvendige for \u00e5 sikre problemfri drift. F\u00f8lgende er vanlige vedlikeholdsoppgaver:<\/p>\n<h3>Regelmessig inspeksjon<\/h3>\n<p>Inspiser sylinderhuset, stempelet og stangen for slitasje og skade. S\u00f8rg for at sylinderen er ren og fri for rusk, smuss eller rust.<\/p>\n<h3>Sm\u00f8ring<\/h3>\n<p>S\u00f8rg for at sylinderen er tilstrekkelig smurt med hydraulikkolje for \u00e5 redusere friksjon og forhindre slitasje.<\/p>\n<h3>Utskifting av tetning<\/h3>\n<p>Skift ut slitte eller skadede tetninger for \u00e5 forhindre lekkasje og forlenge levetiden.<\/p>\n<p>Riktig installasjon av sylinderen er avgj\u00f8rende for at den skal fungere som den skal. Riktig justering av sylinderen, bruk av riktige monteringsbraketter for \u00e5 feste sylinderen, og \u00e5 f\u00f8lge anbefalte inspeksjons-, reparasjons- og utskiftingsprosedyrer kan forlenge produktets levetid.<\/p>\n<p><img decoding=\"async\" src=\"https:\/\/www.hydraulic-cylinders.net\/wp-content\/uploads\/2025\/01\/songte-chushion-collar.webp\"\/><\/p>\n<h2>Sikkerhetshensyn og milj\u00f8faktorer<\/h2>\n<p>Ved bruk av b\u00f8ttesylindere m\u00e5 det tas sikkerhetsforanstaltninger for \u00e5 forhindre ulykker. Disse inkluderer riktig installasjon, regelmessige kontroller og vedlikehold, samt riktig bruk av personlig verneutstyr. Milj\u00f8faktorer som temperatur, fuktighet og forurensning b\u00f8r ogs\u00e5 vurderes for \u00e5 sikre at sylinderen fungerer som den skal og forlenge produktets levetid.<\/p>\n<h2>Vanlige problemer og feils\u00f8king<\/h2>\n<p>Vanlige problemer med b\u00f8ttesylindere inkluderer lekkasje, sylinderdrift og ufullstendig tilbaketrekking eller forlengelse. Disse problemene kan diagnostiseres gjennom visuell inspeksjon og skikkelig testing. Riktige feils\u00f8kingsteknikker inkluderer \u00e5 identifisere rot\u00e5rsaken til problemet, inspisere sylinderen og utf\u00f8re n\u00f8dvendige reparasjoner eller utskiftninger.<\/p>\n<p>Forebyggende tiltak for \u00e5 unng\u00e5 potensielle problemer inkluderer regelmessig vedlikehold, riktig bruk og lagring, og \u00e5 unng\u00e5 overbelastning av sylinderen utover dens b\u00e6reevne.<\/p>\n<p><img decoding=\"async\" src=\"https:\/\/www.hydraulic-cylinders.net\/wp-content\/uploads\/2025\/01\/songte-bushings-with-all-kinds-of-excavator-models.webp\"\/><\/p>\n<h2>Om selskapet v\u00e5rt<\/h2>\n<p>Vi er en produsent av hydrauliske sylindere, og v\u00e5rt produktsortiment er omfattende, noe som gj\u00f8r oss til en av de ledende produsentene og grossistdistribut\u00f8rene av hydrauliske sylindere i b\u00e5de innenlandske og internasjonale markeder. Vi f\u00f8lger prinsippet om utmerket kvalitet og er avhengige av industrialiserte produksjonsstyringsstrategier i fine produksjonsverksteder. Ved \u00e5 bruke teknologiske talenter, digitalt high-end produksjonsutstyr og profesjonelle testsystemer, forbedrer vi kontinuerlig produksjonsplattformen til verkstedet, forbedrer produktets kvalitetsproduksjonsrute og har sterk kreativ evne. Produktene v\u00e5re er effektive, n\u00f8yaktige og av h\u00f8y kvalitet, og kan m\u00f8te kundenes ulike behov.<\/p>\n<h3>Profesjonalitet<\/h3>\n<p>Vi har et profesjonelt team av ingeni\u00f8rer og teknikere som spesialiserer seg p\u00e5 design, utvikling og produksjon av hydrauliske sylindere.<\/p>\n<h3>Internasjonal sertifisering<\/h3>\n<p>Produktene v\u00e5re har best\u00e5tt en rekke internasjonale sertifiseringer, som ISO 9001, CE og RoHS.<\/p>\n<h3>Tilpasningstjenester<\/h3>\n<p>V\u00e5rt firma tilbyr tilpassede design- og produksjonstjenester i henhold til ulike kundebehov, inkludert sylinderdiameter, slaglengde og andre spesifikasjoner. <\/p>\n<h3>Produksjonsutstyr<\/h3>\n<p>Vi bruker avansert produksjonsutstyr og teknologi, inkludert CNC-dreiebenker, sveisemaskiner og testutstyr, for \u00e5 sikre produkter av h\u00f8y kvalitet.<\/p>\n<h3>Ettersalgsservice<\/h3>\n<p>Vi tilbyr teknisk st\u00f8tte, vedlikehold og reparasjonstjenester for \u00e5 sikre kundetilfredshet.<\/p>\n<p><img decoding=\"async\" src=\"https:\/\/hzpt.com\/wp-content\/uploads\/2024\/11\/songte-company-1.webp\"\/><\/p>\n<p>Forfatter: lyl<\/p>","protected":false},"excerpt":{"rendered":"<p>Bucket Cylinder For Lonking Middle Excavator LG6225H Introduction A bucket cylinder is a specialized hydraulic cylinder used to control the movement of a bucket in heavy machinery such as excavators, backhoes, and front-end loaders. Its main function is to allow the bucket to lift, lower, and tilt, making it easier to handle various material handling [&hellip;]<\/p>","protected":false},"featured_media":14785,"comment_status":"open","ping_status":"closed","template":"","meta":{"_et_pb_use_builder":"","_et_pb_old_content":"","_et_gb_content_width":""},"product_brand":[],"product_cat":[1494],"product_tag":[1495,1496],"class_list":{"0":"post-15615","1":"product","2":"type-product","3":"status-publish","4":"has-post-thumbnail","6":"product_cat-bucket-cylinders","7":"product_tag-bucket-cylinders","8":"product_tag-hydraulic-cylinders","10":"first","11":"instock","12":"shipping-taxable","13":"product-type-simple"},"amp_enabled":true,"_links":{"self":[{"href":"https:\/\/www.hydraulic-cylinders.net\/nb\/wp-json\/wp\/v2\/product\/15615","targetHints":{"allow":["GET"]}}],"collection":[{"href":"https:\/\/www.hydraulic-cylinders.net\/nb\/wp-json\/wp\/v2\/product"}],"about":[{"href":"https:\/\/www.hydraulic-cylinders.net\/nb\/wp-json\/wp\/v2\/types\/product"}],"replies":[{"embeddable":true,"href":"https:\/\/www.hydraulic-cylinders.net\/nb\/wp-json\/wp\/v2\/comments?post=15615"}],"wp:featuredmedia":[{"embeddable":true,"href":"https:\/\/www.hydraulic-cylinders.net\/nb\/wp-json\/wp\/v2\/media\/14785"}],"wp:attachment":[{"href":"https:\/\/www.hydraulic-cylinders.net\/nb\/wp-json\/wp\/v2\/media?parent=15615"}],"wp:term":[{"taxonomy":"product_brand","embeddable":true,"href":"https:\/\/www.hydraulic-cylinders.net\/nb\/wp-json\/wp\/v2\/product_brand?post=15615"},{"taxonomy":"product_cat","embeddable":true,"href":"https:\/\/www.hydraulic-cylinders.net\/nb\/wp-json\/wp\/v2\/product_cat?post=15615"},{"taxonomy":"product_tag","embeddable":true,"href":"https:\/\/www.hydraulic-cylinders.net\/nb\/wp-json\/wp\/v2\/product_tag?post=15615"}],"curies":[{"name":"wp","href":"https:\/\/api.w.org\/{rel}","templated":true}]}}