{"id":15628,"date":"2025-01-19T14:46:11","date_gmt":"2025-01-19T14:46:11","guid":{"rendered":"https:\/\/www.hydraulic-cylinders.net\/product\/bucket-cylinder-for-liebherr-small-excavator-r916l\/"},"modified":"2025-01-19T14:46:13","modified_gmt":"2025-01-19T14:46:13","slug":"bucket-cylinder-for-liebherr-small-excavator-r916l","status":"publish","type":"product","link":"https:\/\/www.hydraulic-cylinders.net\/nb\/produkt\/bucket-cylinder-for-liebherr-small-excavator-r916l\/","title":{"rendered":"Skuffesylinder for Liebherr liten gravemaskin R916L"},"content":{"rendered":"<h1>Skuffesylinder for Liebherr liten gravemaskin R916L<\/h1>\n<h2>Introduksjon<\/h2>\n<p>En skuffesylinder er en spesialdesignet hydraulisk sylinder som hovedsakelig brukes til \u00e5 kontrollere bevegelsen til skuffen i tunge maskiner som gravemaskiner, traktorgravere og frontlastere. Hovedfunksjonen er \u00e5 gj\u00f8re det mulig for skuffen \u00e5 utf\u00f8re l\u00f8fte-, senke- og vippebevegelser, og dermed forenkle ulike materialh\u00e5ndteringsoppgaver. I et hydraulisk system oppn\u00e5r skuffesylinderen presis kontroll over skuffen gjennom trykkendringene i hydraulikkoljen, slik at operat\u00f8rer kan h\u00e5ndtere tunge laster effektivt og tilpasse seg komplekse arbeidsmilj\u00f8er og ulike driftsbehov.<\/p>\n<p><img decoding=\"async\" src=\"https:\/\/www.hydraulic-cylinders.net\/wp-content\/uploads\/2025\/01\/songte-company-2.webp\" alt=\"B\u00f8ttesylinder\" \/><\/p>\n<h2>Funksjoner<\/h2>\n<ul>\n<li>H\u00f8y styrke og holdbarhet: Vanligvis laget av h\u00f8yfast st\u00e5l eller aluminium, t\u00e5ler den h\u00f8yt trykk og tunge belastninger, og tilpasser seg t\u00f8ffe arbeidsmilj\u00f8er. Designet tar hensyn til slitestyrke og korrosjonsbestandighet, noe som forlenger levetiden.<\/li>\n<li>Effektiv hydraulisk drift: Utnytter trykket fra hydraulikkoljen for \u00e5 oppn\u00e5 jevne teleskopbevegelser, og kan raskt reagere p\u00e5 kontrollkommandoer, noe som gir kraftig skyve- og trekkekraft, egnet for h\u00e5ndtering av tunge belastninger og komplekse driftsoppgaver.<\/li>\n<li>Ulike typer: Man kan velge enkeltvirkende (hydraulisk brukt i kun \u00e9n retning) eller dobbeltvirkende (hydraulisk brukt i to retninger) sylindere i henhold til krav for \u00e5 m\u00f8te ulike driftsbehov. Noen modeller er teleskopiske, noe som gir st\u00f8rre forlengelse uten \u00e5 \u00f8ke de ytre m\u00e5lene, egnet for bruksomr\u00e5der med begrenset plass.<\/li>\n<li>Kan erstatte andre hydrauliske sylindere: Produktene v\u00e5re kan erstatte disse hydrauliske sylinderene perfekt.<\/li>\n<\/ul>\n<p><img decoding=\"async\" src=\"https:\/\/www.hydraulic-cylinders.net\/wp-content\/uploads\/2025\/01\/songte-cylinder-head-with-all-kinds-excavator-models.webp\" alt=\"Modeller av b\u00f8ttesylindere\" \/><\/p>\n<h2>Bruksomr\u00e5der<\/h2>\n<p>B\u00f8ttesylinderen er mye brukt i ulike bransjer, inkludert:<\/p>\n<h3>Anleggsutstyr<\/h3>\n<p>I gravemaskiner er de viktige for graving, lasting og flytting av jord eller rusk. I gravemaskinlastere hjelper skuffesylinderen med b\u00e5de graving og l\u00f8fting. <\/p>\n<h3>Landbruksmaskiner<\/h3>\n<p>Brukes i frontlastere til \u00e5 utarbeide, l\u00f8fte og transportere jord, h\u00f8y og andre materialer. I gravemaskiner muliggj\u00f8r skuffesylinderen gravefunksjonen ved \u00e5 la skuffen trenge ned i jorden. I frontlastere bidrar de til \u00e5 vippe og dumpe gods effektivt.<\/p>\n<p><img decoding=\"async\" src=\"https:\/\/www.hydraulic-cylinders.net\/wp-content\/uploads\/2025\/01\/songte-chushion-collar.webp\" alt=\"B\u00f8ttesylinderputekrage\" \/><\/p>\n<h2>Designhensyn og utvalgskriterier<\/h2>\n<p>Skuffesylinderens design tar hensyn til ulike faktorer, inkludert b\u00e6reevne, tetting, holdbarhet, sikkerhet og vedlikeholdbarhet.<\/p>\n<h3>B\u00e6reevne<\/h3>\n<p>B\u00e6reevnen er den maksimale vekten den hydrauliske sylinderen kan b\u00e6re uten \u00e5 svikte. Den avhenger av faktorer som sylinderens st\u00f8rrelse, trykket i det hydrauliske systemet og materialet som brukes til \u00e5 produsere sylinderen.<\/p>\n<h3>Tetting<\/h3>\n<p>Den hydrauliske sylinderen m\u00e5 ha en effektiv tetning for \u00e5 forhindre lekkasje av hydraulisk v\u00e6ske og inntrengning av forurensninger. Vanligvis brukes forskjellige tetninger, som stempeltetninger og stangtetninger, for \u00e5 sikre riktig tetting. Tetningene er laget av slitesterke materialer som polyuretan eller nitrilgummi.<\/p>\n<h3>Varighet<\/h3>\n<p>Sylinderen m\u00e5 v\u00e6re slitesterk nok til \u00e5 t\u00e5le det t\u00f8ffe milj\u00f8et og fungere p\u00e5litelig over lengre tid. Sylinderens holdbarhet avhenger av faktorer som materialtype, konstruksjonskvalitet og riktig vedlikehold.<\/p>\n<h3>Sikkerhet<\/h3>\n<p>Skuffesylinderen m\u00e5 utformes med tanke p\u00e5 sikkerhet. Riktig installasjon og vedlikehold kan bidra til \u00e5 forhindre ulykker og \u00f8ke sikkerheten.<\/p>\n<h3>Vedlikeholdbarhet<\/h3>\n<p>B\u00f8ttesylinderen b\u00f8r v\u00e6re enkel \u00e5 vedlikeholde, med deler som er lett \u00e5 bytte ut. Regelmessig vedlikehold, inkludert oljeskift, pakningsskift og kalibreringskontroller, kan bidra til \u00e5 forlenge sylinderens levetid.<\/p>\n<p><img decoding=\"async\" src=\"https:\/\/www.hydraulic-cylinders.net\/wp-content\/uploads\/2025\/01\/songte-oil-pipes-and-spare-parts.webp\" alt=\"Reservedeler for b\u00f8ttesylinder\" \/><\/p>\n<h2>Tetning og sm\u00f8ring<\/h2>\n<p>Ulike tetninger, som stempeltetninger og stangtetninger, brukes for \u00e5 sikre riktig tetting i den hydrauliske sylinderen. Tetningene er laget av slitesterke materialer som polyuretan eller nitrilgummi. For \u00e5 sikre problemfri drift krever sylinderen regelmessig sm\u00f8ring, med riktig type og mengde hydraulisk olje. Sylinderens oljer\u00f8r og reservedeler b\u00f8r ogs\u00e5 kontrolleres regelmessig for slitasje og skiftes ut etter behov.<\/p>\n<h2>Vedlikehold og reparasjon<\/h2>\n<p>For \u00e5 sikre at b\u00f8ttesylinderen har lang levetid, er regelmessig vedlikehold og reparasjon avgj\u00f8rende. F\u00f8lgende er noen vanlige vedlikeholdsoppgaver:<\/p>\n<h3>Regelmessig inspeksjon<\/h3>\n<p>Inspiser sylinderen regelmessig for tegn p\u00e5 slitasje eller skade. Utbedre eventuelle problemer raskt f\u00f8r de blir mer alvorlige.<\/p>\n<h3>Sm\u00f8ring<\/h3>\n<p>Riktig sm\u00f8ring er avgj\u00f8rende for sylinderens problemfrie drift og levetid. Bruk riktig type og mengde hydraulisk olje. Etterfyll olje i sylinderen regelmessig.<\/p>\n<h3>Utskifting av tetning<\/h3>\n<p>Avhengig av sylinderens bruk og driftsmilj\u00f8, kan det hende at pakningene m\u00e5 skiftes ut. Skift pakningene etter behov for \u00e5 sikre riktig tetting.<\/p>\n<p><img decoding=\"async\" src=\"https:\/\/www.hydraulic-cylinders.net\/wp-content\/uploads\/2025\/01\/songte-bushings-with-all-kinds-of-excavator-models.webp\" alt=\"B\u00f8ttesylinderforinger\" \/><\/p>\n<h2>Sikkerhets- og milj\u00f8hensyn<\/h2>\n<p>N\u00e5r man arbeider rundt hydrauliske sylindere, er sikkerhet avgj\u00f8rende. Riktig oppl\u00e6ring, verneutstyr og sikkerhetspraksis kan bidra til \u00e5 forhindre ulykker. I tillegg kan milj\u00f8faktorer som temperatur og fuktighet p\u00e5virke sylinderens ytelse. S\u00f8rg for \u00e5 ta hensyn til disse faktorene n\u00e5r du velger og installerer sylinderen.<\/p>\n<h2>Feils\u00f8king og vanlige problemer<\/h2>\n<p>Som alle mekaniske enheter kan det oppst\u00e5 problemer med b\u00f8ttesylinderen under bruk. Vanlige problemer inkluderer lekkasjer, d\u00e5rlig ytelse og skader. F\u00f8lg disse tipsene for \u00e5 l\u00f8se disse problemene:<\/p>\n<h3>Feils\u00f8kingstips<\/h3>\n<ul>\n<li>Sjekk regelmessig for lekkasjer og slitasje<\/li>\n<li>Bekreft at riktig type og mengde hydraulikkolje brukes<\/li>\n<li>S\u00f8rg for at sylinderen er tilstrekkelig smurt<\/li>\n<li>Sjekk pakningene for skader eller slitasje, og skift dem ut etter behov.<\/li>\n<\/ul>\n<h3>Forebyggende tiltak<\/h3>\n<ul>\n<li>Riktig installasjon og vedlikehold<\/li>\n<li>Regelmessig inspeksjon og sm\u00f8ring<\/li>\n<li>Utskifting av pakning etter behov<\/li>\n<li>Bruk av passende sikkerhetsutstyr og -praksis<\/li>\n<\/ul>\n<p><img decoding=\"async\" src=\"https:\/\/hzpt.com\/wp-content\/uploads\/2024\/11\/songte-company-1.webp\" alt=\"Songte-selskapet\" \/><\/p>\n<h2>Om selskapet v\u00e5rt<\/h2>\n<p>Vi er en produsent av hydrauliske sylindere for utskifting med et komplett produktsortiment. Vi har blitt en av de ledende produsentene og grossistdistribut\u00f8rene av hydrauliske sylindere i det innenlandske og internasjonale markedet. Vi f\u00f8lger prinsippet om kvalitetssikring, er avhengige av den industrielle produksjonsstyringsstrategien til fine produksjonsverksteder, og forbedrer kontinuerlig produksjonsplattformen til verkstedet, perfeksjonerer produksjonslinjen med produktkvalitet og har sterk kreativ evne. Vi m\u00f8ter kundenes ulike behov med prinsipper for h\u00f8y effektivitet, h\u00f8y presisjon og h\u00f8y kvalitet.<\/p>\n<h3>Profesjonalitet<\/h3>\n<p>V\u00e5rt team av fagfolk har omfattende erfaring innen design, produksjon, testing og vedlikehold av hydrauliske sylindere. Vi er forpliktet til \u00e5 tilby kundene v\u00e5re produkter og tjenester av h\u00f8y kvalitet.<\/p>\n<h3>Internasjonale sertifiseringer<\/h3>\n<p>Produktene v\u00e5re har best\u00e5tt internasjonale sertifiseringer som ISO 9001, CE og TUV, noe som sikrer at produktene v\u00e5re oppfyller de h\u00f8yeste standardene for kvalitet og sikkerhet.<\/p>\n<h3>Tilpasningstjenester<\/h3>\n<p>Vi tilbyr et bredt spekter av tilpasningstjenester for \u00e5 m\u00f8te kundenes ulike behov, inkludert tilpassede st\u00f8rrelser, former, materialer og design.<\/p>\n<h3>Produksjonsutstyr<\/h3>\n<p>Vi bruker avansert digitalt produksjonsutstyr for \u00e5 sikre n\u00f8yaktigheten og kvaliteten p\u00e5 produktene v\u00e5re, inkludert CNC-dreiebenker, fresemaskiner og hydrauliske testbenker.<\/p>\n<h3>Ettersalgsservice<\/h3>\n<p>Vi tilbyr omfattende ettersalgsservice, inkludert utskifting av deler og ombyggingstjenester, for \u00e5 hjelpe kunder med \u00e5 l\u00f8se eventuelle problemer som m\u00e5tte oppst\u00e5 med deres hydrauliske sylindere.<\/p>\n<p><img decoding=\"async\" src=\"https:\/\/www.hydraulic-cylinders.net\/wp-content\/uploads\/2025\/01\/songte-company-3.webp\" alt=\"Songte-selskapet\" \/><\/p>\n<p>Forfatter: lyl<\/p>","protected":false},"excerpt":{"rendered":"<p>Bucket Cylinder For Liebherr Small Excavator R916L Introduction A bucket cylinder is a specifically designed hydraulic cylinder mainly used to control the movement of bucket in heavy machinery such as excavators, backhoe loaders, and front-end loaders. Its primary function is to enable the bucket to perform lifting, lowering, and tilting movements, thus facilitating various material [&hellip;]<\/p>","protected":false},"featured_media":14788,"comment_status":"open","ping_status":"closed","template":"","meta":{"_et_pb_use_builder":"","_et_pb_old_content":"","_et_gb_content_width":""},"product_brand":[],"product_cat":[1494],"product_tag":[1495,1496],"class_list":{"0":"post-15628","1":"product","2":"type-product","3":"status-publish","4":"has-post-thumbnail","6":"product_cat-bucket-cylinders","7":"product_tag-bucket-cylinders","8":"product_tag-hydraulic-cylinders","10":"first","11":"instock","12":"shipping-taxable","13":"product-type-simple"},"amp_enabled":true,"_links":{"self":[{"href":"https:\/\/www.hydraulic-cylinders.net\/nb\/wp-json\/wp\/v2\/product\/15628","targetHints":{"allow":["GET"]}}],"collection":[{"href":"https:\/\/www.hydraulic-cylinders.net\/nb\/wp-json\/wp\/v2\/product"}],"about":[{"href":"https:\/\/www.hydraulic-cylinders.net\/nb\/wp-json\/wp\/v2\/types\/product"}],"replies":[{"embeddable":true,"href":"https:\/\/www.hydraulic-cylinders.net\/nb\/wp-json\/wp\/v2\/comments?post=15628"}],"wp:featuredmedia":[{"embeddable":true,"href":"https:\/\/www.hydraulic-cylinders.net\/nb\/wp-json\/wp\/v2\/media\/14788"}],"wp:attachment":[{"href":"https:\/\/www.hydraulic-cylinders.net\/nb\/wp-json\/wp\/v2\/media?parent=15628"}],"wp:term":[{"taxonomy":"product_brand","embeddable":true,"href":"https:\/\/www.hydraulic-cylinders.net\/nb\/wp-json\/wp\/v2\/product_brand?post=15628"},{"taxonomy":"product_cat","embeddable":true,"href":"https:\/\/www.hydraulic-cylinders.net\/nb\/wp-json\/wp\/v2\/product_cat?post=15628"},{"taxonomy":"product_tag","embeddable":true,"href":"https:\/\/www.hydraulic-cylinders.net\/nb\/wp-json\/wp\/v2\/product_tag?post=15628"}],"curies":[{"name":"wp","href":"https:\/\/api.w.org\/{rel}","templated":true}]}}