{"id":15629,"date":"2025-01-19T14:46:15","date_gmt":"2025-01-19T14:46:15","guid":{"rendered":"https:\/\/www.hydraulic-cylinders.net\/product\/bucket-cylinder-for-liebherr-middle-excavator-r924\/"},"modified":"2025-01-19T14:46:17","modified_gmt":"2025-01-19T14:46:17","slug":"bucket-cylinder-for-liebherr-middle-excavator-r924","status":"publish","type":"product","link":"https:\/\/www.hydraulic-cylinders.net\/nb\/produkt\/bucket-cylinder-for-liebherr-middle-excavator-r924\/","title":{"rendered":"Skuffesylinder for Liebherr mellomgraver R924"},"content":{"rendered":"<h1>Skuffesylinder for Liebherr mellomgraver R924<\/h1>\n<h2>Introduksjon<\/h2>\n<p>Skuffesylinderen for Liebherr Middle Excavator R924 er en spesialisert hydraulisk sylinder designet for \u00e5 kontrollere bevegelsen til skuffer i tungt maskineri som gravemaskiner, traktorgravere og frontlastere. Hovedfunksjonen er \u00e5 l\u00f8fte, senke og vippe skuffen, noe som gj\u00f8r det enklere \u00e5 h\u00e5ndtere ulike materialh\u00e5ndteringsoppgaver. I det hydrauliske systemet oppn\u00e5r skuffesylinderen presis kontroll over skuffens bevegelse gjennom endringer i hydraulikkoljetrykket, slik at operat\u00f8rer effektivt kan h\u00e5ndtere tunge laster og tilpasse seg komplekse arbeidsmilj\u00f8er og ulike driftskrav.<\/p>\n<p><img decoding=\"async\" src=\"https:\/\/www.hydraulic-cylinders.net\/wp-content\/uploads\/2025\/01\/songte-company-2.webp\" alt=\"Bilde av b\u00f8ttesylinder\"><\/p>\n<h2>Funksjoner<\/h2>\n<ul>\n<li>H\u00f8y styrke og holdbarhet: Vanligvis laget av h\u00f8yfast st\u00e5l eller aluminium, t\u00e5ler den h\u00f8yt trykk og tunge belastninger, og tilpasser seg t\u00f8ffe arbeidsmilj\u00f8er. Designet tar hensyn til slitestyrke og korrosjonsmotstand, noe som forlenger levetiden.<\/li>\n<li>Effektiv hydraulisk drift: Jevn ekspansjon og sammentrekning oppn\u00e5s ved \u00e5 bruke hydraulisk oljetrykk, som gir kraftige skyve- og trekkekrefter og reagerer raskt p\u00e5 kommandoer, noe som gj\u00f8r den egnet for h\u00e5ndtering av tunge belastninger og komplekse arbeidsoppgaver.<\/li>\n<li>Ulike typer: Enkeltvirkende (hydraulisk brukt kun i \u00e9n retning) eller dobbeltvirkende (hydraulisk brukt i begge retninger) sylindere kan velges i henhold til driftsbehov. Noen modeller er teleskopiske, noe som gir st\u00f8rre forlengelse uten \u00e5 \u00f8ke de ytre m\u00e5lene, egnet for plassbegrensede applikasjoner.<\/li>\n<li>Direkte utskifting: Produktet v\u00e5rt kan erstatte disse hydrauliske sylindrene perfekt.<\/li>\n<\/ul>\n<p><img decoding=\"async\" src=\"https:\/\/www.hydraulic-cylinders.net\/wp-content\/uploads\/2025\/01\/songte-cylinder-head-with-all-kinds-excavator-models.webp\" alt=\"Bilde av utskifting av b\u00f8ttesylinder\"><\/p>\n<h2>Bruksomr\u00e5der<\/h2>\n<p>Skuffesylinderen til Liebherr mellomgraver R924 brukes ofte i f\u00f8lgende bruksomr\u00e5der:<\/p>\n<h3>Anleggsutstyr<\/h3>\n<p>I gravemaskiner er de viktige for graving, lasting og flytting av jord eller rusk. I gravemaskiner hjelper b\u00f8ttesylinderen med b\u00e5de graving og l\u00f8fting. For frontlastere hjelper de med \u00e5 l\u00f8fte og tilte gods effektivt.<\/p>\n<h3>Landbruksmaskiner<\/h3>\n<p>Brukes i frontlastere, og de graver, l\u00f8fter og transporterer jord, h\u00f8y og andre materialer. I gravemaskiner muliggj\u00f8r skuffesylinderen gravebevegelser ved \u00e5 la skuffen trenge ned i jorden.<\/p>\n<h3>Andre industrielle applikasjoner<\/h3>\n<p>Skuffesylindere er nyttige i alle bruksomr\u00e5der som krever flytting av tunge materialer. De brukes ofte i skogbruk, gruvedrift og avfallsh\u00e5ndtering.<\/p>\n<h2>Designhensyn og utvalgskriterier<\/h2>\n<p>Skuffesylinderen for Liebherr mellomgraver R924 er konstruert med f\u00f8lgende hensyn:<\/p>\n<h3>Lastekapasitet<\/h3>\n<p>Sylinderen m\u00e5 v\u00e6re i stand til \u00e5 h\u00e5ndtere lasten den er ment \u00e5 l\u00f8fte og flytte.<\/p>\n<h3>Tetting<\/h3>\n<p>Sylinderen m\u00e5 v\u00e6re godt tett for \u00e5 forhindre lekkasjer og sikre problemfri drift. Stempelpakninger, stangpakninger og andre pakninger m\u00e5 v\u00e6re laget av slitesterke materialer for \u00e5 sikre lang levetid.<\/p>\n<h3>Varighet<\/h3>\n<p>Sylinderen m\u00e5 v\u00e6re konstruert for \u00e5 t\u00e5le t\u00f8ffe driftsmilj\u00f8er og v\u00e6re motstandsdyktig mot slitasje og korrosjon.<\/p>\n<h3>Sikkerhet<\/h3>\n<p>B\u00f8ttesylindere m\u00e5 utformes med sikkerhet i tankene for \u00e5 forhindre ulykker eller skader. Sikkerhetsfunksjoner som trykkavlastningsventiler og grensebrytere kan innlemmes i designet for \u00e5 sikre sikker drift.<\/p>\n<h3>Vedlikeholdbarhet<\/h3>\n<p>Sylinderen m\u00e5 v\u00e6re konstruert slik at den er enkel \u00e5 vedlikeholde og reparere. Komponenter skal v\u00e6re lett tilgjengelige for inspeksjon og utskifting ved behov.<\/p>\n<p><img decoding=\"async\" src=\"https:\/\/www.hydraulic-cylinders.net\/wp-content\/uploads\/2025\/01\/songte-oil-pipes-and-spare-parts.webp\" alt=\"Bilde av reservedeler for b\u00f8ttesylinder\"><\/p>\n<h2>Tetting og sm\u00f8ring<\/h2>\n<p>Skuffesylinderen til Liebherr Middle Excavator R924 bruker en rekke tetningskomponenter som stempeltetninger, stangtetninger og slitasjeringer. Disse komponentene er laget av materialer som polyuretan og nitrilgummi for \u00e5 sikre slitestyrke og holdbarhet. Sylinderens hus og gjengede endeflater er fint bearbeidet for \u00e5 forbedre slitestyrken. Regelmessig vedlikehold av sylinderen krever tilsetning av passende mengder hydraulisk olje for \u00e5 sikre riktig sm\u00f8ring.<\/p>\n<h2>Vedlikehold og reparasjon<\/h2>\n<p>F\u00f8lgende vedlikeholdsoppgaver b\u00f8r utf\u00f8res regelmessig:<\/p>\n<ul>\n<li>Regelmessige inspeksjoner<\/li>\n<li>Riktig sm\u00f8ring<\/li>\n<li>Utskifting av pakning<\/li>\n<li>Kalibreringskontroller<\/li>\n<\/ul>\n<p>Riktig installasjon, sm\u00f8ring og justering er avgj\u00f8rende for \u00e5 sikre at skuffesylinderen for Liebherr Middle Excavator R924 holder lenge. Riktig justering av sylinderen er avgj\u00f8rende under installasjon, og passende monteringsbraketter b\u00f8r brukes til \u00e5 feste sylinderen. Inspeksjons-, reparasjons- og utskiftingsprosedyrer anbefales for \u00e5 forlenge sylinderens levetid.<\/p>\n<p><img decoding=\"async\" src=\"https:\/\/www.hydraulic-cylinders.net\/wp-content\/uploads\/2025\/01\/songte-chushion-collar.webp\" alt=\"Bilde av b\u00f8ttesylinderkrage\"><\/p>\n<h2>Sikkerhets- og milj\u00f8hensyn<\/h2>\n<p>Sikkerhetstiltak er avgj\u00f8rende ved bruk av b\u00f8ttesylindere til Liebherr mellomstor gravemaskin R924. Operat\u00f8rer m\u00e5 f\u00f8lge riktige sikkerhetsprosedyrer ved h\u00e5ndtering av tungt maskineri, inkludert bruk av verneutstyr og korrekte driftsprosedyrer. Milj\u00f8et m\u00e5 ogs\u00e5 vurderes ved bruk av b\u00f8ttesylindere. Riktig avfallsh\u00e5ndtering og milj\u00f8forskrifter m\u00e5 f\u00f8lges for \u00e5 sikre at milj\u00f8skader minimeres.<\/p>\n<h2>Feildiagnose og vanlige problemer<\/h2>\n<p>Skuffesylinderen til Liebherr mellomstor gravemaskin R924 kan oppleve en rekke problemer over tid. Vanlige problemer inkluderer lekkasjer, problemer med \u00e5 bevege skuffen og manglende respons p\u00e5 kontrollinnganger. Disse problemene kan diagnostiseres ved inspeksjon og testing av sylinderens komponenter. <\/p>\n<h2>Om oss<\/h2>\n<p>Vi er en ledende produsent og grossistdistribut\u00f8r av hydrauliske sylindere i det innenlandske og internasjonale markedet, og spesialiserer oss p\u00e5 produksjon av hydrauliske erstatningssylindere. Produktene v\u00e5re produseres med utmerket kvalitet og er basert p\u00e5 en industrialisert produksjonsstyringsstrategi i fint h\u00e5ndverkte verksteder. Selskapet v\u00e5rt forbedrer kontinuerlig produksjonsplattformen v\u00e5r i verkstedene, forbedrer produktkvaliteten i produksjonsprosessen og har en sterk kreativ evne. Selskapet v\u00e5rt er forpliktet til \u00e5 m\u00f8te kundenes ulike behov med prinsipper for h\u00f8y effektivitet, h\u00f8y presisjon og h\u00f8y kvalitet.<\/p>\n<p><img decoding=\"async\" src=\"https:\/\/hzpt.com\/wp-content\/uploads\/2024\/11\/songte-company-1.webp\" alt=\"Selskapets image\"><\/p>\n<h3>Profesjonalitet<\/h3>\n<p>V\u00e5rt firma har et team av fagfolk som er dedikert til \u00e5 tilby kundene v\u00e5re kvalitetsprodukter og -tjenester.<\/p>\n<h3>Internasjonal sertifisering<\/h3>\n<p>Produktene v\u00e5re har best\u00e5tt en rekke internasjonale sertifiseringer og oppfyller en rekke industristandarder.<\/p>\n<h3>Tilpasningstjenester<\/h3>\n<p>Vi kan tilby tilpassede tjenester i henhold til kundens krav.<\/p>\n<h3>Produksjonsutstyr<\/h3>\n<p>V\u00e5rt firma har avansert produksjonsutstyr for \u00e5 sikre produktkvalitet og produksjonseffektivitet.<\/p>\n<h3>Ettersalgsservice<\/h3>\n<p>Vi tilbyr ettersalgsservice for \u00e5 sikre kundenes tilfredshet.<\/p>\n<p><img decoding=\"async\" src=\"https:\/\/www.hydraulic-cylinders.net\/wp-content\/uploads\/2025\/01\/songte-company-3.webp\" alt=\"Selskapets image\"><\/p>\n<p>Forfatter: lyl<\/p>","protected":false},"excerpt":{"rendered":"<p>Bucket Cylinder For Liebherr Middle Excavator R924 Introduction The Bucket Cylinder for Liebherr Middle Excavator R924 is a specialized hydraulic cylinder designed to control the movement of buckets in heavy machinery such as excavators, backhoe excavators, and front-end loaders. Its main function is to lift, lower, and tilt the bucket, making it easier to handle [&hellip;]<\/p>","protected":false},"featured_media":14787,"comment_status":"open","ping_status":"closed","template":"","meta":{"_et_pb_use_builder":"","_et_pb_old_content":"","_et_gb_content_width":""},"product_brand":[],"product_cat":[1494],"product_tag":[1495,1496],"class_list":{"0":"post-15629","1":"product","2":"type-product","3":"status-publish","4":"has-post-thumbnail","6":"product_cat-bucket-cylinders","7":"product_tag-bucket-cylinders","8":"product_tag-hydraulic-cylinders","10":"first","11":"instock","12":"shipping-taxable","13":"product-type-simple"},"amp_enabled":true,"_links":{"self":[{"href":"https:\/\/www.hydraulic-cylinders.net\/nb\/wp-json\/wp\/v2\/product\/15629","targetHints":{"allow":["GET"]}}],"collection":[{"href":"https:\/\/www.hydraulic-cylinders.net\/nb\/wp-json\/wp\/v2\/product"}],"about":[{"href":"https:\/\/www.hydraulic-cylinders.net\/nb\/wp-json\/wp\/v2\/types\/product"}],"replies":[{"embeddable":true,"href":"https:\/\/www.hydraulic-cylinders.net\/nb\/wp-json\/wp\/v2\/comments?post=15629"}],"wp:featuredmedia":[{"embeddable":true,"href":"https:\/\/www.hydraulic-cylinders.net\/nb\/wp-json\/wp\/v2\/media\/14787"}],"wp:attachment":[{"href":"https:\/\/www.hydraulic-cylinders.net\/nb\/wp-json\/wp\/v2\/media?parent=15629"}],"wp:term":[{"taxonomy":"product_brand","embeddable":true,"href":"https:\/\/www.hydraulic-cylinders.net\/nb\/wp-json\/wp\/v2\/product_brand?post=15629"},{"taxonomy":"product_cat","embeddable":true,"href":"https:\/\/www.hydraulic-cylinders.net\/nb\/wp-json\/wp\/v2\/product_cat?post=15629"},{"taxonomy":"product_tag","embeddable":true,"href":"https:\/\/www.hydraulic-cylinders.net\/nb\/wp-json\/wp\/v2\/product_tag?post=15629"}],"curies":[{"name":"wp","href":"https:\/\/api.w.org\/{rel}","templated":true}]}}