{"id":1566,"date":"2023-10-07T01:33:19","date_gmt":"2023-10-07T01:33:19","guid":{"rendered":"https:\/\/hydraulic-cylinders.net\/?post_type=product&#038;p=1566"},"modified":"2025-04-11T03:28:33","modified_gmt":"2025-04-11T03:28:33","slug":"mobile-crane-suspension-cylinder","status":"publish","type":"product","link":"https:\/\/www.hydraulic-cylinders.net\/nb\/produkt\/mobile-crane-suspension-cylinder\/","title":{"rendered":"Mobilkrans fj\u00e6ringssylinder"},"content":{"rendered":"<h1 style=\"text-align: center;\"><strong>Mobilkrans fj\u00e6ringssylinder<\/strong><\/h1>\n<p><img loading=\"lazy\" decoding=\"async\" class=\"wp-image-1568 aligncenter\" src=\"https:\/\/hydraulic-cylinders.net\/wp-content\/uploads\/2023\/10\/suspension-cylinder-1-1-300x300.webp\" alt=\"\" width=\"400\" height=\"400\" \/><\/p>\n<p>Mobilkranens opphengssylinder er viktig i mobile kransystemer og er konstruert for \u00e5 optimalisere stabilitet og ytelse under l\u00f8fteoperasjoner. Denne hydrauliske sylinderen st\u00f8tter kranens opphengssystem og sikrer jevn og kontrollert bevegelse under transport av tunge laster.<\/p>\n<p>Mobilkranens opphengssylinder er en uunnv\u00e6rlig komponent for mobile kransystemer, og gir stabilitet, lastfordeling og h\u00f8ydejustering. Med sin robuste konstruksjon, presise hydrauliske kontroll, forbedrede opphengsegenskaper og enkle betjening, forbedrer denne hydrauliske sylinderen l\u00f8fteoperasjonenes generelle ytelse og sikkerhet betydelig. Ved \u00e5 f\u00f8lge riktige bruksmetoder og overholde anbefalte vedlikeholdspraksiser kan operat\u00f8rer maksimere levetiden og p\u00e5liteligheten til mobilkranens opphengssylinder, noe som sikrer sikker og effektiv l\u00f8fting i ulike bygge- og industrimilj\u00f8er. Velg denne viktige hydrauliske komponenten for \u00e5 \u00f8ke mobilkransystemets stabilitet, ytelse og allsidighet, slik at det blir mulig med vellykkede operasjoner og du kan oppn\u00e5 nye produktivitetsh\u00f8yder.<\/p>\n<p>Mobilkrans opphengssylinders viktigste egenskaper:<\/p>\n<ol>\n<li>Robust konstruksjon:<\/li>\n<\/ol>\n<ul>\n<li>Mobilkranens opphengssylinder er bygget med materialer av h\u00f8y kvalitet, noe som sikrer holdbarhet og p\u00e5litelighet under krevende arbeidsforhold.<\/li>\n<li>Den er konstruert for \u00e5 t\u00e5le tunge belastninger, st\u00f8t og vibrasjoner, og gir langvarig ytelse selv i utfordrende milj\u00f8er.<\/li>\n<\/ul>\n<ol start=\"2\">\n<li>Hydraulisk kontroll:<\/li>\n<\/ol>\n<ul>\n<li>Denne sylinderen bruker hydraulisk kraft til \u00e5 styre fj\u00e6ringssystemet til mobilkranen.<\/li>\n<li>Den hydrauliske styringen muliggj\u00f8r presise justeringer, noe som sikrer optimal stabilitet og lastfordeling under l\u00f8fteoperasjoner.<\/li>\n<\/ul>\n<ol start=\"3\">\n<li>Forbedret fj\u00e6ring:<\/li>\n<\/ol>\n<ul>\n<li>Kranens opphengssystem oppn\u00e5r forbedret stabilitet og b\u00e6reevne ved \u00e5 integrere mobilkranens opphengssylinder.<\/li>\n<li>Den absorberer effektivt st\u00f8t og vibrasjoner, minimerer p\u00e5virkningen p\u00e5 kranens konstruksjon og sikrer jevnere drift.<\/li>\n<\/ul>\n<ol start=\"4\">\n<li>H\u00f8ydejustering:<\/li>\n<\/ol>\n<ul>\n<li>Opphengssylinderen muliggj\u00f8r justering av kranens h\u00f8yde, slik at operat\u00f8rene kan tilpasse seg ulike forhold p\u00e5 arbeidsplassen.<\/li>\n<li>H\u00f8ydejustering \u00f8ker fleksibiliteten, slik at kranen kan arbeide effektivt i omr\u00e5der med begrenset klaring over hodet eller ujevnt terreng.<\/li>\n<\/ul>\n<h2><strong>Parameter for mobilkrans fj\u00e6ringssylinder:<\/strong><\/h2>\n<table border=\"1\" cellspacing=\"0\" cellpadding=\"0\">\n<tbody>\n<tr>\n<td>Produktnavn<\/td>\n<td>Mobilkrans fj\u00e6ringssylinder<\/td>\n<\/tr>\n<tr>\n<td>Funksjoner:<\/td>\n<td>Dempingssystem for kranchassis<\/td>\n<\/tr>\n<tr>\n<td>Borediameter:<\/td>\n<td>85 mm\uff5e180 mm<\/td>\n<\/tr>\n<tr>\n<td>Stangdiameter:<\/td>\n<td>50 mm \uff5e100 mm<br \/>\nSlaglengde \u2264300 mm<\/td>\n<\/tr>\n<tr>\n<td>Trykk:<\/td>\n<td>Maksimum 35 MPa<\/td>\n<\/tr>\n<tr>\n<td>Bruksomr\u00e5der for fj\u00e6ringssylinder:<\/td>\n<td>Mobilkran<\/td>\n<\/tr>\n<\/tbody>\n<\/table>\n<h2><strong>Identifikasjonsdiagram for mobilkran:<\/strong><\/h2>\n<p><img loading=\"lazy\" decoding=\"async\" class=\"alignnone wp-image-1551 size-full\" src=\"https:\/\/hydraulic-cylinders.net\/wp-content\/uploads\/2023\/09\/mobile-crane-cylinder-construction-1.webp\" alt=\"\" width=\"1418\" height=\"946\" srcset=\"https:\/\/hydraulic-cylinders.net\/wp-content\/uploads\/2023\/09\/mobile-crane-cylinder-construction-1.webp 1418w, https:\/\/hydraulic-cylinders.net\/wp-content\/uploads\/2023\/09\/mobile-crane-cylinder-construction-1-1280x854.webp 1280w, https:\/\/hydraulic-cylinders.net\/wp-content\/uploads\/2023\/09\/mobile-crane-cylinder-construction-1-980x654.webp 980w, https:\/\/hydraulic-cylinders.net\/wp-content\/uploads\/2023\/09\/mobile-crane-cylinder-construction-1-480x320.webp 480w\" sizes=\"(min-width: 0px) and (max-width: 480px) 480px, (min-width: 481px) and (max-width: 980px) 980px, (min-width: 981px) and (max-width: 1280px) 1280px, (min-width: 1281px) 1418px, 100vw\" \/><\/p>\n<h2><strong>Bruksmetode for mobilkrans fj\u00e6ringssylinder<\/strong><strong>:<\/strong><\/h2>\n<ol>\n<li><strong>Bli kjent med kontrollene:<\/strong><\/li>\n<\/ol>\n<ul>\n<li>F\u00f8r operasjonen m\u00e5 operat\u00f8rene gj\u00f8re seg kjent med kontrollene som er knyttet til mobilkranens opphengssylinder.<\/li>\n<li>Forst\u00e5 kontrollmekanismene og driftsprosedyrene som er spesifikke for kranmodellen.<\/li>\n<\/ul>\n<ol start=\"2\">\n<li><strong>Justering av fj\u00e6ring:<\/strong><\/li>\n<\/ol>\n<ul>\n<li>Aktiver de hydrauliske kontrollene for \u00e5 justere fj\u00e6ringssystemet i henhold til \u00f8nsket h\u00f8yde eller lastkrav.<\/li>\n<li>S\u00f8rg for at justeringen utf\u00f8res gradvis og jevnt for \u00e5 opprettholde stabilitet gjennom hele prosessen.<\/li>\n<\/ul>\n<ol start=\"3\">\n<li><strong>Lastfordeling:<\/strong><\/li>\n<\/ol>\n<ul>\n<li>Overv\u00e5k og vurder lastfordelingen p\u00e5 kranen under drift.<\/li>\n<li>Juster fj\u00e6ringssystemet etter behov for \u00e5 balansere lasten og opprettholde stabilitet.<\/li>\n<\/ul>\n<ol start=\"4\">\n<li><strong>Kj\u00f8ring i ujevnt terreng:<\/strong><\/li>\n<\/ol>\n<ul>\n<li>N\u00e5r du arbeider i ujevnt terreng, bruk fj\u00e6ringssylinderen til \u00e5 justere kranens fj\u00e6ring og opprettholde en jevn plattform.<\/li>\n<li>Dette sikrer at lasten forblir stabil og at kranen opererer sikkert og effektivt.<\/li>\n<\/ul>\n<h2><strong>Hvordan frigj\u00f8re trykket p\u00e5 det hydrauliske systemet?<\/strong><\/h2>\n<p>For \u00e5 frigj\u00f8re trykk fra et hydraulisk system p\u00e5 en sikker m\u00e5te, f\u00f8lg disse trinnene:<\/p>\n<ol>\n<li><strong>Sl\u00e5 av systemet:<\/strong>\n<ul>\n<li>Sl\u00e5 av alle str\u00f8mkilder eller motorer som er koblet til det hydrauliske systemet.<\/li>\n<li>Dette trinnet sikrer at det ikke genereres ytterligere trykk mens du slipper den eksisterende spenningen.<\/li>\n<\/ul>\n<\/li>\n<li><strong>Identifiser trykkutl\u00f8sningspunktene:<\/strong>\n<ul>\n<li>Finn trykkavlastningspunktene i det hydrauliske systemet.<\/li>\n<li>Vanlige trykkutl\u00f8sningspunkter inkluderer avlastningsventiler, trykkreguleringsventiler eller retningsventiler.<\/li>\n<\/ul>\n<\/li>\n<li><strong>Avlast trykket ved ventilen:<\/strong>\n<ul>\n<li>Hvis systemet ditt har en overtrykksventil, begynn med \u00e5 finne den.<\/li>\n<li>Drei overtrykksventilen sakte mot klokken for \u00e5 slippe ut trykket.<\/li>\n<li>Overv\u00e5k trykkm\u00e5leren, hvis tilgjengelig, for \u00e5 observere trykkfallet.<\/li>\n<\/ul>\n<\/li>\n<li><strong>Bruk kontrollene:<\/strong>\n<ul>\n<li>Hvis systemet ditt har retningsventiler, flytt dem til n\u00f8ytral posisjon.<\/li>\n<li>Denne handlingen lar v\u00e6sken str\u00f8mme fritt og avlaster trykket i systemet.<\/li>\n<\/ul>\n<\/li>\n<li><strong>Slipp ut akkumulatortrykk:<\/strong>\n<ul>\n<li>Hvis det hydrauliske systemet ditt har en akkumulator, kan den lagre trykk selv n\u00e5r systemet er sl\u00e5tt av.<\/li>\n<li>Se produsentens instruksjoner for \u00e5 utl\u00f8se trykket som er lagret i akkumulatoren p\u00e5 en sikker m\u00e5te.<\/li>\n<li>Vanligvis inneb\u00e6rer dette \u00e5 \u00e5pne en spesifikk ventil eller lufte akkumulatoren ut i atmosf\u00e6ren.<\/li>\n<\/ul>\n<\/li>\n<li><strong>Luft systemet:<\/strong>\n<ul>\n<li>Etter at trykket er sluppet ut ved de angitte trykkavlastningspunktene, er det viktig \u00e5 lufte systemet for \u00e5 sikre at det ikke er noe innestengt trykk.<\/li>\n<li>Begynn med \u00e5 \u00e5pne eventuelle lufteskruer eller ventiler som er plassert i det hydrauliske systemet.<\/li>\n<li>\u00c5pne dem sakte for \u00e5 slippe ut gjenv\u00e6rende trykk eller luft.<\/li>\n<li>V\u00e6r forsiktig og bruk passende personlig verneutstyr (PPE) for \u00e5 unng\u00e5 kontakt med hydraulisk v\u00e6ske.<\/li>\n<\/ul>\n<\/li>\n<li><strong>Bekreft trykkavlastning:<\/strong>\n<ul>\n<li>Dobbeltsjekk at trykket er helt utl\u00f8st fra det hydrauliske systemet.<\/li>\n<li>Bruk hvis tilgjengelig en trykkm\u00e5ler eller andre overv\u00e5kingsenheter for \u00e5 sikre at trykket er p\u00e5 eller n\u00e6r null.<\/li>\n<\/ul>\n<\/li>\n<\/ol>\n<h2><strong>Fabrikkens kapasitet og kapasitet:<\/strong><\/h2>\n<h3>(1) Montering<\/h3>\n<p>Vi har en f\u00f8rsteklasses uavhengig forsknings- og utviklingsplattform for montering. Verkstedet for produksjon av hydrauliske sylindere har fire halvautomatiske monteringslinjer for l\u00f8ftesylindere og \u00e9n automatisk monteringslinje for vippesylindere, med en \u00e5rlig produksjonskapasitet p\u00e5 1 million enheter. Spesialsylinderverkstedet er utstyrt med ulike spesifikasjoner for et halvautomatisk rengj\u00f8ringsmonteringssystem med en \u00e5rlig produksjonskapasitet p\u00e5 200 000 enheter, og er utstyrt med kjent CNC-maskineringsutstyr, et maskineringssenter, spesialutstyr for h\u00f8ypresisjons sylinderbehandling, en robotsveisemaskin, en automatisk rengj\u00f8ringsmaskin, en automatisk sylindermonteringsmaskin og en automatisk produksjonslinje for lakkering. Vi har mer enn 300 sett (sett) av kritisk utstyr. Optimal allokering og effektiv bruk av utstyrsressurser sikrer n\u00f8yaktighetskravene til produktene og oppfyller produktenes h\u00f8ye kvalitetsbehov.<\/p>\n<p><img loading=\"lazy\" decoding=\"async\" class=\"alignnone wp-image-626\" src=\"https:\/\/hydraulic-cylinders.net\/wp-content\/uploads\/2023\/08\/hydraulic-cylinder-product-1-300x158.webp\" alt=\"\" width=\"495\" height=\"260\" srcset=\"https:\/\/hydraulic-cylinders.net\/wp-content\/uploads\/2023\/08\/hydraulic-cylinder-product-1-300x158.webp 495w, https:\/\/hydraulic-cylinders.net\/wp-content\/uploads\/2023\/08\/hydraulic-cylinder-product-1-480x252.webp 480w\" sizes=\"(min-width: 0px) and (max-width: 480px) 480px, (min-width: 481px) 495px, 100vw\" \/> <img loading=\"lazy\" decoding=\"async\" class=\"alignnone wp-image-627\" src=\"https:\/\/hydraulic-cylinders.net\/wp-content\/uploads\/2023\/08\/hydraulic-cylinder-product-2-300x189.webp\" alt=\"\" width=\"413\" height=\"260\" \/><\/p>\n<h3>(2) Maskinering<\/h3>\n<p>Maskineringsverkstedet er utstyrt med et spesialtilpasset dreiesenter for skr\u00e5 skinner, maskineringssenter, h\u00f8yhastighets honemaskin, sveiserobot og annet relatert utstyr, som kan h\u00e5ndtere bearbeiding av sylinderr\u00f8r med en maksimal indre diameter p\u00e5 400 mm og en maksimal lengde p\u00e5 6 meter.<\/p>\n<p><img loading=\"lazy\" decoding=\"async\" class=\"alignnone wp-image-628 size-large\" src=\"https:\/\/hydraulic-cylinders.net\/wp-content\/uploads\/2023\/08\/hydraulic-cylinder-product-3-1024x391.webp\" alt=\"\" width=\"1024\" height=\"391\" srcset=\"https:\/\/hydraulic-cylinders.net\/wp-content\/uploads\/2023\/08\/hydraulic-cylinder-product-3-980x374.webp 980w, https:\/\/hydraulic-cylinders.net\/wp-content\/uploads\/2023\/08\/hydraulic-cylinder-product-3-480x183.webp 480w\" sizes=\"(min-width: 0px) and (max-width: 480px) 480px, (min-width: 481px) and (max-width: 980px) 980px, (min-width: 981px) 1024px, 100vw\" \/><\/p>\n<h3>(3) Sveising<\/h3>\n<p><img loading=\"lazy\" decoding=\"async\" class=\"alignnone wp-image-629 size-large\" src=\"https:\/\/hydraulic-cylinders.net\/wp-content\/uploads\/2023\/08\/hydraulic-cylinder-product-4-1024x510.webp\" alt=\"\" width=\"1024\" height=\"510\" srcset=\"https:\/\/hydraulic-cylinders.net\/wp-content\/uploads\/2023\/08\/hydraulic-cylinder-product-4-980x488.webp 980w, https:\/\/hydraulic-cylinders.net\/wp-content\/uploads\/2023\/08\/hydraulic-cylinder-product-4-480x239.webp 480w\" sizes=\"(min-width: 0px) and (max-width: 480px) 480px, (min-width: 481px) and (max-width: 980px) 980px, (min-width: 981px) 1024px, 100vw\" \/><\/p>\n<h3>(4) Maling og belegg<\/h3>\n<p>Med sm\u00e5 og mellomstore sylinderautomatiske vannbaserte malingsbeleggslinjer, for \u00e5 oppn\u00e5 automatisk robotlasting og -lossing og automatisk spr\u00f8yting, er den designede kapasiteten 4000 stykker per skift;<br \/>\nVi har ogs\u00e5 en halvautomatisk produksjonslinje for maling for store sylindere drevet av en kabelkjede, med en designkapasitet p\u00e5 60 kasser per skift.<\/p>\n<p><img loading=\"lazy\" decoding=\"async\" class=\"alignnone wp-image-630\" src=\"https:\/\/hydraulic-cylinders.net\/wp-content\/uploads\/2023\/08\/hydraulic-cylinder-product-5-300x213.webp\" alt=\"\" width=\"366\" height=\"260\" \/> <img loading=\"lazy\" decoding=\"async\" class=\"alignnone wp-image-631\" src=\"https:\/\/hydraulic-cylinders.net\/wp-content\/uploads\/2023\/08\/hydraulic-cylinder-product-6-300x225.webp\" alt=\"\" width=\"347\" height=\"260\" \/><\/p>\n<h3>(5) Testing<\/h3>\n<p>Vi har f\u00f8rsteklasses inspeksjonsfasiliteter og testbenker for \u00e5 sikre at sylinderens ytelse oppfyller kravene.<\/p>\n<p><img loading=\"lazy\" decoding=\"async\" class=\"alignnone wp-image-632\" src=\"https:\/\/hydraulic-cylinders.net\/wp-content\/uploads\/2023\/08\/hydraulic-cylinder-product-8-300x200.webp\" alt=\"\" width=\"389\" height=\"260\" \/><\/p>\n<p>&nbsp;<\/p>\n<p>&nbsp;<\/p>\n<p>Vi er en av de beste produsentene av hydrauliske sylindere. Vi kan tilby et omfattende utvalg av hydrauliske sylindere. Vi tilbyr ogs\u00e5 tilsvarende <a href=\"https:\/\/hzpt.com\/agricultural-pto-gearbox\/\" target=\"_blank\" rel=\"noopener\">landbruksgirkasser<\/a>Vi har eksportert produktene v\u00e5re til kunder over hele verden og opparbeidet oss et godt rykte p\u00e5 grunn av v\u00e5r overlegne produktkvalitet og ettersalgsservice. Vi \u00f8nsker kunder i inn- og utland velkommen til \u00e5 kontakte oss for \u00e5 forhandle om forretninger, utveksle informasjon og <a href=\"https:\/\/www.hydraulic-cylinders.net\/nb\/contact-us\/\">samarbeide med oss<\/a>!<\/p>","protected":false},"excerpt":{"rendered":"<p>Mobile Crane Suspension Cylinder The mobile crane suspension cylinder is vital in mobile crane systems and is designed to optimize stability and performance during lifting operations. This hydraulic cylinder supports the crane&#8217;s suspension system, ensuring smooth and controlled movement while carrying heavy loads. The mobile crane suspension cylinder is an indispensable component for mobile crane [&hellip;]<\/p>","protected":false},"featured_media":1569,"comment_status":"open","ping_status":"closed","template":"","meta":{"_et_pb_use_builder":"","_et_pb_old_content":"","_et_gb_content_width":""},"product_brand":[],"product_cat":[1550,1514],"product_tag":[1380],"class_list":{"0":"post-1566","1":"product","2":"type-product","3":"status-publish","4":"has-post-thumbnail","6":"product_cat-double-acting-hydraulic-cylinder","7":"product_cat-mobile-crane-hydraulic-cylinders","8":"product_tag-hydraulic-cylinder","10":"first","11":"instock","12":"shipping-taxable","13":"product-type-simple"},"amp_enabled":true,"_links":{"self":[{"href":"https:\/\/www.hydraulic-cylinders.net\/nb\/wp-json\/wp\/v2\/product\/1566","targetHints":{"allow":["GET"]}}],"collection":[{"href":"https:\/\/www.hydraulic-cylinders.net\/nb\/wp-json\/wp\/v2\/product"}],"about":[{"href":"https:\/\/www.hydraulic-cylinders.net\/nb\/wp-json\/wp\/v2\/types\/product"}],"replies":[{"embeddable":true,"href":"https:\/\/www.hydraulic-cylinders.net\/nb\/wp-json\/wp\/v2\/comments?post=1566"}],"wp:featuredmedia":[{"embeddable":true,"href":"https:\/\/www.hydraulic-cylinders.net\/nb\/wp-json\/wp\/v2\/media\/1569"}],"wp:attachment":[{"href":"https:\/\/www.hydraulic-cylinders.net\/nb\/wp-json\/wp\/v2\/media?parent=1566"}],"wp:term":[{"taxonomy":"product_brand","embeddable":true,"href":"https:\/\/www.hydraulic-cylinders.net\/nb\/wp-json\/wp\/v2\/product_brand?post=1566"},{"taxonomy":"product_cat","embeddable":true,"href":"https:\/\/www.hydraulic-cylinders.net\/nb\/wp-json\/wp\/v2\/product_cat?post=1566"},{"taxonomy":"product_tag","embeddable":true,"href":"https:\/\/www.hydraulic-cylinders.net\/nb\/wp-json\/wp\/v2\/product_tag?post=1566"}],"curies":[{"name":"wp","href":"https:\/\/api.w.org\/{rel}","templated":true}]}}