{"id":15663,"date":"2025-01-19T14:48:44","date_gmt":"2025-01-19T14:48:44","guid":{"rendered":"https:\/\/www.hydraulic-cylinders.net\/product\/bucket-cylinder-for-jonyang-small-excavator-jy615eld\/"},"modified":"2025-01-19T14:48:46","modified_gmt":"2025-01-19T14:48:46","slug":"bucket-cylinder-for-jonyang-small-excavator-jy615eld","status":"publish","type":"product","link":"https:\/\/www.hydraulic-cylinders.net\/nb\/produkt\/bucket-cylinder-for-jonyang-small-excavator-jy615eld\/","title":{"rendered":"B\u00f8ttesylinder for Jonyang liten gravemaskin JY615ELD"},"content":{"rendered":"<h1>B\u00f8ttesylinder for Jonyang liten gravemaskin JY615ELD<\/h1>\n<h2>Introduksjon<\/h2>\n<p>Skuffesylinderen er en spesialdesignet hydraulisk sylinder som brukes til \u00e5 kontrollere bevegelsen til skuffen i tunge maskiner som gravemaskiner, traktorgravere og frontlastere. Hovedfunksjonen er \u00e5 gj\u00f8re det mulig for skuffen \u00e5 l\u00f8fte, senke og vippe, noe som gj\u00f8r det enklere \u00e5 h\u00e5ndtere ulike materialh\u00e5ndteringsoppgaver. I det hydrauliske systemet bruker skuffesylinderen trykkendringen i hydraulikkoljen til \u00e5 kontrollere skuffens presise bevegelser, slik at operat\u00f8rer kan h\u00e5ndtere tunge laster effektivt og tilpasse seg komplekse arbeidsmilj\u00f8er og ulike driftskrav.<\/p>\n<p><img decoding=\"async\" src=\"https:\/\/www.hydraulic-cylinders.net\/wp-content\/uploads\/2025\/01\/songte-company-2.webp\" alt=\"B\u00f8ttesylinder for Jonyang liten gravemaskin JY615ELD\"><\/p>\n<h2>Funksjoner<\/h2>\n<ul>\n<li>H\u00f8y styrke og holdbarhet: Vanligvis laget av h\u00f8yfast st\u00e5l eller aluminium, t\u00e5ler den h\u00f8yt trykk og tunge belastninger, tilpasser seg t\u00f8ffe arbeidsmilj\u00f8er, og er designet med tanke p\u00e5 slitestyrke og korrosjonsmotstand for \u00e5 forlenge levetiden.<\/li>\n<li>Effektive hydrauliske operasjoner: Ved \u00e5 bruke trykket fra hydraulikkoljen til \u00e5 oppn\u00e5 jevne forlengelses- og tilbaketrekningsbevegelser, kan den reagere raskt p\u00e5 kontrollkommandoer, gi kraftige skyve- og trekkekrefter, og er egnet for h\u00e5ndtering av tunge belastninger og komplekse driftsoppgaver.<\/li>\n<li>Ulike typer: Enkeltvirkende (hydraulisk brukt i kun \u00e9n retning) eller dobbeltvirkende (hydraulisk brukt i begge retninger) sylindere kan velges i henhold til behov for \u00e5 oppfylle ulike driftskrav. Noen modeller er teleskopiske, noe som gir st\u00f8rre forlengelse uten \u00e5 \u00f8ke de ytre m\u00e5lene, egnet for applikasjoner med begrenset plass.<\/li>\n<li>Utskiftbare: Produktene v\u00e5re kan erstatte disse hydrauliske sylindrene perfekt.<\/li>\n<\/ul>\n<p><img decoding=\"async\" src=\"https:\/\/www.hydraulic-cylinders.net\/wp-content\/uploads\/2025\/01\/songte-cylinder-head-with-all-kinds-excavator-models.webp\" alt=\"B\u00f8ttesylinder for Jonyang liten gravemaskin JY615ELD\"><\/p>\n<h2>Bruksomr\u00e5der<\/h2>\n<ul>\n<li>Anleggsutstyr: I gravemaskiner er de viktige for graving, lasting og flytting av jord eller rusk. I gravemaskiner hjelper skuffesylinderen med graving og l\u00f8fting. <\/li>\n<li>Landbruksmaskiner: Brukes til frontlastere, for \u00e5 plukke opp, l\u00f8fte og transportere jord, h\u00f8y og andre materialer. <\/li>\n<li>Gravemaskiner: Skuffesylinderen muliggj\u00f8r gravefunksjon ved \u00e5 la skuffen trenge ned i jorden. <\/li>\n<li>Laster: Frontlastere hjelper til med \u00e5 l\u00f8fte og tilte varer effektivt. <\/li>\n<\/ul>\n<h2>Design- og utvalgskriterier<\/h2>\n<ul>\n<li>B\u00e6reevne: Det er ekstremt viktig \u00e5 ta hensyn til sylinderens b\u00e6reevne ved design. Dette vil sikre at sylinderen t\u00e5ler tunge belastninger uten \u00e5 svikte.<\/li>\n<li>Tetting: Ulike tetningskomponenter som stempeltetninger, stangtetninger osv. brukes i utformingen av hydrauliske sylindere for \u00e5 sikre riktig tetting. <\/li>\n<li>Holdbarhet: Hydrauliske sylindere m\u00e5 t\u00e5le t\u00f8ffe arbeidsmilj\u00f8er som ekstreme temperaturer, h\u00f8y luftfuktighet og eksponering for etsende stoffer. <\/li>\n<li>Sikkerhet: Den hydrauliske sylinderens design m\u00e5 ta hensyn til risikoene forbundet med bruken, som mulige lekkasjer og andre funksjonsfeil. <\/li>\n<li>Vedlikehold: Hydrauliske sylindere m\u00e5 v\u00e6re utformet for \u00e5 forenkle vedlikehold og sikre at de enkelt kan vedlikeholdes eller repareres.<\/li>\n<\/ul>\n<p><img decoding=\"async\" src=\"https:\/\/www.hydraulic-cylinders.net\/wp-content\/uploads\/2025\/01\/songte-oil-pipes-and-spare-parts.webp\" alt=\"B\u00f8ttesylinder for Jonyang liten gravemaskin JY615ELD\"><\/p>\n<h2>Tetting og sm\u00f8ring<\/h2>\n<p>Ulike tetningskomponenter, som stempeltetninger, stangtetninger osv., brukes i design av hydrauliske sylindere for \u00e5 sikre riktig tetting. Tetningene er laget av slitesterke materialer som polyuretan og nitrilgummi for \u00e5 sikre at de ikke slites lett. Riktig sm\u00f8ring er viktig for \u00e5 sikre riktig drift og forlenge levetiden til den hydrauliske sylinderen. Regelmessig p\u00e5fylling av passende mengder hydraulikkolje er n\u00f8dvendig.<\/p>\n<h2>Forebyggende vedlikehold og feils\u00f8king<\/h2>\n<p>F\u00f8lgende er noen forebyggende vedlikeholdstiltak som b\u00f8r iverksettes:<\/p>\n<ul>\n<li>Regelmessige inspeksjoner: Inspiser den hydrauliske sylinderen for lekkasje, skader og slitasje.<\/li>\n<li>Riktig sm\u00f8ring: Riktig sm\u00f8ring av sylinderen og dens komponenter er n\u00f8dvendig for optimal ytelse.<\/li>\n<li>Utskifting av tetninger: Tetningene b\u00f8r skiftes ut n\u00e5r de viser tegn p\u00e5 slitasje eller skade.<\/li>\n<\/ul>\n<p>Hvis den hydrauliske sylinderen svikter, m\u00e5 noen vanlige problemer kontrolleres, som for eksempel utilstrekkelig kraft, lekkasje og skade p\u00e5 sylinderveggene. For \u00e5 l\u00f8se disse problemene, se produsentens instruksjoner. For \u00e5 forhindre at disse problemene oppst\u00e5r, f\u00f8lg alltid riktige installasjons- og vedlikeholdsprosedyrer.<\/p>\n<p><img decoding=\"async\" src=\"https:\/\/www.hydraulic-cylinders.net\/wp-content\/uploads\/2025\/01\/songte-bushings-with-all-kinds-of-excavator-models.webp\" alt=\"B\u00f8ttesylinder for Jonyang liten gravemaskin JY615ELD\"><\/p>\n<h2>Om oss<\/h2>\n<p>Vi er en produsent av hydrauliske sylindere som spesialiserer seg p\u00e5 produksjon og distribusjon av et bredt spekter av hydrauliske sylindere for b\u00e5de innenlandske og internasjonale markeder. Vi f\u00f8lger prinsippene for utmerket kvalitet, er avhengige av industrialiseringen av produksjonsstrategier i v\u00e5re n\u00f8ye utformede verksteder, og forbedrer kontinuerlig v\u00e5re produksjonsplattformer i verkstedene, for \u00e5 perfeksjonere produksjonsruter med produktkvalitet. V\u00e5rt selskap har en sterk evne til \u00e5 skape et h\u00f8yeffektivt, h\u00f8ypresisjons- og h\u00f8ykvalitetsprinsipp for \u00e5 m\u00f8te et bredt spekter av kundebehov.<\/p>\n<p>V\u00e5rt firma tilbyr profesjonelle og internasjonalt sertifiserte kundetilpassede tjenester, avansert produksjonsutstyr og ettersalgstjenester.<\/p>\n<p><img decoding=\"async\" src=\"https:\/\/hzpt.com\/wp-content\/uploads\/2024\/11\/songte-company-1.webp\" alt=\"B\u00f8ttesylinder for Jonyang liten gravemaskin JY615ELD\"><\/p>\n<p>Forfatteren av denne artikkelen er Lyl.<\/p>","protected":false},"excerpt":{"rendered":"<p>Bucket Cylinder For Jonyang Small Excavator JY615ELD Introduction The bucket cylinder is a specially designed hydraulic cylinder used to control the movement of the bucket in heavy machinery such as excavators, backhoe loaders, and front-end loaders. Its main function is to enable the bucket to lift, lower, and tilt, making it easier to handle various [&hellip;]<\/p>","protected":false},"featured_media":14780,"comment_status":"open","ping_status":"closed","template":"","meta":{"_et_pb_use_builder":"","_et_pb_old_content":"","_et_gb_content_width":""},"product_brand":[],"product_cat":[1494],"product_tag":[1495,1496],"class_list":{"0":"post-15663","1":"product","2":"type-product","3":"status-publish","4":"has-post-thumbnail","6":"product_cat-bucket-cylinders","7":"product_tag-bucket-cylinders","8":"product_tag-hydraulic-cylinders","10":"first","11":"instock","12":"shipping-taxable","13":"product-type-simple"},"amp_enabled":true,"_links":{"self":[{"href":"https:\/\/www.hydraulic-cylinders.net\/nb\/wp-json\/wp\/v2\/product\/15663","targetHints":{"allow":["GET"]}}],"collection":[{"href":"https:\/\/www.hydraulic-cylinders.net\/nb\/wp-json\/wp\/v2\/product"}],"about":[{"href":"https:\/\/www.hydraulic-cylinders.net\/nb\/wp-json\/wp\/v2\/types\/product"}],"replies":[{"embeddable":true,"href":"https:\/\/www.hydraulic-cylinders.net\/nb\/wp-json\/wp\/v2\/comments?post=15663"}],"wp:featuredmedia":[{"embeddable":true,"href":"https:\/\/www.hydraulic-cylinders.net\/nb\/wp-json\/wp\/v2\/media\/14780"}],"wp:attachment":[{"href":"https:\/\/www.hydraulic-cylinders.net\/nb\/wp-json\/wp\/v2\/media?parent=15663"}],"wp:term":[{"taxonomy":"product_brand","embeddable":true,"href":"https:\/\/www.hydraulic-cylinders.net\/nb\/wp-json\/wp\/v2\/product_brand?post=15663"},{"taxonomy":"product_cat","embeddable":true,"href":"https:\/\/www.hydraulic-cylinders.net\/nb\/wp-json\/wp\/v2\/product_cat?post=15663"},{"taxonomy":"product_tag","embeddable":true,"href":"https:\/\/www.hydraulic-cylinders.net\/nb\/wp-json\/wp\/v2\/product_tag?post=15663"}],"curies":[{"name":"wp","href":"https:\/\/api.w.org\/{rel}","templated":true}]}}