{"id":15669,"date":"2025-01-19T14:49:15","date_gmt":"2025-01-19T14:49:15","guid":{"rendered":"https:\/\/www.hydraulic-cylinders.net\/product\/bucket-cylinder-for-jcm-small-excavator-913d\/"},"modified":"2025-01-19T14:49:17","modified_gmt":"2025-01-19T14:49:17","slug":"bucket-cylinder-for-jcm-small-excavator-913d","status":"publish","type":"product","link":"https:\/\/www.hydraulic-cylinders.net\/nb\/produkt\/bucket-cylinder-for-jcm-small-excavator-913d\/","title":{"rendered":"Skuffesylinder for JCM liten gravemaskin 913D"},"content":{"rendered":"<h1>Skuffesylinder for JCM liten gravemaskin 913D<\/h1>\n<h2>Introduksjon<\/h2>\n<p>Skuffesylinderen til JCM liten gravemaskin 913D er en spesialisert hydraulisk sylinder designet for \u00e5 kontrollere bevegelsen til skuffen i tunge maskiner som gravemaskiner, traktorgravere og frontlastere. Hovedfunksjonen er \u00e5 la skuffen l\u00f8fte, senke og vippe, noe som gj\u00f8r det enklere \u00e5 h\u00e5ndtere ulike materialh\u00e5ndteringsoppgaver. I det hydrauliske systemet bruker skuffesylinderen endringer i hydraulikkoljetrykket for \u00e5 oppn\u00e5 presis kontroll over skuffen, slik at operat\u00f8rer effektivt kan h\u00e5ndtere tunge laster og tilpasse seg komplekse arbeidsmilj\u00f8er og ulike jobbkrav.<\/p>\n<p><img src='https:\/\/www.hydraulic-cylinders.net\/wp-content\/uploads\/2025\/01\/songte-company-2.webp'><\/p>\n<h2>Funksjoner<\/h2>\n<ul>\n<li>H\u00f8y styrke og holdbarhet: Vanligvis laget av h\u00f8yfast st\u00e5l eller aluminium, t\u00e5ler h\u00f8yt trykk og tunge belastninger, egnet for t\u00f8ffe arbeidsmilj\u00f8er, designet med hensyn til slitestyrke og korrosjonsbestandighet for \u00e5 forlenge levetiden.<\/li>\n<li>Effektiv hydraulisk drift: Bruker hydraulisk oljetrykk for \u00e5 oppn\u00e5 jevn forlengelse og tilbaketrekking, reagerer raskt p\u00e5 kontrollkommandoer og gir kraftig skyve- og trekkekraft, egnet for h\u00e5ndtering av tunge belastninger og komplekse arbeidsoppgaver.<\/li>\n<li>Ulike typer: Enkeltvirkende (hydraulisk brukt kun i \u00e9n retning) eller dobbeltvirkende (hydraulisk brukt i to retninger) sylindere kan velges etter behov for \u00e5 oppfylle ulike driftskrav. Noen modeller er teleskopiske, noe som gir st\u00f8rre forlengelse uten \u00e5 \u00f8ke de ytre m\u00e5lene, egnet for applikasjoner med begrenset plass.<\/li>\n<li>Utskiftbare: Produktene v\u00e5re kan erstatte disse hydrauliske sylindrene perfekt.<\/li>\n<\/ul>\n<p><img src='https:\/\/www.hydraulic-cylinders.net\/wp-content\/uploads\/2025\/01\/songte-cylinder-head-with-all-kinds-excavator-models.webp'><\/p>\n<h2>Bruksomr\u00e5der<\/h2>\n<p>Skuffesylinderen til JCM liten gravemaskin 913D kan brukes i ulike scenarier, inkludert:<\/p>\n<h3>Anleggsutstyr<\/h3>\n<ul>\n<li>Gravemaskiner: Skuffesylindere muliggj\u00f8r gravefunksjon ved \u00e5 la skuffen trenge ned i jorden.<\/li>\n<li>Gravemaskiner: Skuffesylindere hjelper til med b\u00e5de graving og l\u00f8fting.<\/li>\n<li>Frontlastere: I frontlastere hjelper de med \u00e5 l\u00f8fte og dumpe last effektivt.<\/li>\n<\/ul>\n<h3>Landbruksmaskiner<\/h3>\n<ul>\n<li>Frontlastere: Brukes til lasting, l\u00f8fting og transport av jord, h\u00f8y og andre materialer.<\/li>\n<\/ul>\n<p>Hver applikasjon kan utvides ytterligere i detalj.<\/p>\n<h2>Designhensyn og utvalgskriterier<\/h2>\n<ul>\n<li>B\u00e6reevne: Sylinderen m\u00e5 v\u00e6re konstruert for \u00e5 t\u00e5le maksimal belastning.<\/li>\n<li>Tetting: Ulike tetninger som stempeltetninger og stangtetninger b\u00f8r v\u00e6re laget av slitesterke materialer som polyuretan og nitrilgummi.<\/li>\n<li>Holdbarhet: Sylinderen b\u00f8r v\u00e6re konstruert med korrosjonsbestandige materialer og overflatebehandlinger for \u00e5 forlenge levetiden.<\/li>\n<li>Sikkerhet: Sylinderen b\u00f8r v\u00e6re konstruert med riktige sikkerhetsmekanismer for \u00e5 sikre sikker drift.<\/li>\n<li>Vedlikeholdsvennlighet: Sylinderen b\u00f8r utformes med tanke p\u00e5 enkelt vedlikehold, inkludert inspeksjon og utskifting av deler.<\/li>\n<\/ul>\n<p><img src='https:\/\/www.hydraulic-cylinders.net\/wp-content\/uploads\/2025\/01\/songte-oil-pipes-and-spare-parts.webp'><\/p>\n<h2>Tetting og sm\u00f8ring<\/h2>\n<p>Skuffesylinderen til JCM liten gravemaskin 913D bruker forskjellige tetninger som stempeltetninger og stangtetninger, som b\u00f8r v\u00e6re laget av slitesterke materialer som polyuretan og nitrilgummi. Sylinderhuset og gjengede endeflater er fint behandlet for \u00e5 forbedre slitestyrken. Riktig sm\u00f8ring b\u00f8r s\u00f8rges for regelmessig tilsetning av en passende mengde hydraulisk olje for \u00e5 sikre jevn drift.<\/p>\n<h2>Regelmessig inspeksjon og forebyggende vedlikeholdstiltak<\/h2>\n<p>Regelmessig inspeksjon og forebyggende vedlikeholdstiltak er avgj\u00f8rende for \u00e5 sikre problemfri drift og lang levetid for b\u00f8ttesylinderen til JCM liten gravemaskin 913D. F\u00f8lgende er noen av de vanlige vedlikeholdsoppgavene:<\/p>\n<ul>\n<li>Regelmessig inspeksjon: Utf\u00f8r regelmessige inspeksjoner for \u00e5 oppdage problemer i tide.<\/li>\n<li>Riktig sm\u00f8ring: Sm\u00f8r sylinderen som anbefalt av produsenten for \u00e5 sikre problemfri drift.<\/li>\n<li>Utskifting av tetninger: Skift tetninger etter behov for \u00e5 forhindre lekkasjer og sikre korrekt drift.<\/li>\n<li>Kalibreringssjekk: Utf\u00f8r kalibreringssjekker for \u00e5 sikre riktig plassering og drift.<\/li>\n<\/ul>\n<p>Det er viktig \u00e5 gi riktig veiledning om justering av sylinderen under installasjon, og anbefale bruk av passende installasjonsbraketter for \u00e5 feste sylinderen. Vi anbefaler ogs\u00e5 \u00e5 bruke v\u00e5re anbefalte inspeksjons-, reparasjons- og utskiftingsprosedyrer, samt \u00e5 tilby ombyggingstjenester for \u00e5 \u00f8ke levetiden til skuffesylinderen for JCM liten gravemaskin 913D.<\/p>\n<p><img src='https:\/\/www.hydraulic-cylinders.net\/wp-content\/uploads\/2025\/01\/songte-chushion-collar.webp'><\/p>\n<h2>Sikkerhetshensyn og milj\u00f8faktorer<\/h2>\n<p>Sikkerhetstiltak er viktige ved bruk av hydrauliske sylindere. Installasjon og drift skal utf\u00f8res i strengt samsvar med produsentens instruksjoner. Riktig verneutstyr skal brukes for \u00e5 forhindre skader. Milj\u00f8faktorer b\u00f8r ogs\u00e5 vurderes, og riktig avhending av hydraulisk olje og annet avfallsprodukt b\u00f8r sikres for \u00e5 beskytte milj\u00f8et.<\/p>\n<h2>Feils\u00f8king og vanlige problemer<\/h2>\n<p>Noen vanlige problemer som kan oppst\u00e5 ved bruk av b\u00f8ttesylinderen til JCM liten gravemaskin 913D inkluderer lekkasjer, utilstrekkelig eller overdreven kraft, og manglende ut- eller inntrekking. Riktig feils\u00f8king og vedlikeholdstiltak b\u00f8r iverksettes for \u00e5 l\u00f8se disse problemene og forhindre potensielle problemer.<\/p>\n<p><img src='https:\/\/www.hydraulic-cylinders.net\/wp-content\/uploads\/2025\/01\/songte-bushings-with-all-kinds-of-excavator-models.webp'><\/p>\n<h2>Om selskapet v\u00e5rt<\/h2>\n<p>Vi er en produsent som spesialiserer seg p\u00e5 produksjon av hydrauliske sylindere. V\u00e5rt firma har et komplett produktsortiment og har blitt en av de ledende produsentene og grossistene av hydrauliske sylindere i innenlandske og utenlandske markeder. Vi f\u00f8lger prinsippet om utmerket kvalitet og stoler p\u00e5 industrialiserte produksjonsstyringsstrategier i fint produserte verksteder. Vi forbedrer kontinuerlig v\u00e5r produksjonsplattform, perfeksjonerer produktkvaliteten og har sterk kreativ evne. H\u00f8y effektivitet, h\u00f8y presisjon og h\u00f8y kvalitet er v\u00e5re prinsipper, og vi tar sikte p\u00e5 \u00e5 m\u00f8te de ulike behovene til v\u00e5re kunder.<\/p>\n<p>V\u00e5rt firma har mange fordeler, inkludert:<\/p>\n<ul>\n<li>Profesjonalitet: Teamet v\u00e5rt best\u00e5r av erfarne ingeni\u00f8rer, fagarbeidere og profesjonelt salgspersonell.<\/li>\n<li>Internasjonal sertifisering: Produktene v\u00e5re har best\u00e5tt en rekke internasjonale sertifiseringer, inkludert ISO9001, CE og SGS.<\/li>\n<li>Tilpasningstjenester: Vi tilbyr tilpassede tjenester for \u00e5 m\u00f8te de spesifikke behovene til ulike kunder.<\/li>\n<li>Produksjonsutstyr: Vi bruker avansert produksjonsutstyr for \u00e5 sikre kvaliteten p\u00e5 produktene v\u00e5re.<\/li>\n<li>Ettersalgsservice: Vi tilbyr omfattende ettersalgsservice for \u00e5 sikre kundetilfredshet.<\/li>\n<\/ul>\n<p><img src='https:\/\/hzpt.com\/wp-content\/uploads\/2024\/11\/songte-company-1.webp'><\/p>\n<h3>Forfatter: lyl.<\/h3>","protected":false},"excerpt":{"rendered":"<p>Bucket Cylinder For JCM Small Excavator 913D Introduction The bucket cylinder for JCM small excavator 913D is a specialized hydraulic cylinder designed for controlling the movement of the bucket in heavy machinery such as excavators, backhoe loaders, and front-end loaders. Its main function is to allow the bucket to lift, lower, and tilt, making it [&hellip;]<\/p>","protected":false},"featured_media":14765,"comment_status":"open","ping_status":"closed","template":"","meta":{"_et_pb_use_builder":"","_et_pb_old_content":"","_et_gb_content_width":""},"product_brand":[],"product_cat":[1494],"product_tag":[1495,1496],"class_list":{"0":"post-15669","1":"product","2":"type-product","3":"status-publish","4":"has-post-thumbnail","6":"product_cat-bucket-cylinders","7":"product_tag-bucket-cylinders","8":"product_tag-hydraulic-cylinders","10":"first","11":"instock","12":"shipping-taxable","13":"product-type-simple"},"amp_enabled":true,"_links":{"self":[{"href":"https:\/\/www.hydraulic-cylinders.net\/nb\/wp-json\/wp\/v2\/product\/15669","targetHints":{"allow":["GET"]}}],"collection":[{"href":"https:\/\/www.hydraulic-cylinders.net\/nb\/wp-json\/wp\/v2\/product"}],"about":[{"href":"https:\/\/www.hydraulic-cylinders.net\/nb\/wp-json\/wp\/v2\/types\/product"}],"replies":[{"embeddable":true,"href":"https:\/\/www.hydraulic-cylinders.net\/nb\/wp-json\/wp\/v2\/comments?post=15669"}],"wp:featuredmedia":[{"embeddable":true,"href":"https:\/\/www.hydraulic-cylinders.net\/nb\/wp-json\/wp\/v2\/media\/14765"}],"wp:attachment":[{"href":"https:\/\/www.hydraulic-cylinders.net\/nb\/wp-json\/wp\/v2\/media?parent=15669"}],"wp:term":[{"taxonomy":"product_brand","embeddable":true,"href":"https:\/\/www.hydraulic-cylinders.net\/nb\/wp-json\/wp\/v2\/product_brand?post=15669"},{"taxonomy":"product_cat","embeddable":true,"href":"https:\/\/www.hydraulic-cylinders.net\/nb\/wp-json\/wp\/v2\/product_cat?post=15669"},{"taxonomy":"product_tag","embeddable":true,"href":"https:\/\/www.hydraulic-cylinders.net\/nb\/wp-json\/wp\/v2\/product_tag?post=15669"}],"curies":[{"name":"wp","href":"https:\/\/api.w.org\/{rel}","templated":true}]}}