{"id":15676,"date":"2025-01-19T14:49:43","date_gmt":"2025-01-19T14:49:43","guid":{"rendered":"https:\/\/www.hydraulic-cylinders.net\/product\/bucket-cylinder-for-jcm-large-excavator-mc3861c-8\/"},"modified":"2025-01-19T14:49:45","modified_gmt":"2025-01-19T14:49:45","slug":"bucket-cylinder-for-jcm-large-excavator-mc3861c-8","status":"publish","type":"product","link":"https:\/\/www.hydraulic-cylinders.net\/nb\/produkt\/bucket-cylinder-for-jcm-large-excavator-mc3861c-8\/","title":{"rendered":"Skuffesylinder for JCM stor gravemaskin MC3861C-8"},"content":{"rendered":"<h2>Skuffesylinder for JCM stor gravemaskin MC3861C-8<\/h2>\n<p>Introduksjon:<\/p>\n<p>Skuffesylinderen er en spesialdesignet hydraulisk sylinder som brukes til \u00e5 kontrollere bevegelsen til skuffen i tunge maskiner som gravemaskiner, traktorgravere og frontlastere. Hovedfunksjonen er \u00e5 muliggj\u00f8re l\u00f8fting, senking og tilting av skuffen, noe som gj\u00f8r det enklere \u00e5 h\u00e5ndtere ulike materialh\u00e5ndteringsoppgaver. I det hydrauliske systemet oppn\u00e5r skuffesylinderen presis kontroll over skuffen ved \u00e5 variere trykket i hydraulikkoljen, slik at operat\u00f8rer effektivt kan h\u00e5ndtere tunge laster og tilpasse seg komplekse arbeidsmilj\u00f8er og ulike driftsbehov.<\/p>\n<p><img decoding=\"async\" src=\"https:\/\/www.hydraulic-cylinders.net\/wp-content\/uploads\/2025\/01\/songte-company-2.webp\" alt=\"Bilde av b\u00f8ttesylinder\"><\/p>\n<h3>Funksjoner:<\/h3>\n<ol>\n<li>H\u00f8y styrke og holdbarhet: B\u00f8ttesylinderen er vanligvis laget av h\u00f8yfast st\u00e5l eller aluminium, og t\u00e5ler h\u00f8yt trykk og tunge belastninger, og tilpasser seg t\u00f8ffe arbeidsmilj\u00f8er. Designet tar hensyn til slitestyrke og korrosjonsmotstand, noe som forlenger levetiden.<\/li>\n<li>Effektiv hydraulisk drift: Ved \u00e5 utnytte trykket fra hydraulikkoljen oppn\u00e5r b\u00f8ttesylinderen jevne forlengelses- og sammentrekningsbevegelser, gir rask respons p\u00e5 kontrollkommandoer og leverer kraftige skyve- og trekkkrefter, noe som gj\u00f8r den egnet for h\u00e5ndtering av tunge lass og komplekse driftsoppgaver.<\/li>\n<li>Ulike typer: Skuffesylinderen kan velges som enkeltvirkende (hydraulisk brukes kun i \u00e9n retning) eller dobbeltvirkende (hydraulisk brukes i begge retninger) sylindere i henhold til driftsbehov. Noen modeller er teleskopiske, noe som gir st\u00f8rre forlengelse uten \u00e5 \u00f8ke de ytre m\u00e5lene, noe som gj\u00f8r dem egnet for applikasjoner med begrenset plass.<\/li>\n<li>Perfekt erstatning: Produktene v\u00e5re kan erstatte disse hydrauliske sylindrene perfekt.<\/li>\n<\/ol>\n<p><img decoding=\"async\" src=\"https:\/\/www.hydraulic-cylinders.net\/wp-content\/uploads\/2025\/01\/songte-cylinder-head-with-all-kinds-excavator-models.webp\" alt=\"Produktbilde\"><\/p>\n<h3>Bruksomr\u00e5der:<\/h3>\n<p>Skuffesylindere finnes i diverse anleggs- og landbruksutstyr:<\/p>\n<ul>\n<li>Anleggsutstyr: I gravemaskiner er de viktige for graving, lasting og flytting av jord eller rusk. I gravemaskiner hjelper skuffesylinderen til med b\u00e5de graving og l\u00f8fting.<\/li>\n<li>Landbruksmaskiner: Brukes i frontlastere til \u00e5 utarbeide, l\u00f8fte og transportere jord, h\u00f8y og andre materialer.<\/li>\n<li>Gravemaskiner: Skuffesylinderen muliggj\u00f8r graveaksjoner ved \u00e5 la skuffen trenge ned i jorden.<\/li>\n<li>Frontlastere: Frontlastere hjelper til med \u00e5 l\u00f8fte og vippe varer effektivt.<\/li>\n<\/ul>\n<h3>Designhensyn og utvalgskriterier:<\/h3>\n<p>Designhensynene for b\u00f8ttesylindere inkluderer b\u00e6reevne, tetting, holdbarhet, sikkerhet og vedlikeholdbarhet.<\/p>\n<p><img decoding=\"async\" src=\"https:\/\/www.hydraulic-cylinders.net\/wp-content\/uploads\/2025\/01\/songte-oil-pipes-and-spare-parts.webp\" alt=\"Designhensyn Bilde\"><\/p>\n<h3>Tetting og sm\u00f8ring:<\/h3>\n<p>B\u00f8ttesylindere bruker forskjellige tetningselementer, som stempeltetninger og stangtetninger, laget av slitesterke materialer som polyuretan og nitrilgummi. Sylinderhuset og gjengede endeflater gjennomg\u00e5r presisjonsbearbeiding for \u00e5 forbedre slitestyrken. Regelmessig sm\u00f8ring med passende hydraulikkolje er n\u00f8dvendig.<\/p>\n<h3>Inspeksjon og forebyggende vedlikehold:<\/h3>\n<p>Regelmessige inspeksjoner og forebyggende vedlikehold er avgj\u00f8rende for \u00e5 sikre optimal ytelse og levetid for b\u00f8ttesylindere:<\/p>\n<ul>\n<li>Sjekk regelmessig for lekkasjer, unormale lyder og tegn p\u00e5 slitasje eller skade.<\/li>\n<li>S\u00f8rg for riktig sm\u00f8ring av alle bevegelige deler.<\/li>\n<li>Skift ut tetninger og pakninger regelmessig for \u00e5 opprettholde tetningens integritet.<\/li>\n<li>Utf\u00f8r kalibreringskontroller for \u00e5 sikre n\u00f8yaktig drift.<\/li>\n<\/ul>\n<p><img decoding=\"async\" src=\"https:\/\/www.hydraulic-cylinders.net\/wp-content\/uploads\/2025\/01\/songte-chushion-collar.webp\" alt=\"Vedlikeholdsbilde\"><\/p>\n<h3>Sikkerhetshensyn og milj\u00f8faktorer:<\/h3>\n<p>Det er av st\u00f8rste betydning \u00e5 s\u00f8rge for at sikkerhetstiltak er p\u00e5 plass ved bruk av b\u00f8ttesylindere. Det er viktig \u00e5 f\u00f8lge riktige installasjons- og driftsprosedyrer for \u00e5 forhindre ulykker og sikre personell og utstyrs sikkerhet. Milj\u00f8faktorer, som temperatur og fuktighet, b\u00f8r ogs\u00e5 tas i betraktning for \u00e5 opprettholde optimal ytelse.<\/p>\n<h3>Feils\u00f8king og vanlige problemer:<\/h3>\n<p>Her er noen vanlige problemer som kan oppst\u00e5 med b\u00f8ttesylindere:<\/p>\n<ul>\n<li>Lekkasje: Sjekk for skadede tetninger eller koblinger, og skift dem ut om n\u00f8dvendig.<\/li>\n<li>Treg drift: Inspiser det hydrauliske systemet for blokkeringer eller lave v\u00e6skeniv\u00e5er, og h\u00e5ndter problemet deretter.<\/li>\n<li>Overdreven vibrasjon: Kontroller montering og justering av b\u00f8ttesylinderen, og s\u00f8rg for riktig installasjon og justering.<\/li>\n<\/ul>\n<p><img decoding=\"async\" src=\"https:\/\/www.hydraulic-cylinders.net\/wp-content\/uploads\/2025\/01\/songte-bushings-with-all-kinds-of-excavator-models.webp\" alt=\"Feils\u00f8kingsbilde\"><\/p>\n<p>Regelmessige vedlikeholdsoppgaver, som inspeksjoner, riktig sm\u00f8ring, utskifting av pakninger og kalibreringskontroller, er avgj\u00f8rende for at b\u00f8ttesylindere skal ha lang levetid og fungere p\u00e5litelig. Korrekt installasjon, sm\u00f8ring og justering er avgj\u00f8rende, og det b\u00f8r gis riktig veiledning om justering under installasjonsprosessen. Det anbefales \u00e5 bruke passende monteringsbraketter for \u00e5 feste sylinderen. Anbefalte inspeksjons-, reparasjons- og utskiftingsprosedyrer, samt tips for \u00e5 \u00f8ke b\u00f8ttesylinderens levetid, b\u00f8r f\u00f8lges.<\/p>\n<p>Husk \u00e5 organisere artikkelen logisk, bruke underoverskrifter for enkel navigering, innlemme relevante bilder eller diagrammer for \u00e5 forbedre forst\u00e5elsen, og s\u00f8rge for at innholdet er klart, konsist og egnet for lesere med ulike niv\u00e5er av teknisk kunnskap.<\/p>\n<p><img decoding=\"async\" src=\"https:\/\/hzpt.com\/wp-content\/uploads\/2024\/11\/songte-company-1.webp\" alt=\"Selskapets image\"><\/p>\n<h2>Om selskapet v\u00e5rt<\/h2>\n<p>Vi er en produsent av hydrauliske sylindere for utskifting, og tilbyr et bredt spekter av produkter. Vi har blitt en av de ledende produsentene og grossistdistribut\u00f8rene av hydrauliske sylindere i b\u00e5de innenlandske og internasjonale markeder. Vi f\u00f8lger prinsippene om kvalitet og bruker strategier for industriell produksjonsstyring i finjusterte produksjonsverksteder. V\u00e5rt selskap forbedrer kontinuerlig sin produksjonsplattform, produktkvalitet og produksjonsruter, og vi har sterke kreative evner. Vi streber etter \u00e5 m\u00f8te ulike kundebehov med h\u00f8y effektivitet, presisjon og kvalitet.<\/p>\n<p><img decoding=\"async\" src=\"https:\/\/www.hydraulic-cylinders.net\/wp-content\/uploads\/2025\/01\/songte-company-3.webp\" alt=\"Selskapets image\"><\/p>\n<h3>V\u00e5rt firma er kjent for:<\/h3>\n<ul>\n<li>Professionalitet og ekspertise.<\/li>\n<li>Internasjonale sertifiseringer.<\/li>\n<li>Tilpasningstjenester.<\/li>\n<li>Premium produksjonsutstyr.<\/li>\n<li>Ettersalgstjenester.<\/li>\n<\/ul>\n<p>Forfatter: lyl<\/p>","protected":false},"excerpt":{"rendered":"<p>Bucket Cylinder For JCM Large Excavator MC3861C-8 Introduction: The bucket cylinder is a specially designed hydraulic cylinder used to control the movement of the bucket in heavy machinery such as excavators, backhoe loaders, and front loaders. Its main function is to enable the lifting, lowering, and tilting of the bucket, making it easier to handle [&hellip;]<\/p>","protected":false},"featured_media":14784,"comment_status":"open","ping_status":"closed","template":"","meta":{"_et_pb_use_builder":"","_et_pb_old_content":"","_et_gb_content_width":""},"product_brand":[],"product_cat":[1494],"product_tag":[1495,1496],"class_list":{"0":"post-15676","1":"product","2":"type-product","3":"status-publish","4":"has-post-thumbnail","6":"product_cat-bucket-cylinders","7":"product_tag-bucket-cylinders","8":"product_tag-hydraulic-cylinders","10":"first","11":"instock","12":"shipping-taxable","13":"product-type-simple"},"amp_enabled":true,"_links":{"self":[{"href":"https:\/\/www.hydraulic-cylinders.net\/nb\/wp-json\/wp\/v2\/product\/15676","targetHints":{"allow":["GET"]}}],"collection":[{"href":"https:\/\/www.hydraulic-cylinders.net\/nb\/wp-json\/wp\/v2\/product"}],"about":[{"href":"https:\/\/www.hydraulic-cylinders.net\/nb\/wp-json\/wp\/v2\/types\/product"}],"replies":[{"embeddable":true,"href":"https:\/\/www.hydraulic-cylinders.net\/nb\/wp-json\/wp\/v2\/comments?post=15676"}],"wp:featuredmedia":[{"embeddable":true,"href":"https:\/\/www.hydraulic-cylinders.net\/nb\/wp-json\/wp\/v2\/media\/14784"}],"wp:attachment":[{"href":"https:\/\/www.hydraulic-cylinders.net\/nb\/wp-json\/wp\/v2\/media?parent=15676"}],"wp:term":[{"taxonomy":"product_brand","embeddable":true,"href":"https:\/\/www.hydraulic-cylinders.net\/nb\/wp-json\/wp\/v2\/product_brand?post=15676"},{"taxonomy":"product_cat","embeddable":true,"href":"https:\/\/www.hydraulic-cylinders.net\/nb\/wp-json\/wp\/v2\/product_cat?post=15676"},{"taxonomy":"product_tag","embeddable":true,"href":"https:\/\/www.hydraulic-cylinders.net\/nb\/wp-json\/wp\/v2\/product_tag?post=15676"}],"curies":[{"name":"wp","href":"https:\/\/api.w.org\/{rel}","templated":true}]}}