{"id":15696,"date":"2025-01-19T14:51:25","date_gmt":"2025-01-19T14:51:25","guid":{"rendered":"https:\/\/www.hydraulic-cylinders.net\/product\/bucket-cylinder-for-bobcat-small-excavator-e418\/"},"modified":"2025-01-19T14:51:27","modified_gmt":"2025-01-19T14:51:27","slug":"bucket-cylinder-for-bobcat-small-excavator-e418","status":"publish","type":"product","link":"https:\/\/www.hydraulic-cylinders.net\/nb\/produkt\/bucket-cylinder-for-bobcat-small-excavator-e418\/","title":{"rendered":"Skuffesylinder for Bobcat liten gravemaskin E418"},"content":{"rendered":"<h1>Skuffesylinder for Bobcat liten gravemaskin E418<\/h1>\n<h2>Introduksjon<\/h2>\n<p>Skuffesylinderen til Bobcat liten gravemaskin E418 er en spesialdesignet hydraulisk sylinder som prim\u00e6rt brukes til \u00e5 kontrollere bevegelsen til skuffen i tunge maskiner som gravemaskiner, traktorgravere og frontlastere. Hovedfunksjonen er \u00e5 la skuffen l\u00f8ftes, senkes og vippes, noe som gj\u00f8r det enklere \u00e5 h\u00e5ndtere en rekke materialh\u00e5ndteringsoppgaver. I det hydrauliske systemet kontrollerer skuffesylinderen skuffens presise bevegelse ved \u00e5 endre trykket i hydraulikkoljen, slik at operat\u00f8rer effektivt kan h\u00e5ndtere tunge laster og tilpasse seg komplekse arbeidsmilj\u00f8er og ulike jobbkrav.<\/p>\n<p><img decoding=\"async\" src=\"https:\/\/www.hydraulic-cylinders.net\/wp-content\/uploads\/2025\/01\/songte-company-2.webp\" alt=\"B\u00f8ttesylinder\" \/><\/p>\n<h2>Funksjoner<\/h2>\n<ul>\n<li>H\u00f8y styrke og holdbarhet: Vanligvis laget av h\u00f8yfast st\u00e5l eller aluminium, i stand til \u00e5 t\u00e5le h\u00f8yt trykk og tunge belastninger, og designet med hensyn til slitestyrke og korrosjonsbestandighet, noe som forlenger levetiden.<\/li>\n<li>Effektiv hydraulisk drift: Jevne ekspansjons- og sammentrekningsbevegelser oppn\u00e5s ved \u00e5 bruke trykket fra hydraulikkoljen, noe som gir rask respons p\u00e5 kontrollkommandoer, gir sterke skyve- og trekkekrefter, og er ideell for h\u00e5ndtering av tunge belastninger og komplekse arbeidsoppgaver.<\/li>\n<li>Ulike typer: Velg mellom enkeltvirkende (hydraulisk brukes kun i \u00e9n retning) eller dobbeltvirkende (hydraulisk brukes i begge retninger) sylindere, i henhold til driftskravene. Noen modeller er teleskopiske, noe som gir st\u00f8rre uttrekk uten \u00e5 \u00f8ke de ytre m\u00e5lene, egnet for bruksomr\u00e5der der plassen er begrenset.<\/li>\n<li>Tilpasningsdyktig: Produktene v\u00e5re kan skreddersys for \u00e5 m\u00f8te dine spesifikke behov, og kan erstatte lignende hydrauliske sylindere fra andre produsenter.<\/li>\n<\/ul>\n<p><img decoding=\"async\" src=\"https:\/\/www.hydraulic-cylinders.net\/wp-content\/uploads\/2025\/01\/songte-cylinder-head-with-all-kinds-excavator-models.webp\" alt=\"Tilpassbar b\u00f8ttesylinder\" \/><\/p>\n<h2>Bruksomr\u00e5der<\/h2>\n<p>Skuffesylinderen finner bruk i forskjellige applikasjoner:<\/p>\n<ul>\n<li>Anleggsutstyr: I gravemaskiner er de viktige for graving, lasting og flytting av jord eller rusk. I gravemaskiner hjelper b\u00f8ttesylinderen til med b\u00e5de graving og l\u00f8fting. <\/li>\n<li>Landbruksmaskiner: Brukes i frontlastere, og de hjelper til med \u00e5 l\u00f8fte og dumpe jord, h\u00f8y og annet materiale. I gravemaskiner muliggj\u00f8r skuffesylinderen graving ved \u00e5 la skuffen trenge ned i jorden. <\/li>\n<li>Laster: Frontlastere hjelper til med effektiv l\u00f8fting og lossing av varer.<\/li>\n<\/ul>\n<p>Hver applikasjon er beskrevet i detalj nedenfor:<\/p>\n<h3>Anleggsutstyr<\/h3>\n<p>Skuffesylinderen spiller en avgj\u00f8rende rolle for at gravemaskiner skal fungere problemfritt. Ved graving bidrar skuffesylinderen til enkel jordtrengning, l\u00f8fting og dumping av jord og rusk. I gravemaskiner hjelper sylinderen med graving og l\u00f8fting, noe som gj\u00f8r det enkelt \u00e5 laste og b\u00e6re materiale.<\/p>\n<h3>Landbruksmaskiner<\/h3>\n<p>Skuffesylindere p\u00e5 frontlastere p\u00e5 landbruksmaskiner bidrar til effektiv l\u00f8fting og dumping av materialer som jord, h\u00f8y, f\u00f4r og andre landbruksprodukter. I gravemaskiner som brukes i landbruket, muliggj\u00f8r skuffesylinderen graving ved at skuffen lett kan trenge ned i jorden.<\/p>\n<h3>Laster<\/h3>\n<p>Skuffesylinderen i frontlastere bidrar til effektiv l\u00f8fting og lossing av varer, noe som gj\u00f8r den ideell for lasting og lossing av tunge materialer.<\/p>\n<p><img decoding=\"async\" src=\"https:\/\/www.hydraulic-cylinders.net\/wp-content\/uploads\/2025\/01\/songte-bushings-with-all-kinds-of-excavator-models.webp\" alt=\"B\u00f8ttesylinder i bruk\" \/><\/p>\n<h2>Designhensyn og utvalgskriterier<\/h2>\n<p>N\u00e5r man velger en b\u00f8ttesylinder, b\u00f8r man ta hensyn til flere faktorer, som sylinderens b\u00e6reevne, tetning, holdbarhet, sikkerhet og vedlikeholdsvennlighet. <\/p>\n<ul>\n<li>B\u00e6reevne: Skuffesylinderen m\u00e5 kunne h\u00e5ndtere den forventede lasten uten \u00e5 b\u00f8ye seg eller brekke, avhengig av bruksomr\u00e5de.<\/li>\n<li>Tetting: Skuffesylinderen m\u00e5 v\u00e6re tilstrekkelig forseglet for \u00e5 forhindre at hydraulikkv\u00e6ske lekker og forurenser milj\u00f8et.<\/li>\n<li>Holdbarhet: Skuffesylinderen m\u00e5 v\u00e6re konstruert av slitesterke materialer for \u00e5 t\u00e5le det t\u00f8ffe driftsmilj\u00f8et, noe som \u00f8ker levetiden.<\/li>\n<li>Sikkerhet: Skuffesylinderen m\u00e5 v\u00e6re utformet for \u00e5 sikre at operat\u00f8ren og de rundt utstyret er trygge.<\/li>\n<li>Vedlikehold: Skuffesylinderen m\u00e5 v\u00e6re utformet for \u00e5 muliggj\u00f8re enkelt vedlikehold, inkludert utskifting av pakninger, rengj\u00f8ring og sm\u00f8ring.<\/li>\n<\/ul>\n<p><img decoding=\"async\" src=\"https:\/\/www.hydraulic-cylinders.net\/wp-content\/uploads\/2025\/01\/songte-oil-pipes-and-spare-parts.webp\" alt=\"Reservedeler til b\u00f8ttesylinder\" \/><\/p>\n<h2>Tetting og sm\u00f8ring<\/h2>\n<p>B\u00f8ttesylinderen bruker forskjellige tetninger, som stempeltetninger og stangtetninger, laget av slitesterke materialer som polyuretan og nitrilgummi for \u00e5 sikre riktig tetting og forhindre oljelekkasjer. Sylinderhuset og gjengede endeflater er fint bearbeidet for \u00e5 forbedre slitestyrken. Regelmessig injeksjon av hydraulisk olje er n\u00f8dvendig for \u00e5 sm\u00f8re og forhindre slitasje p\u00e5 sylinderveggen og stempelet.<\/p>\n<h2>Vedlikehold og reparasjon<\/h2>\n<p>Regelmessig inspeksjon og forebyggende vedlikehold av b\u00f8ttesylinderen er viktig for \u00e5 sikre sylinderens optimale ytelse samtidig som kostbar nedetid og reparasjoner forhindres. Regelmessig inspeksjon, passende sm\u00f8ring og kalibreringskontroller er blant de vanligste vedlikeholdsoppgavene. Riktig installasjon, sm\u00f8ring og justering er avgj\u00f8rende, og riktig justering av sylinderen er viktig. Riktige installasjonsbraketter b\u00f8r brukes for \u00e5 feste sylinderen p\u00e5 plass. Anbefalte inspeksjons-, reparasjons- og utskiftingsprosedyrer er gitt for \u00e5 forbedre b\u00f8ttesylinderens levetid. <\/p>\n<p><img decoding=\"async\" src=\"https:\/\/www.hydraulic-cylinders.net\/wp-content\/uploads\/2025\/01\/songte-chushion-collar.webp\" alt=\"Vedlikehold og reparasjon av b\u00f8ttesylinder\" \/><\/p>\n<h2>Sikkerhetshensyn og milj\u00f8faktorer<\/h2>\n<p>Det er viktig \u00e5 vurdere sikkerhetstiltak n\u00e5r man bruker b\u00f8ttesylindere, for eksempel \u00e5 forhindre at arbeidere blir truffet av b\u00f8ttesylinderen under drift. Riktig avhending av hydraulikkolje og andre farlige materialer m\u00e5 f\u00f8lges for \u00e5 forhindre forurensning av milj\u00f8et.<\/p>\n<h2>Feildiagnose og feils\u00f8king<\/h2>\n<p>Vanlige problemer med b\u00f8ttesylindere kan omfatte oljelekkasje, treg drift eller redusert effekt. Regelmessig inspeksjon, forebyggende vedlikehold og rask reparasjon er viktig for \u00e5 unng\u00e5 disse problemene. Hvis det oppst\u00e5r problemer, er det mulig \u00e5 feils\u00f8ke ved \u00e5 identifisere roten til problemet og deretter reparere eller bytte ut de defekte delene.<\/p>\n<p><img decoding=\"async\" src=\"https:\/\/hzpt.com\/wp-content\/uploads\/2024\/11\/songte-company-1.webp\" alt=\"Feils\u00f8king av b\u00f8ttesylinder\" \/><\/p>\n<h2>Om oss<\/h2>\n<p>Vi er en produsent av hydrauliske sylindere som produserer et komplett produktsortiment, og har blitt en av de ledende produsentene og grossistdistribut\u00f8rene av hydrauliske sylindere i det innenlandske og internasjonale markedet. Vi f\u00f8lger en strategi for utmerket kvalitet og er avhengige av industriell produksjonsstyring i fine produksjonsverksteder. Vi fortsetter \u00e5 forbedre verkstedplattformen, forbedrer produktkvaliteten p\u00e5 produksjonslinjene og har sterke produksjonskapasiteter, og m\u00f8ter kundenes ulike behov med prinsipper for h\u00f8y effektivitet, h\u00f8y presisjon og h\u00f8y kvalitet. <\/p>\n<p>V\u00e5rt firma tilbyr profesjonell ekspertise, internasjonal sertifisering, tilpassede tjenester, produksjonsutstyr og ettersalgsservice. <\/p>\n<p><img decoding=\"async\" src=\"https:\/\/www.hydraulic-cylinders.net\/wp-content\/uploads\/2025\/01\/songte-company-3.webp\" alt=\"Om oss\" \/><\/p>\n<p>Forfatter: lyl<\/p>","protected":false},"excerpt":{"rendered":"<p>Bucket Cylinder For Bobcat Small Excavator E418 Introduction The bucket cylinder for Bobcat small excavator E418 is a specially designed hydraulic cylinder primarily used to control the movement of the bucket in heavy machinery such as excavators, backhoe excavators, and front-end loaders. Its main function is to allow the bucket to lift, lower, and tilt, [&hellip;]<\/p>","protected":false},"featured_media":14773,"comment_status":"open","ping_status":"closed","template":"","meta":{"_et_pb_use_builder":"","_et_pb_old_content":"","_et_gb_content_width":""},"product_brand":[],"product_cat":[1494],"product_tag":[1495,1496],"class_list":{"0":"post-15696","1":"product","2":"type-product","3":"status-publish","4":"has-post-thumbnail","6":"product_cat-bucket-cylinders","7":"product_tag-bucket-cylinders","8":"product_tag-hydraulic-cylinders","10":"first","11":"instock","12":"shipping-taxable","13":"product-type-simple"},"amp_enabled":true,"_links":{"self":[{"href":"https:\/\/www.hydraulic-cylinders.net\/nb\/wp-json\/wp\/v2\/product\/15696","targetHints":{"allow":["GET"]}}],"collection":[{"href":"https:\/\/www.hydraulic-cylinders.net\/nb\/wp-json\/wp\/v2\/product"}],"about":[{"href":"https:\/\/www.hydraulic-cylinders.net\/nb\/wp-json\/wp\/v2\/types\/product"}],"replies":[{"embeddable":true,"href":"https:\/\/www.hydraulic-cylinders.net\/nb\/wp-json\/wp\/v2\/comments?post=15696"}],"wp:featuredmedia":[{"embeddable":true,"href":"https:\/\/www.hydraulic-cylinders.net\/nb\/wp-json\/wp\/v2\/media\/14773"}],"wp:attachment":[{"href":"https:\/\/www.hydraulic-cylinders.net\/nb\/wp-json\/wp\/v2\/media?parent=15696"}],"wp:term":[{"taxonomy":"product_brand","embeddable":true,"href":"https:\/\/www.hydraulic-cylinders.net\/nb\/wp-json\/wp\/v2\/product_brand?post=15696"},{"taxonomy":"product_cat","embeddable":true,"href":"https:\/\/www.hydraulic-cylinders.net\/nb\/wp-json\/wp\/v2\/product_cat?post=15696"},{"taxonomy":"product_tag","embeddable":true,"href":"https:\/\/www.hydraulic-cylinders.net\/nb\/wp-json\/wp\/v2\/product_tag?post=15696"}],"curies":[{"name":"wp","href":"https:\/\/api.w.org\/{rel}","templated":true}]}}