{"id":1570,"date":"2023-10-07T02:18:33","date_gmt":"2023-10-07T02:18:33","guid":{"rendered":"https:\/\/hydraulic-cylinders.net\/?post_type=product&#038;p=1570"},"modified":"2025-03-28T06:38:01","modified_gmt":"2025-03-28T06:38:01","slug":"crane-cylinder-for-mobile-crane-outrigger-expansion","status":"publish","type":"product","link":"https:\/\/www.hydraulic-cylinders.net\/nb\/produkt\/crane-cylinder-for-mobile-crane-outrigger-expansion\/","title":{"rendered":"Kransylinder for utvidelse av mobilkranutrigger"},"content":{"rendered":"<h1 style=\"text-align: center;\"><strong> Kransylinder for utvidelse av mobilkranutrigger<\/strong><\/h1>\n<p><img loading=\"lazy\" decoding=\"async\" class=\"aligncenter wp-image-1571\" src=\"https:\/\/hydraulic-cylinders.net\/wp-content\/uploads\/2023\/10\/outrigger-expansion-cylinder-1-300x300.webp\" alt=\"Kransylinder for mobilkranutriggerutvidelse-1\" width=\"400\" height=\"400\" \/><\/p>\n<p>De <strong>kransylinder for utvidelse av mobilkranutrigger<\/strong> er en avgj\u00f8rende komponent som forbedrer stabiliteten og rekkevidden til mobilkraner under l\u00f8fteoperasjoner. Denne hydrauliske sylinderen er designet for \u00e5 forlenge og trekke inn st\u00f8ttebensbjelkene, og spiller en viktig rolle i \u00e5 gi et solid fundament og \u00f8kt driftskapasitet.<\/p>\n<p>Denne uunnv\u00e6rlige kransylinderen forbedrer mobilkranens stabilitet, b\u00e6reevne og rekkevidde betydelig under l\u00f8fteoppgaver. Den robuste konstruksjonen og den presise hydrauliske kontrollen sikrer sikker og effektiv l\u00f8fting p\u00e5 tvers av ulike bygge- og industrimilj\u00f8er. Ved \u00e5 f\u00f8lge riktige bruksmetoder og anbefalte vedlikeholdspraksiser kan operat\u00f8rer maksimere levetiden og p\u00e5liteligheten til kransylinderen for utvidelse av mobilkranens utriggere, og dermed sikre vellykkede l\u00f8fteoperasjoner. Velg denne viktige hydrauliske komponenten for \u00e5 \u00f8ke mobilkransystemets stabilitet, rekkevidde og produktivitet.<\/p>\n<p><strong>Viktige egenskaper ved kransylinderen for utvidelse av mobilkranens utriggere:<\/strong><\/p>\n<p><strong>Robust konstruksjon og holdbarhet:<\/strong> Kransylinderen for utvidelse av mobilkranutriggere er bygget med materialer av h\u00f8y kvalitet, noe som sikrer eksepsjonell styrke og levetid. Den er konstruert for \u00e5 t\u00e5le tunge belastninger, st\u00f8t og utfordrende milj\u00f8forhold, og gir p\u00e5litelig ytelse i krevende arbeidsmilj\u00f8er.<\/p>\n<p><strong>Hydraulisk kontroll og presisjon:<\/strong> Denne sylinderen bruker hydraulisk kraft til \u00e5 forlenge og trekke inn st\u00f8ttebensbjelkene. Det hydrauliske kontrollsystemet muliggj\u00f8r presise justeringer, slik at f\u00f8reren kan oppn\u00e5 \u00f8nsket st\u00f8ttebensforlengelseslengde n\u00f8yaktig.<\/p>\n<p><strong>Forbedret stabilitet og b\u00e6reevne:<\/strong> Kransylinderen for utvidelse av st\u00f8tteben p\u00e5 mobilkran forbedrer kranens stabilitet betydelig ved \u00e5 forlenge st\u00f8ttebensbjelkene. Den fordeler lasten effektivt over et st\u00f8rre omr\u00e5de, minimerer velterisikoen og sikrer sikre l\u00f8fteoperasjoner, selv med tung last.<\/p>\n<p><strong>\u00d8kt rekkevidde og fleksibilitet:<\/strong> Utliggerutvidelseskapasiteten til denne sylinderen lar mobilkraner n\u00e5 st\u00f8rre h\u00f8yder og utvide arbeidsomr\u00e5det. Denne funksjonen er spesielt fordelaktig ved bruk p\u00e5 trange steder eller n\u00e5r det er behov for ytterligere horisontal rekkevidde.<\/p>\n<h1><strong>Kransylinder for utvidelse av mobilkranutrigger <\/strong><strong style=\"font-size: 26px;\">Parameter:<\/strong><\/h1>\n<table border=\"1\" cellspacing=\"0\" cellpadding=\"0\">\n<tbody>\n<tr>\n<td>Produktnavn<\/td>\n<td>Ekspansjonssylinder for mobilkranutriggere<\/td>\n<\/tr>\n<tr>\n<td>Funksjoner:<\/td>\n<td>Forleng utriggersylinderen horisontalt<\/td>\n<\/tr>\n<tr>\n<td>Borediameter:<\/td>\n<td>50 mm \uff5e75 mm<\/td>\n<\/tr>\n<tr>\n<td>Stangdiameter:<\/td>\n<td>25 mm \uff5e55 mm<br \/>\nSlaglengde \u22642500 mm<\/td>\n<\/tr>\n<tr>\n<td>Trykk:<\/td>\n<td>Maksimum 35 MPa<\/td>\n<\/tr>\n<tr>\n<td>Teleskopiske sylinderapplikasjoner:<\/td>\n<td>Mobilkran<\/td>\n<\/tr>\n<\/tbody>\n<\/table>\n<h1><strong>Kransylinder for mobilkraner, utriggerutvidelse <\/strong><strong style=\"font-size: 26px;\">Identifikasjonsdiagram:<\/strong><\/h1>\n<p><img loading=\"lazy\" decoding=\"async\" class=\"alignnone wp-image-1551 size-full\" src=\"https:\/\/www.hydraulic-cylinders.net\/wp-content\/uploads\/2023\/09\/mobile-crane-cylinder-construction-1.webp\" alt=\"Kransylinder for mobilkranutriggerutvidelse-2\" width=\"1418\" height=\"946\" srcset=\"https:\/\/www.hydraulic-cylinders.net\/wp-content\/uploads\/2023\/09\/mobile-crane-cylinder-construction-1.webp 1418w, https:\/\/www.hydraulic-cylinders.net\/wp-content\/uploads\/2023\/09\/mobile-crane-cylinder-construction-1-1280x854.webp 1280w, https:\/\/www.hydraulic-cylinders.net\/wp-content\/uploads\/2023\/09\/mobile-crane-cylinder-construction-1-980x654.webp 980w, https:\/\/www.hydraulic-cylinders.net\/wp-content\/uploads\/2023\/09\/mobile-crane-cylinder-construction-1-480x320.webp 480w\" sizes=\"(min-width: 0px) and (max-width: 480px) 480px, (min-width: 481px) and (max-width: 980px) 980px, (min-width: 981px) and (max-width: 1280px) 1280px, (min-width: 1281px) 1418px, 100vw\" \/><\/p>\n<h2><strong>Bruksmetode for <\/strong><strong>Kransylinder for mobilkraner, utriggerutvidelse<\/strong><strong>:<\/strong><\/h2>\n<ol>\n<li><strong>Gj\u00f8r deg kjent med kontroller og sikkerhetsretningslinjer:<\/strong><\/li>\n<\/ol>\n<ul>\n<li>F\u00f8r man bruker ekspansjonssylinderen til mobilkranens st\u00f8tteben, m\u00e5 operat\u00f8rene gj\u00f8re seg kjent med kontrollene og sikkerhetsretningslinjene som er spesifikke for kranmodellen.<\/li>\n<li>S\u00f8rg for at alle sikkerhetsprosedyrer, inkludert riktig utl\u00f8sing og inntrekking av utriggere, f\u00f8lges for \u00e5 forhindre ulykker.<\/li>\n<\/ul>\n<ol start=\"2\">\n<li><strong>Forleng utriggerne:<\/strong><\/li>\n<\/ol>\n<ul>\n<li>Aktiver de hydrauliske kontrollene for \u00e5 forlenge st\u00f8ttebensbjelkene.<\/li>\n<li>Forleng st\u00f8ttebeina gradvis til \u00f8nsket lengde mens du overv\u00e5ker forlengelsesprosessen.<\/li>\n<\/ul>\n<ol start=\"3\">\n<li><strong>Stabiliser kranen:<\/strong><\/li>\n<\/ol>\n<ul>\n<li>N\u00e5r utriggerne er helt utstrakt, stabiliser kranen ved \u00e5 justere utriggerputene for \u00e5 gi et jevnt og solid fundament.<\/li>\n<li>S\u00f8rg for at st\u00f8ttebensputene er plassert p\u00e5 stabilt underlag eller passende st\u00f8tteflater.<\/li>\n<\/ul>\n<ol start=\"4\">\n<li><strong>Trekk inn st\u00f8ttebenene:<\/strong><\/li>\n<\/ol>\n<ul>\n<li>Trekk inn st\u00f8ttebensbjelkene ved hjelp av de hydrauliske kontrollene n\u00e5r l\u00f8fteoperasjonen er fullf\u00f8rt.<\/li>\n<li>Trekk utriggerne gradvis inn, slik at prosessen blir jevn og kontrollert.<\/li>\n<\/ul>\n<h2><strong>Hvordan fjerne luft fra traktorens hydrauliske system?<\/strong><\/h2>\n<p>For \u00e5 fjerne luft fra traktorens hydrauliske system, f\u00f8lg disse trinnene:<\/p>\n<ol>\n<li><strong>Identifiser luftsymptomer:<\/strong>\n<ul>\n<li>Hvis du mistenker luft i det hydrauliske systemet, se etter vanlige symptomer som svampete eller inkonsekvent drift av hydrauliske komponenter, redusert l\u00f8ftekapasitet eller uvanlige lyder.<\/li>\n<li>\u00c5 bekrefte tilstedev\u00e6relsen av luft vil hjelpe deg med \u00e5 bestemme hvilke tiltak som er n\u00f8dvendige.<\/li>\n<\/ul>\n<\/li>\n<li><strong>Sjekk v\u00e6skeniv\u00e5et:<\/strong>\n<ul>\n<li>S\u00f8rg for at niv\u00e5et p\u00e5 hydraulikkv\u00e6sken i beholderen er p\u00e5 anbefalt niv\u00e5.<\/li>\n<li>Hvis niv\u00e5et er lavt, kan det f\u00f8re til at luft kommer inn i systemet. Fyll p\u00e5 riktig hydraulikkv\u00e6ske for \u00e5 n\u00e5 anbefalt niv\u00e5.<\/li>\n<\/ul>\n<\/li>\n<li><strong>Luft systemet:<\/strong>\n<ul>\n<li>Finn lufteventilene eller pluggene i det hydrauliske systemet.<\/li>\n<li>Start med komponenten som er lengst unna den hydrauliske pumpen og arbeid deg n\u00e6rmere.<\/li>\n<li>\u00c5pne lufteventilen eller pluggen sakte for \u00e5 slippe ut eventuell luft som er fanget.<\/li>\n<li>La luften slippe ut til du observerer en jevn str\u00f8m av hydraulisk v\u00e6ske, noe som indikerer at luften er blitt t\u00f8mt.<\/li>\n<li>Lukk lufteventilen eller pluggen godt.<\/li>\n<\/ul>\n<\/li>\n<li><strong>Spyl luft ved hydraulikkpumpen:<\/strong>\n<ul>\n<li>Hvis hydraulikkpumpen har en lufteventil, finn den og \u00e5pne den sakte.<\/li>\n<li>Betjen det hydrauliske systemet ved \u00e5 aktivere den hydrauliske l\u00f8ften eller bevege de hydrauliske kontrollene for \u00e5 sirkulere v\u00e6sken og presse eventuell innestengt luft ut gjennom den \u00e5pne lufteventilen.<\/li>\n<li>Lukk lufteventilen n\u00e5r det hydrauliske systemet er luftfritt og de hydrauliske komponentene fungerer problemfritt.<\/li>\n<\/ul>\n<\/li>\n<li><strong>Gjenta prosessen:<\/strong>\n<ul>\n<li>Hvis du fortsatt opplever luftrelaterte symptomer i det hydrauliske systemet, gjenta luftingsprosessen ved hver komponent, start fra det fjerneste punktet og arbeid deg mot den hydrauliske pumpen.<\/li>\n<li>S\u00f8rg for at all luft er t\u00f8mt fra systemet ved \u00e5 \u00e5pne lufteventilene eller pluggene og la luften slippe ut.<\/li>\n<\/ul>\n<\/li>\n<li><strong>Sjekk for lekkasjer:<\/strong>\n<ul>\n<li>Inspiser alle koblinger, slanger og tetninger i det hydrauliske systemet for tegn p\u00e5 lekkasjer.<\/li>\n<li>Reparer eventuelle lekkasjer raskt ved \u00e5 stramme koblinger eller bytte ut skadede komponenter.<\/li>\n<li>Lekkasjer kan f\u00f8re til at luft kommer inn i systemet, s\u00e5 et lekkasjefritt system er avgj\u00f8rende for riktig hydraulisk drift.<\/li>\n<\/ul>\n<\/li>\n<li><strong>Testsystemytelse:<\/strong>\n<ul>\n<li>Etter at du har luftet ut og rettet opp lekkasjer, m\u00e5 du teste det hydrauliske systemets ytelse for \u00e5 sikre at det fungerer som det skal.<\/li>\n<li>Koble til hydrauliske funksjoner, som l\u00f8fte- og senkeutstyr, og observer at de g\u00e5r jevnt og jevnt.<\/li>\n<\/ul>\n<\/li>\n<\/ol>\n<h2><strong>Fabrikkens kapasitet og kapasitet:<\/strong><\/h2>\n<h3><strong>(1) Montering<\/strong><\/h3>\n<p>Anlegget v\u00e5rt kan skryte av en uavhengig forsknings- og utviklingsplattform i toppklasse dedikert til produksjon av hydrauliske sylindere. Vi driver fire halvautomatiske monteringslinjer for l\u00f8ftesylindere og \u00e9n helautomatisk monteringslinje for vippesylindere, med en imponerende \u00e5rlig produksjonskapasitet p\u00e5 1 million sylindere.<img loading=\"lazy\" decoding=\"async\" class=\"aligncenter wp-image-626\" src=\"https:\/\/hydraulic-cylinders.net\/wp-content\/uploads\/2023\/08\/hydraulic-cylinder-product-1-300x158.webp\" alt=\"\" width=\"500\" height=\"263\" srcset=\"https:\/\/hydraulic-cylinders.net\/wp-content\/uploads\/2023\/08\/hydraulic-cylinder-product-1-300x158.webp 500w, https:\/\/hydraulic-cylinders.net\/wp-content\/uploads\/2023\/08\/hydraulic-cylinder-product-1-480x252.webp 480w\" sizes=\"(min-width: 0px) and (max-width: 480px) 480px, (min-width: 481px) 500px, 100vw\" \/><\/p>\n<p>I v\u00e5rt spesialiserte sylinderverksted bruker vi et halvautomatisk rengj\u00f8ringssystem designet for ulike spesifikasjoner, og som kan produsere 200 000 sylindere \u00e5rlig. Verkstedet v\u00e5rt er utstyrt med avansert CNC-maskineringsutstyr, et maskineringssenter, h\u00f8ypresisjonsverkt\u00f8y for sylinderbehandling, robotsveisemaskiner, automatiske rengj\u00f8ringssystemer og en automatisert sylindermonteringslinje. I tillegg har vi en helautomatisert produksjonslinje for lakkering.<\/p>\n<p>Med over 300 deler kritisk utstyr sikrer v\u00e5r optimale ressursallokering at vi oppfyller de strenge n\u00f8yaktighets- og kvalitetsstandardene som kundene v\u00e5re krever. Denne forpliktelsen til effektivitet og presisjon posisjonerer oss som en leder i bransjen for hydrauliske sylindere.<\/p>\n<p><img loading=\"lazy\" decoding=\"async\" class=\"aligncenter wp-image-627\" src=\"https:\/\/hydraulic-cylinders.net\/wp-content\/uploads\/2023\/08\/hydraulic-cylinder-product-2-300x189.webp\" alt=\"\" width=\"500\" height=\"315\" srcset=\"https:\/\/hydraulic-cylinders.net\/wp-content\/uploads\/2023\/08\/hydraulic-cylinder-product-2-300x189.webp 500w, https:\/\/hydraulic-cylinders.net\/wp-content\/uploads\/2023\/08\/hydraulic-cylinder-product-2-480x302.webp 480w\" sizes=\"(min-width: 0px) and (max-width: 480px) 480px, (min-width: 481px) 500px, 100vw\" \/><\/p>\n<h3><strong>(2) Maskinering<\/strong><\/h3>\n<p>V\u00e5rt maskineringsverksted har toppmoderne utstyr, inkludert et spesialtilpasset dreiesenter for skr\u00e5 skinner, et presisjonsmaskineringssenter, en h\u00f8yhastighets honemaskin og avanserte sveiseroboter. Dette sofistikerte oppsettet gj\u00f8r det mulig for oss \u00e5 effektivt bearbeide sylinderr\u00f8r med en maksimal indre diameter p\u00e5 400 mm og en lengde p\u00e5 opptil 6 meter.<\/p>\n<p><img loading=\"lazy\" decoding=\"async\" class=\"wp-image-628 size-large aligncenter\" src=\"https:\/\/hydraulic-cylinders.net\/wp-content\/uploads\/2023\/08\/hydraulic-cylinder-product-3-1024x391.webp\" alt=\"\" width=\"1024\" height=\"391\" srcset=\"https:\/\/hydraulic-cylinders.net\/wp-content\/uploads\/2023\/08\/hydraulic-cylinder-product-3-980x374.webp 980w, https:\/\/hydraulic-cylinders.net\/wp-content\/uploads\/2023\/08\/hydraulic-cylinder-product-3-480x183.webp 480w\" sizes=\"(min-width: 0px) and (max-width: 480px) 480px, (min-width: 481px) and (max-width: 980px) 980px, (min-width: 981px) 1024px, 100vw\" \/><\/p>\n<p>Med v\u00e5r banebrytende teknologi sikrer vi h\u00f8ykvalitetsmaskinering som oppfyller de ulike behovene innen produksjon av hydrauliske sylindere.<\/p>\n<h3><strong>(3) Sveising<\/strong><\/h3>\n<p><img loading=\"lazy\" decoding=\"async\" class=\"wp-image-629 size-large aligncenter\" src=\"https:\/\/hydraulic-cylinders.net\/wp-content\/uploads\/2023\/08\/hydraulic-cylinder-product-4-1024x510.webp\" alt=\"\" width=\"1024\" height=\"510\" srcset=\"https:\/\/hydraulic-cylinders.net\/wp-content\/uploads\/2023\/08\/hydraulic-cylinder-product-4-980x488.webp 980w, https:\/\/hydraulic-cylinders.net\/wp-content\/uploads\/2023\/08\/hydraulic-cylinder-product-4-480x239.webp 480w\" sizes=\"(min-width: 0px) and (max-width: 480px) 480px, (min-width: 481px) and (max-width: 980px) 980px, (min-width: 981px) 1024px, 100vw\" \/><\/p>\n<h3><strong>(4) Maling og belegg<\/strong><\/h3>\n<p><img loading=\"lazy\" decoding=\"async\" class=\"wp-image-630 aligncenter\" src=\"https:\/\/hydraulic-cylinders.net\/wp-content\/uploads\/2023\/08\/hydraulic-cylinder-product-5-300x213.webp\" alt=\"\" width=\"500\" height=\"355\" \/><\/p>\n<p>Anlegget v\u00e5rt har avanserte automatiske vannbaserte malingslinjer som er spesielt utviklet for sm\u00e5 og mellomstore sylindere. Disse linjene bruker robotteknologi for effektiv lasting, lossing og spr\u00f8yting, og oppn\u00e5r en bemerkelsesverdig produksjonskapasitet p\u00e5 4000 enheter per skift.<\/p>\n<p><img loading=\"lazy\" decoding=\"async\" class=\"wp-image-631 aligncenter\" src=\"https:\/\/hydraulic-cylinders.net\/wp-content\/uploads\/2023\/08\/hydraulic-cylinder-product-6-300x225.webp\" alt=\"\" width=\"500\" height=\"375\" srcset=\"https:\/\/hydraulic-cylinders.net\/wp-content\/uploads\/2023\/08\/hydraulic-cylinder-product-6-300x225.webp 500w, https:\/\/hydraulic-cylinders.net\/wp-content\/uploads\/2023\/08\/hydraulic-cylinder-product-6-480x360.webp 480w\" sizes=\"(min-width: 0px) and (max-width: 480px) 480px, (min-width: 481px) 500px, 100vw\" \/><\/p>\n<p>I tillegg driver vi en halvautomatisk produksjonslinje for maling av store sylindere, drevet av en robust kraftkjede, med en konstruert kapasitet p\u00e5 60 kasser per skift. Denne kombinasjonen av automatisering og effektivitet sikrer h\u00f8ykvalitets finish for alle v\u00e5re hydrauliske sylindere.<\/p>\n<h3><strong>(5) Testing<\/strong><\/h3>\n<p>Vi har f\u00f8rsteklasses inspeksjonsfasiliteter og testbenker for \u00e5 sikre at sylinderens ytelse oppfyller kravene.<\/p>\n<p><img loading=\"lazy\" decoding=\"async\" class=\"wp-image-632 aligncenter\" src=\"https:\/\/hydraulic-cylinders.net\/wp-content\/uploads\/2023\/08\/hydraulic-cylinder-product-8-300x200.webp\" alt=\"\" width=\"389\" height=\"260\" \/><\/p>\n<p>Vi er en anerkjent produsent av <a href=\"https:\/\/hzpt.com\/mobile-machinery-hydraulic-cylinder\/\" target=\"_blank\" rel=\"noopener\">hydrauliske sylindere<\/a>, anerkjent som en av de beste i bransjen. V\u00e5rt omfattende produktsortiment inkluderer et bredt utvalg av hydrauliske sylindere skreddersydd for \u00e5 dekke ulike bruksomr\u00e5der. I tillegg til hydrauliske sylindere tilbyr vi ogs\u00e5 landbruksgirkasser av h\u00f8y kvalitet, noe som sikrer at kundene v\u00e5re har tilgang til omfattende l\u00f8sninger for sine maskinbehov.<\/p>\n<p>Med en forpliktelse til kvalitet har vi med suksess eksportert produktene v\u00e5re til kunder over hele verden, og opparbeidet oss et sterkt rykte for overlegen produktkvalitet og eksepsjonell ettersalgsservice. V\u00e5r dedikasjon til kundetilfredshet har posisjonert oss som en p\u00e5litelig partner i b\u00e5de innenlandske og internasjonale markeder.<\/p>","protected":false},"excerpt":{"rendered":"<p>Crane Cylinder for Mobile Crane Outrigger Expansion The crane cylinder for mobile crane outrigger expansion is a crucial component that enhances the stability and reach of mobile cranes during lifting operations. Designed to extend and retract the outrigger beams, this hydraulic cylinder plays a vital role in providing a solid foundation and increased operational capabilities. [&hellip;]<\/p>","protected":false},"featured_media":1572,"comment_status":"open","ping_status":"closed","template":"","meta":{"_et_pb_use_builder":"","_et_pb_old_content":"","_et_gb_content_width":""},"product_brand":[],"product_cat":[1514],"product_tag":[1477,1478,1380],"class_list":{"0":"post-1570","1":"product","2":"type-product","3":"status-publish","4":"has-post-thumbnail","6":"product_cat-mobile-crane-hydraulic-cylinders","7":"product_tag-crane-cylinder","8":"product_tag-crane-hydraulic-cylinder","9":"product_tag-hydraulic-cylinder","11":"first","12":"instock","13":"shipping-taxable","14":"product-type-simple"},"amp_enabled":true,"_links":{"self":[{"href":"https:\/\/www.hydraulic-cylinders.net\/nb\/wp-json\/wp\/v2\/product\/1570","targetHints":{"allow":["GET"]}}],"collection":[{"href":"https:\/\/www.hydraulic-cylinders.net\/nb\/wp-json\/wp\/v2\/product"}],"about":[{"href":"https:\/\/www.hydraulic-cylinders.net\/nb\/wp-json\/wp\/v2\/types\/product"}],"replies":[{"embeddable":true,"href":"https:\/\/www.hydraulic-cylinders.net\/nb\/wp-json\/wp\/v2\/comments?post=1570"}],"wp:featuredmedia":[{"embeddable":true,"href":"https:\/\/www.hydraulic-cylinders.net\/nb\/wp-json\/wp\/v2\/media\/1572"}],"wp:attachment":[{"href":"https:\/\/www.hydraulic-cylinders.net\/nb\/wp-json\/wp\/v2\/media?parent=1570"}],"wp:term":[{"taxonomy":"product_brand","embeddable":true,"href":"https:\/\/www.hydraulic-cylinders.net\/nb\/wp-json\/wp\/v2\/product_brand?post=1570"},{"taxonomy":"product_cat","embeddable":true,"href":"https:\/\/www.hydraulic-cylinders.net\/nb\/wp-json\/wp\/v2\/product_cat?post=1570"},{"taxonomy":"product_tag","embeddable":true,"href":"https:\/\/www.hydraulic-cylinders.net\/nb\/wp-json\/wp\/v2\/product_tag?post=1570"}],"curies":[{"name":"wp","href":"https:\/\/api.w.org\/{rel}","templated":true}]}}