{"id":15708,"date":"2025-01-19T14:52:31","date_gmt":"2025-01-19T14:52:31","guid":{"rendered":"https:\/\/www.hydraulic-cylinders.net\/product\/bucket-cylinder-for-takeuchi-small-excavator-tb20r\/"},"modified":"2025-01-19T14:52:33","modified_gmt":"2025-01-19T14:52:33","slug":"bucket-cylinder-for-takeuchi-small-excavator-tb20r","status":"publish","type":"product","link":"https:\/\/www.hydraulic-cylinders.net\/nb\/produkt\/bucket-cylinder-for-takeuchi-small-excavator-tb20r\/","title":{"rendered":"Skuffesylinder for Takeuchi liten gravemaskin TB20R"},"content":{"rendered":"<p><!DOCTYPE html><br \/>\n<html><br \/>\n<head><br \/>\n<title>Skuffesylinder for Takeuchi liten gravemaskin TB20R<\/title><br \/>\n<\/head><br \/>\n<body><\/p>\n<h1>Skuffesylinder for Takeuchi liten gravemaskin TB20R<\/h1>\n<h2>Introduksjon til b\u00f8ttesylinder<\/h2>\n<p>Skuffesylinderen til Takeuchi liten gravemaskin TB20R er en spesialdesignet hydraulisk sylinder som brukes til \u00e5 kontrollere bevegelsen til skuffen i tunge maskiner som gravemaskiner, traktorgravere og frontlastere. Hovedfunksjonen er \u00e5 muliggj\u00f8re l\u00f8fting, senking og tilting av skuffen, noe som gj\u00f8r den praktisk for ulike materialh\u00e5ndteringsoppgaver. I det hydrauliske systemet oppn\u00e5r skuffesylinderen presis kontroll over skuffen ved \u00e5 utnytte trykkendringene i hydraulikkoljen, slik at operat\u00f8rer effektivt kan h\u00e5ndtere tunge laster og tilpasse seg komplekse arbeidsmilj\u00f8er og ulike driftskrav.<\/p>\n<p><img decoding=\"async\" src=\"https:\/\/www.hydraulic-cylinders.net\/wp-content\/uploads\/2025\/01\/songte-company-2.webp\" alt=\"Bilde av b\u00f8ttesylinder\"><\/p>\n<h2>Funksjoner av b\u00f8ttesylinder<\/h2>\n<ul>\n<li>H\u00f8y styrke og holdbarhet: Vanligvis laget av h\u00f8yfast st\u00e5l eller aluminium, t\u00e5ler den h\u00f8yt trykk og tunge belastninger, og tilpasser seg t\u00f8ffe arbeidsmilj\u00f8er. Designet inkluderer slitestyrke og korrosjonsbestandighet, noe som forlenger levetiden.<\/li>\n<li>Effektiv hydraulisk drift: Ved \u00e5 utnytte trykket fra hydraulikkoljen oppn\u00e5r den jevne forlengelses- og tilbaketrekksbevegelser, gir rask respons p\u00e5 kontrollkommandoer og leverer kraftige skyve- og trekkkrefter som er egnet for h\u00e5ndtering av tunge belastninger og komplekse oppgaver.<\/li>\n<li>Ulike typer: Den tilbyr alternativer for enkeltvirkende (hydraulisk brukt kun i \u00e9n retning) eller dobbeltvirkende (hydraulisk brukt i begge retninger) sylindere, noe som gir fleksibilitet til \u00e5 m\u00f8te ulike driftsbehov. Noen modeller er teleskopiske, noe som gir st\u00f8rre forlengelse uten \u00e5 \u00f8ke de ytre m\u00e5lene, egnet for applikasjoner med begrenset plass.<\/li>\n<li>Perfekt erstatning: Produktene v\u00e5re kan erstatte disse hydrauliske sylindrene perfekt.<\/li>\n<\/ul>\n<p><img decoding=\"async\" src=\"https:\/\/www.hydraulic-cylinders.net\/wp-content\/uploads\/2025\/01\/songte-cylinder-head-with-all-kinds-excavator-models.webp\" alt=\"Bilde av utskifting av b\u00f8ttesylinder\"><\/p>\n<h2>Bruksomr\u00e5der for b\u00f8ttesylinder<\/h2>\n<p>Skuffesylindere finnes i diverse anleggsmaskiner:<\/p>\n<ul>\n<li>Gravemaskiner: De er viktige for graving, lasting og flytting av jord eller avfall. Skuffesylinderen muliggj\u00f8r graving og l\u00f8ftebevegelser.<\/li>\n<li>Gravemaskiner: Skuffesylinderen hjelper til med b\u00e5de grave- og l\u00f8fteoppgaver.<\/li>\n<li>Landbruksmaskiner: Brukes i frontlastere til graving, l\u00f8fting og transport av jord, h\u00f8y og andre materialer.<\/li>\n<li>Frontlastere: De hjelper til med effektiv l\u00f8fting og lossing av varer i frontlasterapplikasjoner.<\/li>\n<\/ul>\n<h2>Designhensyn og utvalgskriterier<\/h2>\n<p>Ved utforming av b\u00f8ttesylindere tas det hensyn til viktige hensyn som b\u00e6reevne, tetting, holdbarhet, sikkerhet og vedlikeholdbarhet:<\/p>\n<p><img decoding=\"async\" src=\"https:\/\/www.hydraulic-cylinders.net\/wp-content\/uploads\/2025\/01\/songte-oil-pipes-and-spare-parts.webp\" alt=\"Bilde av design av b\u00f8ttesylinder\"><\/p>\n<h2>Tetting og sm\u00f8ring av sylinderen<\/h2>\n<p>Ulike tetningselementer, som stempeltetninger og stangtetninger, brukes, med materialer som polyuretan og nitrilgummi som er kjent for sin slitestyrke. Sylinderhuset og den gjengede endeflaten gjennomg\u00e5r presis behandling for \u00e5 forbedre slitestyrken. Regelmessig sm\u00f8ring med passende hydraulikkolje er n\u00f8dvendig for \u00e5 sikre problemfri drift.<\/p>\n<h2>Regelmessig inspeksjon og forebyggende vedlikeholdstiltak<\/h2>\n<p>Regelmessig inspeksjon og forebyggende vedlikeholdstiltak er avgj\u00f8rende for \u00e5 sikre at b\u00f8ttesylinderen varer lenge:<\/p>\n<h2>Riktig installasjonsveiledning<\/h2>\n<p>Riktig installasjon er avgj\u00f8rende for optimal ytelse av b\u00f8ttesylinderen. F\u00f8lgende retningslinjer b\u00f8r f\u00f8lges:<\/p>\n<h2>Vanlige vedlikeholdsoppgaver<\/h2>\n<p>Regelmessig inspeksjon, riktig sm\u00f8ring, utskifting av tetninger og kalibreringskontroller er vanlige vedlikeholdsoppgaver:<\/p>\n<p><img decoding=\"async\" src=\"https:\/\/www.hydraulic-cylinders.net\/wp-content\/uploads\/2025\/01\/songte-chushion-collar.webp\" alt=\"Bilde av vedlikehold av b\u00f8ttesylinder\"><\/p>\n<h2>Sikkerhetshensyn og milj\u00f8faktorer<\/h2>\n<p>Det er av st\u00f8rste betydning \u00e5 s\u00f8rge for sikkerhetstiltak ved bruk av b\u00f8ttesylindere:<\/p>\n<h2>Feildiagnose og vanlige problemer<\/h2>\n<p>Feildiagnose og vanlige problemer knyttet til b\u00f8ttesylindere:<\/p>\n<p><img decoding=\"async\" src=\"https:\/\/www.hydraulic-cylinders.net\/wp-content\/uploads\/2025\/01\/songte-bushings-with-all-kinds-of-excavator-models.webp\" alt=\"Bilde av diagnose av feil p\u00e5 b\u00f8ttesylinder\"><\/p>\n<h2>Feils\u00f8kingstips og l\u00f8sninger<\/h2>\n<p>Feils\u00f8kingstips og l\u00f8sninger for \u00e5 hjelpe til med effektiv diagnose og probleml\u00f8sning:<\/p>\n<h2>Selskapsoversikt<\/h2>\n<p>V\u00e5rt selskap er en ledende produsent og grossistdistribut\u00f8r av hydrauliske sylindere for utskifting. Vi tilbyr et bredt spekter av produkter og har blitt ledende i det innenlandske og internasjonale markedet. Med fokus p\u00e5 utmerket kvalitet f\u00f8lger vi industrialiserte produksjonsstyringsstrategier i v\u00e5re sofistikerte produksjonsverksteder. Vi forbedrer kontinuerlig v\u00e5r produksjonsplattform ved \u00e5 bruke teknisk talent, avansert digitalt produksjonsutstyr og profesjonelle testsystemer. Dette gj\u00f8r oss i stand til \u00e5 tilby produkter med h\u00f8y effektivitet, h\u00f8y presisjon og h\u00f8y kvalitet for \u00e5 m\u00f8te ulike kundebehov.<\/p>\n<p><img decoding=\"async\" src=\"https:\/\/hzpt.com\/wp-content\/uploads\/2024\/11\/songte-company-1.webp\" alt=\"Selskapets image\"><\/p>\n<h2>V\u00e5rt selskaps profesjonalitet<\/h2>\n<p>V\u00e5rt firma skiller seg ut n\u00e5r det gjelder profesjonalitet, internasjonale sertifiseringer, tilpassede tjenester, produksjonsutstyr og ettersalgsservice:<\/p>\n<p><img decoding=\"async\" src=\"https:\/\/www.hydraulic-cylinders.net\/wp-content\/uploads\/2025\/01\/songte-company-3.webp\" alt=\"Selskapets profesjonalitetsbilde\"><\/p>\n<p>Forfatter: lyl<\/p>\n<p><\/body><br \/>\n<\/html><\/p>","protected":false},"excerpt":{"rendered":"<p>Bucket Cylinder For Takeuchi Small Excavator TB20R Bucket Cylinder For Takeuchi Small Excavator TB20R Introduction to Bucket Cylinder The bucket cylinder for Takeuchi small excavator TB20R is a specially designed hydraulic cylinder used to control the movement of the bucket in heavy machinery such as excavators, backhoe loaders, and front loaders. Its main function is [&hellip;]<\/p>","protected":false},"featured_media":14780,"comment_status":"open","ping_status":"closed","template":"","meta":{"_et_pb_use_builder":"","_et_pb_old_content":"","_et_gb_content_width":""},"product_brand":[],"product_cat":[1494],"product_tag":[1495,1496],"class_list":{"0":"post-15708","1":"product","2":"type-product","3":"status-publish","4":"has-post-thumbnail","6":"product_cat-bucket-cylinders","7":"product_tag-bucket-cylinders","8":"product_tag-hydraulic-cylinders","10":"first","11":"instock","12":"shipping-taxable","13":"product-type-simple"},"amp_enabled":true,"_links":{"self":[{"href":"https:\/\/www.hydraulic-cylinders.net\/nb\/wp-json\/wp\/v2\/product\/15708","targetHints":{"allow":["GET"]}}],"collection":[{"href":"https:\/\/www.hydraulic-cylinders.net\/nb\/wp-json\/wp\/v2\/product"}],"about":[{"href":"https:\/\/www.hydraulic-cylinders.net\/nb\/wp-json\/wp\/v2\/types\/product"}],"replies":[{"embeddable":true,"href":"https:\/\/www.hydraulic-cylinders.net\/nb\/wp-json\/wp\/v2\/comments?post=15708"}],"wp:featuredmedia":[{"embeddable":true,"href":"https:\/\/www.hydraulic-cylinders.net\/nb\/wp-json\/wp\/v2\/media\/14780"}],"wp:attachment":[{"href":"https:\/\/www.hydraulic-cylinders.net\/nb\/wp-json\/wp\/v2\/media?parent=15708"}],"wp:term":[{"taxonomy":"product_brand","embeddable":true,"href":"https:\/\/www.hydraulic-cylinders.net\/nb\/wp-json\/wp\/v2\/product_brand?post=15708"},{"taxonomy":"product_cat","embeddable":true,"href":"https:\/\/www.hydraulic-cylinders.net\/nb\/wp-json\/wp\/v2\/product_cat?post=15708"},{"taxonomy":"product_tag","embeddable":true,"href":"https:\/\/www.hydraulic-cylinders.net\/nb\/wp-json\/wp\/v2\/product_tag?post=15708"}],"curies":[{"name":"wp","href":"https:\/\/api.w.org\/{rel}","templated":true}]}}