{"id":15713,"date":"2025-01-19T14:52:51","date_gmt":"2025-01-19T14:52:51","guid":{"rendered":"https:\/\/www.hydraulic-cylinders.net\/product\/bucket-cylinder-for-takeuchi-small-excavator-tb28fr\/"},"modified":"2025-01-19T14:52:53","modified_gmt":"2025-01-19T14:52:53","slug":"bucket-cylinder-for-takeuchi-small-excavator-tb28fr","status":"publish","type":"product","link":"https:\/\/www.hydraulic-cylinders.net\/nb\/produkt\/bucket-cylinder-for-takeuchi-small-excavator-tb28fr\/","title":{"rendered":"Skuffesylinder for Takeuchi liten gravemaskin TB28FR"},"content":{"rendered":"<h1>Skuffesylinder for Takeuchi liten gravemaskin TB28FR<\/h1>\n<h2>Introduksjon<\/h2>\n<h3>Definisjon<\/h3>\n<p>En skuffesylinder er en spesialdesignet hydraulisk sylinder som prim\u00e6rt brukes til \u00e5 kontrollere bevegelsen til skuffer i tunge maskiner som gravemaskiner, traktorgravere og frontlastere. Hovedfunksjonen er \u00e5 gj\u00f8re det mulig for skuffen \u00e5 l\u00f8fte, senke og vippe, og dermed forenkle ulike materialh\u00e5ndteringsoppgaver. I det hydrauliske systemet oppn\u00e5r skuffesylinderen presis kontroll over skuffen ved trykkendring av hydraulikkoljen, slik at f\u00f8reren kan h\u00e5ndtere tunge gjenstander effektivt, tilpasse seg komplekse arbeidsmilj\u00f8er og ulike jobbkrav.<\/p>\n<p><img decoding=\"async\" src=\"https:\/\/www.hydraulic-cylinders.net\/wp-content\/uploads\/2025\/01\/songte-company-2.webp\" alt=\"B\u00f8ttesylinder\"><\/p>\n<h3>Funksjoner<\/h3>\n<ul>\n<li>H\u00f8y styrke og holdbarhet: vanligvis laget av h\u00f8yfast st\u00e5l eller aluminium, t\u00e5ler h\u00f8yt trykk og tunge belastninger, kan tilpasses t\u00f8ffe arbeidsmilj\u00f8er, er konstruert med slitestyrke og korrosjonsbestandighet i tankene, noe som forlenger levetiden.<\/li>\n<li>Effektiv hydraulisk drift: Oppn\u00e5r jevne forlengelses- og tilbaketrekningsbevegelser ved \u00e5 utnytte trykket fra hydraulikkoljen, i stand til \u00e5 reagere raskt p\u00e5 kontrollkommandoer, og gir kraftige skyve- og trekkekrefter, egnet for h\u00e5ndtering av tunge gjenstander og komplekse arbeidsoppgaver.<\/li>\n<li>Ulike typer: enkeltvirkende (hydraulisk brukes kun i \u00e9n retning) eller dobbeltvirkende (hydraulisk brukes i begge retninger). Sylindere kan velges i henhold til behov for \u00e5 m\u00f8te ulike driftskrav, og noen modeller er teleskopiske, noe som gir st\u00f8rre forlengelse uten \u00e5 \u00f8ke de ytre dimensjonene, egnet for applikasjoner med begrenset plass.<\/li>\n<li>Perfekt erstatning: Produktene v\u00e5re kan erstatte disse hydrauliske sylindrene perfekt.<\/li>\n<li>Tilpasningsbar: Vi kan tilpasse produktene i henhold til kundenes spesifikke krav.<\/li>\n<\/ul>\n<p><img decoding=\"async\" src=\"https:\/\/www.hydraulic-cylinders.net\/wp-content\/uploads\/2025\/01\/songte-cylinder-head-with-all-kinds-excavator-models.webp\" alt=\"Utskifting av b\u00f8ttesylinder\"><\/p>\n<h2>Bruksomr\u00e5der<\/h2>\n<h3>Anleggsutstyr<\/h3>\n<p>I gravemaskiner er de avgj\u00f8rende for graving, lasting og flytting av jord eller rusk. I gravemaskin hjelper skuffesylinderen med b\u00e5de graving og l\u00f8fting. I frontlastere hjelper de med \u00e5 l\u00f8fte og tippe lasten effektivt.<\/p>\n<h3>Landbruksmaskiner<\/h3>\n<p>Brukes for frontlastere, for \u00e5 plukke opp, l\u00f8fte og transportere jord, h\u00f8y og andre materialer. I gravemaskiner muliggj\u00f8r skuffesylinderen graving ved \u00e5 la skuffen trenge ned i jorden. I lastere hjelper de med \u00e5 l\u00f8fte og tilte gods effektivt.<\/p>\n<p><img decoding=\"async\" src=\"https:\/\/www.hydraulic-cylinders.net\/wp-content\/uploads\/2025\/01\/songte-chushion-collar.webp\" alt=\"B\u00f8ttesylinder i bruk\"><\/p>\n<h2>Designhensyn og utvalgskriterier<\/h2>\n<h3>B\u00e6reevne<\/h3>\n<p>Skuffesylinderen m\u00e5 v\u00e6re konstruert for \u00e5 t\u00e5le den maksimale belastningen den vil bli utsatt for, inkludert lastens vekt og kraften som ut\u00f8ves p\u00e5 sylinderen under drift.<\/p>\n<h3>Tetting og holdbarhet<\/h3>\n<p>Skuffesylinderen m\u00e5 v\u00e6re konstruert med slitesterke tetninger som t\u00e5ler det t\u00f8ffe arbeidsmilj\u00f8et. Sylinderhuset og gjengede endeflater b\u00f8r v\u00e6re finbearbeidet for \u00e5 forbedre slitestyrken. Den krever ogs\u00e5 regelmessig sm\u00f8ring med hydraulikkolje for \u00e5 sikre at den fungerer som den skal.<\/p>\n<p><img decoding=\"async\" src=\"https:\/\/www.hydraulic-cylinders.net\/wp-content\/uploads\/2025\/01\/songte-oil-pipes-and-spare-parts.webp\" alt=\"Komponenter for b\u00f8ttesylinder\"><\/p>\n<h3>Sikkerhetshensyn og milj\u00f8faktorer<\/h3>\n<p>N\u00e5r du bruker b\u00f8ttesylinderen, er det viktig \u00e5 f\u00f8lge sikkerhetstiltak for \u00e5 forhindre ulykker. Milj\u00f8faktorer som temperatur, fuktighet og st\u00f8v b\u00f8r ogs\u00e5 tas i betraktning, og riktig vedlikehold b\u00f8r utf\u00f8res for \u00e5 forlenge levetiden.<\/p>\n<h2>Vedlikehold og feils\u00f8king<\/h2>\n<h3>Vedlikeholdsoppgaver<\/h3>\n<ul>\n<li>Regelmessig inspeksjon<\/li>\n<li>Riktig sm\u00f8ring<\/li>\n<li>Utskifting av pakning<\/li>\n<li>Kalibreringskontroll<\/li>\n<\/ul>\n<p>Riktig installasjon, sm\u00f8ring og justering av b\u00f8ttesylinderen er avgj\u00f8rende for \u00e5 forbedre levetiden. Det anbefales \u00e5 bruke passende monteringsbraketter for \u00e5 feste sylinderen og for \u00e5 gi riktig veiledning ved justering av sylinderen. Inspeksjons-, reparasjons- og utskiftingsprosedyrer anbefales ogs\u00e5 for \u00e5 forlenge levetiden til b\u00f8ttesylinderen.<\/p>\n<p><img decoding=\"async\" src=\"https:\/\/www.hydraulic-cylinders.net\/wp-content\/uploads\/2025\/01\/songte-bushings-with-all-kinds-of-excavator-models.webp\" alt=\"Vedlikehold av b\u00f8ttesylinder\"><\/p>\n<h3>Feils\u00f8king og l\u00f8sninger<\/h3>\n<p>Vanlige problemer og l\u00f8sninger inkluderer:<\/p>\n<ul>\n<li>Langsom drift: sjekk hydraulikkoljeniv\u00e5et og etterfyll om n\u00f8dvendig<\/li>\n<li>Lekkasje av olje: sjekk pakningene og skift dem ut om n\u00f8dvendig<\/li>\n<li>L\u00f8s forbindelse: stram skj\u00f8ten<\/li>\n<\/ul>\n<p>Forebyggende tiltak som regelmessig inspeksjon, riktig sm\u00f8ring og rettidig utskifting av slitte deler kan bidra til \u00e5 redusere potensielle problemer og forlenge levetiden til b\u00f8ttesylinderen.<\/p>\n<h2>Om selskapet v\u00e5rt<\/h2>\n<p>Vi er en produsent av hydrauliske sylinderutskiftninger, og tilbyr et komplett produktsortiment. Vi er en av de ledende produsentene og grossistdistribut\u00f8rene av hydrauliske sylindere i det innenlandske og internasjonale markedet. Vi f\u00f8lger prinsippene for utmerket kvalitet, stoler p\u00e5 industrielle produksjonsstyringsstrategier fra sofistikerte produksjonsverksteder, og forbedrer kontinuerlig produksjonsplattformen i verkstedet, forbedrer produktkvaliteten i produksjonslinjen og har sterk kreativitet. Med prinsippene for h\u00f8y effektivitet, h\u00f8y presisjon og h\u00f8y kvalitet m\u00f8ter vi de ulike behovene til v\u00e5re kunder.<\/p>\n<p>Vi tilbyr profesjonelle tjenester, internasjonale sertifiseringer, tilpassede tjenester, modernisert produksjonsutstyr og utmerket ettersalgsservice til v\u00e5re kunder.<\/p>\n<p><img decoding=\"async\" src=\"https:\/\/hzpt.com\/wp-content\/uploads\/2024\/11\/songte-company-1.webp\" alt=\"Om selskapet v\u00e5rt\"><\/p>\n<p>Forfatter: lyl<\/p>","protected":false},"excerpt":{"rendered":"<p>Bucket Cylinder For Takeuchi Small Excavator TB28FR Introduction Definition A bucket cylinder is a specially designed hydraulic cylinder primarily used to control the movement of buckets in heavy machinery such as excavators, backhoe loaders, and front loaders. Its main function is to enable the bucket to lift, lower, and tilt, thus facilitating various material handling [&hellip;]<\/p>","protected":false},"featured_media":14769,"comment_status":"open","ping_status":"closed","template":"","meta":{"_et_pb_use_builder":"","_et_pb_old_content":"","_et_gb_content_width":""},"product_brand":[],"product_cat":[1494],"product_tag":[1495,1496],"class_list":{"0":"post-15713","1":"product","2":"type-product","3":"status-publish","4":"has-post-thumbnail","6":"product_cat-bucket-cylinders","7":"product_tag-bucket-cylinders","8":"product_tag-hydraulic-cylinders","10":"first","11":"instock","12":"shipping-taxable","13":"product-type-simple"},"amp_enabled":true,"_links":{"self":[{"href":"https:\/\/www.hydraulic-cylinders.net\/nb\/wp-json\/wp\/v2\/product\/15713","targetHints":{"allow":["GET"]}}],"collection":[{"href":"https:\/\/www.hydraulic-cylinders.net\/nb\/wp-json\/wp\/v2\/product"}],"about":[{"href":"https:\/\/www.hydraulic-cylinders.net\/nb\/wp-json\/wp\/v2\/types\/product"}],"replies":[{"embeddable":true,"href":"https:\/\/www.hydraulic-cylinders.net\/nb\/wp-json\/wp\/v2\/comments?post=15713"}],"wp:featuredmedia":[{"embeddable":true,"href":"https:\/\/www.hydraulic-cylinders.net\/nb\/wp-json\/wp\/v2\/media\/14769"}],"wp:attachment":[{"href":"https:\/\/www.hydraulic-cylinders.net\/nb\/wp-json\/wp\/v2\/media?parent=15713"}],"wp:term":[{"taxonomy":"product_brand","embeddable":true,"href":"https:\/\/www.hydraulic-cylinders.net\/nb\/wp-json\/wp\/v2\/product_brand?post=15713"},{"taxonomy":"product_cat","embeddable":true,"href":"https:\/\/www.hydraulic-cylinders.net\/nb\/wp-json\/wp\/v2\/product_cat?post=15713"},{"taxonomy":"product_tag","embeddable":true,"href":"https:\/\/www.hydraulic-cylinders.net\/nb\/wp-json\/wp\/v2\/product_tag?post=15713"}],"curies":[{"name":"wp","href":"https:\/\/api.w.org\/{rel}","templated":true}]}}