{"id":15716,"date":"2025-01-19T14:53:03","date_gmt":"2025-01-19T14:53:03","guid":{"rendered":"https:\/\/www.hydraulic-cylinders.net\/product\/bucket-cylinder-for-takeuchi-small-excavator-tb216\/"},"modified":"2025-01-19T14:53:07","modified_gmt":"2025-01-19T14:53:07","slug":"bucket-cylinder-for-takeuchi-small-excavator-tb216","status":"publish","type":"product","link":"https:\/\/www.hydraulic-cylinders.net\/nb\/produkt\/bucket-cylinder-for-takeuchi-small-excavator-tb216\/","title":{"rendered":"Skuffesylinder for Takeuchi liten gravemaskin TB216"},"content":{"rendered":"<h2>Skuffesylinder for Takeuchi liten gravemaskin TB216<\/h2>\n<h3>Introduksjon:<\/h3>\n<p>En skuffesylinder er en spesialdesignet hydraulisk sylinder som prim\u00e6rt brukes til \u00e5 kontrollere bevegelsen til skuffen i tunge maskiner som gravemaskiner, traktorgravere og frontlastere. Hovedfunksjonen er \u00e5 la skuffen l\u00f8fte, senke og vippe, noe som gj\u00f8r det enklere \u00e5 h\u00e5ndtere ulike materialh\u00e5ndteringsoppgaver. I det hydrauliske systemet kontrollerer skuffesylinderen skuffens bevegelse presist ved hjelp av trykkendringene i hydraulikkoljen, slik at operat\u00f8rer effektivt kan h\u00e5ndtere tunge laster og tilpasse seg komplekse arbeidsmilj\u00f8er og ulike driftsbehov.<\/p>\n<p><img decoding=\"async\" src=\"https:\/\/www.hydraulic-cylinders.net\/wp-content\/uploads\/2025\/01\/songte-company-2.webp\"><\/p>\n<h3>Funksjoner:<\/h3>\n<ul>\n<li>H\u00f8y styrke og holdbarhet: Vanligvis laget av h\u00f8yfast st\u00e5l eller aluminium, t\u00e5ler den h\u00f8yt trykk og tunge belastninger, tilpasser seg t\u00f8ffe arbeidsmilj\u00f8er og er designet med tanke p\u00e5 slitestyrke og korrosjonsbestandighet, noe som forlenger levetiden.<\/li>\n<li>Effektiv hydraulisk drift: Jevne ut- og inntrekksbevegelser oppn\u00e5s ved hjelp av hydraulisk oljetrykk, som kan reagere raskt p\u00e5 kontrollkommandoer og gi kraftige skyve- og trekkekrefter, egnet for h\u00e5ndtering av tunge belastninger og komplekse driftsoppgaver.<\/li>\n<li>Ulike typer: Enkeltvirkende (hydraulisk brukt i kun \u00e9n retning) eller dobbeltvirkende (hydraulisk brukt i to retninger) sylindere kan velges i henhold til driftsbehov. Noen modeller er teleskopiske, noe som gir st\u00f8rre forlengelse uten \u00e5 \u00f8ke de ytre m\u00e5lene, egnet for applikasjoner med begrenset plass.<\/li>\n<li>Enkel \u00e5 bytte ut: Produktene v\u00e5re kan erstatte disse hydrauliske sylindrene perfekt.<\/li>\n<\/ul>\n<p><img decoding=\"async\" src=\"https:\/\/www.hydraulic-cylinders.net\/wp-content\/uploads\/2025\/01\/songte-cylinder-head-with-all-kinds-excavator-models.webp\"><\/p>\n<h3>Bruksomr\u00e5der:<\/h3>\n<p>B\u00f8ttesylindere er mye brukt i ulike bransjer, inkludert:<\/p>\n<ul>\n<li>Anleggsutstyr: I gravemaskiner er de viktige for utgraving, lasting og flytting av jord eller rusk. I gravemaskiner hjelper skuffesylindere med graving og l\u00f8fting. <\/li>\n<li>Landbruksmaskiner: Brukes i frontlastere for \u00e5 ut\u00f8pe, l\u00f8fte og transportere jord, h\u00f8y og andre materialer, bruker gravemaskiner skuffesylindere for \u00e5 muliggj\u00f8re graving ved \u00e5 la skuffen trenge ned i jorden. <\/li>\n<li>Laster: I frontlastere hjelper de med \u00e5 l\u00f8fte og vippe last effektivt. <\/li>\n<\/ul>\n<h3>Designhensyn og utvalgskriterier:<\/h3>\n<p>Ved design og valg av b\u00f8ttesylindere m\u00e5 flere faktorer vurderes, inkludert:<\/p>\n<ul>\n<li>Lastekapasitet: Sylinderens kapasitet til \u00e5 motst\u00e5 belastninger m\u00e5 tas i betraktning n\u00e5r man velger en b\u00f8ttesylinder.<\/li>\n<li>Tetting: Bruk av forskjellige tetninger, som stempeltetninger og stangtetninger laget av slitesterke materialer som polyuretan og nitrilgummi, sikrer at sylinderen er effektivt tett.<\/li>\n<li>Holdbarhet: Sylinderens levetid er avgj\u00f8rende, og sylinderens hus og gjengede endeflater m\u00e5 behandles for \u00e5 forbedre holdbarheten.<\/li>\n<li>Sikkerhet: Sikkerhetshensyn m\u00e5 tas i betraktning n\u00e5r man velger b\u00f8ttesylindere, for eksempel om sylinderen t\u00e5ler lastens vekt og om den kan installeres og betjenes trygt.<\/li>\n<li>Vedlikeholdsvennlighet: Enkel vedlikehold og reparasjon av sylinderen m\u00e5 vurderes, og bruk av passende reservedeler og ombyggingstjenester kan forlenge bruken av sylinderen.<\/li>\n<\/ul>\n<p><img decoding=\"async\" src=\"https:\/\/www.hydraulic-cylinders.net\/wp-content\/uploads\/2025\/01\/songte-oil-pipes-and-spare-parts.webp\"><\/p>\n<h3>Tetting og sm\u00f8ring:<\/h3>\n<p>Ulike tetninger brukes i b\u00f8ttesylindere, for eksempel stempeltetninger og stangtetninger laget av slitesterke materialer som polyuretan og nitrilgummi. Sylinderens hus og gjengede endeflater er behandlet for \u00e5 forbedre holdbarheten, og regelmessig sm\u00f8ring er n\u00f8dvendig for \u00e5 sikre jevn drift. Det anbefales \u00e5 bruke en passende mengde hydraulisk olje for \u00e5 sm\u00f8re sylinderen regelmessig.<\/p>\n<h3>Inspeksjon og forebyggende vedlikeholdstiltak:<\/h3>\n<p>Regelmessig inspeksjon og forebyggende vedlikeholdstiltak kan bidra til \u00e5 forhindre sylindersvikt og forlenge levetiden. F\u00f8lgende prosedyrer b\u00f8r f\u00f8lges:<\/p>\n<ul>\n<li>Regelmessig inspeksjon: Inspiser sylinderhuset og pakningene for slitasje, sjekk for oljelekkasjer og s\u00f8rg for at sylinderen er riktig justert og montert.<\/li>\n<li>Riktig sm\u00f8ring: Regelmessig sm\u00f8ring av sylinderen med en passende mengde hydraulisk olje er n\u00f8dvendig.<\/li>\n<li>Utskifting av pakninger: Skift pakninger n\u00e5r de viser tegn til slitasje for \u00e5 forhindre oljelekkasjer.<\/li>\n<li>Kalibreringskontroller: Sjekk sylinderens kalibrering regelmessig for \u00e5 sikre at den fungerer som den skal.<\/li>\n<\/ul>\n<p><img decoding=\"async\" src=\"https:\/\/www.hydraulic-cylinders.net\/wp-content\/uploads\/2025\/01\/songte-chushion-collar.webp\"><\/p>\n<h3>Sikkerhetshensyn og milj\u00f8faktorer:<\/h3>\n<p>Ved bruk av b\u00f8ttesylindere m\u00e5 sikkerhetshensyn og milj\u00f8faktorer tas i betraktning for \u00e5 sikre sikker og milj\u00f8vennlig drift. Riktig oppl\u00e6ring og utstyrskontroller b\u00f8r utf\u00f8res for \u00e5 sikre at sylinderen brukes p\u00e5 en sikker m\u00e5te. Avhending av brukte sylinderkomponenter b\u00f8r ogs\u00e5 gj\u00f8res ansvarlig for \u00e5 minimere milj\u00f8p\u00e5virkningen.<\/p>\n<h3>Feils\u00f8king og vanlige problemer:<\/h3>\n<p>Vanlige problemer som kan oppst\u00e5 med b\u00f8ttesylindere inkluderer oljelekkasjer, utilstrekkelig trykk og sylinderavdrift. For \u00e5 l\u00f8se disse problemene er riktig inspeksjon og vedlikehold n\u00f8dvendig. Hvis problemet vedvarer, b\u00f8r du s\u00f8ke profesjonell hjelp.<\/p>\n<p><img decoding=\"async\" src=\"https:\/\/www.hydraulic-cylinders.net\/wp-content\/uploads\/2025\/01\/songte-bushings-with-all-kinds-of-excavator-models.webp\"><\/p>\n<h3>Om selskapet v\u00e5rt:<\/h3>\n<p>Vi er en ledende produsent og grossistdistribut\u00f8r av hydrauliske sylindere i det innenlandske og internasjonale markedet. Vi f\u00f8lger prinsippet om utmerket kvalitet, og er avhengige av den industrielle produksjonsstyringsstrategien til finproduksjonsverksteder, bruk av tekniske talenter, digitalt avansert produksjonsutstyr og profesjonelle inspeksjonssystemer. V\u00e5r produksjonsplattform forbedrer kontinuerlig produksjonskvaliteten og perfeksjonerer produksjonsruter av produktkvalitet, med sterke produksjonsmuligheter som m\u00f8ter kundenes ulike behov med h\u00f8y effektivitet, h\u00f8y presisjon og h\u00f8y kvalitet.<\/p>\n<p>Vi tilbyr skreddersydde tjenester, og produktene v\u00e5re er internasjonalt sertifisert for \u00e5 oppfylle de h\u00f8yeste kvalitetsstandardene. Vi tilbyr produksjonsutstyr og ettersalgstjenester av h\u00f8y kvalitet for \u00e5 sikre at kundene v\u00e5re f\u00e5r de beste produktene og tjenestene.<\/p>\n<p><img decoding=\"async\" src=\"https:\/\/hzpt.com\/wp-content\/uploads\/2024\/11\/songte-company-1.webp\"><\/p>\n<p>Forfatter: lyl<\/p>","protected":false},"excerpt":{"rendered":"<p>Bucket Cylinder For Takeuchi Small Excavator TB216 Introduction: A bucket cylinder is a specially designed hydraulic cylinder primarily used to control the movement of the bucket in heavy machinery such as excavators, backhoes, and front-end loaders. Its main function is to allow the bucket to lift, lower, and tilt, making it easier to handle various [&hellip;]<\/p>","protected":false},"featured_media":14761,"comment_status":"open","ping_status":"closed","template":"","meta":{"_et_pb_use_builder":"","_et_pb_old_content":"","_et_gb_content_width":""},"product_brand":[],"product_cat":[1494],"product_tag":[1495,1496],"class_list":{"0":"post-15716","1":"product","2":"type-product","3":"status-publish","4":"has-post-thumbnail","6":"product_cat-bucket-cylinders","7":"product_tag-bucket-cylinders","8":"product_tag-hydraulic-cylinders","10":"first","11":"instock","12":"shipping-taxable","13":"product-type-simple"},"amp_enabled":true,"_links":{"self":[{"href":"https:\/\/www.hydraulic-cylinders.net\/nb\/wp-json\/wp\/v2\/product\/15716","targetHints":{"allow":["GET"]}}],"collection":[{"href":"https:\/\/www.hydraulic-cylinders.net\/nb\/wp-json\/wp\/v2\/product"}],"about":[{"href":"https:\/\/www.hydraulic-cylinders.net\/nb\/wp-json\/wp\/v2\/types\/product"}],"replies":[{"embeddable":true,"href":"https:\/\/www.hydraulic-cylinders.net\/nb\/wp-json\/wp\/v2\/comments?post=15716"}],"wp:featuredmedia":[{"embeddable":true,"href":"https:\/\/www.hydraulic-cylinders.net\/nb\/wp-json\/wp\/v2\/media\/14761"}],"wp:attachment":[{"href":"https:\/\/www.hydraulic-cylinders.net\/nb\/wp-json\/wp\/v2\/media?parent=15716"}],"wp:term":[{"taxonomy":"product_brand","embeddable":true,"href":"https:\/\/www.hydraulic-cylinders.net\/nb\/wp-json\/wp\/v2\/product_brand?post=15716"},{"taxonomy":"product_cat","embeddable":true,"href":"https:\/\/www.hydraulic-cylinders.net\/nb\/wp-json\/wp\/v2\/product_cat?post=15716"},{"taxonomy":"product_tag","embeddable":true,"href":"https:\/\/www.hydraulic-cylinders.net\/nb\/wp-json\/wp\/v2\/product_tag?post=15716"}],"curies":[{"name":"wp","href":"https:\/\/api.w.org\/{rel}","templated":true}]}}